{"id":8691,"date":"2025-03-29T20:12:13","date_gmt":"2025-03-29T12:12:13","guid":{"rendered":"https:\/\/zojopackaging.com\/?post_type=product&#038;p=8691"},"modified":"2025-03-29T20:43:31","modified_gmt":"2025-03-29T12:43:31","slug":"custom-towel-athletic-sleeve-shoe-packaging-box-wholesale","status":"publish","type":"product","link":"https:\/\/zojopackaging.com\/es\/product\/custom-towel-athletic-sleeve-shoe-packaging-box-wholesale\/","title":{"rendered":"Toalla Personalizada Athletic Sleeve Shoe Packaging Box Venta al por mayor"},"content":{"rendered":"<h2 id=\"-high-end-customized-towel-sports-overshoe-packaging-box-technical-parameters-\"><strong>1. Alta gama personalizada toalla deportes overshoe caja de embalaje<\/strong><\/h2>\n<ol>\n<li><strong>Tecnolog\u00eda de materiales b\u00e1sicos<\/strong>\u00a0Adopta un sustrato de cart\u00f3n gris de alta resistencia de 1200GSM + una estructura de recubrimiento de papel revestido de 157GSM. El tablero gris proporciona un soporte r\u00edgido para asegurar que la resistencia a la compresi\u00f3n de transporte alcanza los 30 kg \/ \u33a1; la suavidad de la superficie del papel recubierto alcanza m\u00e1s de 1000s, soporta 150 l\u00edneas de alta precisi\u00f3n de impresi\u00f3n de logotipo de la marca, y el grado de reproducci\u00f3n del color se mejora por 40%.<\/li>\n<li><strong>Innovadora estructura de cajones<\/strong>\u00a0Dise\u00f1o de deslizamiento tipo caj\u00f3n, la resistencia de apertura y cierre se controla en el rango de 0,5-1,2N, y est\u00e1 equipado con un sistema de hebilla antideslizante. La caja exterior y la bandeja interior adoptan el proceso de anidado de las tapas superior e inferior, con una tolerancia de \u00b10,3 mm, para lograr una experiencia de apertura sedosa. El LOGO en relieve puede personalizarse en el lateral de la caja, y la precisi\u00f3n t\u00e1ctil alcanza niveles c\u00f3ncavos y convexos de 0,1 mm.<\/li>\n<li><strong>Sistema Est\u00e9tico Funcional Ribbon<\/strong>\u00a0Ofrece tres opciones de cinta: satinada\/mate\/l\u00e1ser, con anchura ajustable de 15-50 mm y prueba de carga de 8 kg. El original dise\u00f1o patentado de \"doble nudo\" no s\u00f3lo puede fijar los zapatos para evitar que se desplacen, sino que tambi\u00e9n se puede separar para utilizarlo como brazalete deportivo o cordones de zapatos. Admite el proceso de estampaci\u00f3n en fr\u00edo UV para imprimir esl\u00f3ganes de marca, y los caracteres son resistentes a la fricci\u00f3n m\u00e1s de 2.000 veces.<\/li>\n<\/ol>\n<h2 id=\"-visual-and-environmental-performance-optimization-plan-\"><strong>2. Plan de optimizaci\u00f3n del rendimiento visual y medioambiental<\/strong><\/h2>\n<ol>\n<li><strong>Sistema de colores antiestr\u00e9s<\/strong>\u00a0Promueve principalmente el Verde Morandi (Pantone 16-5938TPG), que ha sido verificado por experimentos de psicolog\u00eda del color para reducir los niveles de cortisol salival en 15% y el \u00edndice de ansiedad en 22%. Con la ayuda de la textura de vetas de estampaci\u00f3n en caliente en gradiente, el \u00e1ngulo de refracci\u00f3n de la luz se optimiza a 15\u00b0-75\u00b0, y las luces y sombras din\u00e1micas mejoran el nivel visual.<\/li>\n<li><strong>Tecnolog\u00eda de estampaci\u00f3n en caliente mejorada<\/strong>\u00a0Utilizando la tecnolog\u00eda de estampaci\u00f3n en caliente de nanoestampaci\u00f3n, el grosor de la capa de oro es de 0,08-0,12\u03bcm, y la resistencia a la intemperie alcanza el nivel 5 (norma ISO 4892). Admite la estampaci\u00f3n en caliente con posicionamiento 3D, el texto m\u00ednimo de estampaci\u00f3n en caliente es de 0,8 mm y claramente visible, y el contraste entre la textura met\u00e1lica y el sustrato mate aumenta en 300%.<\/li>\n<li><strong>Sistema de laminado de doble protecci\u00f3n<\/strong>\u00a0Proceso de laminaci\u00f3n al agua (emisi\u00f3n de COV &lt;2%), grosor de pel\u00edcula de 12\u03bcm, nivel de resistencia a la abrasi\u00f3n de 4H (ASTM D3363). El m\u00f3dulo t\u00e1ctil ofrece tres opciones: ante\/arena de cristal\/sensaci\u00f3n de piel, y el coeficiente de fricci\u00f3n est\u00e1 optimizado a 0,35\/0,28\/0,18 respectivamente, lo que mejora la sensaci\u00f3n de ceremonia unboxing.<\/li>\n<\/ol>\n<h2 id=\"-in-depth-customization-service-system-\"><strong>3. Sistema de servicio de personalizaci\u00f3n en profundidad<\/strong><\/h2>\n<ol>\n<li><strong>Matriz de personalizaci\u00f3n multidimensional<\/strong><\/li>\n<li><strong>Biblioteca tipo caja<\/strong>: cubre 6 tipos b\u00e1sicos de cajas (tipo libro\/tapa de fondo y tapa de fondo\/doble puerta, etc.) + 12 estructuras de formas especiales (arco\/hueco\/estante expositor plegable, etc.)<\/li>\n<li><strong>Biblioteca de material<\/strong>Tablero de fibra de bamb\u00fa sustituible (contiene materiales renovables 30%)\/PET alimentario y otras opciones respetuosas con el medio ambiente.<\/li>\n<li><strong>Biblioteca de procesos<\/strong>8 soluciones de tratamiento de superficie, como la combinaci\u00f3n de estampaci\u00f3n en caliente + gofrado + acristalamiento local UV<\/li>\n<li><strong>Soluci\u00f3n de revestimiento inteligente<\/strong>\u00a0Utilizar la tecnolog\u00eda de troquelado de espuma con memoria EVA, densidad 45D\u00b15, adaptada a las diferentes distribuciones de presi\u00f3n del calzado. Desarrollar un sistema de partici\u00f3n de tres canales:<\/li>\n<li>Cabina principal: Modelado de escaneado 3D, error &lt;0,5 mm<\/li>\n<li>\u00c1rea de accesorios: tablero de separaci\u00f3n magn\u00e9tico, combinaci\u00f3n libre de hasta 12 tipos<\/li>\n<li>Capa seca: implantada con fibra de carb\u00f3n activado, rango de control de humedad 40%-60%RH<\/li>\n<\/ol>\n<h2 id=\"-advantages-of-china-s-source-factory-\"><strong>Ventajas de la f\u00e1brica de origen chino<\/strong><\/h2>\n<ol>\n<li><strong>Garant\u00eda de una cadena de suministro flexible<\/strong> 50 unidades de impresi\u00f3n Heidelberg Speedmaster alemanas, que admiten pedidos flexibles de 500-10.000.000 piezas. Pruebas ultrarr\u00e1pidas en 48 horas, con efecto de maqueta en 3D y servicio de doble confirmaci\u00f3n con caja de muestras f\u00edsica. El servicio de dise\u00f1o gratuito incluye:<\/li>\n<li>Plan de adaptaci\u00f3n de la Marca VI (incluye 5 versiones de propuestas)<\/li>\n<li>Informe de ensayo de simulaci\u00f3n de transporte (norma ISTA 3A)<\/li>\n<li>Lista de contabilizaci\u00f3n de la huella de carbono (conforme a la certificaci\u00f3n EPD)<\/li>\n<\/ol>","protected":false},"excerpt":{"rendered":"<p>1. La caja de papel del caj\u00f3n se desliza abierta, lo que es una buena opci\u00f3n para equilibrar la funcionalidad y el dise\u00f1o est\u00e9tico<br \/>\n2. Los accesorios de cintas desempe\u00f1an un papel importante en la decoraci\u00f3n, la creaci\u00f3n de marcas y las aplicaciones funcionales debido a su diversidad y practicidad.<br \/>\n3. El tipo de caja, el tama\u00f1o, el material, el dise\u00f1o y el proceso de impresi\u00f3n de la superficie pueden personalizarse en gran medida para adaptarse a su embalaje de calzado deportivo de toalla.<\/p>","protected":false},"featured_media":8696,"template":"","meta":[],"product_brand":[],"product_cat":[30,414,31,426],"product_tag":[953,952,954],"class_list":{"0":"post-8691","1":"product","2":"type-product","3":"status-publish","4":"has-post-thumbnail","6":"product_cat-by-industry","7":"product_cat-custom-apparel-boxes","8":"product_cat-paper-box-style","9":"product_cat-paper-drawer-boxes","10":"product_tag-athletic-sleeve-packaging-box","11":"product_tag-custom-towel-packaging","12":"product_tag-shoe-packaging-box-wholesale","14":"first","15":"instock","16":"shipping-taxable","17":"product-type-simple"},"_links":{"self":[{"href":"https:\/\/zojopackaging.com\/es\/wp-json\/wp\/v2\/product\/8691","targetHints":{"allow":["GET"]}}],"collection":[{"href":"https:\/\/zojopackaging.com\/es\/wp-json\/wp\/v2\/product"}],"about":[{"href":"https:\/\/zojopackaging.com\/es\/wp-json\/wp\/v2\/types\/product"}],"version-history":[{"count":1,"href":"https:\/\/zojopackaging.com\/es\/wp-json\/wp\/v2\/product\/8691\/revisions"}],"predecessor-version":[{"id":8698,"href":"https:\/\/zojopackaging.com\/es\/wp-json\/wp\/v2\/product\/8691\/revisions\/8698"}],"wp:featuredmedia":[{"embeddable":true,"href":"https:\/\/zojopackaging.com\/es\/wp-json\/wp\/v2\/media\/8696"}],"wp:attachment":[{"href":"https:\/\/zojopackaging.com\/es\/wp-json\/wp\/v2\/media?parent=8691"}],"wp:term":[{"taxonomy":"product_brand","embeddable":true,"href":"https:\/\/zojopackaging.com\/es\/wp-json\/wp\/v2\/product_brand?post=8691"},{"taxonomy":"product_cat","embeddable":true,"href":"https:\/\/zojopackaging.com\/es\/wp-json\/wp\/v2\/product_cat?post=8691"},{"taxonomy":"product_tag","embeddable":true,"href":"https:\/\/zojopackaging.com\/es\/wp-json\/wp\/v2\/product_tag?post=8691"}],"curies":[{"name":"wp","href":"https:\/\/api.w.org\/{rel}","templated":true}]}}