{"id":8699,"date":"2025-03-29T20:43:56","date_gmt":"2025-03-29T12:43:56","guid":{"rendered":"https:\/\/zojopackaging.com\/?post_type=product&#038;p=8699"},"modified":"2025-03-29T21:48:00","modified_gmt":"2025-03-29T13:48:00","slug":"premium-gourmet-assorted-chocolates-truffles-candy-gift-box","status":"publish","type":"product","link":"https:\/\/zojopackaging.com\/es\/product\/premium-gourmet-assorted-chocolates-truffles-candy-gift-box\/","title":{"rendered":"Premium Gourmet Surtido de Chocolates Trufas Caramelos Caja de Regalo"},"content":{"rendered":"<h2 id=\"-product-description-of-premium-gourmet-assorted-chocolate-truffle-candy-gift-box-\"><strong>Descripci\u00f3n del producto Premium Gourmet Surtido de Chocolate Trufa Caja de regalo de caramelo<\/strong><\/h2>\n<h3 id=\"2-special-paper-material-and-surface-technology-luxurious-tactile-and-visual-experience\">1. Material de papel especial y tecnolog\u00eda de superficie: experiencia t\u00e1ctil y visual de lujo<\/h3>\n<p>La caja de regalo utiliza\u00a0<strong>sustrato de papel especial importado<\/strong>, como el papel de cuero de lichi, el papel perlado o el papel tejido de fibra, con una textura de cuero natural o de metal mate en la superficie. Mediante gofrado, estampaci\u00f3n en caliente, UV parcial y otros procesos, se crea un efecto de relieve tridimensional, como textura caligr\u00e1fica o l\u00edneas doradas, que confiere al envase connotaci\u00f3n cultural y valor art\u00edstico. Los materiales de papel son todos certificados FSC, respetuosos con el medio ambiente y reciclables, teniendo en cuenta el sentido del lujo y el concepto de desarrollo sostenible.<\/p>\n<h3 id=\"3-highly-customized-service-all-round-adaptation-from-box-type-to-lining\">2. Servicio altamente personalizado: adaptaci\u00f3n integral desde el tipo de caja hasta el revestimiento.<\/h3>\n<ol>\n<li><strong>Personalizaci\u00f3n flexible del tipo y tama\u00f1o de caja<\/strong>Admite una variedad de estructuras, como cubierta superior e inferior, tipo caj\u00f3n, corte de forma especial, etc., para adaptarse a los requisitos de disposici\u00f3n de trufas de chocolate de diferentes especificaciones (como di\u00e1metro de 15-30 mm).<\/li>\n<li><strong>Proceso de impresi\u00f3n en superficie<\/strong>: revestimiento opcional de poliuretano de base acuosa (impermeable y resistente al aceite), grabado por l\u00e1ser, impresi\u00f3n de rejilla 3D, etc., por ejemplo, el grosor del revestimiento alcanza los 8g\/\u33a1, y la resistencia al rayado mejora en 200%.<\/li>\n<li><strong>Soluci\u00f3n de revestimiento a medida<\/strong>: utilizando algod\u00f3n perlado EVA o EPE de calidad alimentaria, apertura precisa del molde mediante tecnolog\u00eda de escaneado 3D, para lograr un posicionamiento y fijaci\u00f3n independientes de los caramelos de trufa, un excelente rendimiento de amortiguaci\u00f3n y un coeficiente s\u00edsmico de 320kPa.<\/li>\n<\/ol>\n<h3 id=\"4-folding-structure-and-logistics-optimization-efficient-warehousing-and-low-cost-transportation\">3. Estructura plegable y optimizaci\u00f3n log\u00edstica: almacenamiento eficiente y transporte de bajo coste.<\/h3>\n<p>La caja de regalo adopta\u00a0<strong>dise\u00f1o plegable aplanable<\/strong>, lo que reduce el volumen de la caja vac\u00eda en 70% y aumenta la tasa de utilizaci\u00f3n del espacio de almacenamiento en 50%. Cuando se apilan, el dise\u00f1o de la costilla de refuerzo inferior puede soportar una carga de 15 kg, lo que es adecuado para el proceso de embalaje de la l\u00ednea de producci\u00f3n automatizada. Es compatible con tama\u00f1os de pal\u00e9s est\u00e1ndar durante el transporte, lo que reduce los costes log\u00edsticos en 20%-30%.<\/p>\n<h3 id=\"5-triple-protection-process-all-round-guarantee-of-product-quality\">4. Triple proceso de protecci\u00f3n: garant\u00eda total de la calidad del producto<\/h3>\n<ol>\n<li><strong>Tecnolog\u00eda de revestimiento de superficies<\/strong>El revestimiento de poliuretano de base acuosa se utiliza para formar una barrera impermeable de nivel nanom\u00e9trico. El rendimiento a prueba de humedad supera la prueba 90% de 48 horas de humedad y bloquea eficazmente la penetraci\u00f3n de vapor de agua.<\/li>\n<\/ol>\n<h3 id=\"vi-advantages-of-china-s-source-factory-one-stop-service-and-cost-advantage\">5. Ventajas de la f\u00e1brica de origen chino: servicio integral y ventaja de costes.<\/h3>\n<p>Como el\u00a0<strong>F\u00e1brica de envases fuente de China<\/strong>, proporcionamos:<\/p>\n<ul>\n<li><strong>Muestras y dise\u00f1os gratuitos<\/strong>: La creaci\u00f3n de prototipos se completa en 3 d\u00edas laborables, y se admite la generaci\u00f3n de dise\u00f1os inteligentes mediante IA.<\/li>\n<li><strong>Producci\u00f3n flexible<\/strong>: Admite un pedido m\u00ednimo de 100 cajas, y el precio es 30%-40% inferior al de productos similares del mercado.<\/li>\n<li><strong>Inspecci\u00f3n completa de la calidad del proceso<\/strong>: Ha superado la certificaci\u00f3n de seguridad alimentaria ISO 22000 y el material de revestimiento cumple las normas de la FDA.<\/li>\n<\/ul>\n<p><strong>Personalice ahora su exclusiva caja regalo<\/strong>\u00a0P\u00f3ngase en contacto con nosotros para obtener muestras gratuitas y soluciones de dise\u00f1o, potencie el valor de su marca con envases extremos y haga de cada trufa de chocolate una obra de arte que transmita su coraz\u00f3n.<\/p>","protected":false},"excerpt":{"rendered":"<p>1. La caja de embalaje de doble puerta tiene una configuraci\u00f3n de apertura sim\u00e9trica \u00fanica, que crea una ventaja diferenciada en funcionalidad y presentaci\u00f3n visual<br \/>\n2. Material de papel especial con l\u00edneas de textura especial, parece lujoso y de gama alta, y mejora el efecto de marca.<br \/>\n3. El tipo de caja, el tama\u00f1o, el material, el dise\u00f1o y el proceso de impresi\u00f3n de la superficie pueden ser altamente personalizados para adaptarse a su envase de caramelos gourmet surtidos de trufas de chocolate.<\/p>","protected":false},"featured_media":8700,"template":"","meta":[],"product_brand":[],"product_cat":[30,422,428,31],"product_tag":[956,955,957],"class_list":{"0":"post-8699","1":"product","2":"type-product","3":"status-publish","4":"has-post-thumbnail","6":"product_cat-by-industry","7":"product_cat-custom-gourmet-boxes-by-industry","8":"product_cat-irregular-shaped-gift-boxes","9":"product_cat-paper-box-style","10":"product_tag-chocolates-candy-gift-box","11":"product_tag-premium-chocolates-gift-box","12":"product_tag-truffles-candy-gift-box","14":"first","15":"instock","16":"shipping-taxable","17":"product-type-simple"},"_links":{"self":[{"href":"https:\/\/zojopackaging.com\/es\/wp-json\/wp\/v2\/product\/8699","targetHints":{"allow":["GET"]}}],"collection":[{"href":"https:\/\/zojopackaging.com\/es\/wp-json\/wp\/v2\/product"}],"about":[{"href":"https:\/\/zojopackaging.com\/es\/wp-json\/wp\/v2\/types\/product"}],"version-history":[{"count":1,"href":"https:\/\/zojopackaging.com\/es\/wp-json\/wp\/v2\/product\/8699\/revisions"}],"predecessor-version":[{"id":8707,"href":"https:\/\/zojopackaging.com\/es\/wp-json\/wp\/v2\/product\/8699\/revisions\/8707"}],"wp:featuredmedia":[{"embeddable":true,"href":"https:\/\/zojopackaging.com\/es\/wp-json\/wp\/v2\/media\/8700"}],"wp:attachment":[{"href":"https:\/\/zojopackaging.com\/es\/wp-json\/wp\/v2\/media?parent=8699"}],"wp:term":[{"taxonomy":"product_brand","embeddable":true,"href":"https:\/\/zojopackaging.com\/es\/wp-json\/wp\/v2\/product_brand?post=8699"},{"taxonomy":"product_cat","embeddable":true,"href":"https:\/\/zojopackaging.com\/es\/wp-json\/wp\/v2\/product_cat?post=8699"},{"taxonomy":"product_tag","embeddable":true,"href":"https:\/\/zojopackaging.com\/es\/wp-json\/wp\/v2\/product_tag?post=8699"}],"curies":[{"name":"wp","href":"https:\/\/api.w.org\/{rel}","templated":true}]}}