{"id":8708,"date":"2025-03-29T21:48:29","date_gmt":"2025-03-29T13:48:29","guid":{"rendered":"https:\/\/zojopackaging.com\/?post_type=product&#038;p=8708"},"modified":"2025-03-31T10:38:49","modified_gmt":"2025-03-31T02:38:49","slug":"premium-custom-coffee-magnetic-closure-gift-boxes","status":"publish","type":"product","link":"https:\/\/zojopackaging.com\/es\/product\/premium-custom-coffee-magnetic-closure-gift-boxes\/","title":{"rendered":"Cajas de regalo personalizadas con cierre magn\u00e9tico para caf\u00e9"},"content":{"rendered":"<h2 id=\"-product-description-of-advanced-customized-coffee-magnetic-gift-box-\">Cajas de regalo personalizadas con cierre magn\u00e9tico para caf\u00e9<\/h2>\n<h3 id=\"-1-innovative-magnetic-embedded-design-\"><strong>1. Dise\u00f1o innovador de las cajas con cierre magn\u00e9tico<\/strong><\/h3>\n<p>Este producto adopta un dise\u00f1o de cajas de cierre magn\u00e9tico, y la estructura magn\u00e9tica est\u00e1 oculta dentro del cuerpo de la caja, evitando los defectos de los imanes expuestos tradicionales que son f\u00e1ciles de desgastar y afectan a la apariencia. La experiencia de apertura y cierre magn\u00e9ticos es suave y estable, lo que mejora la comodidad de manejo del usuario y prolonga la vida \u00fatil del envase. Es adecuado para escenas de regalo de apertura y cierre de alta frecuencia.<\/p>\n<h3 id=\"-2-strong-and-environmentally-friendly-material-\"><strong>2. Material resistente y respetuoso con el medio ambiente<\/strong><\/h3>\n<p>El cuerpo de la caja adopta la tecnolog\u00eda de compuesto de papel cart\u00f3n gris de alto gramaje de 1200 GSM y papel estucado de 157 GSM, que tiene resistencia a la presi\u00f3n y durabilidad, excelente capacidad de carga y puede soportar la presi\u00f3n del transporte a larga distancia. El material cumple las normas de protecci\u00f3n del medio ambiente, el papel de cart\u00f3n gris es reciclable y degradable, y la impresi\u00f3n del papel estucado es expresiva, teniendo en cuenta la sostenibilidad y la textura de alta gama.<\/p>\n<h3 id=\"-3-double-sided-high-definition-printing-technology-\"><strong>3. Tecnolog\u00eda de impresi\u00f3n de alta definici\u00f3n a doble cara<\/strong><\/h3>\n<p>Mediante el proceso de impresi\u00f3n a doble cara, el logotipo de la marca, la informaci\u00f3n del producto y los motivos art\u00edsticos se presentan con precisi\u00f3n en la superficie del cuerpo de la caja, apoyando los colores planos Pantone, el barniz local UV y otros procesos para mejorar el impacto visual y el reconocimiento de la marca. Por ejemplo, la tapa de la caja puede llevar impresa la historia del origen del caf\u00e9, y la parte inferior de la caja puede mostrar la gu\u00eda de preparaci\u00f3n para transmitir el valor de la marca en todas las direcciones.<\/p>\n<h3 id=\"-4-highly-flexible-customization-scheme-\"><strong>4. Esquema de personalizaci\u00f3n muy flexible<\/strong><\/h3>\n<ul>\n<li><strong>Tipo y tama\u00f1o de caja<\/strong>: Admite diversas estructuras, como tapas superiores e inferiores, cajas en forma de libro, cajas caj\u00f3n (como cajas tipo tubo y tipo disco), adecuadas para diferentes formas de producto, como c\u00e1psulas de caf\u00e9, bolsas colgantes para las orejas, granos de caf\u00e9, etc.<\/li>\n<li><strong>Color y material<\/strong>: Proporcionar mate, brillante, estampado en caliente \/ plata, en relieve y otros efectos de superficie, y el material se puede seleccionar de papel estucado, papel de arte, etc, para satisfacer las necesidades de los regalos de empresa o temas de vacaciones.<\/li>\n<li><strong>Efecto de impresi\u00f3n<\/strong>: Combina la impresi\u00f3n digital y la tecnolog\u00eda de serigraf\u00eda para lograr patrones complejos como degradado y 3D estereosc\u00f3pico, adecuado para el tono de la marca.<\/li>\n<\/ul>\n<h3 id=\"-5-precisely-fit-eva-shockproof-lining-\"><strong>5. Forro EVA antichoque de ajuste preciso<\/strong><\/h3>\n<p>Forro de espuma EVA personalizado seg\u00fan el tama\u00f1o del producto, con densidad opcional de 25\u00b0-50\u00b0, mediante corte CNC para garantizar un ajuste perfecto con los productos de caf\u00e9, reducir las vibraciones del transporte y el desperdicio de espacio. El revestimiento es compatible con el tratamiento antiest\u00e1tico, que es adecuado para las necesidades de protecci\u00f3n de los accesorios electr\u00f3nicos de caf\u00e9 (tales como accesorios de olla de infusi\u00f3n a mano).<\/p>\n<h3 id=\"-6-triple-protection-lamination-process-\"><strong>6. Proceso de laminaci\u00f3n de triple protecci\u00f3n<\/strong><\/h3>\n<p>La superficie adopta una tecnolog\u00eda de laminaci\u00f3n de nivel nanom\u00e9trico, que tiene funciones impermeables, a prueba de aceite y a prueba de humedad, resiste eficazmente las salpicaduras de l\u00edquidos y el ambiente h\u00famedo, y protege la impresi\u00f3n del cuerpo de la caja de la decoloraci\u00f3n y la deformaci\u00f3n. Este proceso tambi\u00e9n puede mejorar la resistencia al desgaste de la superficie y prolongar el periodo de almacenamiento de las cajas de regalo en almacenes y log\u00edstica.<\/p>\n<h3 id=\"-7-fully-automated-and-efficient-production-\"><strong>7. Producci\u00f3n totalmente automatizada y eficiente<\/strong><\/h3>\n<p>Apoy\u00e1ndose en una l\u00ednea de producci\u00f3n totalmente autom\u00e1tica, alcanza una capacidad de producci\u00f3n diaria de 10 millones de piezas (10.000.000 pcs), abarcando el troquelado, laminado, montaje magn\u00e9tico, laminado de revestimiento y otros procesos. Mediante el sistema de control inteligente PLC y el equipo de inspecci\u00f3n visual, garantizamos que la precisi\u00f3n de la producci\u00f3n y la tasa de rendimiento alcancen el 99,5%, satisfaciendo las necesidades de pedidos urgentes y entregas a gran escala.<\/p>\n<h3 id=\"-8-advantageous-service-of-the-source-factory-\"><strong>8. Servicio ventajoso de la f\u00e1brica de origen<\/strong><\/h3>\n<p>Como f\u00e1brica de origen de envases de caf\u00e9 en China, proporcionamos:<\/p>\n<ul>\n<li><strong>Muestras y dise\u00f1os gratuitos<\/strong>: Un equipo profesional proporciona bocetos de dise\u00f1o en 3D en 1 d\u00eda, se env\u00edan muestras f\u00edsicas en 2 d\u00edas y se admiten ajustes personalizados.<\/li>\n<li><strong>Optimizaci\u00f3n de costes<\/strong>: El aprovisionamiento a gran escala y la producci\u00f3n automatizada reducen los costes, y el precio de la misma calidad es 30% inferior al del mercado.<\/li>\n<li><strong>Soluci\u00f3n integral<\/strong>: Desde el dise\u00f1o del envase y la selecci\u00f3n de materiales hasta la log\u00edstica y la distribuci\u00f3n, el servicio de proceso completo garantiza que el proyecto se ejecute a tiempo.<\/li>\n<\/ul>\n<p><strong>Escenario de aplicaci\u00f3n<\/strong><\/p>\n<ul>\n<li><strong>Regalo de empresa<\/strong>: La apertura y el cierre magn\u00e9ticos resaltan el sentido de la ceremonia, y la combinaci\u00f3n del sistema de color corporativo VI refuerza la imagen de marca.<\/li>\n<li><strong>Caja regalo navide\u00f1a<\/strong>: Patr\u00f3n tem\u00e1tico de vacaciones personalizado, el forro es adecuado para una combinaci\u00f3n de productos de caf\u00e9 de m\u00faltiples especificaciones.<\/li>\n<li><strong>Comercio electr\u00f3nico al por menor<\/strong>: El revestimiento impermeable y el forro antis\u00edsmico garantizan la seguridad del transporte y reducen la tasa de p\u00e9rdidas posventa.<\/li>\n<\/ul>\n<p><strong>Act\u00faa ya<\/strong>\u00a0P\u00f3ngase en contacto con la f\u00e1brica de origen en China, obtenga muestras gratuitas y soluciones de dise\u00f1o, y comience su viaje de personalizaci\u00f3n de envases de caf\u00e9 de gama alta.<\/p>","protected":false},"excerpt":{"rendered":"<p>1. Caja de embalaje magn\u00e9tico, im\u00e1n incrustado dise\u00f1o para evitar el desgaste externo.<br \/>\n2. Fabricado con cart\u00f3n gris de 1200 GSM y papel art\u00edstico estucado de 157 GSM, duradero, respetuoso con el medio ambiente y sostenible.<br \/>\n3. Impresi\u00f3n a doble cara, puede imprimir la informaci\u00f3n de su producto y el logotipo de su marca en la superficie de la caja para mejorar el efecto de marca.<\/p>","protected":false},"featured_media":8713,"template":"","meta":[],"product_brand":[],"product_cat":[30,422,424,31],"product_tag":[959,958,960],"class_list":{"0":"post-8708","1":"product","2":"type-product","3":"status-publish","4":"has-post-thumbnail","6":"product_cat-by-industry","7":"product_cat-custom-gourmet-boxes-by-industry","8":"product_cat-magnetic-closure-boxes","9":"product_cat-paper-box-style","10":"product_tag-coffee-magnetic-closure-boxes","11":"product_tag-custom-coffee-boxes","12":"product_tag-premium-coffee-gift-boxes","14":"first","15":"instock","16":"shipping-taxable","17":"product-type-simple"},"_links":{"self":[{"href":"https:\/\/zojopackaging.com\/es\/wp-json\/wp\/v2\/product\/8708","targetHints":{"allow":["GET"]}}],"collection":[{"href":"https:\/\/zojopackaging.com\/es\/wp-json\/wp\/v2\/product"}],"about":[{"href":"https:\/\/zojopackaging.com\/es\/wp-json\/wp\/v2\/types\/product"}],"version-history":[{"count":3,"href":"https:\/\/zojopackaging.com\/es\/wp-json\/wp\/v2\/product\/8708\/revisions"}],"predecessor-version":[{"id":8728,"href":"https:\/\/zojopackaging.com\/es\/wp-json\/wp\/v2\/product\/8708\/revisions\/8728"}],"wp:featuredmedia":[{"embeddable":true,"href":"https:\/\/zojopackaging.com\/es\/wp-json\/wp\/v2\/media\/8713"}],"wp:attachment":[{"href":"https:\/\/zojopackaging.com\/es\/wp-json\/wp\/v2\/media?parent=8708"}],"wp:term":[{"taxonomy":"product_brand","embeddable":true,"href":"https:\/\/zojopackaging.com\/es\/wp-json\/wp\/v2\/product_brand?post=8708"},{"taxonomy":"product_cat","embeddable":true,"href":"https:\/\/zojopackaging.com\/es\/wp-json\/wp\/v2\/product_cat?post=8708"},{"taxonomy":"product_tag","embeddable":true,"href":"https:\/\/zojopackaging.com\/es\/wp-json\/wp\/v2\/product_tag?post=8708"}],"curies":[{"name":"wp","href":"https:\/\/api.w.org\/{rel}","templated":true}]}}