{"id":8729,"date":"2025-03-31T10:39:02","date_gmt":"2025-03-31T02:39:02","guid":{"rendered":"https:\/\/zojopackaging.com\/?post_type=product&#038;p=8729"},"modified":"2025-03-31T10:56:55","modified_gmt":"2025-03-31T02:56:55","slug":"china-high-quality-irregular-shape-custom-perfume-gift-box","status":"publish","type":"product","link":"https:\/\/zojopackaging.com\/es\/product\/china-high-quality-irregular-shape-custom-perfume-gift-box\/","title":{"rendered":"China Alta Calidad Forma Irregular Perfume Personalizado Caja de Regalo"},"content":{"rendered":"<h3 id=\"product-description-of-china-s-high-quality-irregular-shape-custom-perfume-gift-box\">Descripci\u00f3n de producto de la caja de regalo de encargo del perfume de la forma irregular de la alta calidad de China<\/h3>\n<h4 id=\"-1-multi-dimensional-innovative-design-integration-of-environmental-protection-concept-brand-narrative-and-user-experience-\"><strong>1. Dise\u00f1o innovador multidimensional: integraci\u00f3n del concepto de protecci\u00f3n medioambiental, la narrativa de la marca y la experiencia del usuario.<\/strong><\/h4>\n<p>Esta caja de regalo para perfumes tiene como n\u00facleo el dise\u00f1o de protecci\u00f3n medioambiental, utiliza materiales reciclables y renovables y cart\u00f3n gris con certificaci\u00f3n FSC, combina la tecnolog\u00eda de seguimiento de la huella de carbono y practica el concepto de producci\u00f3n ecol\u00f3gica. El dise\u00f1o del envase integra la narrativa cultural de la marca, y cuenta historias de marca como la inspiraci\u00f3n natural, la est\u00e9tica oriental o la tecnolog\u00eda de fabricaci\u00f3n de perfumes de alta gama mediante la tecnolog\u00eda de grabado en relieve, el LOGO estampado en caliente y el texto oculto. En cuanto a la experiencia del usuario, la innovadora estructura de apertura oblicua se combina con el dise\u00f1o magn\u00e9tico de apertura y cierre, que da la sensaci\u00f3n de ceremonia de desembalaje, etiqueta interactiva AR incrustada, el c\u00f3digo de escaneo puede desbloquear la interpretaci\u00f3n de la fragancia y la experiencia de inmersi\u00f3n fragancia.<\/p>\n<h4 id=\"-2-double-sided-color-printing-and-macaron-color-system-balance-of-visual-aesthetics-and-function-\"><strong>2. Impresi\u00f3n en color a doble cara y sistema de color macaron: equilibrio entre est\u00e9tica visual y funci\u00f3n.<\/strong><\/h4>\n<p>La caja de regalo adopta una tecnolog\u00eda de impresi\u00f3n offset de alta precisi\u00f3n a doble cara, combinada con un sistema de colores macaron de baja saturaci\u00f3n (como verde menta, rosa claro, morado claro), mediante un dise\u00f1o de colores de gradiente suave y contraste geom\u00e9trico, que reduce la fatiga visual y crea una sensaci\u00f3n de ensue\u00f1o y alta gama. El proceso de impresi\u00f3n admite la calibraci\u00f3n de colores planos Pantone, con una diferencia de color de \u22645%, lo que garantiza una presentaci\u00f3n precisa de los logotipos de la marca y los detalles del patr\u00f3n. El dise\u00f1o del forro incorpora una textura mate del mismo color, formando un eco visual con la caja exterior, reforzando la unidad est\u00e9tica general.<\/p>\n<h4 id=\"-3-high-weight-material-and-structural-strength-1200gsm-gray-board-157gsm-coated-paper-\"><strong>3. Material de alto gramaje y resistencia estructural: cart\u00f3n gris de 1200GSM + papel estucado de 157GSM<\/strong><\/h4>\n<p>El cuerpo principal de la caja de regalo est\u00e1 hecho de cart\u00f3n gris de alta resistencia de 1200GSM como esqueleto, con una resistencia a la compresi\u00f3n de 50kg\/m\u00b2, lo que garantiza que no se deforme durante el transporte; la capa exterior est\u00e1 cubierta con papel estucado de 157GSM, con una suavidad de superficie de \u2265800s, que admite la impresi\u00f3n superpuesta de cuatro colores y la tecnolog\u00eda de estampaci\u00f3n en caliente a nivel de micras, presentando perfectamente el LOGO de la marca y patrones complejos. El material ha superado la certificaci\u00f3n SGS, no contiene metales pesados ni sustancias vol\u00e1tiles peligrosas y cumple las normas REACH de la UE.<\/p>\n<h4 id=\"-4-functional-surface-treatment-three-proof-coating-technology-\"><strong>4. Tratamiento funcional de la superficie: tecnolog\u00eda de revestimiento de tres pruebas<\/strong><\/h4>\n<p>La superficie de la caja de regalo adopta la tecnolog\u00eda de revestimiento de nanonivel, que tiene funciones impermeables (nivel IPX4), a prueba de aceite (\u00e1ngulo de contacto \u2265 110\u00b0), a prueba de humedad (no se deforma bajo humedad 90%), resistiendo eficazmente la penetraci\u00f3n de l\u00edquidos y la erosi\u00f3n de la humedad en el entorno de transporte. El revestimiento tambi\u00e9n conserva el tacto natural del papel, y los efectos mate\/brillo son opcionales, teniendo en cuenta tanto la protecci\u00f3n como la textura de alta gama.<\/p>\n<h4 id=\"-5-source-factory-advantages-free-samples-design-services-high-cost-performance-\"><strong>5. Ventajas de la f\u00e1brica de origen: muestras gratuitas + servicios de dise\u00f1o + alto rendimiento de costes.<\/strong><\/h4>\n<p>Como f\u00e1brica de origen de envases de perfumes locales en China, ofrecemos servicios de pruebas gratuitos (entrega en 3-5 d\u00edas laborables), apoyamos el dise\u00f1o exclusivo 1 a 1, y la soluci\u00f3n abarca el modelado 3D, la selecci\u00f3n de materiales y la recomendaci\u00f3n de combinaci\u00f3n de procesos. Confiando en la producci\u00f3n a gran escala y en las capacidades de integraci\u00f3n de la cadena de suministro, el precio es 30%-50% m\u00e1s bajo que el de las f\u00e1bricas OEM tradicionales, con un pedido m\u00ednimo de 1.000 piezas y sin tasa de molde.<\/p>\n<h4 id=\"-6-intelligent-production-fully-automatic-line-mes-transparent-management-\"><strong>6. Producci\u00f3n inteligente: l\u00ednea totalmente autom\u00e1tica + gesti\u00f3n transparente MES<\/strong><\/h4>\n<p>La f\u00e1brica est\u00e1 equipada con troqueladoras totalmente autom\u00e1ticas, l\u00edneas de impresi\u00f3n UV y sistemas de paletizado robotizados, con una capacidad de producci\u00f3n diaria de 10 millones de piezas, que soportan entregas ultrarr\u00e1pidas en 72 horas. A trav\u00e9s del sistema MES para supervisar el progreso de la producci\u00f3n en tiempo real, los clientes pueden ver el estado de la orden de trabajo, los informes de inspecci\u00f3n de calidad y el seguimiento log\u00edstico en l\u00ednea, con una precisi\u00f3n de entrega de \u226599%, eliminando el funcionamiento de \"caja negra\" de las f\u00e1bricas tradicionales.<\/p>\n<h4 id=\"-7-customized-eva-lining-precision-adaptation-and-shock-absorption-protection-\"><strong>7. Forro de EVA personalizado: adaptaci\u00f3n de precisi\u00f3n y protecci\u00f3n contra impactos.<\/strong><\/h4>\n<p>Bas\u00e1ndose en los datos de escaneado en 3D de los productos de los clientes, revestimiento personalizado de EVA de alta densidad (densidad 45\u00b15kg\/m\u00b3), precisi\u00f3n de ranurado \u00b10,2mm, adecuado para frascos de perfume de formas especiales, accesorios de boquilla, etc. El revestimiento adopta una estructura dividida, la tasa de utilizaci\u00f3n del espacio se incrementa en 40%, y con tratamiento antiest\u00e1tico, la resistencia al impacto de transporte alcanza el est\u00e1ndar ISTA 3A.<\/p>\n<h4 id=\"-8-all-round-customization-options-breaking-the-boundaries-of-design-\"><strong>8. Todas las opciones de personalizaci\u00f3n: Romper los l\u00edmites del dise\u00f1o<\/strong><\/h4>\n<p>Admite las siguientes dimensiones de personalizaci\u00f3n:<\/p>\n<ul>\n<li><strong>Tipo de caja<\/strong>: 23 estructuras irregulares como la caja de suspensi\u00f3n hexagonal, la caja magn\u00e9tica en forma de libro, la caja escalonada piramidal, etc;<\/li>\n<li><strong>Material<\/strong>: M\u00e1s de 50 papeles especiales, como el papel aterciopelado t\u00e1ctil, el papel con forma de estrella, el cart\u00f3n compuesto con cepillado met\u00e1lico, etc;<\/li>\n<li><strong>Artesan\u00eda<\/strong>UV local, estampaci\u00f3n en fr\u00edo, ahuecado por l\u00e1ser, impresi\u00f3n con tinta perfumada;<\/li>\n<li><strong>Funci\u00f3n<\/strong>: chip NFC integrado, tinta que cambia de color sensible a la temperatura y otros m\u00f3dulos interactivos inteligentes.<\/li>\n<\/ul>\n<h3 id=\"-cooperation-value-and-commitment-\"><strong>Valor y compromiso de cooperaci\u00f3n<\/strong><\/h3>\n<p>Con el concepto central de \"protecci\u00f3n medioambiental \u00d7 inteligencia \u00d7 arte\", ofrecemos soluciones integrales de envasado, desde el dise\u00f1o hasta la entrega, para marcas mundiales de perfumes de gama alta. Mediante el suministro directo desde la fuente, la producci\u00f3n flexible y la gesti\u00f3n transparente, ayudamos a las marcas a reducir 30% el coste global, al tiempo que mejoramos la experiencia del usuario final y la competitividad en el mercado.\u00a0<strong>Solicite ahora una muestra gratuita y comience su exclusivo viaje est\u00e9tico de fragancias.<\/strong><\/p>","protected":false},"excerpt":{"rendered":"<p>1. La caja de perfume de forma irregular es innovadora en m\u00faltiples dimensiones, como el dise\u00f1o ambiental, la narrativa de marca y la optimizaci\u00f3n de la experiencia del usuario.<br \/>\n2. Impresi\u00f3n en color a doble cara, con colores macaron para reducir la fatiga visual, satisface la fantas\u00eda de los envases de perfumes de alta gama.<br \/>\n3. Fabricado con cart\u00f3n gris de 1200 GSM y papel art\u00edstico estucado de 157 GSM, adecuado para la impresi\u00f3n del logotipo de la marca.<\/p>","protected":false},"featured_media":8730,"template":"","meta":[],"product_brand":[],"product_cat":[30,417,428,31],"product_tag":[961,245,962],"class_list":{"0":"post-8729","1":"product","2":"type-product","3":"status-publish","4":"has-post-thumbnail","6":"product_cat-by-industry","7":"product_cat-custom-perfume-boxes-by-industry","8":"product_cat-irregular-shaped-gift-boxes","9":"product_cat-paper-box-style","10":"product_tag-china-perfume-box","11":"product_tag-custom-perfume-gift-box","12":"product_tag-irregular-shape-perfume-box","14":"first","15":"instock","16":"shipping-taxable","17":"product-type-simple"},"_links":{"self":[{"href":"https:\/\/zojopackaging.com\/es\/wp-json\/wp\/v2\/product\/8729","targetHints":{"allow":["GET"]}}],"collection":[{"href":"https:\/\/zojopackaging.com\/es\/wp-json\/wp\/v2\/product"}],"about":[{"href":"https:\/\/zojopackaging.com\/es\/wp-json\/wp\/v2\/types\/product"}],"version-history":[{"count":1,"href":"https:\/\/zojopackaging.com\/es\/wp-json\/wp\/v2\/product\/8729\/revisions"}],"predecessor-version":[{"id":8736,"href":"https:\/\/zojopackaging.com\/es\/wp-json\/wp\/v2\/product\/8729\/revisions\/8736"}],"wp:featuredmedia":[{"embeddable":true,"href":"https:\/\/zojopackaging.com\/es\/wp-json\/wp\/v2\/media\/8730"}],"wp:attachment":[{"href":"https:\/\/zojopackaging.com\/es\/wp-json\/wp\/v2\/media?parent=8729"}],"wp:term":[{"taxonomy":"product_brand","embeddable":true,"href":"https:\/\/zojopackaging.com\/es\/wp-json\/wp\/v2\/product_brand?post=8729"},{"taxonomy":"product_cat","embeddable":true,"href":"https:\/\/zojopackaging.com\/es\/wp-json\/wp\/v2\/product_cat?post=8729"},{"taxonomy":"product_tag","embeddable":true,"href":"https:\/\/zojopackaging.com\/es\/wp-json\/wp\/v2\/product_tag?post=8729"}],"curies":[{"name":"wp","href":"https:\/\/api.w.org\/{rel}","templated":true}]}}