{"id":8737,"date":"2025-03-31T10:57:16","date_gmt":"2025-03-31T02:57:16","guid":{"rendered":"https:\/\/zojopackaging.com\/?post_type=product&#038;p=8737"},"modified":"2025-03-31T11:23:20","modified_gmt":"2025-03-31T03:23:20","slug":"custom-apparel-clothes-dress-collapsible-gift-box-wholesale","status":"publish","type":"product","link":"https:\/\/zojopackaging.com\/es\/product\/custom-apparel-clothes-dress-collapsible-gift-box-wholesale\/","title":{"rendered":"Ropa personalizada Vestido Caja de regalo plegable al por mayor"},"content":{"rendered":"<h2 id=\"custom-clothing-dress-foldable-magnetic-gift-box-wholesale-product-description\">Ropa personalizada Vestido Caja de regalo plegable al por mayor<\/h2>\n<h3 id=\"-product-core-highlights-\"><strong>Principales productos<\/strong><\/h3>\n<ol>\n<li><strong>Cierre magn\u00e9tico plegable Dise\u00f1o<\/strong> Adoptando una estructura de im\u00e1n oculto incrustado, la apertura y cierre magn\u00e9ticos son suaves y evitan el problema de desgaste causado por el im\u00e1n expuesto. Despu\u00e9s de plegarse, el volumen puede comprimirse hasta 1\/3 del estado desplegado, lo que reduce significativamente los costes de transporte y almacenamiento. Con la tecnolog\u00eda de optimizaci\u00f3n del circuito magn\u00e9tico de precisi\u00f3n, la fuerza de adsorci\u00f3n es estable (3-5N), asegurando la estabilidad del cierre, la operaci\u00f3n conveniente con una sola mano, y dando una sensaci\u00f3n de ceremonia de desembalaje.<\/li>\n<li><strong>Tema rosa Impresi\u00f3n en color a doble cara<\/strong>\u00a0Utilizando papel estucado C2S de 157 g como soporte, tecnolog\u00eda de impresi\u00f3n en color de alta precisi\u00f3n a doble cara, el color principal es el rosa suave (personalizaci\u00f3n de la carta de colores Pantone), combinado con principios psicol\u00f3gicos para estimular asociaciones emocionales rom\u00e1nticas y dulces. La capa interior est\u00e1 dise\u00f1ada con motivos femeninos, como flores y encajes, para aumentar la fantas\u00eda y el deseo de los consumidores de comprar productos de vestir.<\/li>\n<li><strong>Accesorios para cintas e identificaci\u00f3n de marcas<\/strong>\u00a0Las cintas personalizadas (materiales opcionales de sat\u00e9n\/chif\u00f3n) son est\u00e1ndar, con lazos de contraste o tecnolog\u00eda de estampaci\u00f3n en caliente de LOGO para realzar la belleza y el nivel visual del desembalaje. Admite la personalizaci\u00f3n de la cinta con el logotipo de la marca, y refuerza los puntos de recuerdo de la marca mediante la diferenciaci\u00f3n de color y artesan\u00eda.<\/li>\n<li><strong>Tecnolog\u00eda de estampaci\u00f3n en caliente de oro de lujo ligero<\/strong> La tecnolog\u00eda de estampaci\u00f3n en caliente de oro parcial se utiliza para presentar efectos de contraste mate y brillante en detalles como el LOGO de la superficie de la caja y el marco, y se imprime con tintas respetuosas con el medio ambiente, teniendo en cuenta la textura lujosa y los conceptos sostenibles.<\/li>\n<\/ol>\n<h4 id=\"-environmentally-friendly-materials-and-structural-innovation-\"><strong>Materiales respetuosos con el medio ambiente e innovaci\u00f3n estructural<\/strong><\/h4>\n<ul>\n<li><strong>Combinaci\u00f3n de materiales<\/strong>: 157 g de papel estucado C2S de alta blancura (certificado FSC) en la capa exterior + 1200 g de cart\u00f3n gris duro en la capa interior, con una resistencia a la compresi\u00f3n de 200 kg\/\u33a1 y un \u00edndice de reciclabilidad superior a 90%.<\/li>\n<li><strong>Estructura plegable<\/strong>: Estructura tridimensional de imitaci\u00f3n de nido de abeja + dise\u00f1o de \u00e1ngulo de posicionamiento c\u00f3nico de 60\u00b0, logrando una precisi\u00f3n de posicionamiento de repetici\u00f3n de nivel de 0,1 mm, adecuado para necesidades de embalaje de ropa de forma especial.<\/li>\n<\/ul>\n<h4 id=\"-highly-customized-service-\"><strong>Servicio altamente personalizado<\/strong><\/h4>\n<ol>\n<li><strong>Tipo y tama\u00f1o de caja<\/strong>: Proporcionar m\u00e1s de 10 tipos de cajas, tales como tapa superior e inferior, tipo caj\u00f3n, tipo libro abatible, etc., con un rango de tama\u00f1o de 50\u00d730\u00d75cm a 80\u00d750\u00d715cm, soporta la personalizaci\u00f3n de tama\u00f1o no est\u00e1ndar, y el error se controla dentro de \u00b10.5mm.<\/li>\n<li><strong>Adaptaci\u00f3n del revestimiento interior<\/strong>: El forro de EVA\/esponja se personaliza de acuerdo con el contorno del producto, con una densidad de 30-80kg\/m\u00b3, amortiguaci\u00f3n precisa y a prueba de golpes, y la utilizaci\u00f3n del espacio se incrementa en 40%.<\/li>\n<li><strong>Tecnolog\u00eda de superficie<\/strong>M\u00e1s de 20 efectos, como barniz local UV, gofrado, l\u00e1ser, etc., son opcionales y admiten n\u00famero de color Pantone especial, impresi\u00f3n en degradado y tecnolog\u00eda de gofrado 3D.<\/li>\n<\/ol>\n<h4 id=\"-application-scenarios-and-benefits-\"><strong>Escenarios de aplicaci\u00f3n y ventajas<\/strong><\/h4>\n<ul>\n<li><strong>Marca superior<\/strong>: Mejorar el valor a\u00f1adido del producto mediante un embalaje de alta calidad. Las encuestas a clientes demuestran que el embalaje en caja de regalo puede aumentar el precio de los vestidos en un 15%-20%.<\/li>\n<li><strong>Optimizaci\u00f3n log\u00edstica<\/strong>: Tras el plegado, los costes de transporte se reducen en 30%, lo que resulta adecuado para las necesidades de contenerizaci\u00f3n de piezas peque\u00f1as del comercio electr\u00f3nico transfronterizo.<\/li>\n<li><strong>Certificaci\u00f3n medioambiental<\/strong>: Cumplen las normas REACH de la UE y FDA de EE.UU., y obtienen la certificaci\u00f3n biodegradable SGS.<\/li>\n<\/ul>\n<h4 id=\"-ordering-process-\"><strong>Proceso de pedido<\/strong><\/h4>\n<ol>\n<li>1. Proporcionar requisitos de tama\u00f1o\/dise\u00f1o de la ropa \u2192 2. Modelado 3D para confirmar la estructura de la caja \u2192 3. Presupuesto de soluci\u00f3n de material\/proceso \u2192 4. Fabricaci\u00f3n de muestras (5-7 d\u00edas laborables) \u2192 5. Producci\u00f3n en masa (MOQ 500 piezas, plazo de entrega 10-15 d\u00edas).<\/li>\n<\/ol>\n<p><strong>Caso de cooperaci\u00f3n<\/strong>: Ha servido a marcas como SHEIN y UR, con una capacidad de producci\u00f3n media mensual de 300.000 piezas y una tasa de personalizaci\u00f3n de 85%.<\/p>\n<p><strong>Personalizar ahora<\/strong>: Aportar calidez de marca a trav\u00e9s de envases exclusivos, convirtiendo cada vestido en un regalo de ensue\u00f1o para las ni\u00f1as.<\/p>","protected":false},"excerpt":{"rendered":"<p>1. Caja de cierre magn\u00e9tico, dise\u00f1o de im\u00e1n incrustado para evitar el desgaste externo, dise\u00f1o plegable para reducir la utilizaci\u00f3n de espacio durante el transporte.<br \/>\n2. La impresi\u00f3n de color rosa puede inspirar asociaciones emocionales rom\u00e1nticas y dulces, mejorar la fantas\u00eda de las ni\u00f1as de ropa, ropa y vestidos.<br \/>\n3. Impresi\u00f3n en color a doble cara para mejorar el efecto de combinaci\u00f3n de colores y satisfacer las necesidades de las ni\u00f1as.<\/p>","protected":false},"featured_media":8738,"template":"","meta":[],"product_brand":[],"product_cat":[30,427,414,31],"product_tag":[964,963,965],"class_list":{"0":"post-8737","1":"product","2":"type-product","3":"status-publish","4":"has-post-thumbnail","6":"product_cat-by-industry","7":"product_cat-collapsible-gift-boxes","8":"product_cat-custom-apparel-boxes","9":"product_cat-paper-box-style","10":"product_tag-clothes-box-wholesale","11":"product_tag-custom-apparel-gift-box","12":"product_tag-dress-collapsible-gift-box","14":"first","15":"instock","16":"shipping-taxable","17":"product-type-simple"},"_links":{"self":[{"href":"https:\/\/zojopackaging.com\/es\/wp-json\/wp\/v2\/product\/8737","targetHints":{"allow":["GET"]}}],"collection":[{"href":"https:\/\/zojopackaging.com\/es\/wp-json\/wp\/v2\/product"}],"about":[{"href":"https:\/\/zojopackaging.com\/es\/wp-json\/wp\/v2\/types\/product"}],"version-history":[{"count":1,"href":"https:\/\/zojopackaging.com\/es\/wp-json\/wp\/v2\/product\/8737\/revisions"}],"predecessor-version":[{"id":8743,"href":"https:\/\/zojopackaging.com\/es\/wp-json\/wp\/v2\/product\/8737\/revisions\/8743"}],"wp:featuredmedia":[{"embeddable":true,"href":"https:\/\/zojopackaging.com\/es\/wp-json\/wp\/v2\/media\/8738"}],"wp:attachment":[{"href":"https:\/\/zojopackaging.com\/es\/wp-json\/wp\/v2\/media?parent=8737"}],"wp:term":[{"taxonomy":"product_brand","embeddable":true,"href":"https:\/\/zojopackaging.com\/es\/wp-json\/wp\/v2\/product_brand?post=8737"},{"taxonomy":"product_cat","embeddable":true,"href":"https:\/\/zojopackaging.com\/es\/wp-json\/wp\/v2\/product_cat?post=8737"},{"taxonomy":"product_tag","embeddable":true,"href":"https:\/\/zojopackaging.com\/es\/wp-json\/wp\/v2\/product_tag?post=8737"}],"curies":[{"name":"wp","href":"https:\/\/api.w.org\/{rel}","templated":true}]}}