{"id":8744,"date":"2025-03-31T11:23:34","date_gmt":"2025-03-31T03:23:34","guid":{"rendered":"https:\/\/zojopackaging.com\/?post_type=product&#038;p=8744"},"modified":"2025-03-31T11:35:36","modified_gmt":"2025-03-31T03:35:36","slug":"high-quality-smart-mobile-phone-packaging-boxes-wholesale","status":"publish","type":"product","link":"https:\/\/zojopackaging.com\/es\/product\/high-quality-smart-mobile-phone-packaging-boxes-wholesale\/","title":{"rendered":"Cajas de embalaje de alta calidad para tel\u00e9fonos m\u00f3viles inteligentes al por mayor"},"content":{"rendered":"<h2 id=\"high-quality-smartphone-packaging-box-wholesale-product-description\">Cajas de embalaje de alta calidad para tel\u00e9fonos m\u00f3viles inteligentes al por mayor<\/h2>\n<h3 id=\"1-top-and-bottom-cover-box-design-both-safety-and-brand-display-\">1.\u00a0<strong>Dise\u00f1o de caja con tapa superior e inferior, tanto para seguridad como para mostrar la marca<\/strong><\/h3>\n<p>Adoptando una estructura integrada de tapas superior e inferior, se consigue un cierre sin costuras gracias a la tecnolog\u00eda de apertura de moldes de precisi\u00f3n, evitando eficazmente los da\u00f1os a los art\u00edculos causados por la extrusi\u00f3n y la colisi\u00f3n durante el transporte. La superficie de la caja puede imprimirse con LOGO de marca de alta definici\u00f3n, informaci\u00f3n sobre el producto o tecnolog\u00eda de estampaci\u00f3n en caliente por l\u00e1ser, con un efecto de relieve tridimensional, que mejora significativamente el reconocimiento de la marca y la textura de alta gama, atrayendo la atenci\u00f3n del consumidor.<\/p>\n<h3 id=\"2-environmentally-friendly-and-sustainable-materials-taking-into-account-strength-and-environmental-responsibility-\">2.\u00a0<strong>Materiales ecol\u00f3gicos y sostenibles, teniendo en cuenta la resistencia y la responsabilidad medioambiental<\/strong><\/h3>\n<p>El material del n\u00facleo es\u00a0<strong>Papel estucado C2S de 157 g + cart\u00f3n duro de 1200 g<\/strong>. El papel estucado exterior proporciona una delicada base de impresi\u00f3n, y el cart\u00f3n duro interior tiene una resistencia a la compresi\u00f3n m\u00e1s de 3 veces superior a la norma del sector. Ha superado la certificaci\u00f3n forestal FSC y las pruebas medioambientales de la UE (RoHS), y es 100% reciclable y degradable. La superficie est\u00e1 recubierta con un revestimiento al agua mate\/brillante respetuoso con el medio ambiente para evitar la contaminaci\u00f3n de la tinta tradicional, lo que est\u00e1 en consonancia con la tendencia mundial de envasado ecol\u00f3gico.<\/p>\n<h3 id=\"3-highly-customized-service-all-round-adaptation-needs-\">3.\u00a0<strong>Servicio altamente personalizado, adaptaci\u00f3n a todas las necesidades<\/strong><\/h3>\n<ul>\n<li><strong>Tipo de caja flexible<\/strong>Soporta m\u00e1s de 20 tipos de cajas, como tapa superior e inferior, tipo caj\u00f3n, caja en forma de libro, etc., compatible con estructuras plegables de forma especial (como escaparate, tapa abatible magn\u00e9tica);<\/li>\n<li><strong>Tama\u00f1o preciso<\/strong>: cubre toda la gama de tama\u00f1os de tel\u00e9fonos m\u00f3viles, de 4,7 a 7,2 pulgadas, con un control de tolerancia de \u00b10,5 mm;<\/li>\n<li><strong>Procesos diversos<\/strong>Estampaci\u00f3n en caliente\/plateado opcional, barniz local UV, gofrado, l\u00e1ser y otros tratamientos superficiales, admite impresi\u00f3n en colores especiales Pantone, diferencia de color \u0394E\u22641,5;<\/li>\n<li><strong>Mejora del material<\/strong>: pueden sustituirse por materiales especiales respetuosos con el medio ambiente, como cart\u00f3n de pulpa de ca\u00f1a de az\u00facar y materiales compuestos de fibra de bamb\u00fa.<\/li>\n<\/ul>\n<h3 id=\"4-intelligent-lining-system-precise-product-protection-\">4.\u00a0<strong>Sistema de revestimiento inteligente, protecci\u00f3n precisa del producto<\/strong><\/h3>\n<p>Adopta forro moldeado de esponja EVA o pulpa de panal, personaliza la posici\u00f3n del compartimento seg\u00fan el tama\u00f1o tridimensional del tel\u00e9fono m\u00f3vil (longitud \u00d7 anchura \u00d7 grosor), realiza\u00a0<strong>fijaci\u00f3n a cero<\/strong>y el rendimiento antis\u00edsmico est\u00e1 certificado por ISTA 3A. Soporta dise\u00f1o en capas, compatible con el almacenamiento integrado de accesorios (como cargadores, auriculares), y aumenta la utilizaci\u00f3n del espacio por 40%.<\/p>\n<h3 id=\"5-triple-protective-coating-technology-to-resist-environmental-erosion-\">5.\u00a0<strong>Tecnolog\u00eda de triple revestimiento protector para resistir la erosi\u00f3n ambiental<\/strong><\/h3>\n<p>La superficie est\u00e1 cubierta con una pel\u00edcula impermeable y a prueba de aceite de nivel nanom\u00e9trico (revestimiento de PVDC), que alcanza el nivel de impermeabilidad IPX4, no se deforma durante 48 horas en un entorno con una humedad de 90%, y la permeabilidad al aceite es inferior a 0,1%. La capa interior a\u00f1ade tamices moleculares a prueba de humedad para absorber la humedad en el paquete y garantizar la estabilidad de los productos electr\u00f3nicos en entornos de temperatura y humedad extremas.<\/p>\n<h3 id=\"6-fully-automatic-intelligent-manufacturing-system-dual-guarantee-of-production-capacity-and-delivery-\">6.\u00a0<strong>Sistema de fabricaci\u00f3n inteligente totalmente autom\u00e1tico, doble garant\u00eda de capacidad de producci\u00f3n y entrega<\/strong><\/h3>\n<p>Confiar en\u00a0<strong>36 l\u00edneas de montaje totalmente autom\u00e1ticas<\/strong>Con la integraci\u00f3n de la inspecci\u00f3n visual de calidad AI y el sistema log\u00edstico AGV, la capacidad de producci\u00f3n diaria supera los 10 millones de piezas, y el ciclo de respuesta a los pedidos se acorta a 48 horas. Admite el modo de entrega JIT (justo a tiempo), la tasa de error de pedidos por lotes es &lt;0,3%, y ha obtenido la certificaci\u00f3n del sistema de gesti\u00f3n de calidad ISO 9001.<\/p>\n<h3 id=\"7-source-factory-advantage-zero-cost-empowerment-brand-\">7.\u00a0<strong>Ventaja de la f\u00e1brica de origen, marca de potenciaci\u00f3n de coste cero<\/strong><\/h3>\n<p>Como el\u00a0<strong>tel\u00e9fono m\u00f3vil caja de embalaje ODM \/ OEM fuente de f\u00e1brica<\/strong>\u00a0en la principal zona de producci\u00f3n del delta del r\u00edo Perla en China, proporcionamos:<\/p>\n<ul>\n<li><strong>prueba gratuita<\/strong>Las muestras f\u00edsicas se enviar\u00e1n en un plazo de 3 d\u00edas laborables;<\/li>\n<li><strong>dise\u00f1o libre<\/strong>: el equipo de profesionales ofrece 3 conjuntos de soluciones de dise\u00f1o (incluidos los renderizados en 3D);<\/li>\n<li><strong>ventaja de precio<\/strong>La compra a gran escala reduce los costes en 30%, y el precio de pedido inicial de 100.000 piezas es tan bajo como 0,48 yuanes\/pieza.<\/li>\n<\/ul>\n<h3 id=\"technical-parameters\">Par\u00e1metros t\u00e9cnicos<\/h3>\n<table>\n<thead>\n<tr>\n<th>Proyecto<\/th>\n<th>Par\u00e1metro<\/th>\n<th>Norma de certificaci\u00f3n<\/th>\n<\/tr>\n<\/thead>\n<tbody>\n<tr>\n<td>Resistencia a la compresi\u00f3n<\/td>\n<td>\u22658000N\/\u33a1<\/td>\n<td>GB\/T 6544-2008<\/td>\n<\/tr>\n<tr>\n<td>Prueba de ca\u00edda<\/td>\n<td>10 veces a 1,2 m de altura sin da\u00f1os<\/td>\n<td>ISTA 3A<\/td>\n<\/tr>\n<tr>\n<td>Contenido de humedad<\/td>\n<td>\u22649%<\/td>\n<td>ISO 535:2014<\/td>\n<\/tr>\n<tr>\n<td>Ciclo de entrega<\/td>\n<td>5-15 d\u00edas (dependiendo del volumen del pedido)<\/td>\n<td>-<\/td>\n<\/tr>\n<\/tbody>\n<\/table>\n<p>Si desea m\u00e1s soluciones personalizadas o muestras, p\u00f3ngase en contacto con nuestro equipo de dise\u00f1o. Le proporcionaremos una soluci\u00f3n de envasado de enlace completo con un\u00a0<strong>Mecanismo de respuesta 24 horas<\/strong>.<\/p>","protected":false},"excerpt":{"rendered":"<p>1. El tipo de caja con tapa superior e inferior adopta la estructura de tapa superior e inferior, que puede evitar eficazmente que los art\u00edculos en el paquete se da\u00f1en, y la marca puede ser claramente marcada para que los consumidores presten atenci\u00f3n.<br \/>\n2. Papel estucado art\u00edstico C2S de 157 g + cart\u00f3n r\u00edgido de 1200 g Embalaje sostenible respetuoso con el medio ambiente<br \/>\n3. El tipo de caja, el tama\u00f1o, el color, el material y el efecto de impresi\u00f3n de la superficie se pueden personalizar en gran medida para adaptarse al embalaje de su smartphone.<\/p>","protected":false},"featured_media":8749,"template":"","meta":[],"product_brand":[],"product_cat":[30,413,425,31],"product_tag":[966,968,967],"class_list":{"0":"post-8744","1":"product","2":"type-product","3":"status-publish","4":"has-post-thumbnail","6":"product_cat-by-industry","7":"product_cat-consumer-electronics-boxes","8":"product_cat-lid-and-base-gift-box","9":"product_cat-paper-box-style","10":"product_tag-high-quality-phone-packaging","11":"product_tag-phone-boxes-wholesale","12":"product_tag-smart-mobile-phone-packaging","14":"first","15":"instock","16":"shipping-taxable","17":"product-type-simple"},"_links":{"self":[{"href":"https:\/\/zojopackaging.com\/es\/wp-json\/wp\/v2\/product\/8744","targetHints":{"allow":["GET"]}}],"collection":[{"href":"https:\/\/zojopackaging.com\/es\/wp-json\/wp\/v2\/product"}],"about":[{"href":"https:\/\/zojopackaging.com\/es\/wp-json\/wp\/v2\/types\/product"}],"version-history":[{"count":1,"href":"https:\/\/zojopackaging.com\/es\/wp-json\/wp\/v2\/product\/8744\/revisions"}],"predecessor-version":[{"id":8750,"href":"https:\/\/zojopackaging.com\/es\/wp-json\/wp\/v2\/product\/8744\/revisions\/8750"}],"wp:featuredmedia":[{"embeddable":true,"href":"https:\/\/zojopackaging.com\/es\/wp-json\/wp\/v2\/media\/8749"}],"wp:attachment":[{"href":"https:\/\/zojopackaging.com\/es\/wp-json\/wp\/v2\/media?parent=8744"}],"wp:term":[{"taxonomy":"product_brand","embeddable":true,"href":"https:\/\/zojopackaging.com\/es\/wp-json\/wp\/v2\/product_brand?post=8744"},{"taxonomy":"product_cat","embeddable":true,"href":"https:\/\/zojopackaging.com\/es\/wp-json\/wp\/v2\/product_cat?post=8744"},{"taxonomy":"product_tag","embeddable":true,"href":"https:\/\/zojopackaging.com\/es\/wp-json\/wp\/v2\/product_tag?post=8744"}],"curies":[{"name":"wp","href":"https:\/\/api.w.org\/{rel}","templated":true}]}}