{"id":8751,"date":"2025-03-31T11:36:10","date_gmt":"2025-03-31T03:36:10","guid":{"rendered":"https:\/\/zojopackaging.com\/?post_type=product&#038;p=8751"},"modified":"2025-03-31T11:52:11","modified_gmt":"2025-03-31T03:52:11","slug":"custom-dental-teeth-aligner-packaging-rigid-gift-boxes","status":"publish","type":"product","link":"https:\/\/zojopackaging.com\/es\/product\/custom-dental-teeth-aligner-packaging-rigid-gift-boxes\/","title":{"rendered":"Envases personalizados para alineadores dentales Cajas de regalo r\u00edgidas"},"content":{"rendered":"<h2 id=\"customized-dental-braces-packaging-hard-gift-box-product-description\">Envases personalizados para alineadores dentales Cajas de regalo r\u00edgidas<\/h2>\n<h3 id=\"-1-pull-out-box-design-convenient-opening-and-closing-experience-\"><strong>1. Dise\u00f1o de la caja de papel del caj\u00f3n, experiencia conveniente de la abertura y del cierre.<\/strong><\/h3>\n<p>Adoptar\u00a0<strong>estructura de corredera superponible tipo caj\u00f3n<\/strong>, el cuerpo de la caja se desliza y se abre suavemente, y el tiempo de operaci\u00f3n se reduce en m\u00e1s de 50%. La caja interior y la caja exterior est\u00e1n conectadas por una pista de ranura de precisi\u00f3n para asegurar que el proceso de tracci\u00f3n es estable y libre de atascos, lo que es adecuado para el uso frecuente de tirantes. Combinado con el dise\u00f1o ergon\u00f3mico del mango de ranura semicircular, se puede abrir f\u00e1cilmente con una sola mano para mejorar la experiencia del usuario.<\/p>\n<h3 id=\"-2-ribbon-accessories-and-brand-aesthetics-integration-\"><strong>2. Accesorios de cinta e integraci\u00f3n est\u00e9tica de la marca<\/strong><\/h3>\n<p>La parte superior de la caja de regalo se combina con\u00a0<strong>decoraci\u00f3n con cinta personalizada<\/strong>La cinta, que puede elegirse entre materiales de textura satinada o en relieve, admite el bordado del logotipo de la marca. El color de la cinta hace juego con el proceso de estampaci\u00f3n en caliente, como oro champ\u00e1n, rojo oscuro, etc., para realzar la estratificaci\u00f3n visual. Combinado con el\u00a0<strong>caja totalmente negra<\/strong>la cinta se convierte en el toque final, reforzando el reconocimiento de la marca al tiempo que transmite atributos de regalo de alta gama.<\/p>\n<h3 id=\"-3-all-black-box-design-interpreting-modern-luxury-\"><strong>3. Dise\u00f1o de caja totalmente negro, que interpreta el lujo moderno<\/strong><\/h3>\n<p>El cuerpo de la caja adopta\u00a0<strong>sustrato negro puro mate<\/strong>y presenta una textura delicada gracias a un proceso de recubrimiento especial que evita los restos de huellas dactilares. El negro simboliza profesionalidad y confianza, lo que concuerda en gran medida con la tonalidad de la industria m\u00e9dica dental. El borde de la tapa de la caja est\u00e1 ribeteado con un ribete dorado de 3 mm, que resalta el sentido de la tecnolog\u00eda y la est\u00e9tica moderna de forma discreta.<\/p>\n<h3 id=\"-4-hot-stamping-process-enhances-visual-texture-\"><strong>4. El proceso de estampaci\u00f3n en caliente mejora la textura visual<\/strong><\/h3>\n<p>Utilizando\u00a0<strong>tecnolog\u00eda de estampaci\u00f3n en caliente de alta precisi\u00f3n<\/strong>En la superficie de la caja se presenta el logotipo de la marca, un dibujo geom\u00e9trico o un texto personalizado. Admite m\u00faltiples efectos, como oro mate, oro brillante y l\u00e1mina de color, con una precisi\u00f3n de l\u00ednea de 0,1 mm. La capa de estampaci\u00f3n en caliente es resistente a los ara\u00f1azos para garantizar que no se decolore tras un uso prolongado, lo que confiere al envase valor de colecci\u00f3n.<\/p>\n<h3 id=\"-5-environmentally-friendly-materials-and-sustainable-structures-\"><strong>5. Materiales respetuosos con el medio ambiente y estructuras sostenibles<\/strong><\/h3>\n<p>El cuerpo principal adopta\u00a0<strong>Papel estucado C2S de 157 g + cart\u00f3n duro de 1200 g<\/strong>\u00a0compuesto, con una resistencia a la compresi\u00f3n de m\u00e1s de 50 kg, que cumple la certificaci\u00f3n medioambiental FSC. El forro utiliza algod\u00f3n EVA degradable para sustituir a los rellenos de pl\u00e1stico tradicionales, y la tasa global de reciclaje de material de envasado alcanza los 95%. La estructura de la caja no lleva cola y puede desmontarse sin contaminar gracias al montaje a presi\u00f3n.<\/p>\n<h3 id=\"-6-precise-lining-customization-to-optimize-space-utilization-\"><strong>6. Personalizaci\u00f3n precisa del revestimiento para optimizar el uso del espacio<\/strong><\/h3>\n<p>Proporcione\u00a0<strong>soluciones modulares de revestimiento<\/strong>:<\/p>\n<ul>\n<li><strong>Dise\u00f1o de rejilla<\/strong>: La zona de los instrumentos, la ranura del palillo de mascar y la capa intermedia de la hoja de instrucciones est\u00e1n divididas por tabiques m\u00f3viles.<\/li>\n<li><strong>Soporte interior con ajuste 3D<\/strong>: Grabado por l\u00e1ser de ranuras de tope seg\u00fan el tama\u00f1o del corrector, con una tolerancia de \u00b10,5 mm.<\/li>\n<li><strong>Capa de fijaci\u00f3n magn\u00e9tica<\/strong>: Los fuertes imanes incorporados fijan la caja correctora para evitar que se desplace durante el transporte.<\/li>\n<\/ul>\n<h3 id=\"-7-one-stop-service-advantages-of-chinese-factories-\"><strong>7. Ventajas del servicio integral de las f\u00e1bricas chinas<\/strong><\/h3>\n<ul>\n<li><strong>Muestras gratuitas<\/strong>: Se suministran 3 muestras f\u00edsicas (incluidas las versiones b\u00e1sicas de estampaci\u00f3n en caliente) para realizar pruebas.<\/li>\n<li><strong>Dise\u00f1o de coste cero<\/strong>: El equipo profesional elabora 3 juegos de planos de dise\u00f1o en 72 horas, con previsualizaciones de renderizado en 3D.<\/li>\n<li><strong>Competitividad de precios<\/strong>: El precio de pedido inicial para 1.000.000 de piezas es tan bajo como\u00a0<strong>0.1$\u00a0<\/strong>IVA y tasa de molde incluidos.<\/li>\n<li><strong>Entrega r\u00e1pida<\/strong>7 d\u00edas para las pruebas, 15 d\u00edas para la entrega a granel, con el apoyo de la log\u00edstica global de DDP.<\/li>\n<\/ul>\n<p><strong>Proceso de cooperaci\u00f3n<\/strong><\/p>\n<ol>\n<li><strong>Confirmaci\u00f3n de requisitos<\/strong>: Enviar el tama\u00f1o del corrector y la marca VI manual.<\/li>\n<li><strong>Propuesta de dise\u00f1o<\/strong>: Proporcione renderizados en 3D y muestras de materiales en un plazo de 3 d\u00edas laborables.<\/li>\n<li><strong>Producci\u00f3n en serie<\/strong>: Disfruta de un descuento de 5% para el primer pedido.<\/li>\n<\/ol>","protected":false},"excerpt":{"rendered":"<p>1. El dise\u00f1o de la caja de papel del caj\u00f3n y la apertura deslizante facilitan a los usuarios la apertura y el cierre, lo que puede reducir el tiempo de operaci\u00f3n del usuario.<br \/>\n2. Con accesorios como cintas, realza la belleza y el atractivo visual y potencia el reconocimiento de la marca<br \/>\n3. El cuerpo de la caja est\u00e1 dise\u00f1ado totalmente en negro, lo que combina a la perfecci\u00f3n el s\u00edmbolo del lujo y la modernidad<br \/>\n4. China aparatos dentales f\u00e1brica de embalaje puede proporcionar muestras gratis, dise\u00f1o libre, y proporcionar productos de alta calidad al precio m\u00e1s bajo.<\/p>","protected":false},"featured_media":8753,"template":"","meta":[],"product_brand":[],"product_cat":[30,413,31,426],"product_tag":[969,971,970],"class_list":{"0":"post-8751","1":"product","2":"type-product","3":"status-publish","4":"has-post-thumbnail","6":"product_cat-by-industry","7":"product_cat-consumer-electronics-boxes","8":"product_cat-paper-box-style","9":"product_cat-paper-drawer-boxes","10":"product_tag-custom-dental-aligner-packaging","11":"product_tag-teeth-aligner-gift-boxes","12":"product_tag-teeth-aligner-packaging","14":"first","15":"instock","16":"shipping-taxable","17":"product-type-simple"},"_links":{"self":[{"href":"https:\/\/zojopackaging.com\/es\/wp-json\/wp\/v2\/product\/8751","targetHints":{"allow":["GET"]}}],"collection":[{"href":"https:\/\/zojopackaging.com\/es\/wp-json\/wp\/v2\/product"}],"about":[{"href":"https:\/\/zojopackaging.com\/es\/wp-json\/wp\/v2\/types\/product"}],"version-history":[{"count":2,"href":"https:\/\/zojopackaging.com\/es\/wp-json\/wp\/v2\/product\/8751\/revisions"}],"predecessor-version":[{"id":8759,"href":"https:\/\/zojopackaging.com\/es\/wp-json\/wp\/v2\/product\/8751\/revisions\/8759"}],"wp:featuredmedia":[{"embeddable":true,"href":"https:\/\/zojopackaging.com\/es\/wp-json\/wp\/v2\/media\/8753"}],"wp:attachment":[{"href":"https:\/\/zojopackaging.com\/es\/wp-json\/wp\/v2\/media?parent=8751"}],"wp:term":[{"taxonomy":"product_brand","embeddable":true,"href":"https:\/\/zojopackaging.com\/es\/wp-json\/wp\/v2\/product_brand?post=8751"},{"taxonomy":"product_cat","embeddable":true,"href":"https:\/\/zojopackaging.com\/es\/wp-json\/wp\/v2\/product_cat?post=8751"},{"taxonomy":"product_tag","embeddable":true,"href":"https:\/\/zojopackaging.com\/es\/wp-json\/wp\/v2\/product_tag?post=8751"}],"curies":[{"name":"wp","href":"https:\/\/api.w.org\/{rel}","templated":true}]}}