{"id":8760,"date":"2025-03-31T11:53:01","date_gmt":"2025-03-31T03:53:01","guid":{"rendered":"https:\/\/zojopackaging.com\/?post_type=product&#038;p=8760"},"modified":"2025-03-31T12:14:34","modified_gmt":"2025-03-31T04:14:34","slug":"custom-collagen-powder-sachet-packaging-boxes-wholesale","status":"publish","type":"product","link":"https:\/\/zojopackaging.com\/es\/product\/custom-collagen-powder-sachet-packaging-boxes-wholesale\/","title":{"rendered":"Cajas de embalaje para sobres de col\u00e1geno en polvo personalizadas al por mayor"},"content":{"rendered":"<h2 id=\"customized-collagen-powder-bag-magnetic-packaging-box-wholesale-product-description\">Cajas de embalaje para sobres de col\u00e1geno en polvo personalizadas al por mayor<\/h2>\n<h3 id=\"-1-magnetic-embedded-design-a-combination-of-convenience-and-durability-\"><strong>1. Dise\u00f1o magn\u00e9tico integrado: Una combinaci\u00f3n de comodidad y durabilidad<\/strong><\/h3>\n<p>La tecnolog\u00eda magn\u00e9tica incorporada se utiliza para lograr la alineaci\u00f3n autom\u00e1tica y la funci\u00f3n de adsorci\u00f3n cuando se cierra la caja de embalaje a trav\u00e9s del im\u00e1n incorporado de alta resistencia, sin necesidad de piezas met\u00e1licas expuestas, evitando el problema del f\u00e1cil desgaste y la oxidaci\u00f3n de las pegatinas magn\u00e9ticas tradicionales. Este dise\u00f1o no s\u00f3lo mejora la suavidad de la experiencia de apertura y cierre (atracci\u00f3n magn\u00e9tica estable y uniforme), sino que tambi\u00e9n prolonga la vida \u00fatil de la caja de embalaje, especialmente adecuada para escenarios de uso de alta frecuencia (como el uso diario de productos sanitarios). Una vez cerrado el cuerpo de la caja, los bordes quedan herm\u00e9ticamente sellados, lo que evita eficazmente la humedad y el polvo, garantizando el sellado del producto.<\/p>\n<h3 id=\"-2-double-sided-high-definition-color-printing-visual-communication-of-brand-and-product-characteristics-\"><strong>2. Impresi\u00f3n en color de alta definici\u00f3n a doble cara: comunicaci\u00f3n visual de las caracter\u00edsticas de la marca y el producto.<\/strong><\/h3>\n<p>Mediante la tecnolog\u00eda de impresi\u00f3n a todo color por las dos caras, se utilizan equipos de huecograbado de 9 colores y tintas al agua respetuosas con el medio ambiente para garantizar unos patrones claros y delicados y una alta saturaci\u00f3n del color. El color principal de la caja de envasado es el naranja vibrante, combinado con el efecto degradado y el proceso de estampaci\u00f3n en caliente de textura met\u00e1lica del logotipo de la marca, para transmitir una imagen de marca c\u00e1lida e innovadora; los principales puntos de venta del col\u00e1geno en polvo (como \"las mol\u00e9culas peque\u00f1as son f\u00e1ciles de absorber\" y \"vitamina C a\u00f1adida\") pueden imprimirse en la parte posterior para reforzar los puntos de recuerdo de los clientes. Admite la personalizaci\u00f3n de colores planos Pantone para satisfacer las necesidades unificadas de la marca VI.<\/p>\n<h3 id=\"-3-environmentally-friendly-materials-and-structural-optimization-sustainability-and-practicality-are-equally-important-\"><strong>3. Materiales respetuosos con el medio ambiente y optimizaci\u00f3n estructural: la sostenibilidad y la practicidad son igual de importantes<\/strong><\/h3>\n<ul>\n<li><strong>Material<\/strong>: La capa exterior utiliza papel art\u00edstico estucado C2S de 157 g (textura mate, resistente a los ara\u00f1azos), y la capa interior utiliza cart\u00f3n duro de 1200 g (capacidad de carga de 5 kg, fuerte resistencia a la presi\u00f3n), ambos han pasado la certificaci\u00f3n forestal FSC y pueden ser 100% reciclados y degradables.<\/li>\n<li><strong>Dise\u00f1o del forro interior<\/strong>: Forro personalizado de EVA o cart\u00f3n reciclado, fija la bolsa de col\u00e1geno en polvo mediante estructura de panal o ranuras plegables, maximiza el uso del espacio (una sola caja puede alojar de 10 a 20 bolsas) y reduce las p\u00e9rdidas por transporte. La superficie del forro interior est\u00e1 cubierta con pel\u00edcula de PE de calidad alimentaria, a prueba de humedad y antiincrustante.<\/li>\n<\/ul>\n<h3 id=\"-4-fully-automated-production-efficient-delivery-and-cost-advantages-\"><strong>4. Producci\u00f3n totalmente automatizada: entrega eficaz y ventajas econ\u00f3micas<\/strong><\/h3>\n<p>La f\u00e1brica est\u00e1 equipada con l\u00edneas de producci\u00f3n totalmente autom\u00e1ticas de troquelado, ensamblaje magn\u00e9tico e impresi\u00f3n UV, con una capacidad de producci\u00f3n diaria de 10 millones de piezas, que permite la entrega de 100.000 pedidos en 72 horas. La l\u00ednea de producci\u00f3n integra un sistema de inspecci\u00f3n de calidad AI para garantizar que el error de tama\u00f1o de cada lote de productos es \u22640,5 mm, la uniformidad de la atracci\u00f3n magn\u00e9tica cumple la norma, y la tasa de defectos es inferior a 0,1%. La producci\u00f3n a gran escala reduce significativamente el precio unitario, y el coste de los pedidos a granel (a partir de 100.000 piezas) puede comprimirse hasta 70% de productos similares.<\/p>\n<h3 id=\"-5-one-stop-customization-service-seamless-support-from-design-to-samples-\"><strong>5. Servicio de personalizaci\u00f3n integral: asistencia sin fisuras desde el dise\u00f1o hasta las muestras.<\/strong><\/h3>\n<p>Como f\u00e1brica de origen en China, proporciona:<\/p>\n<ul>\n<li><strong>Pruebas gratuitas<\/strong>: Las muestras f\u00edsicas se enviar\u00e1n en un plazo de 3 d\u00edas laborables, admitiendo ajustes en la estructura y el efecto de impresi\u00f3n.<\/li>\n<li><strong>Apoyo al dise\u00f1o<\/strong>: Los equipos profesionales proporcionan renderizados en 3D y soluciones de materiales basadas en las necesidades de la marca, compatibles con las especificaciones de envasado de las plataformas de comercio electr\u00f3nico transfronterizo (como Amazon y Shopify).<\/li>\n<li><strong>Suministro transfronterizo<\/strong>: Admite certificaciones internacionales como FDA y REACH, y ofrece servicios de valor a\u00f1adido como el etiquetado y la entrega en cajas divididas.<\/li>\n<\/ul>\n<hr \/>\n<h2 id=\"-technical-parameters-\"><strong>Par\u00e1metros t\u00e9cnicos<\/strong><\/h2>\n<table>\n<thead>\n<tr>\n<th>Proyecto<\/th>\n<th>Especificaciones<\/th>\n<\/tr>\n<\/thead>\n<tbody>\n<tr>\n<td>Material<\/td>\n<td>Papel art\u00edstico C2S de 157 g + cart\u00f3n de 1200 g<\/td>\n<\/tr>\n<tr>\n<td>Atracci\u00f3n magn\u00e9tica<\/td>\n<td>\u22653N (medido 10.000 veces de apertura y cierre sin atenuaci\u00f3n)<\/td>\n<\/tr>\n<tr>\n<td>Proceso de impresi\u00f3n<\/td>\n<td>Huecograbado doble cara + estampaci\u00f3n parcial UV\/en caliente<\/td>\n<\/tr>\n<tr>\n<td>Cantidad m\u00ednima de pedido<\/td>\n<td>500 piezas<\/td>\n<\/tr>\n<tr>\n<td>Ciclo de entrega<\/td>\n<td>7-15 d\u00edas (dependiendo del volumen del pedido)<\/td>\n<\/tr>\n<\/tbody>\n<\/table>\n<hr \/>\n<p><strong>Ventajas de la cooperaci\u00f3n<\/strong><\/p>\n<ul>\n<li><strong>Precio ventajoso<\/strong>: Suministro directo de f\u00e1brica, sin diferencia de precio entre intermediarios.<\/li>\n<li><strong>Certificaci\u00f3n ecol\u00f3gica<\/strong>: Cumple la norma europea EN13432 sobre biodegradabilidad, lo que contribuye a los objetivos ESG de la marca.<\/li>\n<li><strong>Personalizaci\u00f3n flexible<\/strong>: admite diversas estructuras, como cajas de formas especiales y cajas de cajones, y es adecuada para bolsas de col\u00e1geno en polvo de diferentes especificaciones.<\/li>\n<\/ul>","protected":false},"excerpt":{"rendered":"<p>1. Caja de cierre magn\u00e9tico, el im\u00e1n incrustado dise\u00f1o evita la ventaja de desgaste expuesto, y puede alinear y absorber autom\u00e1ticamente cuando se cierra la caja de embalaje.<br \/>\n2. Impresi\u00f3n en color a doble cara, mejora el efecto de combinaci\u00f3n de colores. Las caracter\u00edsticas de su producto y las ventajas de su marca pueden imprimirse en la caja para mejorar la impresi\u00f3n del cliente.<br \/>\n3. El naranja es un color c\u00e1lido, con vitalidad y calidez, que puede hacer que los clientes se sientan renovados.<\/p>","protected":false},"featured_media":8761,"template":"","meta":[],"product_brand":[],"product_cat":[30,422,424,31],"product_tag":[972,974,973],"class_list":{"0":"post-8760","1":"product","2":"type-product","3":"status-publish","4":"has-post-thumbnail","6":"product_cat-by-industry","7":"product_cat-custom-gourmet-boxes-by-industry","8":"product_cat-magnetic-closure-boxes","9":"product_cat-paper-box-style","10":"product_tag-collagen-packaging","11":"product_tag-custom-collagen-boxes-wholesale","12":"product_tag-powder-sachet-packaging","14":"first","15":"instock","16":"shipping-taxable","17":"product-type-simple"},"_links":{"self":[{"href":"https:\/\/zojopackaging.com\/es\/wp-json\/wp\/v2\/product\/8760","targetHints":{"allow":["GET"]}}],"collection":[{"href":"https:\/\/zojopackaging.com\/es\/wp-json\/wp\/v2\/product"}],"about":[{"href":"https:\/\/zojopackaging.com\/es\/wp-json\/wp\/v2\/types\/product"}],"version-history":[{"count":1,"href":"https:\/\/zojopackaging.com\/es\/wp-json\/wp\/v2\/product\/8760\/revisions"}],"predecessor-version":[{"id":8767,"href":"https:\/\/zojopackaging.com\/es\/wp-json\/wp\/v2\/product\/8760\/revisions\/8767"}],"wp:featuredmedia":[{"embeddable":true,"href":"https:\/\/zojopackaging.com\/es\/wp-json\/wp\/v2\/media\/8761"}],"wp:attachment":[{"href":"https:\/\/zojopackaging.com\/es\/wp-json\/wp\/v2\/media?parent=8760"}],"wp:term":[{"taxonomy":"product_brand","embeddable":true,"href":"https:\/\/zojopackaging.com\/es\/wp-json\/wp\/v2\/product_brand?post=8760"},{"taxonomy":"product_cat","embeddable":true,"href":"https:\/\/zojopackaging.com\/es\/wp-json\/wp\/v2\/product_cat?post=8760"},{"taxonomy":"product_tag","embeddable":true,"href":"https:\/\/zojopackaging.com\/es\/wp-json\/wp\/v2\/product_tag?post=8760"}],"curies":[{"name":"wp","href":"https:\/\/api.w.org\/{rel}","templated":true}]}}