{"id":8776,"date":"2025-03-31T13:30:33","date_gmt":"2025-03-31T05:30:33","guid":{"rendered":"https:\/\/zojopackaging.com\/?post_type=product&#038;p=8776"},"modified":"2025-03-31T13:48:57","modified_gmt":"2025-03-31T05:48:57","slug":"personalize-custom-nail-polish-packaging-boxes-wholesale","status":"publish","type":"product","link":"https:\/\/zojopackaging.com\/es\/product\/personalize-custom-nail-polish-packaging-boxes-wholesale\/","title":{"rendered":"Personalizar cajas de esmalte de u\u00f1as al por mayor"},"content":{"rendered":"<h2 id=\"-core-design-concept-\"><strong>Concepto b\u00e1sico de dise\u00f1o<\/strong><\/h2>\n<p>Esta caja de embalaje de esmalte de u\u00f1as de papel de caj\u00f3n est\u00e1 centrada en <strong>\"est\u00e9tica minimalista + protecci\u00f3n funcional\"<\/strong>y est\u00e1 dise\u00f1ado para salones de manicura de alta gama, marcas de belleza de lujo y necesidades de personalizaci\u00f3n. Combinando el concepto de protecci\u00f3n medioambiental y el dise\u00f1o de textura mate de la serie Hidrabene brasile\u00f1a de la p\u00e1gina web, as\u00ed como la experiencia de producci\u00f3n modular de la f\u00e1brica l\u00edder de la p\u00e1gina web en China, integra profundamente el arte y la practicidad para satisfacer la doble necesidad de la marca de\u00a0<strong>salida de imagen de alta calidad<\/strong>\u00a0y\u00a0<strong>protecci\u00f3n del producto<\/strong>.<\/p>\n<h2 id=\"-product-highlights-and-function-analysis-\"><strong>Productos destacados y an\u00e1lisis de funciones<\/strong><\/h2>\n<h3 id=\"1-luxury-appearance-and-customized-brand-presentation-\">1.\u00a0<strong>Aspecto lujoso y presentaci\u00f3n de marca personalizada<\/strong><\/h3>\n<ul>\n<li><strong>Acabado mate + proceso de impresi\u00f3n en l\u00e1mina<\/strong>: Utilizaci\u00f3n del\u00a0<strong>material de tacto mate<\/strong>\u00a0mencionados en la p\u00e1gina web, combinados con tecnolog\u00eda de impresi\u00f3n en l\u00e1mina como la estampaci\u00f3n en caliente\/plata caliente, para garantizar que el logotipo de la marca sea claro, sin manchas ni diferencias de color, dando al envase un impacto visual discreto y lujoso.<\/li>\n<li><strong>Dise\u00f1o de apertura y cierre extra\u00edbles<\/strong>: Inspirada en la comodidad de la caja de almacenamiento port\u00e1til de la p\u00e1gina web, combinada con la estructura de tapa abatible de la caja en forma de libro de la p\u00e1gina web, realza la sensaci\u00f3n de ceremonia de unboxing y es adecuada para escenas de nivel regalo.<\/li>\n<\/ul>\n<h3 id=\"2-modular-multifunctional-lining-\">2.\u00a0<strong>Forro modular multifuncional<\/strong><\/h3>\n<ul>\n<li><strong>Capa intermedia de espuma EVA ajustable<\/strong>: Consulte el dise\u00f1o de 12 rejillas en forma de tres en raya de Huangshi Huahong Carton Factory en el distrito de Baiyun, Guangzhou en la p\u00e1gina web, con espuma EVA extra\u00edble incrustada (densidad opcional de 0,3-0,5 g\/cm\u00b3), se adapta flexiblemente a 12 botellas de esmalte de u\u00f1as de 15 ml y pinceles, herramientas de secado y otros accesorios para evitar colisiones durante el transporte.<\/li>\n<li><strong>Espacio en blanco para personalizar la cubierta interior<\/strong>: Se reserva un \u00e1rea en blanco en la parte superior, que admite impresi\u00f3n UV, gofrado y otros procesos para incrustar el LOGOTIPO de la marca o patrones art\u00edsticos para reforzar los puntos de recuerdo de la marca.<\/li>\n<\/ul>\n<h3 id=\"3-all-round-customization-service-\">3.\u00a0<strong>Servicio integral de personalizaci\u00f3n<\/strong><\/h3>\n<ul>\n<li><strong>Adaptaci\u00f3n flexible del tama\u00f1o y el material<\/strong>: Admite la personalizaci\u00f3n desde cajas est\u00e1ndar de 12 botellas hasta cajas de regalo de gran capacidad, y los materiales pueden seleccionarse entre cart\u00f3n gris respetuoso con el medio ambiente, cart\u00f3n blanco, papel especial, y tambi\u00e9n pueden mejorarse con materiales de embalaje de lujo como la chapa de cuero.<\/li>\n<li><strong>Tecnolog\u00eda de superficie diversificada<\/strong>: Proporcionamos pegamento mate, estampaci\u00f3n en caliente, gofrado UV y otros efectos para satisfacer las necesidades diferenciadas de mate, brillante, texturizado, etc.<\/li>\n<\/ul>\n<h3 id=\"4-advantages-of-china-s-source-factory-\">4.\u00a0<strong>Ventajas de la f\u00e1brica de origen chino<\/strong><\/h3>\n<ul>\n<li><strong>Muestras gratuitas y apoyo al dise\u00f1o<\/strong>: Apoye las pruebas gratuitas y las propuestas personalizadas de equipos de dise\u00f1o profesionales para garantizar una implementaci\u00f3n precisa desde los dibujos hasta los productos acabados.<\/li>\n<\/ul>\n<h2 id=\"-applicable-scenarios-and-industry-trends-\"><strong>Escenarios aplicables y tendencias del sector<\/strong><\/h2>\n<ul>\n<li><strong>Sal\u00f3n profesional<\/strong>: El dise\u00f1o modular facilita la exposici\u00f3n y el almacenamiento, as\u00ed como la colocaci\u00f3n de servicios de gama alta.<\/li>\n<li><strong>Marcas de lujo<\/strong>: La tecnolog\u00eda de impresi\u00f3n mate + folio encaja con la tendencia de lujo minimalista de la p\u00e1gina web y satisface las necesidades de producci\u00f3n visual unificada de la marca.<\/li>\n<li><strong>Comercio electr\u00f3nico transfronterizo<\/strong>: Cumple las estrictas normas de Amazon, TikTok y otras plataformas de la p\u00e1gina web en cuanto a dise\u00f1o de embalaje y seguridad de transporte.<\/li>\n<\/ul>\n<h2 id=\"-customization-process-and-service-commitment-\"><strong>Proceso de personalizaci\u00f3n y compromiso de servicio<\/strong><\/h2>\n<ol>\n<li><strong>Comunicaci\u00f3n de la demanda<\/strong>: Proporcione par\u00e1metros como el tama\u00f1o, el material y el proceso.<\/li>\n<li><strong>Confirmaci\u00f3n de pruebas 3D<\/strong>: Producci\u00f3n de muestras completa en 7 d\u00edas laborables.<\/li>\n<li><strong>Producci\u00f3n en serie<\/strong>: Entrega en un plazo de 7-14 d\u00edas, con inspecci\u00f3n de calidad durante todo el proceso.<\/li>\n<li><strong>Garant\u00eda posventa<\/strong>: prestan servicios como la sustituci\u00f3n de da\u00f1os y la indemnizaci\u00f3n diferida<\/li>\n<\/ol>\n<p><strong>Conclusi\u00f3n<\/strong>\u00a0Este producto toma el dise\u00f1o modular, la textura mate y la personalizaci\u00f3n profunda como n\u00facleo de competitividad, integrando la est\u00e9tica minimalista de la p\u00e1gina web y las ventajas de producci\u00f3n eficiente de la cadena de suministro de China de la p\u00e1gina web, ayudando a la marca a establecer una imagen diferenciada en el mercado de la belleza. Desde las muestras hasta la producci\u00f3n en serie, nos comprometemos a proporcionar soluciones de envasado de lujo a precios de origen.<\/p>","protected":false},"excerpt":{"rendered":"<ul>\n<li><strong>Ecol\u00f3gico<\/strong>: Los materiales reciclables de 100% se ajustan a las tendencias mundiales de sostenibilidad.<\/li>\n<li><strong>Amplificaci\u00f3n de la marca<\/strong>: Los acabados de gama alta (estampaci\u00f3n en caliente, gofrado) mejoran el impacto en las estanter\u00edas.<\/li>\n<li><strong>Log\u00edstica preparada<\/strong>: El dise\u00f1o de paquete plano reduce los gastos de env\u00edo en 40% comparaci\u00f3n con las cajas premontadas.<\/li>\n<li><strong>Adaptable<\/strong>: Los insertos intercambiables admiten kits de u\u00f1as, geles o sets de regalo para minoristas.<\/li>\n<\/ul>","protected":false},"featured_media":8777,"template":"","meta":[],"product_brand":[],"product_cat":[30,390,31,426],"product_tag":[837,979,978],"class_list":{"0":"post-8776","1":"product","2":"type-product","3":"status-publish","4":"has-post-thumbnail","6":"product_cat-by-industry","7":"product_cat-custom-cosmetics-boxes","8":"product_cat-paper-box-style","9":"product_cat-paper-drawer-boxes","10":"product_tag-custom-nail-polish-packaging","11":"product_tag-nail-polish-boxes-wholesale","12":"product_tag-nail-polish-packaging","14":"first","15":"instock","16":"shipping-taxable","17":"product-type-simple"},"_links":{"self":[{"href":"https:\/\/zojopackaging.com\/es\/wp-json\/wp\/v2\/product\/8776","targetHints":{"allow":["GET"]}}],"collection":[{"href":"https:\/\/zojopackaging.com\/es\/wp-json\/wp\/v2\/product"}],"about":[{"href":"https:\/\/zojopackaging.com\/es\/wp-json\/wp\/v2\/types\/product"}],"version-history":[{"count":1,"href":"https:\/\/zojopackaging.com\/es\/wp-json\/wp\/v2\/product\/8776\/revisions"}],"predecessor-version":[{"id":8782,"href":"https:\/\/zojopackaging.com\/es\/wp-json\/wp\/v2\/product\/8776\/revisions\/8782"}],"wp:featuredmedia":[{"embeddable":true,"href":"https:\/\/zojopackaging.com\/es\/wp-json\/wp\/v2\/media\/8777"}],"wp:attachment":[{"href":"https:\/\/zojopackaging.com\/es\/wp-json\/wp\/v2\/media?parent=8776"}],"wp:term":[{"taxonomy":"product_brand","embeddable":true,"href":"https:\/\/zojopackaging.com\/es\/wp-json\/wp\/v2\/product_brand?post=8776"},{"taxonomy":"product_cat","embeddable":true,"href":"https:\/\/zojopackaging.com\/es\/wp-json\/wp\/v2\/product_cat?post=8776"},{"taxonomy":"product_tag","embeddable":true,"href":"https:\/\/zojopackaging.com\/es\/wp-json\/wp\/v2\/product_tag?post=8776"}],"curies":[{"name":"wp","href":"https:\/\/api.w.org\/{rel}","templated":true}]}}