{"id":8784,"date":"2025-03-31T13:49:24","date_gmt":"2025-03-31T05:49:24","guid":{"rendered":"https:\/\/zojopackaging.com\/?post_type=product&#038;p=8784"},"modified":"2025-03-31T14:25:06","modified_gmt":"2025-03-31T06:25:06","slug":"custom-printed-coffee-tea-packaging-box-wholesale-supplier","status":"publish","type":"product","link":"https:\/\/zojopackaging.com\/es\/product\/custom-printed-coffee-tea-packaging-box-wholesale-supplier\/","title":{"rendered":"Proveedor al por mayor de cajas de embalaje para caf\u00e9 y t\u00e9 con impresi\u00f3n personalizada"},"content":{"rendered":"<h2 id=\"1-environmentally-friendly-materials-sustainable-concept\">1. Materiales respetuosos con el medio ambiente, concepto sostenible<\/h2>\n<p>Nuestras cajas para envasar caf\u00e9 y t\u00e9 est\u00e1n hechas de\u00a0<strong>materiales reciclables y respetuosos con el medio ambiente<\/strong>, como fibra de bamb\u00fa, pulpa de bagazo, base de papel con alto contenido en fibra, etc., para garantizar que los productos cumplen las normas medioambientales internacionales (como ISO9001, certificaci\u00f3n BRCGS). El material es a la vez **duradero y ligero<\/p>\n<h2 id=\"2-flexible-customization-to-highlight-brand-personality\">2. Personalizaci\u00f3n flexible para resaltar la personalidad de la marca<\/h2>\n<ol>\n<li><strong>Logotipo y dise\u00f1o art\u00edstico<\/strong>: Admite la adici\u00f3n de logotipos de marca, c\u00f3digos QR, patrones estacionales o elementos culturales, y presenta efectos visuales de alta precisi\u00f3n mediante impresi\u00f3n offset, flexogr\u00e1fica y otros procesos. Por ejemplo, puede referirse al dise\u00f1o de elementos tradicionales en los envases de t\u00e9 que combinan una est\u00e9tica moderna para mejorar el reconocimiento de la marca.<\/li>\n<li><strong>Forro y estructura a medida<\/strong>: Seg\u00fan el tama\u00f1o de productos como granos de caf\u00e9, bolsitas de t\u00e9, barritas instant\u00e1neas, etc., dise\u00f1e revestimientos tipo caj\u00f3n o ranuras fijas para reducir el desperdicio de espacio y optimizar la eficacia del almacenamiento y el transporte. Por ejemplo, el dise\u00f1o de apertura y cierre magn\u00e9ticos de la caja de envasado de t\u00e9 Pu'er tiene en cuenta tanto la practicidad como el ritual.<\/li>\n<\/ol>\n<h2 id=\"3-multiple-styles-adapted-to-market-positioning\">3. M\u00faltiples estilos, adaptados al posicionamiento en el mercado<\/h2>\n<p>Proporcione\u00a0<strong>caja de regalo, caja para tarjetas, cilindro<\/strong>\u00a0y otros estilos para elegir:<\/p>\n<ul>\n<li><strong>Caja r\u00edgida<\/strong>: adecuado para estuches de regalo de gama alta, con accesorios de metal o textura de madera, resaltando el posicionamiento de lujo.<\/li>\n<li><strong>caja de cart\u00f3n<\/strong>: ligeros y sencillos, adecuados para la venta diaria al por menor, utilizando vasos de papel revestido respetuosos con el medio ambiente o bolsas de papel antiapertura, teniendo en cuenta la seguridad y la comodidad.<\/li>\n<li><strong>Envasado en tubo de papel<\/strong>: adecuado para el almacenamiento de t\u00e9 o caf\u00e9 en grano a granel, con revestimiento de PLA degradable, tanto por su estanqueidad como por su est\u00e9tica.<\/li>\n<\/ul>\n<h2 id=\"4-multifunctional-application-scenarios\">4. Escenarios de aplicaci\u00f3n multifuncionales<\/h2>\n<p>El producto se adapta ampliamente a\u00a0<strong>caf\u00e9, t\u00e9, alimentos saludables y lotes de regalo<\/strong>\u00a0y otros \u00e1mbitos:<\/p>\n<ul>\n<li>Envasado de granos de caf\u00e9: utilice bolsas de papel verticales o vasos de PLA transparentes para optimizar las propiedades de barrera para retener el aroma.<\/li>\n<li>Caja de regalo para bolsitas de t\u00e9: combinada con forro compartimentado y dise\u00f1o desecante, prolonga la vida \u00fatil del t\u00e9.<\/li>\n<li>Bebidas instant\u00e1neas: cajas de papel ligeras con capa interior a prueba de humedad, adecuadas para el transporte de comercio electr\u00f3nico y la exposici\u00f3n fuera de l\u00ednea.<\/li>\n<\/ul>\n<h2 id=\"v-efficient-service-and-guarantee\">5. Servicio eficaz y garant\u00eda<\/h2>\n<ol>\n<li><strong>Pedido m\u00ednimo reducido<\/strong>Cantidad m\u00ednima de pedido\u00a0<strong>500 piezas<\/strong>, admiten pedidos de prueba de lotes peque\u00f1os y producci\u00f3n a gran escala.<\/li>\n<li><strong>Entrega r\u00e1pida<\/strong>El ciclo de producci\u00f3n\u00a0<strong>7-12 d\u00edas laborables<\/strong>La empresa cuenta con su propia f\u00e1brica y equipos de automatizaci\u00f3n para garantizar la puntualidad de las entregas.<\/li>\n<li><strong>Servicio gratuito de valor a\u00f1adido<\/strong>:<\/li>\n<li>Proporcione\u00a0<strong>muestras gratuitas<\/strong>\u00a0y pruebas de dise\u00f1o, que abarcan ensayos de materiales y verificaci\u00f3n estructural.<\/li>\n<li>Suministro directo de la f\u00e1brica de origen en China, sin diferencia de precio intermediario, garant\u00eda\u00a0<strong>alto rendimiento econ\u00f3mico<\/strong>.<\/li>\n<\/ol>\n<h2 id=\"reasons-to-choose-us\">Razones para elegirnos<\/h2>\n<ul>\n<li><strong>Ventajas t\u00e9cnicas<\/strong>: Taller de purificaci\u00f3n de nivel 300.000 y equipos de impresi\u00f3n avanzados para garantizar que los productos cumplen las normas de seguridad alimentaria.<\/li>\n<li><strong>Casos pr\u00e1cticos<\/strong>: Al servicio de clientes nacionales y extranjeros de las industrias alimentaria, qu\u00edmica diaria y del regalo<\/li>\n<\/ul>","protected":false},"excerpt":{"rendered":"<p>Marca respetuosa con el medio ambiente: los materiales reciclables se ajustan a las tendencias modernas de sostenibilidad.<br \/>\n\u2705 Pedidos m\u00ednimos bajos - Empiece con 500 unidades para probar el mercado, escale a 50k+\/mes.<br \/>\n\u2705 Ingenier\u00eda de precisi\u00f3n: la tolerancia de \u00b10,5 mm garantiza un llenado de la m\u00e1quina sin fisuras.<br \/>\n\u2705 Cumplimiento global: cumple las normas de envasado de la UE y EE. UU. para el comercio electr\u00f3nico transfronterizo.<br \/>\n\u2705 Servicio llave en mano - Plantillas de dise\u00f1o gratuitas + entrega de muestras en 48 horas.<\/p>","protected":false},"featured_media":8787,"template":"","meta":[],"product_brand":[],"product_cat":[30,422,424,31],"product_tag":[980,982,981],"class_list":{"0":"post-8784","1":"product","2":"type-product","3":"status-publish","4":"has-post-thumbnail","6":"product_cat-by-industry","7":"product_cat-custom-gourmet-boxes-by-industry","8":"product_cat-magnetic-closure-boxes","9":"product_cat-paper-box-style","10":"product_tag-custom-coffee-packaging","11":"product_tag-tea-box-wholesale","12":"product_tag-tea-packaging-box","14":"first","15":"instock","16":"shipping-taxable","17":"product-type-simple"},"_links":{"self":[{"href":"https:\/\/zojopackaging.com\/es\/wp-json\/wp\/v2\/product\/8784","targetHints":{"allow":["GET"]}}],"collection":[{"href":"https:\/\/zojopackaging.com\/es\/wp-json\/wp\/v2\/product"}],"about":[{"href":"https:\/\/zojopackaging.com\/es\/wp-json\/wp\/v2\/types\/product"}],"version-history":[{"count":2,"href":"https:\/\/zojopackaging.com\/es\/wp-json\/wp\/v2\/product\/8784\/revisions"}],"predecessor-version":[{"id":8794,"href":"https:\/\/zojopackaging.com\/es\/wp-json\/wp\/v2\/product\/8784\/revisions\/8794"}],"wp:featuredmedia":[{"embeddable":true,"href":"https:\/\/zojopackaging.com\/es\/wp-json\/wp\/v2\/media\/8787"}],"wp:attachment":[{"href":"https:\/\/zojopackaging.com\/es\/wp-json\/wp\/v2\/media?parent=8784"}],"wp:term":[{"taxonomy":"product_brand","embeddable":true,"href":"https:\/\/zojopackaging.com\/es\/wp-json\/wp\/v2\/product_brand?post=8784"},{"taxonomy":"product_cat","embeddable":true,"href":"https:\/\/zojopackaging.com\/es\/wp-json\/wp\/v2\/product_cat?post=8784"},{"taxonomy":"product_tag","embeddable":true,"href":"https:\/\/zojopackaging.com\/es\/wp-json\/wp\/v2\/product_tag?post=8784"}],"curies":[{"name":"wp","href":"https:\/\/api.w.org\/{rel}","templated":true}]}}