{"id":8786,"date":"2025-03-31T13:50:43","date_gmt":"2025-03-31T05:50:43","guid":{"rendered":"https:\/\/zojopackaging.com\/?post_type=product&#038;p=8786"},"modified":"2025-03-31T16:05:28","modified_gmt":"2025-03-31T08:05:28","slug":"retail-premium-perfume-folding-carton-box-mamufacturer","status":"publish","type":"product","link":"https:\/\/zojopackaging.com\/es\/product\/retail-premium-perfume-folding-carton-box-mamufacturer\/","title":{"rendered":"Fabricante de cajas de cart\u00f3n plegables para perfumes al por menor de primera calidad"},"content":{"rendered":"<div class=\"widget block block-static-block\">\n<div class=\"landing-page-section option-bottom\">\n<div class=\"custom-materials-tabs-content container container-adjustment\">\n<div class=\"custom-materials-tab-content active\">\n<div class=\"widget block block-static-block\">\n<div class=\"options-items\">\n<div class=\"flex-grid-row-option\">\n<div class=\"flex-grid-item-option\">\n<div class=\"material-box\">\n<h2 id=\"-retail-high-quality-perfume-folding-carton-manufacturers-the-perfect-combination-of-high-end-customization-and-environmental-innovation-\"><strong>Fabricantes de cajas plegables para perfumes de alta calidad<\/strong><\/h2>\n<p>En el mercado minorista de perfumer\u00eda, el envase no es s\u00f3lo la \"prenda exterior\" del producto, sino tambi\u00e9n el principal portador del valor de la marca y de la experiencia del usuario. Las cajas plegables de alta calidad ofrecen a las marcas de perfumes soluciones est\u00e9ticas y pr\u00e1cticas gracias a la selecci\u00f3n de materiales, la innovaci\u00f3n de procesos y el dise\u00f1o funcional. A continuaci\u00f3n se analizan los puntos de fabricaci\u00f3n de los estuches plegables para perfumes de alta calidad desde m\u00faltiples dimensiones:<\/p>\n<h3 id=\"-1-350g-single-powder-card-material-dual-advantages-of-lightweight-and-cost-optimization-\"><strong>1. 350 g de material de tarjeta de polvo \u00fanico: doble ventaja de ligereza y optimizaci\u00f3n de costes.<\/strong><\/h3>\n<p>El cart\u00f3n de polvo simple (tambi\u00e9n conocido como papel de cobre simple) tiene un peso t\u00edpico de 350 g, que es a la vez flexible y r\u00edgido. No s\u00f3lo puede cumplir los requisitos de soporte de la caja de perfume para la estructura tridimensional, sino tambi\u00e9n reducir el volumen de transporte y los costes log\u00edsticos mediante el dise\u00f1o plegable. Su superficie es suave y delicada, y proporciona una base de alta calidad para procesos como la estampaci\u00f3n en caliente y la impresi\u00f3n UV, garantizando la reproducci\u00f3n del color y la durabilidad.<\/p>\n<h2 id=\"-2-neutral-design-adapt-to-the-tone-of-multiple-brands-\"><strong>2. Dise\u00f1o neutro: se adapta al tono de m\u00faltiples marcas<\/strong><\/h2>\n<p>Las cajas neutras para tarjetas de perfume se basan principalmente en l\u00edneas sencillas y colores puros, y se adaptan a los distintos estilos de marca mediante un dise\u00f1o estructural modular (como tapas superior e inferior, estilo caj\u00f3n). Por ejemplo, las marcas de gama alta pueden realzar la sensaci\u00f3n de lujo mediante la estampaci\u00f3n en caliente, mientras que las marcas nicho pueden resaltar su personalidad mediante la impresi\u00f3n UV local o el gofrado. Algunos fabricantes ofrecen servicios gratuitos de dise\u00f1o en l\u00ednea, admiten pruebas y modificaciones r\u00e1pidas y satisfacen las necesidades de iteraci\u00f3n r\u00e1pida de la marca desde el concepto hasta el producto acabado.<\/p>\n<h3 id=\"-3-hot-stamping-process-the-core-touchpoint-to-enhance-brand-premium-\"><strong>3. El proceso de estampaci\u00f3n en caliente: el principal punto de contacto para potenciar el prestigio de la marca<\/strong><\/h3>\n<p>La tecnolog\u00eda de estampaci\u00f3n en caliente transfiere l\u00e1minas met\u00e1licas mediante prensado en caliente para formar un patr\u00f3n tridimensional de alto brillo en la superficie de la caja de papel, que tiene tanto impacto visual como funciones antifalsificaci\u00f3n. Por ejemplo, la informaci\u00f3n clave, como el logotipo de la marca y el nombre del producto, puede reforzarse mediante la tecnolog\u00eda de estampaci\u00f3n en caliente, al tiempo que se mejora la textura del producto. Los estudios han demostrado que la tasa de sobreprecio de los productos de perfumer\u00eda con envases de estampaci\u00f3n en caliente puede alcanzar 20%-30%.<\/p>\n<h3 id=\"-4-fsc-certification-a-global-passport-for-sustainable-packaging-\"><strong>4. La certificaci\u00f3n FSC: un pasaporte mundial para los envases sostenibles<\/strong><\/h3>\n<p>La protecci\u00f3n del medio ambiente se ha convertido en una tendencia importante en la industria del perfume. Los envases con certificaci\u00f3n FSC se fabrican con pulpa de madera procedente de bosques gestionados de forma sostenible, y todo el proceso, desde la recogida de la materia prima hasta la producci\u00f3n, cumple las normas medioambientales internacionales. Por ejemplo, algunos fabricantes utilizan papel de pulpa de bamb\u00fa o papel reciclado en sustituci\u00f3n de la pulpa de madera virgen para reducir a\u00fan m\u00e1s la huella de carbono y cumplir requisitos normativos como EU REACH y US CA Prop 65.<\/p>\n<p><strong>5. Tecnolog\u00eda de pel\u00edcula t\u00e1ctil: mejora sensorial para una experiencia de gama alta<\/strong>El proceso de pel\u00edcula t\u00e1ctil forma una delicada gamuza en la superficie del cart\u00f3n, de tacto tan suave como el terciopelo y con propiedades antihuellas y antiara\u00f1azos. Este proceso se utiliza sobre todo en cajas de perfumes de lujo, como Dior, Chanel y otras marcas, para reforzar el tono de la marca a trav\u00e9s del tacto. Algunas pel\u00edculas t\u00e1ctiles tambi\u00e9n admiten la impresi\u00f3n UV, con lo que se consigue una doble mejora del dibujo y la textura.<\/p>\n<h3 id=\"-6-built-in-paper-tray-the-last-line-of-defense-for-transportation-safety-\"><strong>6. Bandeja de papel integrada: la \u00faltima l\u00ednea de defensa para la seguridad del transporte<\/strong><\/h3>\n<p>La naturaleza fr\u00e1gil de los frascos de perfume requiere un fuerte rendimiento de amortiguaci\u00f3n para el envasado. La bandeja de papel integrada est\u00e1 fabricada con materiales respetuosos con el medio ambiente, como pulpa de ca\u00f1a de az\u00facar o pulpa de bamb\u00fa, y se adapta a diferentes formas de botella mediante una apertura de molde precisa, que no s\u00f3lo fija el cuerpo de la botella, sino que tambi\u00e9n evita la extrusi\u00f3n y la deformaci\u00f3n. El dise\u00f1o integrado de la bandeja de papel y la caja de papel tambi\u00e9n puede simplificar el proceso de envasado y mejorar la eficacia del envasado.<\/p>\n<\/div>\n<\/div>\n<\/div>\n<\/div>\n<\/div>\n<\/div>\n<\/div>\n<\/div>\n<\/div>\n<div class=\"widget block block-static-block\">\n<div class=\"landing-page-section option-bottom\">\n<div class=\"custom-materials-tabs-content container container-adjustment\">\n<div class=\"custom-materials-tab-content active\">\n<div class=\"widget block block-static-block\">\n<p><!---end of option item--><\/p>\n<\/div>\n<\/div>\n<\/div>\n<\/div>\n<\/div>","protected":false},"excerpt":{"rendered":"<p>Los fabricantes de cajas de papel plegable para perfumes de alta calidad ofrecen a las marcas una soluci\u00f3n integral, desde el dise\u00f1o hasta la entrega, a trav\u00e9s de la innovaci\u00f3n de materiales, la mejora de los procesos y la certificaci\u00f3n medioambiental. En el futuro, con la popularizaci\u00f3n de las herramientas de dise\u00f1o de IA (como la plataforma X-FUN), se mejorar\u00e1 a\u00fan m\u00e1s la eficiencia de la producci\u00f3n personalizada, y la integraci\u00f3n de materiales sostenibles y estructuras inteligentes seguir\u00e1 promoviendo el desarrollo de la industria del envasado de perfumes hacia direcciones ecol\u00f3gicas e inteligentes.<\/p>","protected":false},"featured_media":8802,"template":"","meta":[],"product_brand":[],"product_cat":[30,417,430,31],"product_tag":[994,992,993],"class_list":{"0":"post-8786","1":"product","2":"type-product","3":"status-publish","4":"has-post-thumbnail","6":"product_cat-by-industry","7":"product_cat-custom-perfume-boxes-by-industry","8":"product_cat-folding-cartons","9":"product_cat-paper-box-style","10":"product_tag-perfume-box-mamufacturer","11":"product_tag-perfume-folding-carton-box","12":"product_tag-retail-premium-box","14":"first","15":"instock","16":"shipping-taxable","17":"product-type-grouped"},"_links":{"self":[{"href":"https:\/\/zojopackaging.com\/es\/wp-json\/wp\/v2\/product\/8786","targetHints":{"allow":["GET"]}}],"collection":[{"href":"https:\/\/zojopackaging.com\/es\/wp-json\/wp\/v2\/product"}],"about":[{"href":"https:\/\/zojopackaging.com\/es\/wp-json\/wp\/v2\/types\/product"}],"version-history":[{"count":5,"href":"https:\/\/zojopackaging.com\/es\/wp-json\/wp\/v2\/product\/8786\/revisions"}],"predecessor-version":[{"id":8840,"href":"https:\/\/zojopackaging.com\/es\/wp-json\/wp\/v2\/product\/8786\/revisions\/8840"}],"wp:featuredmedia":[{"embeddable":true,"href":"https:\/\/zojopackaging.com\/es\/wp-json\/wp\/v2\/media\/8802"}],"wp:attachment":[{"href":"https:\/\/zojopackaging.com\/es\/wp-json\/wp\/v2\/media?parent=8786"}],"wp:term":[{"taxonomy":"product_brand","embeddable":true,"href":"https:\/\/zojopackaging.com\/es\/wp-json\/wp\/v2\/product_brand?post=8786"},{"taxonomy":"product_cat","embeddable":true,"href":"https:\/\/zojopackaging.com\/es\/wp-json\/wp\/v2\/product_cat?post=8786"},{"taxonomy":"product_tag","embeddable":true,"href":"https:\/\/zojopackaging.com\/es\/wp-json\/wp\/v2\/product_tag?post=8786"}],"curies":[{"name":"wp","href":"https:\/\/api.w.org\/{rel}","templated":true}]}}