{"id":8795,"date":"2025-03-31T14:26:32","date_gmt":"2025-03-31T06:26:32","guid":{"rendered":"https:\/\/zojopackaging.com\/?post_type=product&#038;p=8795"},"modified":"2025-03-31T14:52:33","modified_gmt":"2025-03-31T06:52:33","slug":"luxury-fork-knife-cutlery-spoon-tableware-set-packaging-box","status":"publish","type":"product","link":"https:\/\/zojopackaging.com\/es\/product\/luxury-fork-knife-cutlery-spoon-tableware-set-packaging-box\/","title":{"rendered":"Lujo Tenedor Cuchillo Cuchara Vajilla Juego Caja Embalaje"},"content":{"rendered":"<h2 id=\"-product-overview-\"><strong>Productos<\/strong><\/h2>\n<p>Esta lujosa caja de embalaje para juego de tenedor, cuchillo, cubiertos y cuchara est\u00e1 dise\u00f1ada para vajilla de gama alta, combinando est\u00e9tica y practicidad. Utiliza materiales respetuosos con el medio ambiente y una exquisita artesan\u00eda. Es adecuada para bodas, hoteles, tiendas de gama alta y otros lugares, y mejora la imagen de marca y la experiencia del usuario con una calidad excelente.<\/p>\n<h2 id=\"-core-selling-points-\"><strong>Puntos fuertes de venta<\/strong><\/h2>\n<ol>\n<li><strong>Dise\u00f1o de lujo y protecci\u00f3n de seguridad<\/strong><\/li>\n<li><strong>Forro de terciopelo + compartimento de seguridad<\/strong>: El forro de la caja de regalo negra est\u00e1 hecho de suave material de terciopelo, que es delicado y a prueba de ara\u00f1azos; el dise\u00f1o personalizado del compartimento divisorio garantiza que los cubiertos, el tenedor, la cuchara y la vajilla se coloquen firmemente para evitar colisiones durante el transporte o el almacenamiento.<\/li>\n<li><strong>Estructura apilable<\/strong>: El dise\u00f1o modular permite un apilamiento eficaz, ahorra espacio de almacenamiento y transporte, reduce los costes log\u00edsticos y mantiene la estabilidad de la estructura de la caja de embalaje.<\/li>\n<li><strong>Protecci\u00f3n del medio ambiente y durabilidad<\/strong><\/li>\n<li><strong>Material reciclable<\/strong>: El cuerpo principal es de madera reciclada respetuosa con el medio ambiente, 100% reciclable, y cumple las normas medioambientales internacionales.<\/li>\n<li><strong>Duradero<\/strong>: La superficie est\u00e1 cubierta con un revestimiento mate resistente al desgaste, que es resistente a la presi\u00f3n y a la humedad, reutilizable, y mantiene el aspecto limpio durante mucho tiempo.<\/li>\n<li><strong>Artesan\u00eda y garant\u00eda de calidad<\/strong><\/li>\n<li><strong>Artesan\u00eda exquisita<\/strong>: Los bordes de la caja de embalaje son lisos y sin rebabas, las costuras son precisas y la apertura y el cierre son suaves.<\/li>\n<li><strong>Adaptabilidad de la vajilla<\/strong>: Admite tama\u00f1os personalizados, se adapta perfectamente a juegos de cuchillos, tenedores y cucharas de acero inoxidable (como juegos de 24 piezas, juegos de 36 piezas), y se adapta a diferentes necesidades de combinaci\u00f3n de vajilla.<\/li>\n<li><strong>Escenarios de aplicaci\u00f3n multifuncionales<\/strong><\/li>\n<li><strong>Negocios y celebraciones<\/strong>: Adecuado para recuerdos de boda, banquetes de hotel, regalos promocionales de marca y otros escenarios para mejorar el nivel de actividades; soporta LOGO grabado l\u00e1ser o tecnolog\u00eda de estampaci\u00f3n en caliente para mejorar el reconocimiento de marca.<\/li>\n<li><strong>Venta al por menor de gama alta<\/strong>: Puede utilizarse como envase expositor de vajillas de lujo para atraer la atenci\u00f3n de los consumidores y aumentar el valor a\u00f1adido del producto.<\/li>\n<li><strong>Prestaci\u00f3n eficaz de servicios y asistencia<\/strong><\/li>\n<li><strong>Ciclo de producci\u00f3n<\/strong>: La cantidad m\u00ednima de pedido es de 500 piezas, y la producci\u00f3n se completa en un plazo de 7 a 12 d\u00edas laborables para garantizar una entrega puntual.<\/li>\n<li><strong>Servicio personalizado<\/strong>: La f\u00e1brica de origen en China ofrece muestras gratuitas, consulta de dise\u00f1o y ajuste de material (como pulido de espejo de rueda de tela, personalizaci\u00f3n de textura de caja de madera) para satisfacer diversas necesidades.<\/li>\n<\/ol>\n<h2 id=\"-technical-parameters-\"><strong>Par\u00e1metros t\u00e9cnicos<\/strong><\/h2>\n<table>\n<thead>\n<tr>\n<th>Proyecto<\/th>\n<th>Especificaciones<\/th>\n<\/tr>\n<\/thead>\n<tbody>\n<tr>\n<td>Forro<\/td>\n<td>Terciopelo negro + capa amortiguadora de EVA<\/td>\n<\/tr>\n<tr>\n<td>Talla<\/td>\n<td>Personalizable (est\u00e1ndar de referencia: 25cm\u00d718cm\u00d76cm)<\/td>\n<\/tr>\n<tr>\n<td>Soporte de carga<\/td>\n<td>\u22645kg<\/td>\n<\/tr>\n<tr>\n<td>Certificaci\u00f3n medioambiental<\/td>\n<td>Certificaci\u00f3n FSC, norma ROHS<\/td>\n<\/tr>\n<\/tbody>\n<\/table>\n<h2 id=\"-cooperation-advantages-\"><strong>Ventajas de la cooperaci\u00f3n<\/strong><\/h2>\n<ul>\n<li><strong>Precio ventajoso<\/strong>: Al basarse en los recursos del cl\u00faster de fabricaci\u00f3n de China y ofrecer soluciones rentables, el precio unitario es 30%-50% inferior al de productos similares en Europa y Estados Unidos.<\/li>\n<li><strong>Servicio de ventanilla \u00fanica<\/strong>: Seguimiento desde el dise\u00f1o y las pruebas hasta la producci\u00f3n en serie, apoyo a la log\u00edstica transfronteriza y servicios de consignaci\u00f3n.<\/li>\n<\/ul>\n<p><strong>Solicite muestras gratuitas ahora y comience su viaje de personalizaci\u00f3n de envases de vajilla de gama alta.<\/strong><\/p>","protected":false},"excerpt":{"rendered":"<p>Marca respetuosa con el medio ambiente: los materiales reciclables se ajustan a las tendencias modernas de sostenibilidad.<br \/>\n\u2705 Pedidos m\u00ednimos bajos - Empiece con 500 unidades para probar el mercado, escale a 50k+\/mes.<br \/>\n\u2705 Ingenier\u00eda de precisi\u00f3n: la tolerancia de \u00b10,5 mm garantiza un llenado de la m\u00e1quina sin fisuras.<br \/>\n\u2705 Cumplimiento global: cumple las normas de envasado de la UE y EE. UU. para el comercio electr\u00f3nico transfronterizo.<br \/>\n\u2705 Servicio llave en mano - Plantillas de dise\u00f1o gratuitas + entrega de muestras en 48 horas.<\/p>","protected":false},"featured_media":8801,"template":"","meta":[],"product_brand":[],"product_cat":[30,413,428,31],"product_tag":[984,983,985],"class_list":{"0":"post-8795","1":"product","2":"type-product","3":"status-publish","4":"has-post-thumbnail","6":"product_cat-by-industry","7":"product_cat-consumer-electronics-boxes","8":"product_cat-irregular-shaped-gift-boxes","9":"product_cat-paper-box-style","10":"product_tag-cutlery-spoon-packaging","11":"product_tag-fork-knife-packaging-box","12":"product_tag-tableware-set-packaging-box","14":"first","15":"instock","16":"shipping-taxable","17":"product-type-simple"},"_links":{"self":[{"href":"https:\/\/zojopackaging.com\/es\/wp-json\/wp\/v2\/product\/8795","targetHints":{"allow":["GET"]}}],"collection":[{"href":"https:\/\/zojopackaging.com\/es\/wp-json\/wp\/v2\/product"}],"about":[{"href":"https:\/\/zojopackaging.com\/es\/wp-json\/wp\/v2\/types\/product"}],"version-history":[{"count":3,"href":"https:\/\/zojopackaging.com\/es\/wp-json\/wp\/v2\/product\/8795\/revisions"}],"predecessor-version":[{"id":8811,"href":"https:\/\/zojopackaging.com\/es\/wp-json\/wp\/v2\/product\/8795\/revisions\/8811"}],"wp:featuredmedia":[{"embeddable":true,"href":"https:\/\/zojopackaging.com\/es\/wp-json\/wp\/v2\/media\/8801"}],"wp:attachment":[{"href":"https:\/\/zojopackaging.com\/es\/wp-json\/wp\/v2\/media?parent=8795"}],"wp:term":[{"taxonomy":"product_brand","embeddable":true,"href":"https:\/\/zojopackaging.com\/es\/wp-json\/wp\/v2\/product_brand?post=8795"},{"taxonomy":"product_cat","embeddable":true,"href":"https:\/\/zojopackaging.com\/es\/wp-json\/wp\/v2\/product_cat?post=8795"},{"taxonomy":"product_tag","embeddable":true,"href":"https:\/\/zojopackaging.com\/es\/wp-json\/wp\/v2\/product_tag?post=8795"}],"curies":[{"name":"wp","href":"https:\/\/api.w.org\/{rel}","templated":true}]}}