{"id":8820,"date":"2025-03-31T15:17:51","date_gmt":"2025-03-31T07:17:51","guid":{"rendered":"https:\/\/zojopackaging.com\/?post_type=product&#038;p=8820"},"modified":"2025-03-31T15:42:24","modified_gmt":"2025-03-31T07:42:24","slug":"custom-classic-wine-packaging-box-wholesale-with-ribbon","status":"publish","type":"product","link":"https:\/\/zojopackaging.com\/es\/product\/custom-classic-wine-packaging-box-wholesale-with-ribbon\/","title":{"rendered":"Caja de vino cl\u00e1sica personalizada al por mayor con cinta"},"content":{"rendered":"<h2 id=\"-1-magnetic-embedded-lid-design-combining-aesthetics-and-durability-\"><strong>1. Dise\u00f1o de tapa magn\u00e9tica incrustada, que combina est\u00e9tica y durabilidad.<\/strong><\/h2>\n<ul>\n<li><strong>Innovadora tecnolog\u00eda de imanes integrados<\/strong>: Adoptando una estructura magn\u00e9tica oculta, el im\u00e1n est\u00e1 incrustado en el cuerpo de la caja a trav\u00e9s de un molde de precisi\u00f3n para evitar el problema de que las hebillas magn\u00e9ticas tradicionales expuestas se desgasten y rayen con facilidad. Cuando se cierra la tapa, la fuerza magn\u00e9tica se absorbe uniformemente, y la experiencia de apertura y cierre es suave y elegante, al tiempo que garantiza un rendimiento estable despu\u00e9s de un uso repetido.<\/li>\n<li><strong>Mejora de la protecci\u00f3n<\/strong>: El punto magn\u00e9tico est\u00e1 enrasado con la superficie del cuerpo de la caja, y el dise\u00f1o que no sobresale reduce el riesgo de colisi\u00f3n durante el transporte, lo que resulta adecuado para el transporte mar\u00edtimo de larga distancia y los escenarios de uso de alta frecuencia.<\/li>\n<\/ul>\n<h2 id=\"-2-customized-ribbon-accessories-to-enhance-the-visual-impact-of-the-brand-\"><strong>2. Accesorios de cinta personalizados para mejorar el impacto visual de la marca.<\/strong><\/h2>\n<ul>\n<li><strong>Selecci\u00f3n de materiales de alta gama<\/strong>: Seda, sat\u00e9n, terciopelo y otros materiales de cinta est\u00e1n disponibles, y el cl\u00e1sico rojo vino, oro champ\u00e1n, verde oscuro y otros colores son opcionales, formando un fuerte contraste visual con el cuerpo de la caja negra, destacando la textura de lujo.<\/li>\n<li><strong>Personalizaci\u00f3n del logotipo de la marca<\/strong>: Soporta la estampaci\u00f3n en caliente del logotipo de la marca, texto en relieve o bordado en la superficie de la cinta, lo que puede mejorar el sentido de la ceremonia de desembalaje de regalos y mejorar el reconocimiento de la marca.<\/li>\n<\/ul>\n<h2 id=\"-3-foldable-flat-structure-reducing-logistics-costs-by-50-\"><strong>3. Estructura plana plegable, que reduce los costes log\u00edsticos en 50%<\/strong><\/h2>\n<ul>\n<li><strong>Dise\u00f1o plegable patentado<\/strong>: El cuerpo de la caja adopta la tecnolog\u00eda de l\u00ednea de plegado preprensado, y la caja vac\u00eda puede plegarse hasta 1\/5 del volumen original, lo que reduce enormemente el espacio de almacenamiento y transporte. Cuando se aplana, reduce significativamente los costes de env\u00edo internacional.<\/li>\n<li><strong>Montaje r\u00e1pido<\/strong>: Tras recibirla, el usuario s\u00f3lo tiene que desplegar el cuerpo de la caja e insertar el forro para formarla. No se necesita pegamento ni herramientas, y el montaje puede completarse en 30 segundos.<\/li>\n<\/ul>\n<h2 id=\"-4-anti-scratch-matte-coating-anti-fingerprint-and-wear-resistant-dual-protection-\"><strong>4. Revestimiento mate antiara\u00f1azos, doble protecci\u00f3n antihuellas y resistente al desgaste.<\/strong><\/h2>\n<ul>\n<li><strong>Proceso de mateado nanom\u00e9trico<\/strong>: La superficie adopta la tecnolog\u00eda de revestimiento de aceite mate antiara\u00f1azos a base de agua, y se forma una densa capa protectora mediante el curado UV. La dureza Mohs es superior a 3H, lo que resiste eficazmente los ara\u00f1azos de transporte y elimina los problemas de residuos de huellas dactilares.<\/li>\n<li><strong>Optimizaci\u00f3n t\u00e1ctil<\/strong>: La textura mate se combina con el cuerpo de la caja negra para presentar una textura mate discreta y lujosa, que realza la sensaci\u00f3n de gama alta del producto.<\/li>\n<\/ul>\n<h2 id=\"-5-customization-of-blank-inner-panels-supporting-multiple-processes-\"><strong>5. Personalizaci\u00f3n de paneles interiores en blanco, compatible con m\u00faltiples procesos<\/strong><\/h2>\n<ul>\n<li><strong>Grabado por l\u00e1ser<\/strong>: La m\u00e1quina de marcado l\u00e1ser de fibra se utiliza para grabar informaci\u00f3n de marca, bendiciones o patrones en el tablero de revestimiento interior con una precisi\u00f3n de 0,01 mm, que es adecuado para una variedad de materiales de revestimiento interior, tales como acero inoxidable, madera y EVA.<\/li>\n<li><strong>Estampaci\u00f3n en caliente\/Impresi\u00f3n de c\u00f3digos QR<\/strong>: Admite la estampaci\u00f3n en caliente parcial, el gofrado l\u00e1ser y otros procesos, o imprime directamente c\u00f3digos QR din\u00e1micos para enlazar con el sitio web oficial de la marca y el sistema de trazabilidad, con el fin de mejorar la experiencia de interacci\u00f3n con el cliente.<\/li>\n<\/ul>\n<h2 id=\"-6-all-black-box-body-design-interpreting-the-ultimate-modern-aesthetics-\"><strong>6. Dise\u00f1o de carrocer\u00eda de caja totalmente negra, que interpreta la est\u00e9tica moderna definitiva<\/strong><\/h2>\n<ul>\n<li><strong>Aplicaci\u00f3n de la psicolog\u00eda del color<\/strong>: El negro intenso simboliza el clasicismo eterno, combinado con la textura mate y los detalles met\u00e1licos magn\u00e9ticos, transmite el tono de la marca de \"lujo con discreci\u00f3n\", adecuado para regalos de empresa de gama alta y vinos de colecci\u00f3n.<\/li>\n<li><strong>Refuerzo estructural<\/strong>: Adopta 1200g tablero gris + PU material compuesto de cuero, con una capacidad de carga de 10 kg, lo que garantiza la seguridad del transporte de botellas de vino.<\/li>\n<\/ul>\n<h2 id=\"-7-advantages-of-china-s-source-factory-free-design-high-cost-performance-\"><strong>7. Ventajas de la f\u00e1brica de origen chino: dise\u00f1o libre + rendimiento de alto coste.<\/strong><\/h2>\n<ul>\n<li><strong>Pruebas a coste cero<\/strong>: La f\u00e1brica entrega muestras gratuitas (limitadas a 3 tipos de cajas b\u00e1sicas), admite dibujos personalizados o el desarrollo de soluciones 1 a 1 por parte de dise\u00f1adores exclusivos.<\/li>\n<li><strong>Sistema de cotizaci\u00f3n de escaleras<\/strong>: El precio de pedido de 500 piezas es tan bajo como \u00a537\/unidad, y se ofrecen descuentos exclusivos para pedidos superiores a 5.000 piezas, que es 60% m\u00e1s bajo que el de productos similares en Europa y Estados Unidos.<\/li>\n<li><strong>Garant\u00eda de calidad<\/strong>: Ha superado el sistema de gesti\u00f3n de calidad ISO 9001 y la certificaci\u00f3n SEDEX 4P, ofrece 18 meses de garant\u00eda y admite la inspecci\u00f3n de terceros.<\/li>\n<\/ul>","protected":false},"excerpt":{"rendered":"<ul>\n<li>\ud83c\udfc6\u00a0<strong>Diferenciaci\u00f3n de marca<\/strong>: Los motivos dorados y la textura mate crean un teatro unboxing para un posicionamiento premium.<\/li>\n<li>\ud83c\udf31\u00a0<strong>Prestigio sostenible<\/strong>: Los materiales con certificaci\u00f3n FSC se ajustan a las tendencias del lujo ecol\u00f3gico.<\/li>\n<li>\ud83d\udee1\ufe0f\u00a0<strong>Log\u00edstica preparada<\/strong>: 30% cajas m\u00e1s ligeras que las de madera maciza con una resistencia superior al aplastamiento.<\/li>\n<li>\ud83d\udcbc\u00a0<strong>Eficacia de los pedidos a granel<\/strong>: La producci\u00f3n de SKU mixtas minimiza los costes de inventario.<\/li>\n<\/ul>","protected":false},"featured_media":8826,"template":"","meta":[],"product_brand":[],"product_cat":[30,427,419,31],"product_tag":[990,989,991],"class_list":{"0":"post-8820","1":"product","2":"type-product","3":"status-publish","4":"has-post-thumbnail","6":"product_cat-by-industry","7":"product_cat-collapsible-gift-boxes","8":"product_cat-custom-wines-spirits-boxes","9":"product_cat-paper-box-style","10":"product_tag-custom-wine-packaging","11":"product_tag-wine-packaging-box","12":"product_tag-wine-packaging-wholesale","14":"first","15":"instock","16":"shipping-taxable","17":"product-type-simple"},"_links":{"self":[{"href":"https:\/\/zojopackaging.com\/es\/wp-json\/wp\/v2\/product\/8820","targetHints":{"allow":["GET"]}}],"collection":[{"href":"https:\/\/zojopackaging.com\/es\/wp-json\/wp\/v2\/product"}],"about":[{"href":"https:\/\/zojopackaging.com\/es\/wp-json\/wp\/v2\/types\/product"}],"version-history":[{"count":2,"href":"https:\/\/zojopackaging.com\/es\/wp-json\/wp\/v2\/product\/8820\/revisions"}],"predecessor-version":[{"id":8828,"href":"https:\/\/zojopackaging.com\/es\/wp-json\/wp\/v2\/product\/8820\/revisions\/8828"}],"wp:featuredmedia":[{"embeddable":true,"href":"https:\/\/zojopackaging.com\/es\/wp-json\/wp\/v2\/media\/8826"}],"wp:attachment":[{"href":"https:\/\/zojopackaging.com\/es\/wp-json\/wp\/v2\/media?parent=8820"}],"wp:term":[{"taxonomy":"product_brand","embeddable":true,"href":"https:\/\/zojopackaging.com\/es\/wp-json\/wp\/v2\/product_brand?post=8820"},{"taxonomy":"product_cat","embeddable":true,"href":"https:\/\/zojopackaging.com\/es\/wp-json\/wp\/v2\/product_cat?post=8820"},{"taxonomy":"product_tag","embeddable":true,"href":"https:\/\/zojopackaging.com\/es\/wp-json\/wp\/v2\/product_tag?post=8820"}],"curies":[{"name":"wp","href":"https:\/\/api.w.org\/{rel}","templated":true}]}}