{"id":8829,"date":"2025-03-31T15:43:47","date_gmt":"2025-03-31T07:43:47","guid":{"rendered":"https:\/\/zojopackaging.com\/?post_type=product&#038;p=8829"},"modified":"2025-03-31T16:19:50","modified_gmt":"2025-03-31T08:19:50","slug":"custom-printed-men-underwear-packaging-boxes-wholesale","status":"publish","type":"product","link":"https:\/\/zojopackaging.com\/es\/product\/custom-printed-men-underwear-packaging-boxes-wholesale\/","title":{"rendered":"Cajas de embalaje para ropa interior masculina impresas a medida al por mayor"},"content":{"rendered":"<h2 id=\"-product-overview-\"><strong>Productos<\/strong><\/h2>\n<p>Este producto es una caja de regalo ecol\u00f3gica de gama alta dise\u00f1ada para marcas de ropa interior masculina. Combina las funciones de practicidad y exposici\u00f3n de la marca, y es adecuada para sets de regalo, cajas de regalo para vacaciones o para la venta diaria al por menor. Utiliza materiales respetuosos con el medio ambiente y artesan\u00eda fina, admite servicios personalizados de proceso completo y satisface las necesidades de diferenciaci\u00f3n de la marca.<\/p>\n<h3 id=\"-core-selling-points-\"><strong>Puntos fuertes de venta<\/strong><\/h3>\n<ol>\n<li><strong>Materiales respetuosos con el medio ambiente e impresi\u00f3n de alta calidad<\/strong><\/li>\n<li><strong>Cart\u00f3n blanco grueso 350 g\/m\u00b2\/ cart\u00f3n reciclado<\/strong>: garantiza la estabilidad del apilamiento y la resistencia a la presi\u00f3n, cumple las normas medioambientales y es reciclable y degradable.<\/li>\n<li><strong>Tecnolog\u00eda de impresi\u00f3n de alta precisi\u00f3n<\/strong>Admite la impresi\u00f3n en cuatricrom\u00eda, la estampaci\u00f3n en caliente de colores planos, la laminaci\u00f3n UV y otros procesos, presenta logotipos de marca, instrucciones de cuidado o c\u00f3digos QR, la reproducci\u00f3n del color alcanza \u0394E\u22641,5, y no se decolora tras 30 lavados.<\/li>\n<li><strong>Opciones de dise\u00f1o flexibles<\/strong><\/li>\n<li><strong>Variante de ventana transparente<\/strong>: La parte superior o lateral de la caja de regalo puede personalizarse con una ventana semicircular\/rectangular de pel\u00edcula PET transparente para mostrar de forma intuitiva el color y el estilo del producto (como el modelo del a\u00f1o del zod\u00edaco rojo, la serie modal de seda de hielo).<\/li>\n<li><strong>Integraci\u00f3n de elementos de marca<\/strong>Soporte para a\u00f1adir el logotipo en relieve, texto estampado en caliente, tarjetas con la historia de la marca, etc. para realzar la sensaci\u00f3n de alta gama de la caja de regalo.<\/li>\n<li><strong>Estructura de precisi\u00f3n y funciones pr\u00e1cticas<\/strong><\/li>\n<li><strong>Tabique interno desmontable<\/strong>: separe de 3 a 5 piezas de ropa interior (como calzoncillos b\u00f3xer, estilo antibacteriano, estilo deportivo) para evitar que se desplace durante el transporte y adaptarse a diferentes combinaciones de productos.<\/li>\n<li><strong>Proceso de plegado sin costuras<\/strong>Corte de precisi\u00f3n por l\u00e1ser, sin encolado, montaje r\u00e1pido en 10 segundos, cantos redondeados sin rebabas.<\/li>\n<\/ol>\n<h3 id=\"-customized-service-and-production-advantages-\"><strong>Servicio personalizado y ventajas de producci\u00f3n<\/strong><\/h3>\n<ol>\n<li><strong>Cantidad m\u00ednima de pedido y ciclo de entrega<\/strong><\/li>\n<li><strong>Pedido m\u00ednimo 500 unidades<\/strong>Los pedidos de prueba de peque\u00f1os lotes son flexibles y permiten realizar las primeras pruebas de mercado de las marcas.<\/li>\n<li><strong>Descuento por volumen<\/strong>Los pedidos de m\u00e1s de 10.000 piezas tienen precios escalonados (desde 0,25 yenes por pieza) y el ciclo de producci\u00f3n se reduce a 7 d\u00edas.<\/li>\n<li><strong>Servicio gratuito de valor a\u00f1adido<\/strong><\/li>\n<li><strong>Borrador y muestra de dise\u00f1o en 3D<\/strong>: La f\u00e1brica proporciona la modificaci\u00f3n del archivo fuente AI\/CDR y env\u00eda muestras f\u00edsicas de forma gratuita (1-3 d\u00edas laborables).<\/li>\n<li><strong>Soluci\u00f3n integral<\/strong>: Abarca todo el proceso de dise\u00f1o de envases, selecci\u00f3n de materiales y embalaje log\u00edstico (embalaje independiente de cajas de cart\u00f3n ondulado).<\/li>\n<\/ol>\n<h3 id=\"-application-scenarios-and-case-references-\"><strong>Escenarios de aplicaci\u00f3n y casos de referencia<\/strong><\/h3>\n<ul>\n<li><strong>Caja de regalo para festivales<\/strong>: Por ejemplo, la caja de regalo roja para el A\u00f1o del Drag\u00f3n lleva una ventana transparente, con 3 calzoncillos antibacterianos incorporados, y viene con pastillas de aromaterapia de la marca.<\/li>\n<\/ul>\n<h3 id=\"-cooperation-process-\"><strong>Proceso de cooperaci\u00f3n<\/strong><\/h3>\n<ol>\n<li><strong>Demanda de confirmaci\u00f3n<\/strong>: Proporcionar borradores\/muestras de dise\u00f1o, seleccionar materiales y procesos.<\/li>\n<li><strong>Revisi\u00f3n de pruebas<\/strong>: Producci\u00f3n de muestras completa en 3 d\u00edas laborables.<\/li>\n<li><strong>Producci\u00f3n en serie<\/strong>: Entrega dentro de 7-15 d\u00edas despu\u00e9s de la confirmaci\u00f3n, el apoyo a la log\u00edstica mundial (DHL \/ FedEx a la puerta).<\/li>\n<\/ol>\n<hr \/>\n<h3 id=\"-factory-qualification-\"><strong>Cualificaci\u00f3n en f\u00e1brica<\/strong><\/h3>\n<ul>\n<li><strong>F\u00e1brica de origen en China<\/strong>: Certificado ISO 9001, equipado con m\u00e1quina de impresi\u00f3n offset Heidelberg de ocho colores y equipo de troquelado totalmente autom\u00e1tico, con una capacidad de producci\u00f3n anual de m\u00e1s de 10 millones de piezas.<\/li>\n<li><strong>Desarrollo sostenible<\/strong>: Ofrecer opciones de impresi\u00f3n con papel reciclado y tinta de soja, en l\u00ednea con el posicionamiento de la marca de protecci\u00f3n del medio ambiente.<\/li>\n<\/ul>\n<p><strong>Consultar ahora<\/strong>: Obtenga presupuestos exclusivos y soluciones de dise\u00f1o, \u00a1con respuesta en 24 horas!<\/p>","protected":false},"excerpt":{"rendered":"<p>\u2705\u00a0<strong>Conciencia ecol\u00f3gica<\/strong>\u00a0- 100% Los materiales reciclables reducen el impacto medioambiental<br \/>\n\u2705\u00a0<strong>Amplificador de marca<\/strong>\u00a0- La impresi\u00f3n de alta definici\u00f3n aumenta el valor percibido del producto<br \/>\n\u2705\u00a0<strong>Eficiencia de costes<\/strong>\u00a0- Precios al por mayor a partir de $0,30\/unidad<br \/>\n\u2705\u00a0<strong>Cumplimiento global<\/strong>\u00a0- Superadas las pruebas de seguridad REACH de la UE y CPSIA de EE.UU.<\/p>","protected":false},"featured_media":8830,"template":"","meta":[],"product_brand":[],"product_cat":[30,414,430,31],"product_tag":[996,995,491],"class_list":{"0":"post-8829","1":"product","2":"type-product","3":"status-publish","4":"has-post-thumbnail","6":"product_cat-by-industry","7":"product_cat-custom-apparel-boxes","8":"product_cat-folding-cartons","9":"product_cat-paper-box-style","10":"product_tag-custom-underwear-packaging-boxes","11":"product_tag-men-underwear-packaging","12":"product_tag-underwear-packaging-wholesale","14":"first","15":"instock","16":"shipping-taxable","17":"product-type-simple"},"_links":{"self":[{"href":"https:\/\/zojopackaging.com\/es\/wp-json\/wp\/v2\/product\/8829","targetHints":{"allow":["GET"]}}],"collection":[{"href":"https:\/\/zojopackaging.com\/es\/wp-json\/wp\/v2\/product"}],"about":[{"href":"https:\/\/zojopackaging.com\/es\/wp-json\/wp\/v2\/types\/product"}],"version-history":[{"count":2,"href":"https:\/\/zojopackaging.com\/es\/wp-json\/wp\/v2\/product\/8829\/revisions"}],"predecessor-version":[{"id":8849,"href":"https:\/\/zojopackaging.com\/es\/wp-json\/wp\/v2\/product\/8829\/revisions\/8849"}],"wp:featuredmedia":[{"embeddable":true,"href":"https:\/\/zojopackaging.com\/es\/wp-json\/wp\/v2\/media\/8830"}],"wp:attachment":[{"href":"https:\/\/zojopackaging.com\/es\/wp-json\/wp\/v2\/media?parent=8829"}],"wp:term":[{"taxonomy":"product_brand","embeddable":true,"href":"https:\/\/zojopackaging.com\/es\/wp-json\/wp\/v2\/product_brand?post=8829"},{"taxonomy":"product_cat","embeddable":true,"href":"https:\/\/zojopackaging.com\/es\/wp-json\/wp\/v2\/product_cat?post=8829"},{"taxonomy":"product_tag","embeddable":true,"href":"https:\/\/zojopackaging.com\/es\/wp-json\/wp\/v2\/product_tag?post=8829"}],"curies":[{"name":"wp","href":"https:\/\/api.w.org\/{rel}","templated":true}]}}