{"id":8841,"date":"2025-03-31T16:15:36","date_gmt":"2025-03-31T08:15:36","guid":{"rendered":"https:\/\/zojopackaging.com\/?post_type=product&#038;p=8841"},"modified":"2025-03-31T16:45:59","modified_gmt":"2025-03-31T08:45:59","slug":"eco-friendly-custom-logo-printed-parfum-folding-carton-box","status":"publish","type":"product","link":"https:\/\/zojopackaging.com\/es\/product\/eco-friendly-custom-logo-printed-parfum-folding-carton-box\/","title":{"rendered":"Eco Friendly Logotipo personalizado impreso Parfum Caja de cart\u00f3n plegable"},"content":{"rendered":"<div class=\"widget block block-static-block\">\n<div class=\"landing-page-section option-bottom\">\n<div class=\"custom-materials-tabs-content container container-adjustment\">\n<div class=\"custom-materials-tab-content active\">\n<div class=\"widget block block-static-block\">\n<div class=\"options-items\">\n<div class=\"flex-grid-row-option\">\n<div class=\"flex-grid-item-option\">\n<div class=\"material-box\">\n<p>En el mercado de consumo de perfumes, el envase no es s\u00f3lo la \"tarjeta de visita externa\" del producto, sino tambi\u00e9n el principal portador de los valores de la marca y de la experiencia del usuario. El cart\u00f3n plegable para perfumes con logotipo impreso personalizado y respetuoso con el medio ambiente ofrece a las marcas soluciones que combinan est\u00e9tica y protecci\u00f3n medioambiental a trav\u00e9s de la innovaci\u00f3n de materiales, la mejora de procesos y el dise\u00f1o funcional. A continuaci\u00f3n se analizan sus principales ventajas desde m\u00faltiples dimensiones:<\/p>\n<h4 id=\"-1-white-card-material-smooth-base-suitable-for-multiple-printing-needs-\"><strong>1. Material de la tarjeta blanca: base lisa, adecuada para m\u00faltiples necesidades de impresi\u00f3n.<\/strong><\/h4>\n<p>Utilizando cartulina en polvo simple de 350 g o papel de cartulina blanca (como la cartulina de primera calidad Invercote), la superficie es delicada y suave, con una gran absorci\u00f3n de tinta, y puede llevar a cabo procesos complejos como la estampaci\u00f3n en caliente y la impresi\u00f3n en cuatricrom\u00eda. El grosor del papel es opcional (de 125 g a 350 g), lo que no s\u00f3lo garantiza la rigidez y la resistencia a la presi\u00f3n del cuerpo de la caja, sino que tambi\u00e9n reduce el volumen de transporte y los costes log\u00edsticos gracias al dise\u00f1o plegable. Por ejemplo, la caja de vino Remy Martin XO utiliza cart\u00f3n Invercote G, y consigue un exquisito efecto de relieve gracias a la tecnolog\u00eda de impresi\u00f3n c\u00f3ncava y estampaci\u00f3n en caliente. Esta tecnolog\u00eda tambi\u00e9n es adecuada para la presentaci\u00f3n de delicada textura de las cajas de perfume.<\/p>\n<h4 id=\"-2-feminine-and-elegant-tone-gentle-colors-and-big-brand-texture-\"><strong>2. Tono femenino y elegante: colores suaves y textura de gran marca.<\/strong><\/h4>\n<p>El dise\u00f1o neutro se combina con los colores de Morandi (como el azul bruma y el morado taro), y la textura met\u00e1lica se realza mediante la tecnolog\u00eda de estampaci\u00f3n en caliente de plata, que contrasta con los tonos suaves de la cuatricrom\u00eda, creando una experiencia visual envolvente de \"fragancia brumosa\". Por ejemplo, la caja del perfume Polo Earth de Ralph Lauren utiliza cart\u00f3n con certificaci\u00f3n FSC y botellas de vidrio reciclable para transmitir el concepto de protecci\u00f3n medioambiental a trav\u00e9s de un dise\u00f1o sencillo, mientras que el cart\u00f3n plegable del perfume CK EVERYONE logra un equilibrio entre protecci\u00f3n medioambiental y textura mediante el uso de materiales reciclados 30%.<\/p>\n<h4 id=\"-3-hot-stamping-silver-four-color-printing-upgraded-technology-outstanding-details-\"><strong>3. Plata de estampaci\u00f3n en caliente + impresi\u00f3n en cuatricrom\u00eda: tecnolog\u00eda actualizada, detalles excepcionales.<\/strong><\/h4>\n<p>La tecnolog\u00eda de plata estampada en caliente transfiere l\u00e1minas de metal mediante prensado en caliente para formar un patr\u00f3n tridimensional de alto brillo en la superficie de la caja de papel, que tiene tanto funci\u00f3n antifalsificaci\u00f3n como lujo; la impresi\u00f3n en cuatricrom\u00eda restaura con precisi\u00f3n el logotipo de la marca y los detalles de la ilustraci\u00f3n, y la transici\u00f3n de color es natural y suave. Por ejemplo, las cajas de champ\u00e1n Cattier utilizan cart\u00f3n Invercote G con un proceso de estampaci\u00f3n en caliente debossed para lograr una expresi\u00f3n visual elegante y moderna. Este proceso tambi\u00e9n es adecuado para la personalizaci\u00f3n del logotipo de las cajas de perfume, como el dise\u00f1o de la botella de aluminio reciclable y la caja de papel ecol\u00f3gico de los recambios Dior Dior.<\/p>\n<h4 id=\"-4-fsc-certification-a-global-passport-for-sustainable-materials-\"><strong>4. La certificaci\u00f3n FSC: un pasaporte mundial para los materiales sostenibles<\/strong><\/h4>\n<p>La f\u00e1brica utiliza cart\u00f3n con certificaci\u00f3n FSC (como MetsBoard Natural FBB), las materias primas proceden de bosques gestionados de forma sostenible y el proceso de producci\u00f3n cumple normativas medioambientales como REACH de la UE y CA Prop 65 de EE UU. Por ejemplo, las cajas de papel, las etiquetas y las tapas de madera de los perfumes de Ralph Lauren cuentan con la certificaci\u00f3n FSC, y la producci\u00f3n de cart\u00f3n Invercote Grado 1 ayuda a la marca a alcanzar su objetivo de neutralidad de carbono al reducir las emisiones de carbono y el consumo de agua.<\/p>\n<h4 id=\"-5-touch-film-technology-a-sensory-upgrade-for-high-end-experience-\"><strong>5. Tecnolog\u00eda de pel\u00edcula t\u00e1ctil: una mejora sensorial para una experiencia de gama alta<\/strong><\/h4>\n<p>El proceso de pel\u00edcula t\u00e1ctil forma una delicada gamuza en la superficie de la caja de papel, de tacto tan suave como el terciopelo y con propiedades antihuellas y antiara\u00f1azos. Este proceso se utiliza sobre todo para el envasado de art\u00edculos de lujo. Por ejemplo, las cajas de champ\u00e1n Taittinger utilizan una pel\u00edcula de lente Fresnel para crear una ilusi\u00f3n de burbuja en 3D, mientras que las cajas de perfume utilizan pel\u00edculas t\u00e1ctiles para reforzar el tono de la marca, lo que satisface las necesidades de los usuarios de gama alta de una sensaci\u00f3n de ritual.<\/p>\n<h4 id=\"-6-customized-paper-tray-structure-the-last-line-of-defense-for-transportation-safety-\"><strong>6. Estructura personalizada de la bandeja de papel: la \u00faltima l\u00ednea de defensa para la seguridad del transporte<\/strong><\/h4>\n<p>La bandeja de papel incorporada puede fabricarse con materiales respetuosos con el medio ambiente, como pulpa de ca\u00f1a de az\u00facar y pulpa de bamb\u00fa. Gracias a la precisa apertura del molde, puede adaptarse a distintas formas de botella (como cuellos delgados o botellas cuadradas), lo que no s\u00f3lo permite fijar el cuerpo de la botella, sino tambi\u00e9n evitar la deformaci\u00f3n por extrusi\u00f3n. Por ejemplo, la caja de perfume impresa por Guangzhou Ruideli cuenta con una bandeja interior de algod\u00f3n perlado y una estructura de tela de seda, mientras que la caja de vino Ferrari Maximum garantiza la seguridad del transporte gracias a su cart\u00f3n de alta resistencia y su dise\u00f1o amortiguador.<\/p>\n<\/div>\n<\/div>\n<\/div>\n<\/div>\n<\/div>\n<\/div>\n<\/div>\n<\/div>\n<\/div>\n<div class=\"widget block block-static-block\">\n<div class=\"landing-page-section option-bottom\">\n<div class=\"custom-materials-tabs-content container container-adjustment\">\n<div class=\"custom-materials-tab-content active\">\n<div class=\"widget block block-static-block\">\n<p><!---end of option item--><\/p>\n<\/div>\n<\/div>\n<\/div>\n<\/div>\n<\/div>","protected":false},"excerpt":{"rendered":"<p>La caja de papel plegable con logotipo personalizado para perfumes, respetuosa con el medio ambiente, integra profundamente el tono de la marca, la experiencia del usuario y los conceptos sostenibles a trav\u00e9s del material de cartulina blanca, el proceso de cuatricrom\u00eda en plata caliente, la certificaci\u00f3n FSC y la tecnolog\u00eda de pel\u00edcula t\u00e1ctil. En el futuro, con el desarrollo de las herramientas de dise\u00f1o de IA y la tecnolog\u00eda de impresi\u00f3n digital, la eficiencia de la producci\u00f3n personalizada mejorar\u00e1 a\u00fan m\u00e1s, y la innovaci\u00f3n de materiales reciclados y estructuras inteligentes continuar\u00e1 impulsando la industria del envasado de perfumes para evolucionar en una direcci\u00f3n ecol\u00f3gica y de alta gama.<\/p>","protected":false},"featured_media":8847,"template":"","meta":[],"product_brand":[],"product_cat":[30,417,430,31],"product_tag":[1000,999,1001],"class_list":{"0":"post-8841","1":"product","2":"type-product","3":"status-publish","4":"has-post-thumbnail","6":"product_cat-by-industry","7":"product_cat-custom-perfume-boxes-by-industry","8":"product_cat-folding-cartons","9":"product_cat-paper-box-style","10":"product_tag-custom-logo-printed-box","11":"product_tag-eco-friendly-box","12":"product_tag-parfum-folding-carton-box","14":"first","15":"instock","16":"shipping-taxable","17":"product-type-grouped"},"_links":{"self":[{"href":"https:\/\/zojopackaging.com\/es\/wp-json\/wp\/v2\/product\/8841","targetHints":{"allow":["GET"]}}],"collection":[{"href":"https:\/\/zojopackaging.com\/es\/wp-json\/wp\/v2\/product"}],"about":[{"href":"https:\/\/zojopackaging.com\/es\/wp-json\/wp\/v2\/types\/product"}],"version-history":[{"count":1,"href":"https:\/\/zojopackaging.com\/es\/wp-json\/wp\/v2\/product\/8841\/revisions"}],"predecessor-version":[{"id":8866,"href":"https:\/\/zojopackaging.com\/es\/wp-json\/wp\/v2\/product\/8841\/revisions\/8866"}],"wp:featuredmedia":[{"embeddable":true,"href":"https:\/\/zojopackaging.com\/es\/wp-json\/wp\/v2\/media\/8847"}],"wp:attachment":[{"href":"https:\/\/zojopackaging.com\/es\/wp-json\/wp\/v2\/media?parent=8841"}],"wp:term":[{"taxonomy":"product_brand","embeddable":true,"href":"https:\/\/zojopackaging.com\/es\/wp-json\/wp\/v2\/product_brand?post=8841"},{"taxonomy":"product_cat","embeddable":true,"href":"https:\/\/zojopackaging.com\/es\/wp-json\/wp\/v2\/product_cat?post=8841"},{"taxonomy":"product_tag","embeddable":true,"href":"https:\/\/zojopackaging.com\/es\/wp-json\/wp\/v2\/product_tag?post=8841"}],"curies":[{"name":"wp","href":"https:\/\/api.w.org\/{rel}","templated":true}]}}