{"id":8859,"date":"2025-03-31T16:44:45","date_gmt":"2025-03-31T08:44:45","guid":{"rendered":"https:\/\/zojopackaging.com\/?post_type=product&#038;p=8859"},"modified":"2025-03-31T17:12:44","modified_gmt":"2025-03-31T09:12:44","slug":"custom-press-on-nail-packaging-box-wholesale-with-window","status":"publish","type":"product","link":"https:\/\/zojopackaging.com\/es\/product\/custom-press-on-nail-packaging-box-wholesale-with-window\/","title":{"rendered":"Custom Press On Nail Caja de embalaje al por mayor con ventana"},"content":{"rendered":"<h3 id=\"-1-transparent-pvc-window-design-intuitive-display-of-products-\"><strong>1. Dise\u00f1o de ventana de PVC transparente, visualizaci\u00f3n intuitiva de los productos.<\/strong><\/h3>\n<p>La ventana visual est\u00e1 hecha de material de PVC de alta transmitancia, que puede mostrar claramente los estilos de u\u00f1as internos (como tallas tridimensionales, colores degradados, etc.) sin abrir la caja, reduciendo la p\u00e9rdida de desembalaje cuando los consumidores compran. El borde de la ventana est\u00e1 cortado con precisi\u00f3n por l\u00e1ser y se ajusta perfectamente al cuerpo de la caja, combinando belleza y sellado, cumpliendo los requisitos de exposici\u00f3n de los productos de u\u00f1as de gama alta.<\/p>\n<h3 id=\"-2-magnetic-embedded-closure-system-double-protection-\"><strong>2. Sistema de cierre magn\u00e9tico incorporado, doble protecci\u00f3n<\/strong><\/h3>\n<p>El cuerpo de la caja adopta una estructura magn\u00e9tica cortada con precisi\u00f3n con imanes de alta resistencia incrustados (la fuerza magn\u00e9tica puede alcanzar 0,8-1,2T), realizando la c\u00f3moda experiencia de apertura y cierre de \"cierre con un clic\", al tiempo que evita el problema de desgaste causado por los imanes expuestos tradicionales. El dise\u00f1o de la cubierta totalmente envolvente puede aislar eficazmente el polvo y la humedad, proteger las puntas de las u\u00f1as del impacto del transporte o del entorno de almacenamiento y prolongar la vida \u00fatil del producto.<\/p>\n<h3 id=\"-3-lightweight-structure-and-environmentally-friendly-materials-\"><strong>3. Estructura ligera y materiales respetuosos con el medio ambiente<\/strong><\/h3>\n<p>El cuerpo principal adopta\u00a0<strong>Papel estucado C2S de 157 g + cart\u00f3n r\u00edgido de 1200 g<\/strong>\u00a0compuesto, teniendo en cuenta tanto la resistencia a la presi\u00f3n como la ligereza (el peso de una sola caja puede controlarse en 15-30 g), lo que reduce los costes log\u00edsticos. El material cuenta con la certificaci\u00f3n FSC, favorece el reciclaje y la degradaci\u00f3n, cumple las normas de protecci\u00f3n medioambiental REACH de la UE y ayuda a la marca a transmitir el concepto de desarrollo sostenible.<\/p>\n<h3 id=\"-4-full-link-customized-service-\"><strong>4. Servicio personalizado de enlace completo<\/strong><\/h3>\n<ul>\n<li><strong>Tama\u00f1o y tipo de caja<\/strong>: Admite la personalizaci\u00f3n de cajas cuadradas, redondas, de formas especiales, etc., adecuadas para clavos a presi\u00f3n de diferentes especificaciones (como clavos cortos, clavos largos, juegos de clavos, etc.), y la cantidad m\u00ednima de pedido puede ser de tan solo 500 piezas;<\/li>\n<li><strong>Impresi\u00f3n y proceso<\/strong>: La superficie de la caja puede procesarse mediante estampado en relieve UV, estampado en caliente\/plateado, pel\u00edcula mate\/brillante, etc., y admite impresi\u00f3n a doble cara en el interior y el exterior, incluido LOGO de la marca, c\u00f3digo QR (enlace a tutorial o postventa), instrucciones de mantenimiento en varios idiomas, etc;<\/li>\n<li><strong>Combinaci\u00f3n de colores y materiales<\/strong>: El cuerpo de la caja puede imprimirse con colores planos Pantone o colores degradados, y el material puede mejorarse a pl\u00e1sticos aptos para uso alimentario, como PET\/PP, para satisfacer las necesidades de los distintos mercados.<\/li>\n<\/ul>\n<h3 id=\"-5-advantages-of-china-s-source-factory-\"><strong>5. Ventajas de la f\u00e1brica de origen chino<\/strong><\/h3>\n<p>Como fabricante profesional de envases para u\u00f1as, ofrecemos:<\/p>\n<ul>\n<li><strong>Pruebas gratuitas<\/strong>: Las muestras f\u00edsicas se enviar\u00e1n en un plazo de 3 a 5 d\u00edas laborables, lo que permite un ajuste completo del tama\u00f1o, el material y el efecto de impresi\u00f3n;<\/li>\n<li><strong>Dise\u00f1o integral<\/strong>: El equipo de dise\u00f1adores ofrece servicios de optimizaci\u00f3n de la estructura del envase y personalizaci\u00f3n de la soluci\u00f3n visual en funci\u00f3n del tono de la marca, y la tarifa de dise\u00f1o de 0 yuanes ayuda a la diferenciaci\u00f3n de la marca;<\/li>\n<li><strong>Ventaja de costes<\/strong>: La producci\u00f3n a gran escala puede comprimir el precio unitario a 0,1-1,8 yuanes\/pieza (dependiendo de la complejidad de la personalizaci\u00f3n), apoyando el pago por adelantado 30% + pago final en el modo de entrega.<\/li>\n<\/ul>\n<p><strong>Escenarios aplicables<\/strong>cadenas de salones de manicura, marcas de u\u00f1as de comercio electr\u00f3nico, estaciones independientes transfronterizas, tiendas de colecciones de belleza de alta gama, etc.\u00a0<strong>Proceso de cooperaci\u00f3n<\/strong>: comunicaci\u00f3n de la demanda \u2192 dise\u00f1o libre \u2192 confirmaci\u00f3n de la muestra \u2192 producci\u00f3n en serie \u2192 inspecci\u00f3n de calidad y entrega (plazo de entrega de 7 a 15 d\u00edas).<\/p>\n<p>Si necesita obtener manuales de productos o hablar de cooperaci\u00f3n, p\u00f3ngase en contacto con el representante de la f\u00e1brica china. Potenciaremos su marca con precios de origen y capacidades flexibles de la cadena de suministro.<\/p>","protected":false},"excerpt":{"rendered":"<p>\u2705\u00a0<strong>A prueba de da\u00f1os<\/strong>: Protege las u\u00f1as delicadas durante el transporte gracias a sus paredes resistentes al aplastamiento.<br \/>\n\u2705\u00a0<strong>Atractivo visual instant\u00e1neo<\/strong>: La ventana de PVC aumenta las compras impulsivas en 40% .<br \/>\n\u2705\u00a0<strong>Amplificador de marca<\/strong>: La impresi\u00f3n en toda la superficie convierte las cajas en mini vallas publicitarias.<br \/>\n\u2705\u00a0<strong>Ahorro de espacio<\/strong>: Su perfil estilizado reduce los costes de almacenamiento.<br \/>\n\u2705\u00a0<strong>Conciencia ecol\u00f3gica<\/strong>: Los materiales reciclables est\u00e1n en consonancia con los valores sostenibles de la marca.<\/p>","protected":false},"featured_media":8860,"template":"","meta":[],"product_brand":[],"product_cat":[30,390,424,31],"product_tag":[1002,639,1003],"class_list":{"0":"post-8859","1":"product","2":"type-product","3":"status-publish","4":"has-post-thumbnail","6":"product_cat-by-industry","7":"product_cat-custom-cosmetics-boxes","8":"product_cat-magnetic-closure-boxes","9":"product_cat-paper-box-style","10":"product_tag-custom-press-on-nail-box","11":"product_tag-press-on-nail-packaging","12":"product_tag-press-on-nail-packaging-wholesale","14":"first","15":"instock","16":"shipping-taxable","17":"product-type-simple"},"_links":{"self":[{"href":"https:\/\/zojopackaging.com\/es\/wp-json\/wp\/v2\/product\/8859","targetHints":{"allow":["GET"]}}],"collection":[{"href":"https:\/\/zojopackaging.com\/es\/wp-json\/wp\/v2\/product"}],"about":[{"href":"https:\/\/zojopackaging.com\/es\/wp-json\/wp\/v2\/types\/product"}],"version-history":[{"count":1,"href":"https:\/\/zojopackaging.com\/es\/wp-json\/wp\/v2\/product\/8859\/revisions"}],"predecessor-version":[{"id":8878,"href":"https:\/\/zojopackaging.com\/es\/wp-json\/wp\/v2\/product\/8859\/revisions\/8878"}],"wp:featuredmedia":[{"embeddable":true,"href":"https:\/\/zojopackaging.com\/es\/wp-json\/wp\/v2\/media\/8860"}],"wp:attachment":[{"href":"https:\/\/zojopackaging.com\/es\/wp-json\/wp\/v2\/media?parent=8859"}],"wp:term":[{"taxonomy":"product_brand","embeddable":true,"href":"https:\/\/zojopackaging.com\/es\/wp-json\/wp\/v2\/product_brand?post=8859"},{"taxonomy":"product_cat","embeddable":true,"href":"https:\/\/zojopackaging.com\/es\/wp-json\/wp\/v2\/product_cat?post=8859"},{"taxonomy":"product_tag","embeddable":true,"href":"https:\/\/zojopackaging.com\/es\/wp-json\/wp\/v2\/product_tag?post=8859"}],"curies":[{"name":"wp","href":"https:\/\/api.w.org\/{rel}","templated":true}]}}