{"id":8867,"date":"2025-03-31T16:46:31","date_gmt":"2025-03-31T08:46:31","guid":{"rendered":"https:\/\/zojopackaging.com\/?post_type=product&#038;p=8867"},"modified":"2025-03-31T17:47:47","modified_gmt":"2025-03-31T09:47:47","slug":"customization-high-end-perfume-folding-carton-supplier-in-china","status":"publish","type":"product","link":"https:\/\/zojopackaging.com\/es\/product\/customization-high-end-perfume-folding-carton-supplier-in-china\/","title":{"rendered":"Personalizaci\u00f3n de alta gama Perfume plegable proveedor de cart\u00f3n en China"},"content":{"rendered":"<p>En el mercado de consumo de perfumes, el envase no es s\u00f3lo la \"tarjeta de visita externa\" del producto, sino tambi\u00e9n el principal portador de los valores de la marca y de la experiencia del usuario. China Customized High-end Perfume Folding Carton Supplier proporciona a las marcas soluciones tanto est\u00e9ticas como pr\u00e1cticas a trav\u00e9s de la innovaci\u00f3n tecnol\u00f3gica, la mejora de los procesos y los servicios personalizados. A continuaci\u00f3n se analizan sus principales ventajas desde m\u00faltiples dimensiones:<\/p>\n<h4 id=\"-1-simple-design-suitable-for-popular-best-selling-models-flexible-customization-of-materials-and-sizes-\"><strong>1. Dise\u00f1o simple, adecuado para los modelos m\u00e1s vendidos populares, personalizaci\u00f3n flexible de materiales y tama\u00f1os.<\/strong><\/h4>\n<p>Los proveedores chinos ofrecen una gama completa de cajas plegables, desde modelos b\u00e1sicos hasta personalizaciones de gama alta, utilizando cartulina en polvo simple de 350 g o cart\u00f3n blanco (como la cartulina Invercote Grado 1) como material base, con una superficie lisa y delicada, apta para procesos complejos como la estampaci\u00f3n en caliente y la impresi\u00f3n UV. El dise\u00f1o es principalmente de estilo neutro, con colores Morandi (como el azul haze y el morado taro), que no s\u00f3lo se ajusta a la est\u00e9tica del p\u00fablico, sino que tambi\u00e9n reserva espacio de personalizaci\u00f3n para logotipos de marca, ilustraciones, etc. Por ejemplo, algunos fabricantes admiten servicios gratuitos de dise\u00f1o en l\u00ednea, y las muestras pueden producirse en 24 horas en el plazo m\u00e1s r\u00e1pido.<\/p>\n<h4 id=\"-2-foldable-card-box-save-freight-and-storage-costs-\"><strong>2. Caja de cart\u00f3n plegable: ahorra costes de transporte y almacenamiento<\/strong><\/h4>\n<p>Reduce en gran medida los costes de log\u00edstica y almacenamiento. Su resistencia a la compresi\u00f3n y su rigidez est\u00e1n garantizadas por una precisa tecnolog\u00eda de troquelado, que resulta especialmente adecuada para transportar frascos de perfume fr\u00e1giles. Los datos demuestran que el coste log\u00edstico de los productos de perfumer\u00eda que utilizan cajas plegables puede reducirse en 20%-30%.<\/p>\n<h4 id=\"-3-heidelberg-printing-technology-accurate-restoration-of-design-colors-\"><strong>3. Tecnolog\u00eda de impresi\u00f3n Heidelberg: restauraci\u00f3n precisa de los colores del dise\u00f1o.<\/strong><\/h4>\n<p>Los proveedores de gama alta introdujeron m\u00e1quinas de impresi\u00f3n alemanas Heidelberg, combinadas con cuatricrom\u00eda y tecnolog\u00eda de plata caliente, para lograr una restauraci\u00f3n de alta precisi\u00f3n del espacio de color CMYK. ZOJO Print utiliza equipos Heidelberg para imprimir cartones de pel\u00edcula mate, y la desviaci\u00f3n de la saturaci\u00f3n del color se controla dentro de 3%, cumpliendo las normas internacionales de envasado de lujo. Algunas empresas tambi\u00e9n ofrecen servicios de prueba de color virtual AR para ayudar a los clientes a previsualizar el efecto de impresi\u00f3n.<\/p>\n<h4 id=\"-4-matt-film-technology-high-end-texture-and-moisture-proof-and-waterproof-\"><strong>4. Tecnolog\u00eda de pel\u00edcula mate: textura de alta gama y a prueba de humedad e impermeable.<\/strong><\/h4>\n<p>La tecnolog\u00eda de revestimiento de pel\u00edcula mate se utiliza para formar una delicada superficie de ante en la superficie del cart\u00f3n, que se siente tan suave como el terciopelo y tiene propiedades antihuellas y antiara\u00f1azos. El material de revestimiento ha sido especialmente tratado para cumplir la norma de impermeabilidad IP65 y puede resistir ligeras fugas causadas por la volatilizaci\u00f3n del perfume. Por ejemplo, el contenido de humedad de una caja de papel film mate producida por un fabricante de Guangzhou s\u00f3lo aument\u00f3 1,2% en una prueba de humedad de 48 horas.<\/p>\n<h4 id=\"-5-automated-production-in-our-own-factory-fast-delivery-in-5-7-days-\"><strong>5. Producci\u00f3n automatizada en nuestra propia f\u00e1brica, entrega r\u00e1pida en 5-7 d\u00edas.<\/strong><\/h4>\n<p>Contamos con la ventaja de escala de l\u00edneas de producci\u00f3n inteligentes y una capacidad de producci\u00f3n diaria de m\u00e1s de 100.000 piezas. A trav\u00e9s del sistema ERP, podemos lograr una conexi\u00f3n perfecta desde la prueba del dise\u00f1o hasta la producci\u00f3n en masa, y la entrega puede realizarse en tan solo 5 d\u00edas laborables. Por ejemplo, un cliente personaliz\u00f3 100.000 juegos de cajas de tarjetas de perfume neutras, que tardaron s\u00f3lo 6 d\u00edas desde la confirmaci\u00f3n del plan hasta el embalaje y el env\u00edo.<\/p>\n<h4 id=\"-6-professional-sales-team-full-process-support-for-customized-packaging-solutions-\"><strong>6. Equipo de ventas profesional: asistencia en todo el proceso para soluciones de envasado personalizadas.<\/strong><\/h4>\n<p>El proveedor cuenta con un equipo multidisciplinar, que incluye dise\u00f1adores, ingenieros de impresi\u00f3n y expertos en log\u00edstica, y ofrece servicios integrales que van desde el estudio de mercado y la selecci\u00f3n de materiales hasta la optimizaci\u00f3n del transporte. Por ejemplo, para las necesidades de las marcas de gama alta, podemos recomendar cajas de papel de pulpa de bamb\u00fa con certificaci\u00f3n FSC + soluciones integradas de estructura amortiguadora de algod\u00f3n perlado; para el mercado de masas, recomendamos cajas de papel reciclado + combinaciones de procesos simplificados.<\/p>","protected":false},"excerpt":{"rendered":"<p>Los proveedores chinos de cajas plegables personalizadas de alta gama para perfumes est\u00e1n remodelando la industria mundial del envasado a trav\u00e9s de la innovaci\u00f3n tecnol\u00f3gica y la optimizaci\u00f3n de procesos. En el futuro, con la popularizaci\u00f3n de las herramientas de dise\u00f1o de IA y la tecnolog\u00eda de impresi\u00f3n digital, se mejorar\u00e1 a\u00fan m\u00e1s la eficiencia de la producci\u00f3n personalizada, y la integraci\u00f3n de materiales sostenibles y estructuras inteligentes continuar\u00e1 impulsando la industria hacia la ecolog\u00eda y la inteligencia\".<\/p>","protected":false},"featured_media":8877,"template":"","meta":[],"product_brand":[],"product_cat":[30,417,430,31],"product_tag":[1004,1005,1006],"class_list":{"0":"post-8867","1":"product","2":"type-product","3":"status-publish","4":"has-post-thumbnail","6":"product_cat-by-industry","7":"product_cat-custom-perfume-boxes-by-industry","8":"product_cat-folding-cartons","9":"product_cat-paper-box-style","10":"product_tag-customization-folding-carton","11":"product_tag-folding-carton-supplier-in-china","12":"product_tag-luxury-perfume-folding-carton","14":"first","15":"instock","16":"shipping-taxable","17":"product-type-grouped"},"_links":{"self":[{"href":"https:\/\/zojopackaging.com\/es\/wp-json\/wp\/v2\/product\/8867","targetHints":{"allow":["GET"]}}],"collection":[{"href":"https:\/\/zojopackaging.com\/es\/wp-json\/wp\/v2\/product"}],"about":[{"href":"https:\/\/zojopackaging.com\/es\/wp-json\/wp\/v2\/types\/product"}],"version-history":[{"count":2,"href":"https:\/\/zojopackaging.com\/es\/wp-json\/wp\/v2\/product\/8867\/revisions"}],"predecessor-version":[{"id":8903,"href":"https:\/\/zojopackaging.com\/es\/wp-json\/wp\/v2\/product\/8867\/revisions\/8903"}],"wp:featuredmedia":[{"embeddable":true,"href":"https:\/\/zojopackaging.com\/es\/wp-json\/wp\/v2\/media\/8877"}],"wp:attachment":[{"href":"https:\/\/zojopackaging.com\/es\/wp-json\/wp\/v2\/media?parent=8867"}],"wp:term":[{"taxonomy":"product_brand","embeddable":true,"href":"https:\/\/zojopackaging.com\/es\/wp-json\/wp\/v2\/product_brand?post=8867"},{"taxonomy":"product_cat","embeddable":true,"href":"https:\/\/zojopackaging.com\/es\/wp-json\/wp\/v2\/product_cat?post=8867"},{"taxonomy":"product_tag","embeddable":true,"href":"https:\/\/zojopackaging.com\/es\/wp-json\/wp\/v2\/product_tag?post=8867"}],"curies":[{"name":"wp","href":"https:\/\/api.w.org\/{rel}","templated":true}]}}