{"id":8887,"date":"2025-03-31T17:19:10","date_gmt":"2025-03-31T09:19:10","guid":{"rendered":"https:\/\/zojopackaging.com\/?post_type=product&#038;p=8887"},"modified":"2025-03-31T17:45:32","modified_gmt":"2025-03-31T09:45:32","slug":"custom-perfume-box-for-100ml-bottle-packaging-folding-paper-box-maker","status":"publish","type":"product","link":"https:\/\/zojopackaging.com\/es\/product\/custom-perfume-box-for-100ml-bottle-packaging-folding-paper-box-maker\/","title":{"rendered":"Caja de perfume personalizado para 100ml botella de embalaje plegable fabricante de cajas de papel"},"content":{"rendered":"<p>En el mercado de consumo de perfumes, el envase no es s\u00f3lo la \"tarjeta de visita externa\" del producto, sino tambi\u00e9n el principal portador de los valores de la marca y de la experiencia del usuario. Los fabricantes chinos de cart\u00f3n plegable de gama alta ofrecen a las marcas soluciones est\u00e9ticas y pr\u00e1cticas gracias a la innovaci\u00f3n tecnol\u00f3gica, la mejora de los procesos y los servicios personalizados. A continuaci\u00f3n se analizan sus principales ventajas desde m\u00faltiples dimensiones:<\/p>\n<h4 id=\"-1-full-dimensional-customization-service-flexible-adaptation-of-size-material-and-process-\"><strong>1. Servicio de personalizaci\u00f3n en todas las dimensiones: adaptaci\u00f3n flexible del tama\u00f1o, el material y el proceso.<\/strong><\/h4>\n<p>Los proveedores chinos ofrecen una gama completa de cajas plegables, desde las b\u00e1sicas hasta las personalizadas de gama alta, que admiten la adaptaci\u00f3n de botellas de capacidad completa, como las de 100 ml, 50 ml, 30 ml y 10 ml. Utilizando cartulina en polvo simple de 350 g o cart\u00f3n blanco (como la cartulina de primer nivel Invercote) como material base, la superficie es lisa y delicada, y es compatible con procesos complejos como la estampaci\u00f3n en caliente, la impresi\u00f3n UV y el gofrado. Por ejemplo, Shenzhen Zongzheng Packaging puede personalizar la serigraf\u00eda, el huecograbado y otros procesos para lograr una presentaci\u00f3n precisa del LOGO de la marca y las ilustraciones.<\/p>\n<h4 id=\"-2-multi-size-compatible-design-adapt-to-different-bottle-types-worry-free-customization-\"><strong>2. Dise\u00f1o compatible con m\u00faltiples tama\u00f1os: se adapta a diferentes tipos de botellas, personalizaci\u00f3n sin preocupaciones.<\/strong><\/h4>\n<p>La caja plegable adopta un dise\u00f1o de estructura modular (como una tapa superior e inferior, tipo caj\u00f3n). Cuando se despliega, es un tipo de caja tridimensional. Una vez plegada, su volumen es s\u00f3lo 1\/5-1\/3 del volumen original, lo que reduce enormemente los costes log\u00edsticos. Algunos fabricantes ofrecen servicios gratuitos de dise\u00f1o en l\u00ednea y admiten pruebas y modificaciones r\u00e1pidas. Por ejemplo, Shenzhen Mingweiyuan Paper Products puede personalizar cajas abatibles de forma especial para adaptarse a cuellos de botella delgados o botellas cuadradas. Los datos muestran que el coste log\u00edstico de los productos de perfumer\u00eda que utilizan cajas plegables puede reducirse en 20%-30%.<\/p>\n<h4 id=\"-3-process-upgrade-highlight-the-visual-expression-of-brand-tone-\"><strong>3. Actualizaci\u00f3n del proceso: destacar la expresi\u00f3n visual del tono de la marca<\/strong><\/h4>\n<p>La superficie del cart\u00f3n se puede a\u00f1adir con estampaci\u00f3n en caliente, UV parcial, relieve y otros procesos para mejorar la textura y la funci\u00f3n antifalsificaci\u00f3n. Zongzheng Packaging utiliza la tecnolog\u00eda de estampaci\u00f3n en caliente para realzar la textura met\u00e1lica, y combina la tecnolog\u00eda de recubrimiento con pel\u00edcula mate para conseguir la impermeabilidad IP65, adecuada para las necesidades de perfumer\u00eda de gama alta. La p\u00e1gina web se\u00f1al\u00f3 que en el mercado chino de cajas de embalaje para perfumes en 2024, la tasa de prima de los productos que utilizan estampaci\u00f3n en caliente, UV y otros procesos puede alcanzar 20%-30%.<\/p>\n<h4 id=\"-4-china-s-high-end-supply-chain-source-price-helping-brands-quickly-occupy-the-market-\"><strong>4. La cadena de suministro de gama alta de China: precio de origen, ayuda a las marcas a ocupar r\u00e1pidamente el mercado<\/strong><\/h4>\n<p>Los principales fabricantes, como Shenzhen Zongzheng Packaging, invirtieron 440 millones de yuanes en la construcci\u00f3n de un parque industrial de envasado de perfumes, con una producci\u00f3n diaria de 500.000-700.000 juegos de cajas de papel, reduciendo los costes marginales gracias a la producci\u00f3n a gran escala. En comparaci\u00f3n con la plataforma de Taobao, fabricantes como Jiali Chuang ofrecen pa\u00f1uelos faciales importados y servicios de impresi\u00f3n de alta precisi\u00f3n con \"precio de Taobao, calidad internacional\", por ejemplo, el error de peso de sus cajas de papel se controla en 0,1-0,5 mm.<\/p>\n<h4 id=\"-5-high-production-capacity-and-fast-delivery-7-9-days-for-delivery-quality-and-quantity-guaranteed-\"><strong>5. Alta capacidad de producci\u00f3n y entrega r\u00e1pida: 7-9 d\u00edas para la entrega, la calidad y la cantidad garantizada.<\/strong><\/h4>\n<p>Shenzhen Zongzheng Packaging tiene una capacidad de producci\u00f3n diaria de 50.000 juegos, admite la personalizaci\u00f3n de lotes peque\u00f1os (1 pedido m\u00ednimo) y promete que \"los retrasos en la entrega ser\u00e1n compensados\". La p\u00e1gina web muestra que algunos fabricantes han conseguido conectar sin fisuras todo el proceso de dise\u00f1o, pruebas y producci\u00f3n a trav\u00e9s del sistema ERP, y la entrega m\u00e1s r\u00e1pida es de 5 d\u00edas laborables.<\/p>\n<h4 id=\"-6-professional-team-support-full-process-customized-solutions-\"><strong>6. Apoyo de un equipo profesional: soluciones personalizadas para todo el proceso<\/strong><\/h4>\n<p>Los proveedores cuentan con equipos multidisciplinares, que incluyen dise\u00f1adores, ingenieros de impresi\u00f3n y expertos en log\u00edstica. Por ejemplo, Shenzhen Zongzheng Packaging ofrece servicios de dise\u00f1o gratuitos, admite archivos fuente en formato CDR\/AI y garantiza la calidad mediante la certificaci\u00f3n alemana Rhine. El sitio web destaca que el equipo de profesionales puede responder a las necesidades con rapidez y ofrecer asistencia integral, desde el estudio de mercado hasta la optimizaci\u00f3n del transporte.<\/p>","protected":false},"excerpt":{"rendered":"<p>Los fabricantes chinos de cajas plegables personalizadas para perfumes est\u00e1n remodelando la industria mundial del envasado a trav\u00e9s de la innovaci\u00f3n de materiales, la mejora de los procesos y los servicios digitales. En el futuro, con la popularizaci\u00f3n de las herramientas de dise\u00f1o de IA y los materiales ecol\u00f3gicos, la eficiencia de la producci\u00f3n personalizada mejorar\u00e1 a\u00fan m\u00e1s, y la integraci\u00f3n de la producci\u00f3n sostenible y la estructura inteligente seguir\u00e1 impulsando la evoluci\u00f3n de la industria hacia direcciones de alta gama y respetuosas con el medio ambiente. Evoluci\u00f3n de la direcci\u00f3n.<\/p>","protected":false},"featured_media":8890,"template":"","meta":[],"product_brand":[],"product_cat":[30,417,430,31],"product_tag":[1010,329,1011],"class_list":{"0":"post-8887","1":"product","2":"type-product","3":"status-publish","4":"has-post-thumbnail","6":"product_cat-by-industry","7":"product_cat-custom-perfume-boxes-by-industry","8":"product_cat-folding-cartons","9":"product_cat-paper-box-style","10":"product_tag-50ml-bottle-packaging","11":"product_tag-custom-perfume-box","12":"product_tag-paper-box-maker","14":"first","15":"instock","16":"shipping-taxable","17":"product-type-grouped"},"_links":{"self":[{"href":"https:\/\/zojopackaging.com\/es\/wp-json\/wp\/v2\/product\/8887","targetHints":{"allow":["GET"]}}],"collection":[{"href":"https:\/\/zojopackaging.com\/es\/wp-json\/wp\/v2\/product"}],"about":[{"href":"https:\/\/zojopackaging.com\/es\/wp-json\/wp\/v2\/types\/product"}],"version-history":[{"count":1,"href":"https:\/\/zojopackaging.com\/es\/wp-json\/wp\/v2\/product\/8887\/revisions"}],"predecessor-version":[{"id":8902,"href":"https:\/\/zojopackaging.com\/es\/wp-json\/wp\/v2\/product\/8887\/revisions\/8902"}],"wp:featuredmedia":[{"embeddable":true,"href":"https:\/\/zojopackaging.com\/es\/wp-json\/wp\/v2\/media\/8890"}],"wp:attachment":[{"href":"https:\/\/zojopackaging.com\/es\/wp-json\/wp\/v2\/media?parent=8887"}],"wp:term":[{"taxonomy":"product_brand","embeddable":true,"href":"https:\/\/zojopackaging.com\/es\/wp-json\/wp\/v2\/product_brand?post=8887"},{"taxonomy":"product_cat","embeddable":true,"href":"https:\/\/zojopackaging.com\/es\/wp-json\/wp\/v2\/product_cat?post=8887"},{"taxonomy":"product_tag","embeddable":true,"href":"https:\/\/zojopackaging.com\/es\/wp-json\/wp\/v2\/product_tag?post=8887"}],"curies":[{"name":"wp","href":"https:\/\/api.w.org\/{rel}","templated":true}]}}