{"id":8896,"date":"2025-03-31T17:40:48","date_gmt":"2025-03-31T09:40:48","guid":{"rendered":"https:\/\/zojopackaging.com\/?post_type=product&#038;p=8896"},"modified":"2025-03-31T18:23:15","modified_gmt":"2025-03-31T10:23:15","slug":"custom-baby-pacifier-clip-teether-holder-packaging-boxes","status":"publish","type":"product","link":"https:\/\/zojopackaging.com\/es\/product\/custom-baby-pacifier-clip-teether-holder-packaging-boxes\/","title":{"rendered":"Portachupetes personalizados para beb\u00e9s Cajas de embalaje"},"content":{"rendered":"<h2 id=\"-1-box-design-of-top-and-bottom-cover-precise-fit-upgraded-protection-\"><strong>1. Dise\u00f1o en caja de la tapa y la cubierta de la base: ajuste preciso, protecci\u00f3n mejorada.<\/strong><\/h2>\n<p>Se adopta la estructura cl\u00e1sica de cubierta superior e inferior, que se compone de cubierta superior y caja inferior, y se consigue un ajuste sin costuras gracias a la adaptaci\u00f3n precisa del tama\u00f1o. Se reserva un espacio razonable en la uni\u00f3n de las cubiertas superior e inferior, lo que es conveniente para abrir y cerrar y asegura el sellado, evitando eficazmente el polvo y la humedad. El cuerpo de la caja est\u00e1 hecho de cart\u00f3n gris duro o cart\u00f3n ecol\u00f3gico, con tecnolog\u00eda de troquelado de alta precisi\u00f3n, fuerte resistencia a la presi\u00f3n, y puede soportar el impacto durante el transporte.<\/p>\n<h2 id=\"-2-customized-lining-buffer-system-safe-protection-without-dead-angles-\"><strong>2. Sistema de amortiguaci\u00f3n de revestimiento personalizado: protecci\u00f3n segura sin \u00e1ngulos muertos<\/strong><\/h2>\n<p>El forro puede seleccionarse con espuma EVA de alta densidad o material esponjoso, y el chupete, el mordedor y otros art\u00edculos pueden fijarse con precisi\u00f3n mediante ranuras independientes o estructuras de panal para reducir el desgaste por sacudidas. Por ejemplo, la densidad del forro de EVA puede seleccionarse entre 30-50kg\/m\u00b3, y la tasa de apertura de la estructura de panal es de 60-85%, teniendo en cuenta tanto la amortiguaci\u00f3n como la utilizaci\u00f3n del espacio. Admite el dise\u00f1o en capas y es adecuado para combinaciones de productos de distintos tama\u00f1os, como el almacenamiento a juego de chupetes y cajas de desinfecci\u00f3n.<\/p>\n<h2 id=\"-3-brand-visual-enhancement-printing-technology-and-creative-design-\"><strong>3. Mejora visual de la marca: tecnolog\u00eda de impresi\u00f3n y dise\u00f1o creativo<\/strong><\/h2>\n<p>La caja ofrece un \u00e1rea de impresi\u00f3n de 360\u00b0, admite impresi\u00f3n offset en cuatricrom\u00eda, serigraf\u00eda y otros procesos, y puede personalizarse con logotipos de marca, ilustraciones o motivos infantiles. Los procesos de superficie incluyen:<\/p>\n<ul>\n<li><strong>Estampaci\u00f3n en caliente\/estampaci\u00f3n en caliente<\/strong>: realzan el lujo del logotipo de la marca;<\/li>\n<li><strong>UV parcial<\/strong>: resaltan el brillo y el sentido tridimensional de los gr\u00e1ficos clave;<\/li>\n<li><strong>En relieve<\/strong>: mejoran el nivel t\u00e1ctil, como la simulaci\u00f3n de la textura de la piel de madres y beb\u00e9s. El archivo de dise\u00f1o admite la generaci\u00f3n inteligente de IA para garantizar que el grado de reproducci\u00f3n del color alcance m\u00e1s de 98%.<\/li>\n<\/ul>\n<h2 id=\"-4-full-dimensional-customization-service-flexible-adaptation-to-needs-\"><strong>4. Servicio de personalizaci\u00f3n integral: adaptaci\u00f3n flexible a las necesidades<\/strong><\/h2>\n<ul>\n<li><strong>Tama\u00f1o y tipo de caja<\/strong>: admite estructuras redondas, cuadradas, de formas especiales y otras, que pueden ajustarse a las necesidades de envasado de productos en diferentes etapas de 0 a 3 a\u00f1os;<\/li>\n<li><strong>Material y protecci\u00f3n del medio ambiente<\/strong>: ofrece cart\u00f3n blanco apto para uso alimentario, cart\u00f3n gris degradable y otras opciones, de acuerdo con las normas de seguridad EN71 de la FDA y la UE;<\/li>\n<li><strong>Color y proceso<\/strong>: Igualaci\u00f3n de colores planos Pantone, admite mate, brillante, esmerilado y otros efectos de superficie.<\/li>\n<\/ul>\n<h2 id=\"-5-intelligent-production-and-fast-delivery-\"><strong>5. Producci\u00f3n inteligente y entrega r\u00e1pida<\/strong><\/h2>\n<p>La estructura de la caja est\u00e1 altamente modularizada y es compatible con troqueladoras totalmente autom\u00e1ticas, encoladoras de cajas y otros equipos, con una capacidad de producci\u00f3n diaria de hasta 50.000 piezas. El taller despliega el sistema de gesti\u00f3n MES para realizar un seguimiento en tiempo real del progreso de la producci\u00f3n, el estado de los equipos y los datos de calidad, y el ciclo de entrega de pedidos se acorta a 7-10 d\u00edas. A trav\u00e9s del centro de pruebas digitales, la confirmaci\u00f3n de muestras f\u00edsicas puede proporcionarse en 48 horas.<\/p>\n<h2 id=\"-6-advantages-of-the-source-factory-high-cost-performance-and-worry-free-service-\"><strong>6. Ventajas de la f\u00e1brica de origen: rendimiento de alto coste y servicio sin preocupaciones.<\/strong><\/h2>\n<p>Suministro directo desde la f\u00e1brica de origen en China, confiando en la producci\u00f3n a gran escala y la integraci\u00f3n de la cadena de suministro, el precio es 15%-30% m\u00e1s bajo que el precio medio del mercado. Se proporcionan servicios gratuitos de dise\u00f1o, vista previa de renderizado 3D y entrega de muestras, y se admite la personalizaci\u00f3n de lotes peque\u00f1os (cantidad m\u00ednima de pedido 500 piezas). El control de calidad ha superado la certificaci\u00f3n ISO 9001 y ofrece 12 meses de garant\u00eda.<\/p>\n<h2 id=\"-7-environmental-protection-and-sustainability-\"><strong>7. Protecci\u00f3n del medio ambiente y sostenibilidad<\/strong><\/h2>\n<p>Adopta papel certificado FSC y tinta al agua para apoyar el dise\u00f1o de reciclaje. La caja de embalaje puede transformarse en una caja de almacenaje materno-infantil o en un juguete de educaci\u00f3n infantil para ampliar el ciclo de vida.<\/p>\n<p><strong>Proceso de cooperaci\u00f3n<\/strong>: comunicaci\u00f3n de la demanda \u2192 dise\u00f1o libre \u2192 confirmaci\u00f3n de pruebas \u2192 programaci\u00f3n MES \u2192 entrega de lotes \u2192 seguimiento postventa.\u00a0<strong>Escenarios aplicables<\/strong>: lotes de regalo de marca maternoinfantil, plataforma de comercio electr\u00f3nico embalaje de productos individuales, suministro de exportaci\u00f3n transfronteriza, etc.<\/p>\n<p>Mediante la integraci\u00f3n del dise\u00f1o, los materiales y la producci\u00f3n inteligente, este producto ofrece una soluci\u00f3n integral de envasado para productos de puericultura, desde la protecci\u00f3n hasta la comunicaci\u00f3n de marca.<\/p>","protected":false},"excerpt":{"rendered":"<p>1. La tapa y la base adoptan el dise\u00f1o de tapas superior e inferior que encajan entre s\u00ed, y consiguen un ajuste herm\u00e9tico mediante una adaptaci\u00f3n precisa del tama\u00f1o.<br \/>\n2. El forro puede personalizarse con EVA de alta densidad, esponja y otros materiales de amortiguaci\u00f3n, y los elementos se fijan mediante ranuras independientes o estructuras de panal para reducir las sacudidas y el desgaste<br \/>\n3. El cuerpo de la caja ofrece una amplia \u00e1rea de impresi\u00f3n, que puede personalizarse con logotipos de marca y motivos art\u00edsticos para realzar la imagen de marca.<br \/>\n4. El tipo de caja, el tama\u00f1o, el color, el material y el efecto de impresi\u00f3n de la superficie pueden ser altamente personalizados para adaptarse a su chupete del beb\u00e9 y el embalaje del sostenedor del mordedor del beb\u00e9.<\/p>","protected":false},"featured_media":8897,"template":"","meta":[],"product_brand":[],"product_cat":[30,413,425,31],"product_tag":[1013,1014,1012],"class_list":{"0":"post-8896","1":"product","2":"type-product","3":"status-publish","4":"has-post-thumbnail","6":"product_cat-by-industry","7":"product_cat-consumer-electronics-boxes","8":"product_cat-lid-and-base-gift-box","9":"product_cat-paper-box-style","10":"product_tag-baby-teethers-packaging-box","11":"product_tag-custom-baby-pacifier-packaging","12":"product_tag-pacifier-clips-packaging","14":"first","15":"instock","16":"shipping-taxable","17":"product-type-simple"},"_links":{"self":[{"href":"https:\/\/zojopackaging.com\/es\/wp-json\/wp\/v2\/product\/8896","targetHints":{"allow":["GET"]}}],"collection":[{"href":"https:\/\/zojopackaging.com\/es\/wp-json\/wp\/v2\/product"}],"about":[{"href":"https:\/\/zojopackaging.com\/es\/wp-json\/wp\/v2\/types\/product"}],"version-history":[{"count":1,"href":"https:\/\/zojopackaging.com\/es\/wp-json\/wp\/v2\/product\/8896\/revisions"}],"predecessor-version":[{"id":8911,"href":"https:\/\/zojopackaging.com\/es\/wp-json\/wp\/v2\/product\/8896\/revisions\/8911"}],"wp:featuredmedia":[{"embeddable":true,"href":"https:\/\/zojopackaging.com\/es\/wp-json\/wp\/v2\/media\/8897"}],"wp:attachment":[{"href":"https:\/\/zojopackaging.com\/es\/wp-json\/wp\/v2\/media?parent=8896"}],"wp:term":[{"taxonomy":"product_brand","embeddable":true,"href":"https:\/\/zojopackaging.com\/es\/wp-json\/wp\/v2\/product_brand?post=8896"},{"taxonomy":"product_cat","embeddable":true,"href":"https:\/\/zojopackaging.com\/es\/wp-json\/wp\/v2\/product_cat?post=8896"},{"taxonomy":"product_tag","embeddable":true,"href":"https:\/\/zojopackaging.com\/es\/wp-json\/wp\/v2\/product_tag?post=8896"}],"curies":[{"name":"wp","href":"https:\/\/api.w.org\/{rel}","templated":true}]}}