{"id":8904,"date":"2025-03-31T17:48:04","date_gmt":"2025-03-31T09:48:04","guid":{"rendered":"https:\/\/zojopackaging.com\/?post_type=product&#038;p=8904"},"modified":"2025-03-31T19:21:14","modified_gmt":"2025-03-31T11:21:14","slug":"oem-perfume-pink-folding-paper-box-printing-recycled-foil-box-manufacturer","status":"publish","type":"product","link":"https:\/\/zojopackaging.com\/es\/product\/oem-perfume-pink-folding-paper-box-printing-recycled-foil-box-manufacturer\/","title":{"rendered":"OEM perfume rosa plegable caja de papel de impresi\u00f3n reciclado fabricante de cajas de papel de aluminio"},"content":{"rendered":"<p>En el mercado de consumo de perfumes, el envase no es s\u00f3lo la \"tarjeta de visita externa\" del producto, sino tambi\u00e9n el principal portador de los valores de la marca y de la experiencia del usuario. Los fabricantes chinos de cart\u00f3n plegable de gama alta ofrecen a las marcas soluciones est\u00e9ticas y pr\u00e1cticas gracias a la innovaci\u00f3n tecnol\u00f3gica, la mejora de los procesos y los servicios personalizados. A continuaci\u00f3n se analizan sus principales ventajas desde m\u00faltiples dimensiones:<\/p>\n<h3 id=\"-1-350g-single-powder-card-material-thick-and-solid-suitable-for-full-capacity-bottle-types-\"><strong>1. 350g material de la tarjeta de polvo \u00fanico: grueso y s\u00f3lido, adecuado para los tipos de botellas de capacidad completa.<\/strong><\/h3>\n<p>Utilizando papel de tarjeta de polvo simple de 350 g (como la tarjeta de primer nivel Invercote) como material de base, la superficie es suave y delicada, con flexibilidad y rigidez, y puede adaptarse a frascos de capacidad completa como los de 100 ml, 50 ml y 30 ml. La estructura incorporada de tarjetas de papel fija el frasco de perfume mediante una precisa tecnolog\u00eda de troquelado, lo que evita eficazmente las sacudidas durante el transporte y garantiza la seguridad del producto. Los datos muestran que el coste log\u00edstico de los productos de perfumer\u00eda que utilizan cajas plegables puede reducirse en 20%-30%.<\/p>\n<h3 id=\"-2-pink-gradient-design-hazy-mist-advanced-visual-expression-\"><strong>2. Dise\u00f1o en degradado rosa: bruma nebulosa, expresi\u00f3n visual avanzada<\/strong><\/h3>\n<p>Basado en el sistema de color Morandi, el efecto de degradado rosa se consigue mediante impresi\u00f3n flexogr\u00e1fica y tecnolog\u00eda de recubrimiento UV, creando una experiencia visual envolvente de \"fragancia brumosa\". El equipo de dise\u00f1o admite la personalizaci\u00f3n de todo el proceso, desde los archivos de origen en formato CDR\/AI hasta los productos acabados, y las muestras pueden producirse en 24 horas en el plazo m\u00e1s r\u00e1pido. Por ejemplo, la caja de polvos de gradiente personalizada de un cliente utiliza un proceso de estampaci\u00f3n en caliente local para reforzar el logotipo de la marca, y la tasa de prima de respuesta del mercado alcanza los 30%.<\/p>\n<h3 id=\"-3-hot-stamping-black-gold-process-highlight-the-brand-tone-multiple-colors-are-optional-\"><strong>3. Proceso de oro negro estampado en caliente: resaltar el tono de la marca, m\u00faltiples colores son opcionales.<\/strong><\/h3>\n<p>El proceso de estampaci\u00f3n en caliente y posterior impresi\u00f3n se utiliza para formar un efecto tridimensional de oro negro de alto brillo en la superficie de la caja de papel. El color de la estampaci\u00f3n en caliente puede personalizarse en rojo, azul, verde, champ\u00e1n, etc. Seg\u00fan los datos del Laboratorio Red Sun, la serie GR de pel\u00edculas de estampaci\u00f3n en caliente de alta adherencia (grosor de la capa de cola \u22651,5\u03bcm) puede soportar el retroceso de la tinta y garantizar la durabilidad del color. Por ejemplo, una marca de gama alta utiliza el proceso de oro negro de estampaci\u00f3n en caliente para lograr la superposici\u00f3n en capas de LOGO y fondo degradado, y gan\u00f3 el Premio Internacional de Dise\u00f1o de Envases.<\/p>\n<h3 id=\"-4-touch-film-technology-delicate-velvety-feeling-high-end-experience-upgrade-\"><strong>4. Tecnolog\u00eda de pel\u00edcula t\u00e1ctil: delicada sensaci\u00f3n aterciopelada, mejora de la experiencia de gama alta.<\/strong><\/h3>\n<p>El proceso de pel\u00edcula t\u00e1ctil forma un tacto suave y aterciopelado en la superficie de la caja de papel, y tambi\u00e9n tiene propiedades antihuellas y antiara\u00f1azos. El material de revestimiento est\u00e1 especialmente tratado para alcanzar la norma de impermeabilidad IP65, que puede resistir ligeras fugas causadas por la volatilizaci\u00f3n del perfume. Los datos muestran que la satisfacci\u00f3n del consumidor con las cajas de papel de pel\u00edcula t\u00e1ctil es 40% superior a la de las cajas de papel ordinarias.<\/p>\n<h3 id=\"-5-china-s-powerful-factory-automated-production-daily-production-capacity-of-60-000-pieces-\"><strong>5. Potente f\u00e1brica de China: producci\u00f3n automatizada, capacidad de producci\u00f3n diaria de 60.000 piezas.<\/strong><\/h3>\n<p>Los principales fabricantes, como ZOJO Print, invirtieron 40 millones de yuanes en construir una l\u00ednea de producci\u00f3n inteligente, utilizando el sistema ERP para lograr una conexi\u00f3n sin fisuras de todo el proceso de dise\u00f1o, pruebas y producci\u00f3n, con una producci\u00f3n diaria de 60.000 piezas. En comparaci\u00f3n con una determinada plataforma de tesoros, proporciona pa\u00f1uelos faciales importados y servicios de impresi\u00f3n de alta precisi\u00f3n al \"precio de f\u00e1brica de origen\", como por ejemplo el error de peso de la caja de papel se controla en 0,1-0,5 mm.<\/p>\n<h3 id=\"-6-20-year-experience-team-professional-design-solution-full-process-support-\"><strong>6. Equipo con 20 a\u00f1os de experiencia: soluci\u00f3n de dise\u00f1o profesional apoyo completo al proceso<\/strong><\/h3>\n<p>Contamos con un equipo multidisciplinar, formado por dise\u00f1adores, ingenieros de impresi\u00f3n y expertos en log\u00edstica, que ofrece servicios integrales, desde estudios de mercado hasta optimizaci\u00f3n del transporte. Por ejemplo, para las necesidades de las marcas de gama alta, podemos recomendar una caja de papel de pulpa de bamb\u00fa con certificaci\u00f3n FSC + una soluci\u00f3n de estructura amortiguadora de algod\u00f3n perlado incorporada; para el mercado de masas, recomendamos una caja de papel reciclado + una combinaci\u00f3n de proceso simplificado.<\/p>\n<h3 id=\"-7-foldable-card-box-save-space-and-freight-control-brand-costs-\"><strong>7. Caja de cart\u00f3n plegable: ahorra espacio y flete, controla los costes de la marca.<\/strong><\/h3>\n<p>Combinado con el sistema de almacenamiento automatizado, un cliente consigui\u00f3 multiplicar por 3 el volumen de env\u00edos \u00fanicos y reducir por 15% los costes de almacenamiento gracias a este dise\u00f1o.<\/p>","protected":false},"excerpt":{"rendered":"<p>Los fabricantes chinos de cajas plegables para perfumes OEM est\u00e1n remodelando la industria mundial del envasado a trav\u00e9s de la innovaci\u00f3n de materiales, la mejora de los procesos y los servicios digitales. En el futuro, con la popularizaci\u00f3n de las herramientas de dise\u00f1o de IA y los materiales ecol\u00f3gicos, se mejorar\u00e1 a\u00fan m\u00e1s la eficiencia de la producci\u00f3n personalizada, y la integraci\u00f3n de la producci\u00f3n sostenible y la estructura inteligente seguir\u00e1 impulsando la industria para evolucionar hacia direcciones de alta gama y respetuosas con el medio ambiente.<\/p>","protected":false},"featured_media":8910,"template":"","meta":[],"product_brand":[],"product_cat":[30,417,430,31],"product_tag":[1010,329,1011],"class_list":{"0":"post-8904","1":"product","2":"type-product","3":"status-publish","4":"has-post-thumbnail","6":"product_cat-by-industry","7":"product_cat-custom-perfume-boxes-by-industry","8":"product_cat-folding-cartons","9":"product_cat-paper-box-style","10":"product_tag-50ml-bottle-packaging","11":"product_tag-custom-perfume-box","12":"product_tag-paper-box-maker","14":"first","15":"instock","16":"shipping-taxable","17":"product-type-grouped"},"_links":{"self":[{"href":"https:\/\/zojopackaging.com\/es\/wp-json\/wp\/v2\/product\/8904","targetHints":{"allow":["GET"]}}],"collection":[{"href":"https:\/\/zojopackaging.com\/es\/wp-json\/wp\/v2\/product"}],"about":[{"href":"https:\/\/zojopackaging.com\/es\/wp-json\/wp\/v2\/types\/product"}],"version-history":[{"count":1,"href":"https:\/\/zojopackaging.com\/es\/wp-json\/wp\/v2\/product\/8904\/revisions"}],"predecessor-version":[{"id":8944,"href":"https:\/\/zojopackaging.com\/es\/wp-json\/wp\/v2\/product\/8904\/revisions\/8944"}],"wp:featuredmedia":[{"embeddable":true,"href":"https:\/\/zojopackaging.com\/es\/wp-json\/wp\/v2\/media\/8910"}],"wp:attachment":[{"href":"https:\/\/zojopackaging.com\/es\/wp-json\/wp\/v2\/media?parent=8904"}],"wp:term":[{"taxonomy":"product_brand","embeddable":true,"href":"https:\/\/zojopackaging.com\/es\/wp-json\/wp\/v2\/product_brand?post=8904"},{"taxonomy":"product_cat","embeddable":true,"href":"https:\/\/zojopackaging.com\/es\/wp-json\/wp\/v2\/product_cat?post=8904"},{"taxonomy":"product_tag","embeddable":true,"href":"https:\/\/zojopackaging.com\/es\/wp-json\/wp\/v2\/product_tag?post=8904"}],"curies":[{"name":"wp","href":"https:\/\/api.w.org\/{rel}","templated":true}]}}