{"id":8912,"date":"2025-03-31T18:23:36","date_gmt":"2025-03-31T10:23:36","guid":{"rendered":"https:\/\/zojopackaging.com\/?post_type=product&#038;p=8912"},"modified":"2025-03-31T19:02:28","modified_gmt":"2025-03-31T11:02:28","slug":"custom-luxury-cosmetic-collapsible-rigid-gift-box-wholesale","status":"publish","type":"product","link":"https:\/\/zojopackaging.com\/es\/product\/custom-luxury-cosmetic-collapsible-rigid-gift-box-wholesale\/","title":{"rendered":"Caja de regalo r\u00edgida plegable para cosm\u00e9ticos de lujo al por mayor"},"content":{"rendered":"<h2 id=\"-core-advantages-of-the-product-\"><strong>Principales ventajas del producto<\/strong><\/h2>\n<ol>\n<li><strong>Aspecto deslumbrante de la tarjeta l\u00e1ser plateada<\/strong>\u00a0La superficie del cuerpo de la caja es de alta precisi\u00f3n\u00a0<strong>material de la tarjeta de plata l\u00e1ser<\/strong>, que se procesa mediante impresi\u00f3n UV y estampaci\u00f3n en caliente\/proceso de plata para presentar un efecto de luz din\u00e1mica, que combina visualmente una sensaci\u00f3n de tecnolog\u00eda y lujo. Este dise\u00f1o no solo se ajusta a la tonalidad de las marcas de cosm\u00e9ticos de gama alta, sino que tambi\u00e9n atrae la atenci\u00f3n de los consumidores cuando se expone y realza la capacidad premium del producto.<\/li>\n<li><strong>Contraste de color personalizado en el interior de la caja<\/strong>\u00a0Admite\u00a0<strong>personalizaci\u00f3n<\/strong>\u00a0del color del revestimiento de la caja. Los clientes pueden especificar n\u00fameros de color Pantone o proporcionar dibujos de dise\u00f1o para conseguir un fuerte contraste entre el color de la pared interior y el aspecto del l\u00e1ser. Por ejemplo, un forro oscuro con l\u00e1ser plateado puede realzar la sensaci\u00f3n de misterio, mientras que un forro brillante puede resaltar la vitalidad del producto.<\/li>\n<li><strong>C\u00f3moda estructura de solapas plegables<\/strong>\u00a0Adopta\u00a0<strong>dise\u00f1o de tapa abatible<\/strong>Una vez abierta, puede cerrarse firmemente mediante succi\u00f3n magn\u00e9tica o estructura de hebilla. Una vez cerrada, su grosor es s\u00f3lo 1\/3 del de las cajas tradicionales, lo que resulta c\u00f3modo para el transporte y el almacenamiento. La caja puede configurarse de forma flexible con particiones en capas o bandejas interiores de EVA para adaptarse a cosm\u00e9ticos de diferentes especificaciones (como esencias, barras de labios, polvos, etc.) para mostrar de forma intuitiva la forma del producto.<\/li>\n<li><strong>Gastos de env\u00edo reducidos<\/strong>\u00a0El producto acabado se env\u00eda en forma de\u00a0<strong>componentes planos<\/strong>, que puede formarse simplemente pleg\u00e1ndola despu\u00e9s de que el cliente la reciba. En comparaci\u00f3n con las cajas preinstaladas tradicionales, puede reducir el volumen de transporte en 60% y reducir los costes log\u00edsticos, lo que resulta especialmente adecuado para escenarios de comercio electr\u00f3nico transfronterizo o compras al por mayor.<\/li>\n<\/ol>\n<h2 id=\"-customized-service-support-\"><strong>Servicio de asistencia personalizado<\/strong><\/h2>\n<ol>\n<li><strong>Libertad total de dise\u00f1o dimensional<\/strong><\/li>\n<li><strong>Tama\u00f1o flexible<\/strong>: Admite la personalizaci\u00f3n a tama\u00f1o completo, desde minicajas para pintalabios (5\u00d75\u00d72 cm) hasta cajas de regalo (30\u00d720\u00d710 cm), con un control de errores de \u00b10,5 mm.<\/li>\n<li><strong>Procesos diversos<\/strong>: Ofrece opciones de estampaci\u00f3n en caliente, gofrado, flocado, serigraf\u00eda y otros procesos, y puede equiparse con ventanas transparentes de PVC o dispositivos magn\u00e9ticos de apertura y cierre para mejorar la funcionalidad y la est\u00e9tica.<\/li>\n<li><strong>Mejora del material<\/strong>: Adem\u00e1s de la tarjeta plateada l\u00e1ser, se dispone de papel especial, cuero PU, cart\u00f3n de densidad y otros materiales para satisfacer las necesidades de posicionamiento de diferentes marcas.<\/li>\n<li><strong>Garant\u00eda de calidad de la f\u00e1brica de origen<\/strong>\u00a0En\u00a0<strong>Fabricante chino de fuentes de envases de gama alta<\/strong>Contamos con una f\u00e1brica autogestionada de 10.000\u33a1 y m\u00e1s de 200 equipos profesionales, que dan soporte a todo el proceso de servicio, desde la prueba del dise\u00f1o (3-5 d\u00edas) hasta la producci\u00f3n en serie (7-15 d\u00edas). Adoptamos papel de cart\u00f3n gris respetuoso con el medio ambiente y adhesivos de calidad alimentaria, aprobamos la certificaci\u00f3n de calidad ISO y garantizamos que el producto cumple las normas de seguridad internacionales.<\/li>\n<\/ol>\n<h2 id=\"-price-and-batch-policy-\"><strong>Pol\u00edtica de precios y lotes<\/strong><\/h2>\n<ul>\n<li><strong>Cantidad m\u00ednima de pedido<\/strong>: 500 piezas, las grandes cantidades disfrutan de descuentos escalonados (15% de descuento para m\u00e1s de 5.000 piezas).<\/li>\n<li><strong>Presupuesto transparente<\/strong>: El precio ex-f\u00e1brica no incluye impuestos, proporcionar recibos o facturas de IVA (los costes de facturaci\u00f3n se calculan por separado), y apoyar la entrega global por mar \/ aire.<\/li>\n<\/ul>","protected":false},"excerpt":{"rendered":"<p>1. El cuerpo de la caja est\u00e1 hecho de l\u00e1mina hologr\u00e1fica estampada en caliente, que tiene un magn\u00edfico efecto visual y aumenta el sentido de la moda y el atractivo del producto.<br \/>\n2. La caja puede personalizarse con su color favorito, que forma un contraste de color con la apariencia del l\u00e1ser y resalta la exposici\u00f3n del producto.<br \/>\n3. La estructura plegable de las cajas de regalo es f\u00e1cil de abrir y puede mostrar intuitivamente el espacio interior.<\/p>","protected":false},"featured_media":8915,"template":"","meta":[],"product_brand":[],"product_cat":[30,427,390,31],"product_tag":[1016,1015,1017],"class_list":{"0":"post-8912","1":"product","2":"type-product","3":"status-publish","4":"has-post-thumbnail","6":"product_cat-by-industry","7":"product_cat-collapsible-gift-boxes","8":"product_cat-custom-cosmetics-boxes","9":"product_cat-paper-box-style","10":"product_tag-cosmetic-collapsible-rigid-gift-box","11":"product_tag-custom-cosmetic-gift-box","12":"product_tag-luxury-cosmetic-gift-box","14":"first","15":"instock","16":"shipping-taxable","17":"product-type-simple"},"_links":{"self":[{"href":"https:\/\/zojopackaging.com\/es\/wp-json\/wp\/v2\/product\/8912","targetHints":{"allow":["GET"]}}],"collection":[{"href":"https:\/\/zojopackaging.com\/es\/wp-json\/wp\/v2\/product"}],"about":[{"href":"https:\/\/zojopackaging.com\/es\/wp-json\/wp\/v2\/types\/product"}],"version-history":[{"count":2,"href":"https:\/\/zojopackaging.com\/es\/wp-json\/wp\/v2\/product\/8912\/revisions"}],"predecessor-version":[{"id":8934,"href":"https:\/\/zojopackaging.com\/es\/wp-json\/wp\/v2\/product\/8912\/revisions\/8934"}],"wp:featuredmedia":[{"embeddable":true,"href":"https:\/\/zojopackaging.com\/es\/wp-json\/wp\/v2\/media\/8915"}],"wp:attachment":[{"href":"https:\/\/zojopackaging.com\/es\/wp-json\/wp\/v2\/media?parent=8912"}],"wp:term":[{"taxonomy":"product_brand","embeddable":true,"href":"https:\/\/zojopackaging.com\/es\/wp-json\/wp\/v2\/product_brand?post=8912"},{"taxonomy":"product_cat","embeddable":true,"href":"https:\/\/zojopackaging.com\/es\/wp-json\/wp\/v2\/product_cat?post=8912"},{"taxonomy":"product_tag","embeddable":true,"href":"https:\/\/zojopackaging.com\/es\/wp-json\/wp\/v2\/product_tag?post=8912"}],"curies":[{"name":"wp","href":"https:\/\/api.w.org\/{rel}","templated":true}]}}