{"id":8937,"date":"2025-03-31T19:13:59","date_gmt":"2025-03-31T11:13:59","guid":{"rendered":"https:\/\/zojopackaging.com\/?post_type=product&#038;p=8937"},"modified":"2025-03-31T19:36:35","modified_gmt":"2025-03-31T11:36:35","slug":"custom-designs-christmas-socks-packaging-boxes-wholesale","status":"publish","type":"product","link":"https:\/\/zojopackaging.com\/es\/product\/custom-designs-christmas-socks-packaging-boxes-wholesale\/","title":{"rendered":"Dise\u00f1os personalizados Calcetines de Navidad Cajas de embalaje al por mayor"},"content":{"rendered":"<h2 id=\"-1-precise-customization-perfect-fit-for-the-product-\"><strong>1. Personalizaci\u00f3n precisa, ajuste perfecto al producto<\/strong><\/h2>\n<p>Apoyamos\u00a0<strong>servicios de personalizaci\u00f3n de procesos completos<\/strong>\u00a0en funci\u00f3n del tama\u00f1o, la forma y los requisitos de exposici\u00f3n de sus medias de Navidad:<\/p>\n<ul>\n<li><strong>Ajuste flexible del tama\u00f1o<\/strong>: Desde las mini medias hasta las cajas de regalo gruesas, pueden personalizarse seg\u00fan el tama\u00f1o real del producto para garantizar que el embalaje se ajuste bien al contenido y reducir las sacudidas durante el transporte.<\/li>\n<li><strong>Dise\u00f1o de forro personalizado<\/strong>: El uso de forro de esponja EVA, algod\u00f3n perlado o flocado no s\u00f3lo mejora la protecci\u00f3n, sino que tambi\u00e9n permite clasificar y almacenar varias categor\u00edas de medias de Navidad (como adultos, ni\u00f1os y accesorios) mediante la estructura de particiones, lo que aumenta la practicidad de la caja de regalo.<\/li>\n<li><strong>Opciones de funciones ampliadas<\/strong>: Admite la adici\u00f3n de accesorios como hebillas magn\u00e9ticas y correas de cinta para satisfacer las necesidades rituales de apertura de las cajas de regalo de gama alta.<\/li>\n<\/ul>\n<h2 id=\"-2-flip-top-structure-taking-into-account-convenience-and-display-\"><strong>2. Estructura de cierre megn\u00e9tica, teniendo en cuenta la comodidad y la visualizaci\u00f3n<\/strong><\/h2>\n<p>Adoptar el cierre megn\u00e9tico<strong>\u00a0dise\u00f1o<\/strong>\u00a0para optimizar la experiencia del usuario:<\/p>\n<ul>\n<li><strong>Apertura y cierre flexibles<\/strong>: La tapa y el cuerpo de la caja est\u00e1n unidos mediante un preciso proceso de hendido, que permite colocarla plana a 180\u00b0, lo que resulta muy pr\u00e1ctico para exponerla en comercios o de forma intuitiva al hacer un regalo.<\/li>\n<li><strong>Escaparate tridimensional<\/strong>: Dise\u00f1o opcional de ventana de PVC transparente, con tecnolog\u00eda de pel\u00edcula mate de papel recubierto de 157 GSM, puede proteger el producto y resaltar los exquisitos detalles del motivo navide\u00f1o.<\/li>\n<li><strong>Portabilidad mejorada<\/strong>: El grosor de la caja se controla dentro de los 15 mm, teniendo en cuenta tanto la capacidad de carga como el peso ligero, adecuado para estanter\u00edas de supermercados y escenarios de entrega urgente.<\/li>\n<\/ul>\n<h2 id=\"-three-high-end-materials-environmental-protection-and-texture-coexist-\"><strong>3. Materiales de alta gama, protecci\u00f3n del medio ambiente y textura coexisten<\/strong><\/h2>\n<p>Seleccionar estrictamente materiales de envasado que cumplan las normas internacionales:<\/p>\n<ul>\n<li><strong>Cart\u00f3n gris 1200 GSM<\/strong>: N\u00facleo de papel cart\u00f3n gris de alta densidad, resistencia a la compresi\u00f3n de m\u00e1s de 50 kg, para garantizar que la caja de regalo no se deforme durante el apilamiento y el almacenamiento, y ha pasado la certificaci\u00f3n SGS, en l\u00ednea con los requisitos de seguridad de contacto de grado alimentario.<\/li>\n<li><strong>Papel estucado 157 GSM<\/strong>: La superficie est\u00e1 cubierta con pel\u00edcula mate\/brillante, el grado de reproducci\u00f3n del color alcanza los 98%, presenta con precisi\u00f3n a Pap\u00e1 Noel, los copos de nieve y los alces y otros elementos navide\u00f1os, con un tacto delicado y antihuellas.<\/li>\n<li><strong>Tecnolog\u00eda respetuosa con el medio ambiente<\/strong>: Mediante la impresi\u00f3n con tintas al agua y adhesivos degradables, cumple las normas medioambientales REACH de la UE y FDA de EE.UU., ayudando a las marcas a transmitir conceptos sostenibles.<\/li>\n<\/ul>\n<h2 id=\"-fourth-heidelberg-printing-technology-vivid-and-lasting-colors-\"><strong>4. Tecnolog\u00eda de impresi\u00f3n Heidelberg, colores vivos y duraderos.<\/strong><\/h2>\n<p>Confiar en\u00a0<strong>M\u00e1quina de impresi\u00f3n alemana Heidelberg CX 102-8+L<\/strong>La calidad de impresi\u00f3n es l\u00edder en el sector:<\/p>\n<ul>\n<li><strong>Resoluci\u00f3n ultran\u00edtida<\/strong>: Fabricaci\u00f3n de planchas de alta definici\u00f3n de 2400 ppp, restaura con precisi\u00f3n los colores degradados y el texto peque\u00f1o (como logotipos de marca, felicitaciones navide\u00f1as), y evita la desviaci\u00f3n por sobreimpresi\u00f3n.<\/li>\n<li><strong>Bendici\u00f3n especial del proceso<\/strong>: Admite estampaci\u00f3n en caliente, glaseado local UV, relieve 3D y otros efectos, como a\u00f1adir textura de grano de nieve tridimensional o bordes dorados intermitentes a los patrones de medias navide\u00f1as para realzar el ambiente festivo.<\/li>\n<li><strong>Estricto control de calidad<\/strong>: Despu\u00e9s de cada lote de impresi\u00f3n, la diferencia de color (\u0394E\u22642) se detecta mediante un espectrofot\u00f3metro para garantizar la coherencia de la producci\u00f3n en serie.<\/li>\n<\/ul>\n<h2 id=\"-v-large-scale-intelligent-manufacturing-16-years-of-quality-assurance-\"><strong>5. Fabricaci\u00f3n inteligente a gran escala, 16 a\u00f1os de garant\u00eda de calidad<\/strong><\/h2>\n<p>Confiar en\u00a0<strong>5.320 metros cuadrados de base de producci\u00f3n propia<\/strong>Ofrecemos servicios de cadena de suministro eficaces y fiables:<\/p>\n<ul>\n<li><strong>Capacidad de cadena completa<\/strong>: Equipada con troqueladoras autom\u00e1ticas, encoladoras de cajas y l\u00edneas de inspecci\u00f3n de calidad, con una capacidad de producci\u00f3n diaria de 100.000 cajas, soporta la entrega r\u00e1pida en 72 horas de los pedidos urgentes.<\/li>\n<li><strong>16 a\u00f1os de experiencia<\/strong>: Prestamos servicio a m\u00e1s de 500 clientes de todo el mundo y estamos familiarizados con los requisitos de conformidad de los mercados europeo y estadounidense para los envases navide\u00f1os (como la certificaci\u00f3n FSC).<\/li>\n<li><strong>Servicio de ventanilla \u00fanica<\/strong>: Desde la prueba del dise\u00f1o (de 3 a 5 d\u00edas para la prueba) hasta la distribuci\u00f3n log\u00edstica (servicio de consignaci\u00f3n), personal especializado realiza un seguimiento durante todo el proceso para reducir los costes de comunicaci\u00f3n con el cliente.<\/li>\n<\/ul>\n<h2 id=\"-sixth-direct-supply-from-the-source-factory-the-first-choice-for-cost-effectiveness-\"><strong>6. Suministro directo desde la f\u00e1brica de origen, la primera opci\u00f3n por rentabilidad<\/strong><\/h2>\n<ul>\n<li><strong>Venta directa al por mayor a precio de f\u00e1brica<\/strong>: Elimine el aumento de precio de los intermediarios, pedidos al por mayor (a partir de 500).<\/li>\n<li><strong>Descuento por gradiente personalizado<\/strong>: Modificaci\u00f3n gratuita del proyecto de dise\u00f1o para pedidos superiores a 50.000 cajas, y subvenciones log\u00edsticas para pedidos superiores a 100.000 cajas, lo que ayuda a las marcas a controlar los costes y aumentar la eficacia.<\/li>\n<\/ul>\n<p><strong>Escenarios de aplicaci\u00f3n<\/strong><\/p>\n<ul>\n<li><strong>Cajas de regalo navide\u00f1as<\/strong>: Regalos de empresa con tem\u00e1tica navide\u00f1a, lotes de venta al por menor (como calcetines + tarjetas de felicitaci\u00f3n).<\/li>\n<li><strong>Comercio electr\u00f3nico transfronterizo<\/strong>: Cumplir con las especificaciones de embalaje de Amazon FBA y adaptarse a las necesidades de compra de la temporada navide\u00f1a de las familias europeas y americanas.<\/li>\n<li><strong>Marca compartida<\/strong>: Soporta la personalizaci\u00f3n de la imagen IP (como los patrones autorizados de Disney) para aumentar el espacio premium del producto.<\/li>\n<\/ul>\n<p><strong>Proceso de cooperaci\u00f3n<\/strong><\/p>\n<ol>\n<li><strong>Demanda de confirmaci\u00f3n<\/strong>: Proporcione el tama\u00f1o del producto, el proyecto de dise\u00f1o o la caja de muestras de referencia.<\/li>\n<li><strong>Prueba 3D<\/strong>: Env\u00edo de cajas de muestras f\u00edsicas en un plazo de 72 horas.<\/li>\n<li><strong>Producci\u00f3n en serie<\/strong>: Despu\u00e9s de confirmar la muestra, la entrega a granel se completar\u00e1 en 7-10 d\u00edas.<\/li>\n<\/ol>","protected":false},"excerpt":{"rendered":"<p>1. Apoyar tama\u00f1o personalizado y forro de acuerdo a su producto, por lo que el producto se ajusta a la caja mejor.<br \/>\n2. dise\u00f1o de cierre magn\u00e9tico, flexible para abrir y sacar el producto, f\u00e1cil de exponer<br \/>\n3. Aplicable a la fabricaci\u00f3n de cart\u00f3n gris de 1200 GSM y papel art\u00edstico estucado de 157 GSM<\/p>","protected":false},"featured_media":8940,"template":"","meta":[],"product_brand":[],"product_cat":[30,414,424,31],"product_tag":[1022,897,1021],"class_list":{"0":"post-8937","1":"product","2":"type-product","3":"status-publish","4":"has-post-thumbnail","6":"product_cat-by-industry","7":"product_cat-custom-apparel-boxes","8":"product_cat-magnetic-closure-boxes","9":"product_cat-paper-box-style","10":"product_tag-christmas-socks-packaging","11":"product_tag-custom-boxes-wholesale","12":"product_tag-socks-packaging-boxes","14":"first","15":"instock","16":"shipping-taxable","17":"product-type-simple"},"_links":{"self":[{"href":"https:\/\/zojopackaging.com\/es\/wp-json\/wp\/v2\/product\/8937","targetHints":{"allow":["GET"]}}],"collection":[{"href":"https:\/\/zojopackaging.com\/es\/wp-json\/wp\/v2\/product"}],"about":[{"href":"https:\/\/zojopackaging.com\/es\/wp-json\/wp\/v2\/types\/product"}],"version-history":[{"count":1,"href":"https:\/\/zojopackaging.com\/es\/wp-json\/wp\/v2\/product\/8937\/revisions"}],"predecessor-version":[{"id":8952,"href":"https:\/\/zojopackaging.com\/es\/wp-json\/wp\/v2\/product\/8937\/revisions\/8952"}],"wp:featuredmedia":[{"embeddable":true,"href":"https:\/\/zojopackaging.com\/es\/wp-json\/wp\/v2\/media\/8940"}],"wp:attachment":[{"href":"https:\/\/zojopackaging.com\/es\/wp-json\/wp\/v2\/media?parent=8937"}],"wp:term":[{"taxonomy":"product_brand","embeddable":true,"href":"https:\/\/zojopackaging.com\/es\/wp-json\/wp\/v2\/product_brand?post=8937"},{"taxonomy":"product_cat","embeddable":true,"href":"https:\/\/zojopackaging.com\/es\/wp-json\/wp\/v2\/product_cat?post=8937"},{"taxonomy":"product_tag","embeddable":true,"href":"https:\/\/zojopackaging.com\/es\/wp-json\/wp\/v2\/product_tag?post=8937"}],"curies":[{"name":"wp","href":"https:\/\/api.w.org\/{rel}","templated":true}]}}