{"id":8945,"date":"2025-03-31T19:23:57","date_gmt":"2025-03-31T11:23:57","guid":{"rendered":"https:\/\/zojopackaging.com\/?post_type=product&#038;p=8945"},"modified":"2025-03-31T19:52:07","modified_gmt":"2025-03-31T11:52:07","slug":"custom-unique-perfume-packaging-box-saudi-design-manufacturer","status":"publish","type":"product","link":"https:\/\/zojopackaging.com\/es\/product\/custom-unique-perfume-packaging-box-saudi-design-manufacturer\/","title":{"rendered":"Custom Unique Perfume Packaging Box Saudi Design Fabricante"},"content":{"rendered":"<h3 id=\"-1-350g-single-powder-card-material-retro-texture-and-durability-\"><strong>1. 350 g de material de tarjeta de polvo \u00fanico: textura retro y durabilidad.<\/strong><\/h3>\n<p>Con papel de cartulina de 350 g, la superficie es suave y delicada. Los tonos retro del dibujo naranja y el fondo beige se restauran con precisi\u00f3n gracias a la impresi\u00f3n en cuatricrom\u00eda. Con la tecnolog\u00eda UV de placa completa, el motivo presenta una textura de alto brillo, simulando el efecto de pintura retro, al tiempo que mejora el rendimiento antiara\u00f1azos para garantizar que no se desgaste f\u00e1cilmente durante el transporte.<\/p>\n<h3 id=\"-2-retro-clock-pattern-design-visual-symbol-of-brand-concept-\"><strong>2. Dise\u00f1o de patr\u00f3n de reloj retro: s\u00edmbolo visual del concepto de marca<\/strong><\/h3>\n<p>El centro de la superficie de la caja presenta un reloj de n\u00fameros romanos (\u216a, \u216b, \u2160, etc.) con tecnolog\u00eda de talla retro, que simboliza los \"momentos preciosos\", rodeado de motivos barrocos de vid, combinados con fondo beige y degradado naranja, creando un lujo nost\u00e1lgico, en l\u00ednea con el tono narrativo de las marcas de perfumes de alta gama.<\/p>\n<h3 id=\"-3-four-color-printing-full-page-uv-double-upgrade-of-color-and-touch-\"><strong>3. Impresi\u00f3n en cuatricrom\u00eda + UV a toda p\u00e1gina: doble mejora del color y el tacto<\/strong><\/h3>\n<p>El naranja (Pantone 165C) y el beige (Pantone Warm Gray 1C) del boceto del dise\u00f1o se restauran con precisi\u00f3n mediante la cuatricrom\u00eda Heidelberg, y el lacado UV a toda p\u00e1gina cubre la superficie de la caja, formando un contraste de capas entre las superficies mate y brillante, con un tacto delicado como la seda, y resaltando visualmente el efecto de relieve tridimensional.<\/p>\n<h3 id=\"-4-roman-numerals-and-clock-elements-details-strengthen-the-brand-story-\"><strong>4. N\u00fameros romanos y elementos del reloj: los detalles refuerzan la historia de la marca<\/strong><\/h3>\n<p>El patr\u00f3n del reloj en la superficie de la caja adopta la tecnolog\u00eda de grabado l\u00e1ser c\u00f3ncavo y convexo, los bordes de los n\u00fameros son claros y n\u00edtidos, y el patr\u00f3n de la vid presenta un toque tridimensional a trav\u00e9s del proceso de repujado, haci\u00e9ndose eco del lema \"ESTE ES UN MOMENTO ENCANTADOR PARA TI\", transmitiendo la b\u00fasqueda del sentido ritual de la marca.<\/p>\n<h3 id=\"-5-orange-and-white-contrast-pure-white-background-highly-recognizable-minimalist-aesthetics-\"><strong>5. Contraste naranja y blanco + fondo blanco puro: est\u00e9tica minimalista muy reconocible.<\/strong><\/h3>\n<p>El motivo principal naranja forma un contraste de baja saturaci\u00f3n con el fondo beige, y se combina con el borde de la caja inferior en blanco puro para crear una sensaci\u00f3n de lujo; el texto \"PERFUME\" utiliza una fuente serif con tecnolog\u00eda hot black gold, y se mezcla con una fuente sans-serif de eslogan para equilibrar la est\u00e9tica retro y la moderna.<\/p>\n<h3 id=\"-6-factory-automated-production-7-day-fast-delivery-of-retro-complex-structures-\"><strong>6. Producci\u00f3n automatizada en f\u00e1brica: Entrega r\u00e1pida en 7 d\u00edas de estructuras retrocomplejas<\/strong><\/h3>\n<p>La f\u00e1brica propia est\u00e1 equipada con un equipo de troquelado totalmente autom\u00e1tico, que admite el troquelado de alta precisi\u00f3n de patrones complejos y n\u00fameros romanos (error \u2264 0,1 mm), combinado con 7-9 d\u00edas de capacidad de entrega r\u00e1pida, para satisfacer las necesidades de personalizaci\u00f3n de lotes peque\u00f1os (cantidad m\u00ednima de pedido 500 piezas), garantizando la restauraci\u00f3n del dise\u00f1o.<\/p>\n<h3 id=\"-7-environmental-certification-endorsement-sustainable-technology-is-suitable-for-the-international-market-\"><strong>7. Aval de certificaci\u00f3n medioambiental: La tecnolog\u00eda sostenible es apta para el mercado internacional<\/strong><\/h3>\n<p>El uso de cart\u00f3n con certificaci\u00f3n FSC y barniz al agua cumple las normas medioambientales REACH de la UE. Al mismo tiempo, el proceso UV mate reduce la contaminaci\u00f3n vol\u00e1til de la tinta, lo que ayuda a la marca a crear el concepto de \"retro respetuoso con el medio ambiente\" y a satisfacer las necesidades de envases sostenibles de los mercados europeo y estadounidense.<\/p>","protected":false},"excerpt":{"rendered":"<p>Este dise\u00f1o se personaliz\u00f3 para una marca europea especializada en fragancias para salones de belleza. El elemento del reloj transmite el concepto de \"cl\u00e1sico eterno\". El revestimiento UV de la superficie de la caja realza la sensaci\u00f3n de ceremonia al abrirla. Los comentarios de los clientes muestran que la tasa de recompra de las cajas regalo ha aumentado en 25%.<\/p>","protected":false},"featured_media":8947,"template":"","meta":[],"product_brand":[],"product_cat":[30,417,430,31],"product_tag":[817,1024,1023],"class_list":{"0":"post-8945","1":"product","2":"type-product","3":"status-publish","4":"has-post-thumbnail","6":"product_cat-by-industry","7":"product_cat-custom-perfume-boxes-by-industry","8":"product_cat-folding-cartons","9":"product_cat-paper-box-style","10":"product_tag-custom-box","11":"product_tag-packaging-box-saudi-design","12":"product_tag-unique-perfume-packaging-box","14":"first","15":"instock","16":"shipping-taxable","17":"product-type-grouped"},"_links":{"self":[{"href":"https:\/\/zojopackaging.com\/es\/wp-json\/wp\/v2\/product\/8945","targetHints":{"allow":["GET"]}}],"collection":[{"href":"https:\/\/zojopackaging.com\/es\/wp-json\/wp\/v2\/product"}],"about":[{"href":"https:\/\/zojopackaging.com\/es\/wp-json\/wp\/v2\/types\/product"}],"version-history":[{"count":1,"href":"https:\/\/zojopackaging.com\/es\/wp-json\/wp\/v2\/product\/8945\/revisions"}],"predecessor-version":[{"id":8959,"href":"https:\/\/zojopackaging.com\/es\/wp-json\/wp\/v2\/product\/8945\/revisions\/8959"}],"wp:featuredmedia":[{"embeddable":true,"href":"https:\/\/zojopackaging.com\/es\/wp-json\/wp\/v2\/media\/8947"}],"wp:attachment":[{"href":"https:\/\/zojopackaging.com\/es\/wp-json\/wp\/v2\/media?parent=8945"}],"wp:term":[{"taxonomy":"product_brand","embeddable":true,"href":"https:\/\/zojopackaging.com\/es\/wp-json\/wp\/v2\/product_brand?post=8945"},{"taxonomy":"product_cat","embeddable":true,"href":"https:\/\/zojopackaging.com\/es\/wp-json\/wp\/v2\/product_cat?post=8945"},{"taxonomy":"product_tag","embeddable":true,"href":"https:\/\/zojopackaging.com\/es\/wp-json\/wp\/v2\/product_tag?post=8945"}],"curies":[{"name":"wp","href":"https:\/\/api.w.org\/{rel}","templated":true}]}}