{"id":8953,"date":"2025-03-31T19:37:25","date_gmt":"2025-03-31T11:37:25","guid":{"rendered":"https:\/\/zojopackaging.com\/?post_type=product&#038;p=8953"},"modified":"2025-03-31T20:03:13","modified_gmt":"2025-03-31T12:03:13","slug":"wholesale-custom-jewelry-ring-packaging-boxes-with-logo","status":"publish","type":"product","link":"https:\/\/zojopackaging.com\/es\/product\/wholesale-custom-jewelry-ring-packaging-boxes-with-logo\/","title":{"rendered":"Mayorista Anillo de joyer\u00eda de encargo Cajas de embalaje con logotipo"},"content":{"rendered":"<h2 id=\"-core-advantages-of-the-product-\"><strong>Principales ventajas del producto<\/strong><\/h2>\n<ol>\n<li><strong>C\u00f3modo dise\u00f1o tipo caj\u00f3n<\/strong>\u00a0Con una estructura tipo caj\u00f3n, la caja interior puede extraerse f\u00e1cilmente, lo que facilita la exposici\u00f3n y la recogida de los anillos de joyer\u00eda. Las cajas interior y exterior est\u00e1n estrechamente anidadas, y la apertura y el cierre son suaves, combinando la practicidad con un aspecto elegante, adecuado para la exhibici\u00f3n de joyas de alta gama y escenas de regalo.<\/li>\n<li><strong>Proceso de impresi\u00f3n Heidelberg<\/strong>\u00a0La impresi\u00f3n de superficie utiliza la m\u00e1quina de impresi\u00f3n Heidelberg importada de Alemania para garantizar que los motivos, logotipos y textos sean claros y brillantes, y que el color sea uniforme y c\u00e1lido. Admite impresi\u00f3n en cuatricrom\u00eda de alta precisi\u00f3n y personalizaci\u00f3n de colores planos para satisfacer las necesidades de unificaci\u00f3n visual de la marca VI y mejorar la textura y el reconocimiento del envase.<\/li>\n<li><strong>Material ecol\u00f3gico de alta resistencia<\/strong>\u00a0El cuerpo principal est\u00e1 hecho de cart\u00f3n gris de alta densidad de 1200 GSM, resistente a la presi\u00f3n y los impactos, y que no se deforma f\u00e1cilmente durante el transporte; la capa exterior est\u00e1 recubierta de papel estucado de 157 GSM, que tiene un tacto delicado y una buena aptitud para la impresi\u00f3n. El material cumple las normas medioambientales internacionales (como la certificaci\u00f3n FSC), teniendo en cuenta la durabilidad y la sostenibilidad.<\/li>\n<li><strong>Personalizaci\u00f3n flexible del proceso y el tama\u00f1o<\/strong><\/li>\n<li><strong>Proceso diversificado<\/strong>: Soporta estampaci\u00f3n en caliente, plata caliente, gofrado, UV, serigraf\u00eda y otros procesos, se puede combinar con el tono de la marca para dise\u00f1ar relieve tridimensional o efecto de brillo met\u00e1lico para mejorar el grado de envasado.<\/li>\n<li><strong>Ajuste de tallas gratuito<\/strong>: Personalice las especificaciones de la caja de embalaje seg\u00fan el tama\u00f1o del anillo, la cantidad y los requisitos de exposici\u00f3n, como caja de anillo simple, caja de anillo doble o caja combinada de caj\u00f3n multicapa.<\/li>\n<li><strong>Soluci\u00f3n profesional de fijaci\u00f3n de revestimientos<\/strong>\u00a0Bandeja interior con forro de EVA o flocado personalizable, ranurado preciso para fijar la anilla y evitar sacudidas y ara\u00f1azos durante el transporte. El color del forro (como azul zafiro, gris de alto grado) y el material (terciopelo\/PU) pueden seleccionarse seg\u00fan sea necesario para mejorar la protecci\u00f3n del producto y la unidad visual.<\/li>\n<\/ol>\n<h2 id=\"-production-and-service-guarantee-\"><strong>Garant\u00eda de producci\u00f3n y servicio<\/strong><\/h2>\n<ol>\n<li><strong>16 a\u00f1os de solidez de la f\u00e1brica de origen<\/strong>\u00a0Contamos con modernas naves industriales y maduras l\u00edneas de producci\u00f3n, equipadas con m\u00e1quinas de impresi\u00f3n Heidelberg, plegadoras encoladoras totalmente autom\u00e1ticas y otros equipos, con una capacidad de producci\u00f3n anual de m\u00e1s de 10 millones de piezas, lo que nos permite atender con eficacia pedidos de gran volumen.<\/li>\n<li><strong>Servicio completo de personalizaci\u00f3n de procesos<\/strong><\/li>\n<li><strong>Apoyo al dise\u00f1o<\/strong>: Proporcionamos pruebas gratuitas y confirmaci\u00f3n de renderizado en 3D para garantizar que los detalles del dise\u00f1o coinciden con el producto real.<\/li>\n<li><strong>Soluciones exclusivas<\/strong>: Recomendar combinaciones de artesan\u00eda y materiales en funci\u00f3n del posicionamiento de la marca (lujo ligero, retro, minimalista, etc.) para optimizar costes y efectos.<\/li>\n<li><strong>Estricto control de calidad<\/strong>: Inspecci\u00f3n de calidad de enlace completo desde la selecci\u00f3n de materiales hasta los productos acabados, control de errores \u22640,5 mm, para garantizar la coherencia de los lotes.<\/li>\n<li><strong>Adaptaci\u00f3n de la log\u00edstica mundial<\/strong>\u00a0La caja de embalaje es ligera (unos 0,3-0,5 kg), admite la exportaci\u00f3n transfronteriza y se adapta a las normas de transporte de plataformas como Amazon y estaciones independientes. Se puede proporcionar un embalaje de pel\u00edcula a prueba de humedad o una protecci\u00f3n de bolsa OPP independiente para garantizar un transporte de larga distancia sin da\u00f1os.<\/li>\n<\/ol>\n<h2 id=\"-application-scenarios-and-cases-\"><strong>Escenarios y casos de aplicaci\u00f3n<\/strong><\/h2>\n<ul>\n<li><strong>Estuche de marca<\/strong>: Cajas de cajones personalizadas con logotipo estampado en oro para marcas europeas de joyer\u00eda ligera de lujo, con forro azul Tiffany, con un env\u00edo mensual medio de m\u00e1s de 50.000 piezas.<\/li>\n<li><strong>Categor\u00edas aplicables<\/strong>: anillos de diamantes, anillos de pareja de piedras preciosas, alianzas personalizadas, joyas vintage de plata, etc., y tambi\u00e9n puede ampliarse a collares, pendientes y otros envases combinados de varias categor\u00edas.<\/li>\n<\/ul>\n<p><strong>Proceso de cooperaci\u00f3n<\/strong>: comunicaci\u00f3n de la demanda \u2192 pruebas de dise\u00f1o \u2192 confirmaci\u00f3n del plan \u2192 producci\u00f3n en serie \u2192 inspecci\u00f3n de calidad y env\u00edo (ciclo de 7-15 d\u00edas).\u00a0<strong>Cantidad m\u00ednima de pedido<\/strong>: 500 piezas.<\/p>\n<p>Si necesita m\u00e1s informaci\u00f3n sobre los detalles del producto u obtener un presupuesto, p\u00f3ngase en contacto con el servicio de atenci\u00f3n al cliente para facilitarnos borradores de dise\u00f1o y requisitos de personalizaci\u00f3n. Le ofreceremos la mejor soluci\u00f3n en 24 horas.<\/p>\n<h2 id=\"-reference-process-and-material-examples-\"><strong>Ejemplos de procesos y materiales de referencia<\/strong><\/h2>\n<table>\n<thead>\n<tr>\n<th>Tipo de proceso<\/th>\n<th>Efecto aplicable<\/th>\n<th>Escenario recomendado<\/th>\n<\/tr>\n<\/thead>\n<tbody>\n<tr>\n<td>Estampaci\u00f3n en caliente\/plata<\/td>\n<td>Brillo met\u00e1lico, realce del logotipo de la marca<\/td>\n<td>Art\u00edculos de lujo de gama alta, series de bodas<\/td>\n<\/tr>\n<tr>\n<td>Gofrado + UV<\/td>\n<td>Tacto tridimensional, patr\u00f3n resistente a los ara\u00f1azos<\/td>\n<td>Art\u00edculos de moda ligera de lujo<\/td>\n<\/tr>\n<tr>\n<td>Serigraf\u00eda + flocado<\/td>\n<td>Textura mate, forro suave<\/td>\n<td>Joyas vintage, accesorios hechos a mano<\/td>\n<\/tr>\n<\/tbody>\n<\/table>\n<p>Gracias a la personalizaci\u00f3n profesional, el envase se convierte en una extensi\u00f3n del valor de la marca.<\/p>","protected":false},"excerpt":{"rendered":"<p>1. Dise\u00f1o de caja de papel de caj\u00f3n, la caja interior se puede sacar como un caj\u00f3n, conveniente para sacar y mostrar productos.<br \/>\n2. La superficie se imprime con la prensa de impresi\u00f3n Heidelberg, el contenido es claro y brillante, y el color es c\u00e1lido<br \/>\n3. El material est\u00e1 hecho de cart\u00f3n gris adecuado de 1200 GSM y papel art\u00edstico recubierto de 157 GSM, que no se deformar\u00e1 durante el transporte.<\/p>","protected":false},"featured_media":8954,"template":"","meta":[],"product_brand":[],"product_cat":[30,415,31,426],"product_tag":[890,1025,1026],"class_list":{"0":"post-8953","1":"product","2":"type-product","3":"status-publish","4":"has-post-thumbnail","6":"product_cat-by-industry","7":"product_cat-custom-jewelry-boxes-by-industry","8":"product_cat-paper-box-style","9":"product_cat-paper-drawer-boxes","10":"product_tag-custom-jewelry-packaging","11":"product_tag-ring-packaging-boxes","12":"product_tag-ring-packaging-wholesale","14":"first","15":"instock","16":"shipping-taxable","17":"product-type-simple"},"_links":{"self":[{"href":"https:\/\/zojopackaging.com\/es\/wp-json\/wp\/v2\/product\/8953","targetHints":{"allow":["GET"]}}],"collection":[{"href":"https:\/\/zojopackaging.com\/es\/wp-json\/wp\/v2\/product"}],"about":[{"href":"https:\/\/zojopackaging.com\/es\/wp-json\/wp\/v2\/types\/product"}],"version-history":[{"count":1,"href":"https:\/\/zojopackaging.com\/es\/wp-json\/wp\/v2\/product\/8953\/revisions"}],"predecessor-version":[{"id":8967,"href":"https:\/\/zojopackaging.com\/es\/wp-json\/wp\/v2\/product\/8953\/revisions\/8967"}],"wp:featuredmedia":[{"embeddable":true,"href":"https:\/\/zojopackaging.com\/es\/wp-json\/wp\/v2\/media\/8954"}],"wp:attachment":[{"href":"https:\/\/zojopackaging.com\/es\/wp-json\/wp\/v2\/media?parent=8953"}],"wp:term":[{"taxonomy":"product_brand","embeddable":true,"href":"https:\/\/zojopackaging.com\/es\/wp-json\/wp\/v2\/product_brand?post=8953"},{"taxonomy":"product_cat","embeddable":true,"href":"https:\/\/zojopackaging.com\/es\/wp-json\/wp\/v2\/product_cat?post=8953"},{"taxonomy":"product_tag","embeddable":true,"href":"https:\/\/zojopackaging.com\/es\/wp-json\/wp\/v2\/product_tag?post=8953"}],"curies":[{"name":"wp","href":"https:\/\/api.w.org\/{rel}","templated":true}]}}