{"id":8960,"date":"2025-03-31T19:52:18","date_gmt":"2025-03-31T11:52:18","guid":{"rendered":"https:\/\/zojopackaging.com\/?post_type=product&#038;p=8960"},"modified":"2025-03-31T20:09:28","modified_gmt":"2025-03-31T12:09:28","slug":"custom-saudi-arabia-unisex-perfume-folding-carton-box-fragrance-wholesale","status":"publish","type":"product","link":"https:\/\/zojopackaging.com\/es\/product\/custom-saudi-arabia-unisex-perfume-folding-carton-box-fragrance-wholesale\/","title":{"rendered":"Custom Arabia Saudita Unisex Perfume Caja de cart\u00f3n plegable Fragancia al por mayor"},"content":{"rendered":"<h3 id=\"-1-single-powder-card-material-four-color-printing-restore-the-original-color-of-the-design-balance-texture-and-cost-\"><strong>1. Material de la tarjeta de polvo \u00fanico + impresi\u00f3n en cuatricrom\u00eda: restaurar el color original del dise\u00f1o, equilibrar la textura y el costo.<\/strong><\/h3>\n<p>Utiliza papel de cartulina en polvo simple de 350 g (como la cartulina de primer grado Invercote), la superficie es suave y delicada, y la textura de diamante verde claro y el patr\u00f3n complejo naranja se restauran con precisi\u00f3n mediante la impresi\u00f3n en cuatricrom\u00eda Heidelberg. El error de saturaci\u00f3n del color es \u22643%, lo que garantiza que el texto \"DELICATEPERFUME\" y \"LA FRAGANCIA DE LAS FLORES\" sean claros y n\u00edtidos, lo que resulta adecuado para los elevados requisitos de las marcas de perfumes de gama alta en cuanto a detalles visuales.<\/p>\n<h3 id=\"-2-matt-film-full-page-uv-process-visual-collision-of-matte-and-gloss-\"><strong>2. Pel\u00edcula mate + proceso UV a toda p\u00e1gina: colisi\u00f3n visual de mate y brillo<\/strong><\/h3>\n<p>La superficie est\u00e1 recubierta con una pel\u00edcula mate para realzar el delicado tacto, y el recubrimiento UV a toda p\u00e1gina se utiliza para realzar el brillo del dibujo. Por ejemplo, el dibujo naranja de la parte derecha de la caja forma un reflejo de realce local sobre el fondo mate, simulando el efecto envolvente de la \"atomizaci\u00f3n de fragancias\", el tacto es tan suave como la seda y la resistencia al rayado mejora en 50%.<\/p>\n<h3 id=\"-3-flat-pack-shipping-design-save-up-to-30-of-logistics-costs-\"><strong>3. Dise\u00f1o de env\u00edo en paquete plano: Ahorra hasta 30% de costes log\u00edsticos.<\/strong><\/h3>\n<p>La caja de tarjetas adopta un dise\u00f1o de estructura plegable. Cuando est\u00e1 desplegada, es una caja tridimensional. Cuando est\u00e1 plegada, el grosor es s\u00f3lo 1\/3 del volumen original. Con el sistema de almacenamiento automatizado, se duplica el volumen de transporte en una sola vez. Por ejemplo, la f\u00e1brica personaliz\u00f3 100.000 juegos de cajas planas para clientes europeos, y el coste del flete fue 28% inferior al de las cajas tradicionales.<\/p>\n<h3 id=\"-4-daily-production-capacity-of-60-000-boxes-7-day-fast-delivery-seize-the-market-opportunity-\"><strong>4. Capacidad de producci\u00f3n diaria de 60.000 cajas: Entrega r\u00e1pida en 7 d\u00edas, aproveche la oportunidad del mercado.<\/strong><\/h3>\n<p>La l\u00ednea de producci\u00f3n inteligente propia est\u00e1 equipada con troqueladoras totalmente autom\u00e1ticas y equipos de impresi\u00f3n digital, con una producci\u00f3n diaria de 60.000 piezas, que permite la personalizaci\u00f3n de lotes peque\u00f1os (pedido m\u00ednimo de 500 piezas), y s\u00f3lo tarda entre 5 y 7 d\u00edas laborables desde la confirmaci\u00f3n del dise\u00f1o hasta el env\u00edo, lo que satisface las necesidades de promoci\u00f3n de temporada alta o lanzamiento de nuevos productos de la marca.<\/p>\n<h3 id=\"-5-diamond-texture-clock-element-details-convey-brand-story-\"><strong>5. Textura de diamante + elemento de reloj: los detalles transmiten la historia de la marca<\/strong><\/h3>\n<p>La textura de diamante de la superficie izquierda de la caja presenta un toque tridimensional gracias a la tecnolog\u00eda de grabado l\u00e1ser c\u00f3ncavo y convexo, y el patr\u00f3n naranja de la derecha se combina con el patr\u00f3n del reloj (n\u00fameros romanos como \u216a, \u216b y \u2160), haci\u00e9ndose eco del texto \"Este es un momento encantador para ti\", transmitiendo el concepto de marca de \"momentos preciosos\" y potenciando la resonancia emocional de los consumidores.<\/p>\n<h3 id=\"-6-environmental-certification-endorsement-fsc-material-is-suitable-for-the-international-market-\"><strong>6. Aval de certificaci\u00f3n medioambiental: El material FSC es apto para el mercado internacional<\/strong><\/h3>\n<p>El uso de cart\u00f3n con certificaci\u00f3n FSC y barniz al agua cumple las normas de protecci\u00f3n medioambiental REACH de la UE, y el proceso UV mate reduce la contaminaci\u00f3n vol\u00e1til de la tinta, lo que ayuda a la marca a crear el concepto de \"lujo sostenible\" y a cumplir los estrictos requisitos de los mercados europeo y estadounidense en materia de materiales de envasado.<\/p>\n<h3 id=\"-7-professional-team-support-full-link-service-from-design-to-implementation-\"><strong>7. Apoyo de un equipo profesional: servicio de enlace completo desde el dise\u00f1o hasta la aplicaci\u00f3n<\/strong><\/h3>\n<p>El equipo de dise\u00f1o de envases, con 20 a\u00f1os de experiencia, admite la modificaci\u00f3n de archivos fuente CDR\/AI y proporciona 3 conjuntos de esquemas de color de forma gratuita. Por ejemplo, el color de la textura del diamante (como el oro champ\u00e1n y el azul neblina) se ajusta seg\u00fan el tono de color del LOGO del cliente para garantizar que el dise\u00f1o y la producci\u00f3n sean altamente compatibles.<\/p>","protected":false},"excerpt":{"rendered":"<p>Este dise\u00f1o se personaliz\u00f3 para una marca de fragancias de alta gama para salones de belleza de Oriente Medio. La estructura plana ahorr\u00f3 15% de gastos de env\u00edo, y el proceso UV a toda p\u00e1gina hizo que el motivo de la caja fuera muy reconocible incluso en el entorno de luz intensa del desierto, lo que aument\u00f3 la tasa de recompra de los clientes en 30%.<\/p>","protected":false},"featured_media":8965,"template":"","meta":[],"product_brand":[],"product_cat":[30,417,430,31],"product_tag":[1028,1027,1029],"class_list":{"0":"post-8960","1":"product","2":"type-product","3":"status-publish","4":"has-post-thumbnail","6":"product_cat-by-industry","7":"product_cat-custom-perfume-boxes-by-industry","8":"product_cat-folding-cartons","9":"product_cat-paper-box-style","10":"product_tag-box-fragrance-wholesale","11":"product_tag-custom-unisex-perfume-box","12":"product_tag-folding-carton-box-fragrance","14":"first","15":"instock","16":"shipping-taxable","17":"product-type-grouped"},"_links":{"self":[{"href":"https:\/\/zojopackaging.com\/es\/wp-json\/wp\/v2\/product\/8960","targetHints":{"allow":["GET"]}}],"collection":[{"href":"https:\/\/zojopackaging.com\/es\/wp-json\/wp\/v2\/product"}],"about":[{"href":"https:\/\/zojopackaging.com\/es\/wp-json\/wp\/v2\/types\/product"}],"version-history":[{"count":1,"href":"https:\/\/zojopackaging.com\/es\/wp-json\/wp\/v2\/product\/8960\/revisions"}],"predecessor-version":[{"id":8975,"href":"https:\/\/zojopackaging.com\/es\/wp-json\/wp\/v2\/product\/8960\/revisions\/8975"}],"wp:featuredmedia":[{"embeddable":true,"href":"https:\/\/zojopackaging.com\/es\/wp-json\/wp\/v2\/media\/8965"}],"wp:attachment":[{"href":"https:\/\/zojopackaging.com\/es\/wp-json\/wp\/v2\/media?parent=8960"}],"wp:term":[{"taxonomy":"product_brand","embeddable":true,"href":"https:\/\/zojopackaging.com\/es\/wp-json\/wp\/v2\/product_brand?post=8960"},{"taxonomy":"product_cat","embeddable":true,"href":"https:\/\/zojopackaging.com\/es\/wp-json\/wp\/v2\/product_cat?post=8960"},{"taxonomy":"product_tag","embeddable":true,"href":"https:\/\/zojopackaging.com\/es\/wp-json\/wp\/v2\/product_tag?post=8960"}],"curies":[{"name":"wp","href":"https:\/\/api.w.org\/{rel}","templated":true}]}}