{"id":8976,"date":"2025-03-31T20:11:06","date_gmt":"2025-03-31T12:11:06","guid":{"rendered":"https:\/\/zojopackaging.com\/?post_type=product&#038;p=8976"},"modified":"2025-03-31T20:26:03","modified_gmt":"2025-03-31T12:26:03","slug":"personalized-custom-luxury-perfume-folding-carton-box-whosale","status":"publish","type":"product","link":"https:\/\/zojopackaging.com\/es\/product\/personalized-custom-luxury-perfume-folding-carton-box-whosale\/","title":{"rendered":"Perfume de lujo personalizado plegable caja de cart\u00f3n Whosale"},"content":{"rendered":"<h4 id=\"-1-material-upgrade-thickened-cardboard-matt-film-protection-to-create-a-invisible-armor-for-perfume-\"><strong>1. Mejora del material: cart\u00f3n grueso + protecci\u00f3n de pel\u00edcula mate para crear una \"armadura invisible\" para el perfume.<\/strong><\/h4>\n<p>Utilice cart\u00f3n de 350 g de un solo polvo (como la tarjeta Invercote Grado 1) como material de base, con una pel\u00edcula mate en la superficie, que tiene tanto resistencia al impacto como resistencia a la humedad. La capa de pel\u00edcula mate puede reducir la p\u00e9rdida por fricci\u00f3n en el transporte, a la vez que a\u00edsla la humedad de la erosi\u00f3n del perfume, garantizando que el producto est\u00e9 intacto desde la f\u00e1brica hasta la terminal.<\/p>\n<h4 id=\"-2-ergonomic-box-type-double-open-card-box-internal-card-fixation-elegant-one-hand-pick-up-\"><strong>2. Tipo de Caja Ergon\u00f3mica: Caja de tarjetas de doble apertura + fijaci\u00f3n interna de tarjetas, elegante recogida con una sola mano.<\/strong><\/h4>\n<p>El dise\u00f1o de caja de tarjeta de doble apertura est\u00e1 equipado con una ranura de tarjeta fija incorporada, que es adecuada para botellas de capacidad total de 10 ml-100 ml, y la operaci\u00f3n de apertura y cierre puede completarse con una sola mano. Las l\u00edneas del cuerpo de la caja se han optimizado mediante mec\u00e1nica de fluidos, con un agarre completo y un centro de gravedad visual estable, que es a la vez funcional y ornamental.<\/p>\n<h4 id=\"-3-technological-innovation-seven-color-overprinting-hot-stamping-starburst-replicating-an-artistic-visual-feast-\"><strong>3. Innovaci\u00f3n tecnol\u00f3gica: sobreimpresi\u00f3n en siete colores + estampaci\u00f3n en caliente starburst, que reproduce un fest\u00edn visual art\u00edstico.<\/strong><\/h4>\n<p>La superficie de la caja utiliza tecnolog\u00eda de sobreimpresi\u00f3n de siete colores para conseguir el degradado de los colores anuales m\u00e1s populares de Pantone (como naranja coral \u2192 morado el\u00e9ctrico), y el proceso de estampaci\u00f3n en caliente hace que el LOGO de la marca presente un efecto de estallido de estrellas bajo la luz. La caja de la izquierda est\u00e1 inspirada en el jard\u00edn de Monet, y la de la derecha reproduce la concepci\u00f3n art\u00edstica de las monta\u00f1as de tinta y lavado, satisfaciendo las necesidades de expresi\u00f3n art\u00edstica de los perfumes de alta gama.<\/p>\n<h4 id=\"-4-visual-aesthetics-a-fusion-of-eastern-and-western-aesthetics-pantone-colors-calligraphy-to-create-an-immersive-experience-\"><strong>4. Est\u00e9tica visual: fusi\u00f3n de est\u00e9tica oriental y occidental, colores Pantone y caligraf\u00eda para crear una experiencia envolvente.<\/strong><\/h4>\n<p>El cuerpo izquierdo de la caja se hace eco de la est\u00e9tica moderna con vibrantes bloques de color degradado, y el tono principal blanco y negro de la derecha combina con la caligraf\u00eda del nombre de la marca, transmitiendo el zen oriental a trav\u00e9s del espacio en blanco y la superposici\u00f3n de capas. El equipo de dise\u00f1o admite la importaci\u00f3n directa de archivos fuente CDR\/AI, y la iteraci\u00f3n m\u00e1s r\u00e1pida de la soluci\u00f3n se completa en 24 horas.<\/p>\n<h4 id=\"-5-factory-endorsement-iso-certification-12-quality-inspections-transportation-loss-rate-0-3-\"><strong>5. Aval de la f\u00e1brica: Certificaci\u00f3n ISO + 12 inspecciones de calidad, \u00edndice de p\u00e9rdidas en el transporte \u2264 0,3%.<\/strong><\/h4>\n<p>La f\u00e1brica propia ha superado la certificaci\u00f3n ISO 9001 y se ha sometido a 12 procesos de inspecci\u00f3n de calidad, desde la selecci\u00f3n de materiales hasta los productos acabados, incluida la prueba de humedad de 24 horas (error \u00b1 5%) y la prueba de ca\u00edda (altura 1,2 metros). Los datos de 2024 muestran que el \u00edndice de rotura de las cajas de regalo que utilizan este proceso es s\u00f3lo 1\/5 de la media del sector.<\/p>\n<h4 id=\"-6-vip-customization-service-30-box-type-database-deep-process-customization-\"><strong>6. Servicio de personalizaci\u00f3n VIP: Base de datos de m\u00e1s de 30 tipos de cajas + personalizaci\u00f3n profunda de procesos.<\/strong><\/h4>\n<p>Ofrece m\u00e1s de 30 bases de datos de tipos de cajas, como de doble puerta, de caj\u00f3n, magn\u00e9ticas, etc., y admite una gran personalizaci\u00f3n, como texto estampado en caliente, patrones en relieve e impresi\u00f3n en colores planos. Por ejemplo, una marca europea ha logrado una tasa de prima de producto de 40% a trav\u00e9s de la tecnolog\u00eda de estampaci\u00f3n en caliente de caligraf\u00eda personalizada.<\/p>\n<h4 id=\"-7-intelligent-production-line-heidelberg-printing-machine-automatic-lamination-daily-production-capacity-of-60-000-pieces-\"><strong>7. L\u00ednea de producci\u00f3n inteligente: M\u00e1quina de impresi\u00f3n Heidelberg + laminaci\u00f3n autom\u00e1tica, capacidad de producci\u00f3n diaria de 60.000 piezas.<\/strong><\/h4>\n<p>Equipada con equipos avanzados internacionalmente como Heidelberg CD102 y Komori Lithrone G40, combinados con el sistema ERP para realizar la digitalizaci\u00f3n de todo el proceso de dise\u00f1o, pruebas y producci\u00f3n. En comparaci\u00f3n con las f\u00e1bricas tradicionales, su error de gramaje se controla dentro de 0,1 mm, y puede completar el proceso desde las pruebas hasta la entrega del lote en 7 d\u00edas.<\/p>","protected":false},"excerpt":{"rendered":"<p>Esta caja de regalo se personaliz\u00f3 para una marca internacional de perfumes de sal\u00f3n. Gracias al proceso de degradado de siete colores y al dise\u00f1o de la tapa abatible magn\u00e9tica, se convirti\u00f3 en un \u00e9xito en las redes sociales durante la Semana de la Moda de Par\u00eds 2024, y la tasa de recompra aument\u00f3 un 35%.<\/p>","protected":false},"featured_media":8978,"template":"","meta":[],"product_brand":[],"product_cat":[30,417,430,31],"product_tag":[1034,992,1033],"class_list":{"0":"post-8976","1":"product","2":"type-product","3":"status-publish","4":"has-post-thumbnail","6":"product_cat-by-industry","7":"product_cat-custom-perfume-boxes-by-industry","8":"product_cat-folding-cartons","9":"product_cat-paper-box-style","10":"product_tag-luxury-perfume-folding-carton-box","11":"product_tag-perfume-folding-carton-box","12":"product_tag-personalized-custom-box","14":"first","15":"instock","16":"shipping-taxable","17":"product-type-grouped"},"_links":{"self":[{"href":"https:\/\/zojopackaging.com\/es\/wp-json\/wp\/v2\/product\/8976","targetHints":{"allow":["GET"]}}],"collection":[{"href":"https:\/\/zojopackaging.com\/es\/wp-json\/wp\/v2\/product"}],"about":[{"href":"https:\/\/zojopackaging.com\/es\/wp-json\/wp\/v2\/types\/product"}],"version-history":[{"count":1,"href":"https:\/\/zojopackaging.com\/es\/wp-json\/wp\/v2\/product\/8976\/revisions"}],"predecessor-version":[{"id":8990,"href":"https:\/\/zojopackaging.com\/es\/wp-json\/wp\/v2\/product\/8976\/revisions\/8990"}],"wp:featuredmedia":[{"embeddable":true,"href":"https:\/\/zojopackaging.com\/es\/wp-json\/wp\/v2\/media\/8978"}],"wp:attachment":[{"href":"https:\/\/zojopackaging.com\/es\/wp-json\/wp\/v2\/media?parent=8976"}],"wp:term":[{"taxonomy":"product_brand","embeddable":true,"href":"https:\/\/zojopackaging.com\/es\/wp-json\/wp\/v2\/product_brand?post=8976"},{"taxonomy":"product_cat","embeddable":true,"href":"https:\/\/zojopackaging.com\/es\/wp-json\/wp\/v2\/product_cat?post=8976"},{"taxonomy":"product_tag","embeddable":true,"href":"https:\/\/zojopackaging.com\/es\/wp-json\/wp\/v2\/product_tag?post=8976"}],"curies":[{"name":"wp","href":"https:\/\/api.w.org\/{rel}","templated":true}]}}