{"id":8984,"date":"2025-03-31T20:20:06","date_gmt":"2025-03-31T12:20:06","guid":{"rendered":"https:\/\/zojopackaging.com\/?post_type=product&#038;p=8984"},"modified":"2025-03-31T20:33:34","modified_gmt":"2025-03-31T12:33:34","slug":"custom-luxury-skincare-cosmetic-packaging-boxes-wholesale","status":"publish","type":"product","link":"https:\/\/zojopackaging.com\/es\/product\/custom-luxury-skincare-cosmetic-packaging-boxes-wholesale\/","title":{"rendered":"Cajas de lujo para cosm\u00e9ticos al por mayor"},"content":{"rendered":"<h2 id=\"1-aesthetic-design-concept-\">1.\u00a0<strong>Concepto de dise\u00f1o est\u00e9tico<\/strong><\/h2>\n<ol>\n<li><strong>Est\u00e9tica cl\u00e1sica de colores contrastados<\/strong>\u00a0El cuerpo de la caja adopta un dise\u00f1o bicolor exterior blanco e interior negro. La textura mate de color blanco puro del exterior simboliza el concepto de pureza de la marca, y el material de sat\u00e9n negro del interior crea una sensaci\u00f3n misteriosa y noble. La cinta de sat\u00e9n negro se combina con una etiqueta met\u00e1lica personalizada con el logotipo para realzar la sensaci\u00f3n de ceremonia y el nivel visual de la apertura de la caja.<\/li>\n<li><strong>Dise\u00f1o estructural humanizado<\/strong>\u00a0Adoptando una estructura abatible integrada, la tapa de la caja y el cuerpo de la caja est\u00e1n perfectamente conectados, y el \u00e1ngulo de apertura y cierre alcanza los 120\u00b0, lo que muestra perfectamente el efecto de exposici\u00f3n del producto. La bisagra est\u00e1 equipada con una l\u00e1mina de acero el\u00e1stico, que no se deforma tras miles de pruebas de apertura y cierre, y es adecuada para la exposici\u00f3n en mostradores y escenas de entrega de regalos.<\/li>\n<\/ol>\n<h2 id=\"2-professional-material-technology-\">2.\u00a0<strong>Tecnolog\u00eda de materiales profesional<\/strong><\/h2>\n<ol>\n<li><strong>Material de protecci\u00f3n de calidad militar<\/strong><\/li>\n<li><strong>Estructura principal<\/strong>: Cart\u00f3n gris de alta densidad de 1200 GSM + prensado compuesto de papel estucado de 157 GSM, con una resistencia a la compresi\u00f3n de 80 kg\/\u33a1, muy superior a la norma del sector.<\/li>\n<li><strong>Tratamiento de superficies<\/strong>: La caja exterior lleva un revestimiento UV para evitar ara\u00f1azos, y el proceso de flocado de la pared interior es delicado y ha superado la certificaci\u00f3n medioambiental REACH de la UE.<\/li>\n<li><strong>Sistema de revestimiento inteligente<\/strong>\u00a0Bandeja interior de compuesto EVA+sat\u00edn personalizada seg\u00fan los datos de escaneado 3D del producto, con una tolerancia de posicionamiento precisa \u22640,3 mm, y la prueba antis\u00edsmica demuestra que el \u00edndice de da\u00f1os por transporte puede reducirse a menos de 0,5%.<\/li>\n<\/ol>\n<h2 id=\"iii-brand-empowerment-value-\">3. <strong>Valor de potenciaci\u00f3n de la marca<\/strong><\/h2>\n<ol>\n<li><strong>Adaptabilidad de escenas de gama alta<\/strong>\u00a0Dise\u00f1ado para categor\u00edas de gama alta, como sets de esencias, cajas de regalo de polvos liofilizados, perfumes de edici\u00f3n limitada, etc., admite m\u00e1s de 20 tipos de personalizaci\u00f3n de procesos, como estampaci\u00f3n en caliente\/estampaci\u00f3n\/grabado por l\u00e1ser, lo que ayuda a aumentar la prima de la marca en 30%-50%.<\/li>\n<li><strong>Garant\u00eda de servicio de enlace completo<\/strong><\/li>\n<li><strong>16 a\u00f1os de experiencia en fabricaci\u00f3n inteligente<\/strong>: 2000\u33a1 f\u00e1brica estandarizada, 50 equipos profesionales, y el ciclo de entrega desde la prueba del dise\u00f1o hasta la producci\u00f3n en serie se acorta a 15 d\u00edas (la media del sector es de 25 d\u00edas).<\/li>\n<li><strong>Sistema de abastecimiento del comercio exterior<\/strong>: Pas\u00f3 la inspecci\u00f3n de f\u00e1brica y la certificaci\u00f3n de Amazon, AliExpress y otras plataformas, proporcionando embalaje certificado FSC, plantillas especiales transfronterizas y servicios de anidaci\u00f3n manual en varios idiomas.<\/li>\n<\/ol>\n<h2 id=\"iv-cooperation-process-\">4. <strong>Proceso de cooperaci\u00f3n<\/strong><\/h2>\n<ol>\n<li><strong>Comunicaci\u00f3n de la demanda<\/strong>: Proporcionar datos sobre el tama\u00f1o\/peso\/entorno de transporte del producto \u2192 Modelado 3D.<\/li>\n<li><strong>Confirmaci\u00f3n de pruebas<\/strong>: Env\u00edo de muestras f\u00edsicas en un plazo de 5 d\u00edas laborables (incluidas 3 soluciones de revestimiento)<\/li>\n<li><strong>Entrega en serie<\/strong>: Pedido m\u00ednimo de 500 unidades, producci\u00f3n acelerada en 48 horas, log\u00edstica global DDP a domicilio<\/li>\n<\/ol>","protected":false},"excerpt":{"rendered":"<p>1. El cuerpo de la caja es blanco por fuera y negro por dentro. La combinaci\u00f3n de colores blanco y negro es sencilla y elegante, y resulta m\u00e1s refinada con un lazo negro.<br \/>\n2. La tapa de la caja est\u00e1 conectada al cuerpo de la caja con un dise\u00f1o plegable, que puede mostrar perfectamente el producto.<br \/>\n3. El material est\u00e1 hecho de cart\u00f3n gris de 1200 GSM y papel art\u00edstico recubierto de 157 GSM, que es duro y puede proteger mejor el producto.<br \/>\n4. El forro est\u00e1 dise\u00f1ado de acuerdo con la forma del producto, y el acolchado de sat\u00e9n desempe\u00f1a una funci\u00f3n de fijaci\u00f3n para evitar sacudidas y choques durante el transporte.<\/p>","protected":false},"featured_media":8987,"template":"","meta":[],"product_brand":[],"product_cat":[30,390,424,31],"product_tag":[1037,1035,1036],"class_list":{"0":"post-8984","1":"product","2":"type-product","3":"status-publish","4":"has-post-thumbnail","6":"product_cat-by-industry","7":"product_cat-custom-cosmetics-boxes","8":"product_cat-magnetic-closure-boxes","9":"product_cat-paper-box-style","10":"product_tag-cosmetic-packaging-boxes-wholesale","11":"product_tag-custom-skincare-packaging","12":"product_tag-luxury-cosmetic-packaging","14":"first","15":"instock","16":"shipping-taxable","17":"product-type-simple"},"_links":{"self":[{"href":"https:\/\/zojopackaging.com\/es\/wp-json\/wp\/v2\/product\/8984","targetHints":{"allow":["GET"]}}],"collection":[{"href":"https:\/\/zojopackaging.com\/es\/wp-json\/wp\/v2\/product"}],"about":[{"href":"https:\/\/zojopackaging.com\/es\/wp-json\/wp\/v2\/types\/product"}],"version-history":[{"count":1,"href":"https:\/\/zojopackaging.com\/es\/wp-json\/wp\/v2\/product\/8984\/revisions"}],"predecessor-version":[{"id":8998,"href":"https:\/\/zojopackaging.com\/es\/wp-json\/wp\/v2\/product\/8984\/revisions\/8998"}],"wp:featuredmedia":[{"embeddable":true,"href":"https:\/\/zojopackaging.com\/es\/wp-json\/wp\/v2\/media\/8987"}],"wp:attachment":[{"href":"https:\/\/zojopackaging.com\/es\/wp-json\/wp\/v2\/media?parent=8984"}],"wp:term":[{"taxonomy":"product_brand","embeddable":true,"href":"https:\/\/zojopackaging.com\/es\/wp-json\/wp\/v2\/product_brand?post=8984"},{"taxonomy":"product_cat","embeddable":true,"href":"https:\/\/zojopackaging.com\/es\/wp-json\/wp\/v2\/product_cat?post=8984"},{"taxonomy":"product_tag","embeddable":true,"href":"https:\/\/zojopackaging.com\/es\/wp-json\/wp\/v2\/product_tag?post=8984"}],"curies":[{"name":"wp","href":"https:\/\/api.w.org\/{rel}","templated":true}]}}