{"id":8991,"date":"2025-03-31T20:29:01","date_gmt":"2025-03-31T12:29:01","guid":{"rendered":"https:\/\/zojopackaging.com\/?post_type=product&#038;p=8991"},"modified":"2025-03-31T21:02:13","modified_gmt":"2025-03-31T13:02:13","slug":"oem-cardboard-box-perfume-luxury-packaging-box-manufacturer","status":"publish","type":"product","link":"https:\/\/zojopackaging.com\/es\/product\/oem-cardboard-box-perfume-luxury-packaging-box-manufacturer\/","title":{"rendered":"OEM Caja de Cart\u00f3n para Perfume Fabricante de Cajas de Embalaje de Lujo"},"content":{"rendered":"<h4 id=\"-1-material-upgrade-350g-white-card-four-color-printing-environmental-protection-and-texture-are-both-excellent-\"><strong>1. Actualizaci\u00f3n de material: 350g tarjeta blanca + impresi\u00f3n en cuatricrom\u00eda, protecci\u00f3n del medio ambiente y la textura son ambos excelentes.<\/strong><\/h4>\n<p>Utiliza cartulina blanca de 350 g, impresi\u00f3n en cuatricrom\u00eda, n\u00edtida y respetuosa con el medio ambiente, puede proteger eficazmente el frasco de perfume, de tacto delicado y elegante.<\/p>\n<h4 id=\"-2-double-card-box-structure-convenient-opening-and-closing-transportation-protection-\"><strong>2. Estructura de caja de cart\u00f3n doble: apertura y cierre c\u00f3modos + protecci\u00f3n para el transporte.<\/strong><\/h4>\n<p>El tipo de caja adopta una estructura de doble tarjeta con tapa superior e inferior. La tapa de la caja y el cuerpo de la caja est\u00e1n conectados por una ranura de tarjeta precisa, y se pueden abrir y cerrar elegantemente con una sola mano. El error del proceso de troquelado es \u22640,1mm, adecuado para botellas de 30ml-100ml de capacidad total, y la resistencia a la compresi\u00f3n durante el transporte se incrementa en 25%.<\/p>\n<h4 id=\"-3-process-innovation-gradient-color-embossed-embossing-dual-upgrade-of-vision-and-touch-\"><strong>3. Innovaci\u00f3n del proceso: color degradado + gofrado en relieve, doble mejora de la visi\u00f3n y el tacto.<\/strong><\/h4>\n<p>El color degradado es de ensue\u00f1o, y la impresi\u00f3n clara restaura con precisi\u00f3n esta caracter\u00edstica. El color de la derecha es claro y hermoso, que se puede utilizar como el estilo de tema de perfume de verano.<\/p>\n<h4 id=\"-4-flexible-size-full-capacity-adaptation-to-meet-diversified-needs-\"><strong>4. Tama\u00f1o flexible: adaptaci\u00f3n total de la capacidad para satisfacer necesidades diversificadas.<\/strong><\/h4>\n<p>El tama\u00f1o se puede personalizar de acuerdo a su botella de perfume para asegurar el tama\u00f1o correcto y la botella estable. Le apoyamos para enviar la botella a la f\u00e1brica, y haremos una caja blanca de la muestra gratis para probar el tama\u00f1o y la estabilidad.<\/p>\n<h4 id=\"-5-factory-strength-iso-certification-daily-production-capacity-of-60-000-pieces-\"><strong>5. Fuerza de la f\u00e1brica: Certificaci\u00f3n ISO + capacidad de producci\u00f3n diaria de 60.000 piezas<\/strong><\/h4>\n<p>La f\u00e1brica propia ha aprobado la certificaci\u00f3n del sistema de gesti\u00f3n de calidad ISO 9001, est\u00e1 equipada con una m\u00e1quina de impresi\u00f3n Heidelberg XL7508+1, una m\u00e1quina inteligente de fabricaci\u00f3n de cajas totalmente autom\u00e1tica y otros equipos, con una producci\u00f3n diaria de 60.000 piezas, y completa desde la prueba hasta la entrega del lote en 7 d\u00edas.<\/p>\n<h4 id=\"-6-vip-customization-service-full-link-support-to-help-brand-upgrade-\"><strong>6. Servicio de personalizaci\u00f3n VIP: soporte de enlace completo para ayudar a la actualizaci\u00f3n de la marca.<\/strong><\/h4>\n<p>Proporciona m\u00e1s de 30 bases de datos de tipos de cajas y admite una gran personalizaci\u00f3n, como texto estampado en caliente, impresi\u00f3n de colores directos y patrones en relieve. Por ejemplo, una marca europea ha logrado una tasa de prima de producto de 40% a trav\u00e9s de la tecnolog\u00eda de estampaci\u00f3n en caliente de caligraf\u00eda personalizada.<\/p>\n<h4 id=\"-7-full-process-quality-inspection-from-paper-strength-to-color-calibration-\"><strong>7. Inspecci\u00f3n de calidad de todo el proceso: desde la resistencia del papel hasta la calibraci\u00f3n del color<\/strong><\/h4>\n<p>Realice 12 procedimientos de inspecci\u00f3n de calidad, incluida la prueba de humedad de 24 horas (error \u00b15%), la prueba de ca\u00edda (altura 1,2 metros) y la calibraci\u00f3n del error CMYK de color \u22643%, para garantizar que el \u00edndice de p\u00e9rdida durante el transporte sea \u22640,3%.<\/p>","protected":false},"excerpt":{"rendered":"<p>Esta caja se personaliz\u00f3 para una marca internacional de fragancias de sal\u00f3n. Gracias al proceso de gradiente de color, se convirti\u00f3 en un \u00e9xito en las redes sociales durante la Semana de la Moda de Par\u00eds 2024, y la tasa de recompra aument\u00f3 un 35%.<\/p>","protected":false},"featured_media":8994,"template":"","meta":[],"product_brand":[],"product_cat":[30,417,430,31],"product_tag":[934,1038,1039],"class_list":{"0":"post-8991","1":"product","2":"type-product","3":"status-publish","4":"has-post-thumbnail","6":"product_cat-by-industry","7":"product_cat-custom-perfume-boxes-by-industry","8":"product_cat-folding-cartons","9":"product_cat-paper-box-style","10":"product_tag-box-manufacturer","11":"product_tag-oem-cardboard-box","12":"product_tag-perfume-luxury-packaging-box","14":"first","15":"instock","16":"shipping-taxable","17":"product-type-grouped"},"_links":{"self":[{"href":"https:\/\/zojopackaging.com\/es\/wp-json\/wp\/v2\/product\/8991","targetHints":{"allow":["GET"]}}],"collection":[{"href":"https:\/\/zojopackaging.com\/es\/wp-json\/wp\/v2\/product"}],"about":[{"href":"https:\/\/zojopackaging.com\/es\/wp-json\/wp\/v2\/types\/product"}],"version-history":[{"count":1,"href":"https:\/\/zojopackaging.com\/es\/wp-json\/wp\/v2\/product\/8991\/revisions"}],"predecessor-version":[{"id":9007,"href":"https:\/\/zojopackaging.com\/es\/wp-json\/wp\/v2\/product\/8991\/revisions\/9007"}],"wp:featuredmedia":[{"embeddable":true,"href":"https:\/\/zojopackaging.com\/es\/wp-json\/wp\/v2\/media\/8994"}],"wp:attachment":[{"href":"https:\/\/zojopackaging.com\/es\/wp-json\/wp\/v2\/media?parent=8991"}],"wp:term":[{"taxonomy":"product_brand","embeddable":true,"href":"https:\/\/zojopackaging.com\/es\/wp-json\/wp\/v2\/product_brand?post=8991"},{"taxonomy":"product_cat","embeddable":true,"href":"https:\/\/zojopackaging.com\/es\/wp-json\/wp\/v2\/product_cat?post=8991"},{"taxonomy":"product_tag","embeddable":true,"href":"https:\/\/zojopackaging.com\/es\/wp-json\/wp\/v2\/product_tag?post=8991"}],"curies":[{"name":"wp","href":"https:\/\/api.w.org\/{rel}","templated":true}]}}