{"id":9017,"date":"2025-03-31T21:41:20","date_gmt":"2025-03-31T13:41:20","guid":{"rendered":"https:\/\/zojopackaging.com\/?post_type=product&#038;p=9017"},"modified":"2025-03-31T21:55:07","modified_gmt":"2025-03-31T13:55:07","slug":"custom-printing-perfume-matt-finishing-paper-box-manufacturer","status":"publish","type":"product","link":"https:\/\/zojopackaging.com\/es\/product\/custom-printing-perfume-matt-finishing-paper-box-manufacturer\/","title":{"rendered":"Impresi\u00f3n personalizada Perfume Acabado mate Caja de papel Fabricante"},"content":{"rendered":"<h3 id=\"-1-single-powder-card-material-single-sided-coating-balance-between-printing-accuracy-and-cost-\"><strong>1. Material de tarjeta de un solo polvo + revestimiento de una sola cara: equilibrio entre precisi\u00f3n de impresi\u00f3n y coste.<\/strong><\/h3>\n<p>Utilizando papel de cartulina de un solo polvo de 350 g (como la cartulina de primera calidad Invercote), la superficie se cubre con un revestimiento mate, adecuado para la impresi\u00f3n en cuatricrom\u00eda de alta precisi\u00f3n, que garantiza que el reloj de estampaci\u00f3n en caliente y los n\u00fameros romanos (XII\/I\/VIII, etc.) sean claros y n\u00edtidos. El proceso de recubrimiento por una sola cara no s\u00f3lo reduce los costes de impresi\u00f3n, sino que tambi\u00e9n mejora el tacto delicado, lo que resulta adecuado para el tono de alta gama de esl\u00f3ganes de marca como \"PERFUME OF YOU\".<\/p>\n<h3 id=\"-2-hot-stamping-uv-mirror-process-double-the-visual-impact-\"><strong>2. Estampaci\u00f3n en caliente + proceso de espejo UV: doble impacto visual.<\/strong><\/h3>\n<p>La caja de la izquierda utiliza la estampaci\u00f3n en caliente para presentar un reloj fluido y un estampado de vides, y el dorado refleja el efecto estrella sobre el fondo mate; la caja de la derecha utiliza la tecnolog\u00eda de espejo UV, y el color degradado naranja-rosa es tridimensional como la atomizaci\u00f3n de la fragancia, y el tacto es tan suave como la seda. Ambos procesos han superado la certificaci\u00f3n alemana del Rin, y la resistencia al desgaste alcanza el nivel IP54, lo que garantiza que el dibujo no se desgaste durante el transporte.<\/p>\n<h3 id=\"-3-full-dimensional-customization-of-perfume-card-boxes-flexible-adaptation-of-size-material-process-\"><strong>3. Personalizaci\u00f3n completa de las cajas de tarjetas de perfume: adaptaci\u00f3n flexible del tama\u00f1o\/material\/proceso.<\/strong><\/h3>\n<p>Admite la personalizaci\u00f3n de tipos de botellas de 30 ml a 100 ml, y el error de tama\u00f1o de la caja es de \u2264\u00b11 mm. El material puede seleccionarse entre cartulina blanca de 350 g o papel de pulpa de bamb\u00fa respetuoso con el medio ambiente, y el proceso incluye gofrado, impresi\u00f3n en colores planos, etc. Por ejemplo, una caja magn\u00e9tica personalizada por una marca europea reproduce el dise\u00f1o de la pista de estrellas del logotipo de la marca mediante la tecnolog\u00eda de gradiente UV, y la tasa de prima se incrementa en 40%.<\/p>\n<h3 id=\"-4-zojo-print-16-years-of-industry-experience-paper-box-customization-expert-\"><strong>4. ZOJO Print 16 a\u00f1os de experiencia en el sector: experto en personalizaci\u00f3n de cajas de papel.<\/strong><\/h3>\n<p>Profundamente comprometida en el campo del envasado de perfumes desde hace 16 a\u00f1os, presta servicio a m\u00e1s de 500 marcas internacionales, como Dior, Jo Malone, etc. La f\u00e1brica propia est\u00e1 equipada con una m\u00e1quina de impresi\u00f3n Heidelberg XL7508+1 y una l\u00ednea de troquelado totalmente autom\u00e1tica, con una capacidad de producci\u00f3n diaria de 60.000 piezas, y completa desde la prueba hasta la entrega en 7 d\u00edas, y ha obtenido la certificaci\u00f3n ISO 9001 y FSC.<\/p>\n<h3 id=\"-5-1-3-days-of-ultra-fast-proofing-seize-the-market-opportunity-\"><strong>5. De 1 a 3 d\u00edas de pruebas ultrarr\u00e1pidas: aproveche la oportunidad del mercado<\/strong><\/h3>\n<p>Bas\u00e1ndose en el sistema de preimpresi\u00f3n digital, admite la producci\u00f3n directa de archivos fuente CDR\/AI, y la muestra m\u00e1s r\u00e1pida es de 1 d\u00eda. Por ejemplo, una caja con degradado \u00e1mbar des\u00e9rtico personalizada urgentemente por una marca de Oriente Medio tard\u00f3 solo 24 horas desde la confirmaci\u00f3n del plano hasta la prueba, lo que es 300% m\u00e1s eficiente que las f\u00e1bricas tradicionales.<\/p>\n<h3 id=\"-6-technical-sales-team-full-link-consultants-who-understand-production-processes-\"><strong>6. Equipo t\u00e9cnico de ventas: consultores de enlace completo que entienden los procesos de producci\u00f3n.<\/strong><\/h3>\n<p>100% del equipo de ventas tiene m\u00e1s de 5 a\u00f1os de experiencia en la producci\u00f3n de cajas de papel, y puede proporcionar soluciones de proceso completo, desde la selecci\u00f3n de materiales (como la pel\u00edcula mate vs recubrimiento UV), la optimizaci\u00f3n de la estructura de la caja (como la cubierta superior e inferior vs tipo de caj\u00f3n) para el control de costes para asegurar que el dise\u00f1o y la producci\u00f3n son altamente compatibles.<\/p>\n<h3 id=\"-7-full-process-quality-inspection-12-processes-to-ensure-quality-\"><strong>7. Inspecci\u00f3n de calidad de todo el proceso: 12 procesos para garantizar la calidad<\/strong><\/h3>\n<p>Ejecutamos 12 procesos de inspecci\u00f3n de calidad, como \"calibraci\u00f3n del color de impresi\u00f3n (error CMYK \u22643%) \u2192 prueba de adherencia de estampaci\u00f3n en caliente (experimento de pelado de cinta) \u2192 prueba de ca\u00edda (1,2 metros de altura) \u2192 prueba de humedad de 24 horas (error \u00b15%)\", la tasa de p\u00e9rdidas de transporte es \u22640,3%, y la tasa de reclamaciones de los clientes es inferior a la media del sector de 90%.<\/p>","protected":false},"excerpt":{"rendered":"<p>Una caja de regalo tem\u00e1tica \"Tiempo y fragancia\" personalizada para una marca francesa de fragancias de sal\u00f3n: -\u00a0<strong>Caja a la izquierda<\/strong>: El reloj con n\u00fameros romanos estampados en oro (XII\/I\/VIII) se combina con un revestimiento UV degradado en rosa Morandi para transmitir el concepto de \"elegancia eterna\".\u00a0<strong>Cuadro de la derecha<\/strong>: El proceso UV espejo reproduce la pista de estrellas LOGO de la marca, combinado con patrones de vid en relieve mate, y el sentido de la ceremonia unboxing es completa. Este dise\u00f1o se lanz\u00f3 durante el Festival de Cannes 2024, con m\u00e1s de 2 millones de exposiciones en las redes sociales y un aumento de la tasa de recompra de 35%.<\/p>","protected":false},"featured_media":9018,"template":"","meta":[],"product_brand":[],"product_cat":[30,417,430,31],"product_tag":[1045,243,1046],"class_list":{"0":"post-9017","1":"product","2":"type-product","3":"status-publish","4":"has-post-thumbnail","6":"product_cat-by-industry","7":"product_cat-custom-perfume-boxes-by-industry","8":"product_cat-folding-cartons","9":"product_cat-paper-box-style","10":"product_tag-custom-printing-box","11":"product_tag-paper-box-manufacturer","12":"product_tag-perfume-matte-paper-box","14":"first","15":"instock","16":"shipping-taxable","17":"product-type-grouped"},"_links":{"self":[{"href":"https:\/\/zojopackaging.com\/es\/wp-json\/wp\/v2\/product\/9017","targetHints":{"allow":["GET"]}}],"collection":[{"href":"https:\/\/zojopackaging.com\/es\/wp-json\/wp\/v2\/product"}],"about":[{"href":"https:\/\/zojopackaging.com\/es\/wp-json\/wp\/v2\/types\/product"}],"version-history":[{"count":1,"href":"https:\/\/zojopackaging.com\/es\/wp-json\/wp\/v2\/product\/9017\/revisions"}],"predecessor-version":[{"id":9033,"href":"https:\/\/zojopackaging.com\/es\/wp-json\/wp\/v2\/product\/9017\/revisions\/9033"}],"wp:featuredmedia":[{"embeddable":true,"href":"https:\/\/zojopackaging.com\/es\/wp-json\/wp\/v2\/media\/9018"}],"wp:attachment":[{"href":"https:\/\/zojopackaging.com\/es\/wp-json\/wp\/v2\/media?parent=9017"}],"wp:term":[{"taxonomy":"product_brand","embeddable":true,"href":"https:\/\/zojopackaging.com\/es\/wp-json\/wp\/v2\/product_brand?post=9017"},{"taxonomy":"product_cat","embeddable":true,"href":"https:\/\/zojopackaging.com\/es\/wp-json\/wp\/v2\/product_cat?post=9017"},{"taxonomy":"product_tag","embeddable":true,"href":"https:\/\/zojopackaging.com\/es\/wp-json\/wp\/v2\/product_tag?post=9017"}],"curies":[{"name":"wp","href":"https:\/\/api.w.org\/{rel}","templated":true}]}}