{"id":9026,"date":"2025-03-31T21:49:15","date_gmt":"2025-03-31T13:49:15","guid":{"rendered":"https:\/\/zojopackaging.com\/?post_type=product&#038;p=9026"},"modified":"2025-03-31T22:07:36","modified_gmt":"2025-03-31T14:07:36","slug":"custom-luxury-clothing-apparel-packaging-gift-box-wholesale","status":"publish","type":"product","link":"https:\/\/zojopackaging.com\/es\/product\/custom-luxury-clothing-apparel-packaging-gift-box-wholesale\/","title":{"rendered":"Ropa de Lujo Personalizada Embalaje de Ropa Caja de Regalo al por mayor"},"content":{"rendered":"<h2 id=\"-core-advantages-of-products-\"><strong>Principales ventajas de los productos<\/strong><\/h2>\n<p>Como f\u00e1brica de origen de envases personalizados de gama alta en China, nos centramos en ofrecer a las marcas de ropa y prendas de vestir de lujo soluciones de envasado en cajas con tapa superior e inferior que combinan valor est\u00e9tico y funciones pr\u00e1cticas. Con una estructura modular, artesan\u00eda de gama alta y servicios de personalizaci\u00f3n flexibles como competitividad principal, ayudamos a las marcas a dar forma a una imagen de gama alta y mejorar el reconocimiento del mercado.<\/p>\n<h2 id=\"-i-top-and-bottom-lid-box-type-simple-structure-and-industrialized-efficient-production-\"><strong>1. Tipo de caja con tapa superior e inferior: estructura simple y producci\u00f3n eficiente industrializada.<\/strong><\/h2>\n<ol>\n<li><strong>Dise\u00f1o estructural<\/strong>\u00a0El tipo de caja con tapa superior e inferior adopta el dise\u00f1o cl\u00e1sico de separaci\u00f3n \"tapa superior + caja inferior\", con un alto grado de modularizaci\u00f3n, adaptado a los procesos de producci\u00f3n estandarizados, y teniendo en cuenta la comodidad de apertura y cierre y la integridad visual.<\/li>\n<li><strong>Estilo tapa-tapa-fondo<\/strong>: La tapa superior no cubre completamente el fondo de la caja inferior, dejando espacio para abrir y cerrar, lo que resulta adecuado para el envasado de prendas de lujo ligeras.<\/li>\n<li><strong>Estilo con cintura descubierta<\/strong>: El borde interior de la caja inferior queda al descubierto, lo que realza la estratificaci\u00f3n tridimensional y resulta id\u00f3neo para exhibir logotipos de marca o artesan\u00edas en relieve.<\/li>\n<li><strong>Ventajas de la industrializaci\u00f3n<\/strong>\u00a0La precisi\u00f3n en la adaptaci\u00f3n de tama\u00f1os se consigue mediante una l\u00ednea de producci\u00f3n totalmente autom\u00e1tica que garantiza una entrega eficaz de los pedidos por lotes y reduce los errores y costes manuales.<\/li>\n<\/ol>\n<h2 id=\"-second-white-box-body-double-enhancement-of-visual-aesthetics-and-brand-image-\"><strong>2. Cuerpo de caja blanca: doble mejora de la est\u00e9tica visual y la imagen de marca.<\/strong><\/h2>\n<ol>\n<li><strong>Concepto de dise\u00f1o<\/strong>\u00a0Con el blanco como tono base,\u00a0<strong>Papel art\u00edstico estucado C2S de 157 g (papel doble cobre)<\/strong>\u00a0la superficie es delicada y suave, y la textura mate transmite una sensaci\u00f3n de lujo discreto, al tiempo que proporciona un lienzo puro para la tecnolog\u00eda de impresi\u00f3n.<\/li>\n<li><strong>Adaptabilidad de la marca<\/strong><\/li>\n<li><strong>Simple y puro<\/strong>: El blanco simboliza el estilo elegante de la marca, adecuado para ropa de alta gama, vestidos a medida y otras escenas.<\/li>\n<li><strong>Ampliaci\u00f3n visual<\/strong>: Puede combinarse con estampaci\u00f3n en caliente, tecnolog\u00eda UV o cintas de color de marca para formar un foco visual de contraste.<\/li>\n<\/ol>\n<h2 id=\"-third-ribbon-accessories-aesthetic-details-and-brand-recognition-enhancement-\"><strong>3. Accesorios para cintas: detalles est\u00e9ticos y mejora del reconocimiento de marca<\/strong><\/h2>\n<ol>\n<li><strong>Selecci\u00f3n de materiales<\/strong>\u00a0Proporcionamos cintas de sat\u00e9n, poli\u00e9ster, seda y otros multimateriales, que admiten anchura, color y estampaci\u00f3n en caliente personalizados del logotipo de la marca, realzan la sensaci\u00f3n de ceremonia y exclusividad del envase.<\/li>\n<li><strong>Decoraci\u00f3n<\/strong><\/li>\n<li><strong>M\u00e9todo de la pajarita<\/strong>Dise\u00f1o cl\u00e1sico de mano, adecuado para cajas de regalo magn\u00e9ticas o de caj\u00f3n, para mejorar la experiencia de abrir la caja.<\/li>\n<li><strong>Hebilla met\u00e1lica<\/strong>: Combine la cinta y la placa de identificaci\u00f3n acr\u00edlica para crear un s\u00edmbolo visual ligero y lujoso.<\/li>\n<\/ol>\n<h2 id=\"-fourth-material-and-process-anti-deformation-performance-and-design-expression-\"><strong>4.Material y proceso: rendimiento antideformaci\u00f3n y expresi\u00f3n de dise\u00f1o<\/strong><\/h2>\n<ol>\n<li><strong>Material del n\u00facleo<\/strong><\/li>\n<li><strong>Papel estucado C2S de 157 g<\/strong>Superficie de gran blancura, reproducci\u00f3n precisa del color, adecuada para la impresi\u00f3n offset en cuatricrom\u00eda y la impresi\u00f3n de colores directos.<\/li>\n<li><strong>Cart\u00f3n r\u00edgido de 1200 g<\/strong>: estructura ondulada de tres capas, resistencia a la compresi\u00f3n aumentada en 40%, para garantizar la ausencia de deformaci\u00f3n durante el transporte a larga distancia.<\/li>\n<li><strong>Proceso de superficie<\/strong><\/li>\n<li><strong>Oro\/plata<\/strong>Adecuado para el logotipo de la marca o la decoraci\u00f3n del marco, el brillo met\u00e1lico realza la sensaci\u00f3n de lujo.<\/li>\n<li><strong>UV parcial<\/strong>: en la superficie de la caja blanca se forman contrastes mates y brillantes que resaltan el sentido tridimensional del dibujo.<\/li>\n<li><strong>Textura en relieve<\/strong>: Cree una textura de cuero y una textura geom\u00e9trica mediante la tecnolog\u00eda de relieve para mejorar los puntos de memoria t\u00e1ctil.<\/li>\n<\/ol>\n<h2 id=\"-v-highly-customized-service-flexible-adaptation-to-brand-needs-\"><strong>5. Servicio altamente personalizado: Adaptaci\u00f3n flexible a las necesidades de la marca<\/strong><\/h2>\n<ol>\n<li><strong>Dimensiones personalizadas<\/strong><\/li>\n<li><strong>Tipo de caja<\/strong>: Admite cubiertas superiores e inferiores de formas especiales, como redondas, hexagonales y en forma de libro, para satisfacer las necesidades de embalaje de prendas especiales (como vestidos y trajes).<\/li>\n<li><strong>Talla<\/strong>: El di\u00e1metro interior\/exterior se dise\u00f1a con precisi\u00f3n en funci\u00f3n del tama\u00f1o de la ropa, y es adecuado para forrar accesorios como perchas y bolsas guardapolvo.<\/li>\n<li><strong>Efecto de impresi\u00f3n<\/strong>: Proporcionan serigraf\u00eda, inyecci\u00f3n de tinta digital y otros procesos para conseguir efectos personalizados, como colores degradados y fluorescentes.<\/li>\n<li><strong>Ventajas de la f\u00e1brica de origen<\/strong><\/li>\n<li><strong>L\u00ednea de producci\u00f3n propia<\/strong>: Abarcando todo el proceso de dise\u00f1o, pruebas y producci\u00f3n en serie, los pedidos personalizados pueden entregarse en tan solo 7 d\u00edas.<\/li>\n<li><strong>Control de costes<\/strong>: Adquisici\u00f3n a gran escala y producci\u00f3n automatizada, el precio es 15%-20% inferior al de productos similares en el mercado.<\/li>\n<\/ol>\n<h2 id=\"-vi-application-scenarios-and-customer-value-\"><strong>6. Escenarios de aplicaci\u00f3n y valor para el cliente<\/strong><\/h2>\n<ol>\n<li><strong>Campos aplicables<\/strong>\u00a0Ropa de lujo, trajes a medida de alta gama, vestidos de novia, ropa de marca compartida de edici\u00f3n limitada, etc.<\/li>\n<li><strong>Aumento del valor de la marca<\/strong><\/li>\n<li><strong>Ceremonia de desembalaje<\/strong>: Mediante el dise\u00f1o de hebillas magn\u00e9ticas, cintas y otros detalles, se refuerza la percepci\u00f3n de gama alta de la marca por parte de los consumidores.<\/li>\n<li><strong>Imagen medioambiental<\/strong>: Se utiliza papel certificado FSC y cintas degradables para responder a la tendencia de la moda sostenible.<\/li>\n<\/ol>\n<h2 id=\"-cooperation-process-\"><strong>Proceso de cooperaci\u00f3n<\/strong><\/h2>\n<ol>\n<li><strong>Comunicaci\u00f3n de la demanda<\/strong>: Proporcione informaci\u00f3n clave como categor\u00edas de ropa, tono de la marca, presupuesto, etc.<\/li>\n<li><strong>Pruebas de dise\u00f1o<\/strong>: Proporcione renderizados en 3D y cajas de muestras f\u00edsicas en un plazo de 3 d\u00edas laborables.<\/li>\n<li><strong>Entrega en serie<\/strong>: Tras confirmar la muestra, se completar\u00e1 la producci\u00f3n en serie y se organizar\u00e1 la log\u00edstica en un plazo de 7-14 d\u00edas.<\/li>\n<\/ol>","protected":false},"excerpt":{"rendered":"<ul>\n<li><strong>Est\u00e9tica de lujo:<\/strong>\u00a0El contraste monocromo eleva la percepci\u00f3n de la marca.<\/li>\n<li><strong>Respetuoso con el medio ambiente:<\/strong>\u00a0Los materiales reciclables est\u00e1n en consonancia con la marca sostenible.<\/li>\n<li><strong>Rentable:<\/strong>\u00a0Precios por volumen para mayoristas y minoristas.<\/li>\n<li><strong>Entrega r\u00e1pida:<\/strong> Personalizaci\u00f3n de tallas y marcas en 7 - 14 d\u00edas.<\/li>\n<li><strong>Multiusos:<\/strong>\u00a0Perfecto para tiendas de ropa, bodas o eventos corporativos.<\/li>\n<\/ul>","protected":false},"featured_media":9027,"template":"","meta":[],"product_brand":[],"product_cat":[30,414,425,31],"product_tag":[1047,1048,477],"class_list":{"0":"post-9026","1":"product","2":"type-product","3":"status-publish","4":"has-post-thumbnail","6":"product_cat-by-industry","7":"product_cat-custom-apparel-boxes","8":"product_cat-lid-and-base-gift-box","9":"product_cat-paper-box-style","10":"product_tag-apparel-packaging-gift-boxe","11":"product_tag-custom-apparel-boxe-wholesale","12":"product_tag-custom-clothing-packaging","14":"first","15":"instock","16":"shipping-taxable","17":"product-type-simple"},"_links":{"self":[{"href":"https:\/\/zojopackaging.com\/es\/wp-json\/wp\/v2\/product\/9026","targetHints":{"allow":["GET"]}}],"collection":[{"href":"https:\/\/zojopackaging.com\/es\/wp-json\/wp\/v2\/product"}],"about":[{"href":"https:\/\/zojopackaging.com\/es\/wp-json\/wp\/v2\/types\/product"}],"version-history":[{"count":1,"href":"https:\/\/zojopackaging.com\/es\/wp-json\/wp\/v2\/product\/9026\/revisions"}],"predecessor-version":[{"id":9034,"href":"https:\/\/zojopackaging.com\/es\/wp-json\/wp\/v2\/product\/9026\/revisions\/9034"}],"wp:featuredmedia":[{"embeddable":true,"href":"https:\/\/zojopackaging.com\/es\/wp-json\/wp\/v2\/media\/9027"}],"wp:attachment":[{"href":"https:\/\/zojopackaging.com\/es\/wp-json\/wp\/v2\/media?parent=9026"}],"wp:term":[{"taxonomy":"product_brand","embeddable":true,"href":"https:\/\/zojopackaging.com\/es\/wp-json\/wp\/v2\/product_brand?post=9026"},{"taxonomy":"product_cat","embeddable":true,"href":"https:\/\/zojopackaging.com\/es\/wp-json\/wp\/v2\/product_cat?post=9026"},{"taxonomy":"product_tag","embeddable":true,"href":"https:\/\/zojopackaging.com\/es\/wp-json\/wp\/v2\/product_tag?post=9026"}],"curies":[{"name":"wp","href":"https:\/\/api.w.org\/{rel}","templated":true}]}}