{"id":9043,"date":"2025-04-01T09:21:15","date_gmt":"2025-04-01T01:21:15","guid":{"rendered":"https:\/\/zojopackaging.com\/?post_type=product&#038;p=9043"},"modified":"2025-04-01T09:39:10","modified_gmt":"2025-04-01T01:39:10","slug":"luxury-cardbox-vip-credit-business-card-packaging-gift-box","status":"publish","type":"product","link":"https:\/\/zojopackaging.com\/es\/product\/luxury-cardbox-vip-credit-business-card-packaging-gift-box\/","title":{"rendered":"Caja de lujo para tarjetas de cr\u00e9dito Vip Embalaje para tarjetas de visita Caja de regalo"},"content":{"rendered":"<h2 id=\"-luxury-card-box-vip-credit-card-business-card-packaging-gift-box-product-description-\"><strong>Caja de tarjetas de lujo VIP tarjeta de cr\u00e9dito tarjeta de visita caja de embalaje de regalo\u00a0<\/strong><\/h2>\n<h2 id=\"-product-design-highlights-\"><strong>Aspectos destacados del dise\u00f1o del producto<\/strong><\/h2>\n<ol>\n<li><strong>Cuerpo de caja magn\u00e9tico empotrado<\/strong>\u00a0Adopta un dise\u00f1o de im\u00e1n oculto para evitar el desgaste causado por los imanes expuestos, adsorci\u00f3n precisa al cerrar, sensaci\u00f3n de apertura y cierre suaves. Toda la caja carece de accesorios de hardware adicionales, y las l\u00edneas minimalistas resaltan la est\u00e9tica moderna, centr\u00e1ndose visualmente en los atributos nobles de la tarjeta.<\/li>\n<li><strong>Material de gama alta respetuoso con el medio ambiente<\/strong>\u00a0El cuerpo principal de la caja utiliza\u00a0<strong>Papel estucado C2S de 157 g<\/strong>\u00a0(papel doble cobre) con\u00a0<strong>Cart\u00f3n r\u00edgido de 1200 g<\/strong>\u00a0(cart\u00f3n r\u00edgido de alto gramaje), teniendo en cuenta la protecci\u00f3n del medio ambiente y la durabilidad. El papel ha superado la certificaci\u00f3n forestal FSC y puede reciclarse y degradarse por completo, lo que se ajusta a la tendencia mundial de envases ecol\u00f3gicos.<\/li>\n<li><strong>Base negra mate + estampaci\u00f3n en caliente dorada<\/strong> El cuerpo de la caja es de color negro mate, s\u00edmbolo del lujo discreto, y la superficie est\u00e1 recubierta de oro.<strong>\u00a0estampaci\u00f3n en caliente<\/strong> foil (como LOGO o patr\u00f3n), que forma un efecto tridimensional de luces y sombras mediante el estampado a alta temperatura de foil met\u00e1lico, con un tacto delicado y ricos niveles visuales, reforzando la tonalidad de gama alta de la marca.<\/li>\n<li><strong>Servicio de personalizaci\u00f3n completa<\/strong><\/li>\n<li><strong>Tipo y tama\u00f1o de caja<\/strong>: Admite 16 tipos de cajas, como tapas superiores e inferiores, cajas tipo caj\u00f3n y cajas con forma de libro, que pueden ajustarse con precisi\u00f3n a diferentes especificaciones, como tarjetas de cr\u00e9dito y tarjetas de visita.<\/li>\n<li><strong>Color y material<\/strong>: Proporcionamos personalizaci\u00f3n del color Pantone, negro mate\/brillante opcional, cartulina dorada y plateada o papel especial para satisfacer las necesidades de imagen de marca diferenciada.<\/li>\n<li><strong>Tecnolog\u00eda de superficie<\/strong>: Adem\u00e1s de la estampaci\u00f3n en caliente\/plateado, pueden superponerse efectos UV locales, de relieve, l\u00e1ser y otros para mejorar el reconocimiento del envase.<\/li>\n<li><strong>El forro de EVA est\u00e1 adaptado con precisi\u00f3n<\/strong>\u00a0Personalizado seg\u00fan el tama\u00f1o de la tarjeta\u00a0<strong>Forro de EVA de alta densidad<\/strong>, con una precisi\u00f3n de grosor y ranura de \u00b10,1 mm, proporciona una protecci\u00f3n amortiguadora resistente a los golpes, al tiempo que optimiza la utilizaci\u00f3n del espacio, y el revestimiento es extra\u00edble y reemplazable, adapt\u00e1ndose a m\u00faltiples ranuras para tarjetas o a escenarios de almacenamiento combinado.<\/li>\n<\/ol>","protected":false},"excerpt":{"rendered":"<p><strong>\"Capacidad de personalizaci\u00f3n de gama alta de enlace completo\"<\/strong>: Desde el dise\u00f1o de la caja, la selecci\u00f3n de materiales respetuosos con el medio ambiente hasta el proceso de estampaci\u00f3n en caliente y la adaptaci\u00f3n del revestimiento de EVA, todo se completa en la f\u00e1brica de origen (como los fabricantes de personalizaci\u00f3n de gama alta de Dongguan, Shenzhen, etc.), realizando una conexi\u00f3n perfecta de \"dise\u00f1o-prueba-producci\u00f3n en masa\". La f\u00e1brica est\u00e1 equipada con equipos CNC alemanes (como la l\u00ednea de producci\u00f3n Homag), apoyando la producci\u00f3n flexible de lotes peque\u00f1os, garantizando al mismo tiempo la calidad de nivel de lujo, el costo es 30% m\u00e1s bajo que el modelo tradicional OEM.<\/p>","protected":false},"featured_media":9047,"template":"","meta":[],"product_brand":[],"product_cat":[30,413,424,31],"product_tag":[1053,1054,1052],"class_list":{"0":"post-9043","1":"product","2":"type-product","3":"status-publish","4":"has-post-thumbnail","6":"product_cat-by-industry","7":"product_cat-consumer-electronics-boxes","8":"product_cat-magnetic-closure-boxes","9":"product_cat-paper-box-style","10":"product_tag-credit-business-packaging-box","11":"product_tag-vip-card-gift-box","12":"product_tag-vip-credit-gift-box","14":"first","15":"instock","16":"shipping-taxable","17":"product-type-simple"},"_links":{"self":[{"href":"https:\/\/zojopackaging.com\/es\/wp-json\/wp\/v2\/product\/9043","targetHints":{"allow":["GET"]}}],"collection":[{"href":"https:\/\/zojopackaging.com\/es\/wp-json\/wp\/v2\/product"}],"about":[{"href":"https:\/\/zojopackaging.com\/es\/wp-json\/wp\/v2\/types\/product"}],"version-history":[{"count":1,"href":"https:\/\/zojopackaging.com\/es\/wp-json\/wp\/v2\/product\/9043\/revisions"}],"predecessor-version":[{"id":9050,"href":"https:\/\/zojopackaging.com\/es\/wp-json\/wp\/v2\/product\/9043\/revisions\/9050"}],"wp:featuredmedia":[{"embeddable":true,"href":"https:\/\/zojopackaging.com\/es\/wp-json\/wp\/v2\/media\/9047"}],"wp:attachment":[{"href":"https:\/\/zojopackaging.com\/es\/wp-json\/wp\/v2\/media?parent=9043"}],"wp:term":[{"taxonomy":"product_brand","embeddable":true,"href":"https:\/\/zojopackaging.com\/es\/wp-json\/wp\/v2\/product_brand?post=9043"},{"taxonomy":"product_cat","embeddable":true,"href":"https:\/\/zojopackaging.com\/es\/wp-json\/wp\/v2\/product_cat?post=9043"},{"taxonomy":"product_tag","embeddable":true,"href":"https:\/\/zojopackaging.com\/es\/wp-json\/wp\/v2\/product_tag?post=9043"}],"curies":[{"name":"wp","href":"https:\/\/api.w.org\/{rel}","templated":true}]}}