{"id":9051,"date":"2025-04-01T09:39:24","date_gmt":"2025-04-01T01:39:24","guid":{"rendered":"https:\/\/zojopackaging.com\/?post_type=product&#038;p=9051"},"modified":"2025-04-01T09:56:44","modified_gmt":"2025-04-01T01:56:44","slug":"oem-odm-order-custom-press-on-nail-packaging-boxes-in-bulk","status":"publish","type":"product","link":"https:\/\/zojopackaging.com\/es\/product\/oem-odm-order-custom-press-on-nail-packaging-boxes-in-bulk\/","title":{"rendered":"OEM ODM Orden de encargo de prensa en las cajas de embalaje de u\u00f1as a granel"},"content":{"rendered":"<h2 id=\"oem-odm-customized-press-on-nail-packaging-box-product-description\">OEM ODM Caja de embalaje a presi\u00f3n para u\u00f1as a medida<\/h2>\n<h2 id=\"-1-innovative-box-design-double-sided-magnetic-box-\"><strong>1. Dise\u00f1o innovador de la caja: Caja magn\u00e9tica de doble cara<\/strong><\/h2>\n<p>Adopte\u00a0<strong>tecnolog\u00eda de apertura y cierre magn\u00e9ticos precisos<\/strong>\u00a0para garantizar una adsorci\u00f3n perfecta entre la tapa y el cuerpo de la caja, una apertura y cierre suaves y sin atascos, y mejorar la experiencia del usuario. El exclusivo dise\u00f1o de caja magn\u00e9tica de doble cara combina\u00a0<strong>impacto visual y funcionalidad<\/strong>que puede mejorar el reconocimiento de la marca y es adecuado para marcas de u\u00f1as de gama alta o productos de edici\u00f3n limitada.<\/p>\n<h2 id=\"-2-minimalist-white-box-body-\"><strong>2. Cuerpo de caja blanca minimalista<\/strong><\/h2>\n<p>El cuerpo de la caja utiliza\u00a0<strong>sustrato blanco puro<\/strong>\u00a0para maximizar la claridad y la saturaci\u00f3n del color del contenido impreso, lo que resulta especialmente adecuado para mostrar logotipos de marcas, motivos art\u00edsticos o informaci\u00f3n sobre productos, creando una \"atracci\u00f3n a primera vista\" para los consumidores.<\/p>\n<h2 id=\"-3-environmentally-friendly-material-combination-\"><strong>3. Combinaci\u00f3n de materiales respetuosa con el medio ambiente<\/strong><\/h2>\n<p>Adopte\u00a0<strong>Papel estucado C2S de 157 g + cart\u00f3n duro de 1200 g<\/strong>, teniendo en cuenta tanto la resistencia como la textura. La superficie del papel C2S es delicada y suave, adecuada para la impresi\u00f3n de alta precisi\u00f3n; el cart\u00f3n r\u00edgido proporciona resistencia a la presi\u00f3n, se ajusta a la\u00a0<strong>tendencia en envases sostenibles<\/strong>\u00a0(reciclable y degradable), y cumple los requisitos de certificaci\u00f3n medioambiental de los mercados europeo y estadounidense.<\/p>\n<h2 id=\"-4-luxury-hot-stamping-process-\"><strong>4. Proceso de estampaci\u00f3n en caliente de lujo<\/strong><\/h2>\n<p>A trav\u00e9s de\u00a0<strong>proceso de estampaci\u00f3n en caliente personalizado<\/strong>\u00a0(oro\/plata\/oro rosa y otros colores opcionales), el efecto de brillo met\u00e1lico se consigue en \u00e1reas clave de la superficie de la caja (como el LOGO de la marca, el borde), realzando el\u00a0<strong>textura de alta gama y nivel visual<\/strong>\u00a0del envase, que es adecuado para marcas de u\u00f1as de lujo ligeras o escenas de cajas de regalo navide\u00f1as.<\/p>\n<h2 id=\"-5-flexible-customization-service-\"><strong>5. Servicio de personalizaci\u00f3n flexible<\/strong><\/h2>\n<ul>\n<li><strong>Desarrollo tipo caja<\/strong>: Apoyar dise\u00f1os estructurales especiales, como cajas de formas especiales y cajas de cajones, y desarrollar\u00a0<strong>tipos de cajas patentadas<\/strong>\u00a0seg\u00fan las necesidades de la marca para mejorar la competitividad diferenciada.<\/li>\n<li><strong>Forro de EVA<\/strong>: Personalizar\u00a0<strong>Forro de EVA ranurado con precisi\u00f3n<\/strong>\u00a0de acuerdo con el tama\u00f1o y la forma de los productos de clavos a presi\u00f3n para fijar el producto y evitar el desgaste durante el transporte, al tiempo que se optimiza la utilizaci\u00f3n del espacio y se reducen los costes de volumen de envasado.<\/li>\n<li><strong>Personalizaci\u00f3n completa de los par\u00e1metros<\/strong>El tama\u00f1o, el color, el material y el efecto de impresi\u00f3n (como el barniz local UV o el gofrado) pueden ajustarse para satisfacer las necesidades de las distintas l\u00edneas de productos.<\/li>\n<\/ul>\n<h2 id=\"-6-advantages-of-the-source-factory-\"><strong>6. Ventajas de la f\u00e1brica de origen<\/strong><\/h2>\n<p>Como f\u00e1brica de origen de personalizaci\u00f3n de envases de gama alta en China, ofrece\u00a0<strong>servicios integrales ODM\/OEM<\/strong>:<\/p>\n<ul>\n<li><strong>Competitividad de precios<\/strong>: L\u00ednea de producci\u00f3n propia y aprovisionamiento a gran escala para garantizar un coste \u00f3ptimo.<\/li>\n<li><strong>Garant\u00eda de calidad<\/strong>: Certificaci\u00f3n del sistema de gesti\u00f3n de calidad ISO 9001 y estricto proceso de control de calidad.<\/li>\n<li><strong>Pruebas r\u00e1pidas<\/strong>: Proporcione muestras f\u00edsicas en un plazo de 3 a 5 d\u00edas laborables para acortar el ciclo de lanzamiento del producto.<\/li>\n<\/ul>\n<p>(Nota: La soluci\u00f3n anterior puede adaptarse de forma flexible a productos como esmaltes de u\u00f1as, u\u00f1as ponibles, herramientas de arte de u\u00f1as, etc., soportar 500 piezas de pedido m\u00ednimo y satisfacer las necesidades de producci\u00f3n de prueba de lotes peque\u00f1os y medianos).<\/p>\n<p>Si necesita m\u00e1s informaci\u00f3n sobre la soluci\u00f3n tipo caja u obtener un presupuesto, p\u00f3ngase en contacto con nuestro equipo de dise\u00f1o.<\/p>","protected":false},"excerpt":{"rendered":"<p><strong>\"Capacidad de personalizaci\u00f3n completa desde el dise\u00f1o hasta la entrega\"<\/strong>: Confiando en la base de datos de tipo caja de desarrollo propio y en la l\u00ednea de producci\u00f3n flexible, no s\u00f3lo podemos satisfacer\u00a0<strong>tipo caja magn\u00e9tica de alta precisi\u00f3n, materiales respetuosos con el medio ambiente, proceso de estampaci\u00f3n en caliente<\/strong>\u00a0y otras necesidades b\u00e1sicas, sino tambi\u00e9n combinar el posicionamiento de la marca y las tendencias del mercado para desarrollar\u00a0<strong>tipo de caja patentado y estructura innovadora<\/strong>\u00a0(como el mecanismo de succi\u00f3n magn\u00e9tica que puede abrirse y cerrarse repetidamente, el sistema de revestimiento modular), para ayudar a las marcas a establecer\u00a0<strong>puntos de memoria visual y barreras a la experiencia del usuario<\/strong> en el mercado del nail art<\/p>","protected":false},"featured_media":9060,"template":"","meta":[],"product_brand":[],"product_cat":[30,413,428,31],"product_tag":[1056,1057,1055],"class_list":{"0":"post-9051","1":"product","2":"type-product","3":"status-publish","4":"has-post-thumbnail","6":"product_cat-by-industry","7":"product_cat-consumer-electronics-boxes","8":"product_cat-irregular-shaped-gift-boxes","9":"product_cat-paper-box-style","10":"product_tag-custom-press-on-nail-packaging","11":"product_tag-oem-odm-press-on-nail-boxes","12":"product_tag-press-on-nail-packaging-boxes","14":"first","15":"instock","16":"shipping-taxable","17":"product-type-simple"},"_links":{"self":[{"href":"https:\/\/zojopackaging.com\/es\/wp-json\/wp\/v2\/product\/9051","targetHints":{"allow":["GET"]}}],"collection":[{"href":"https:\/\/zojopackaging.com\/es\/wp-json\/wp\/v2\/product"}],"about":[{"href":"https:\/\/zojopackaging.com\/es\/wp-json\/wp\/v2\/types\/product"}],"version-history":[{"count":1,"href":"https:\/\/zojopackaging.com\/es\/wp-json\/wp\/v2\/product\/9051\/revisions"}],"predecessor-version":[{"id":9063,"href":"https:\/\/zojopackaging.com\/es\/wp-json\/wp\/v2\/product\/9051\/revisions\/9063"}],"wp:featuredmedia":[{"embeddable":true,"href":"https:\/\/zojopackaging.com\/es\/wp-json\/wp\/v2\/media\/9060"}],"wp:attachment":[{"href":"https:\/\/zojopackaging.com\/es\/wp-json\/wp\/v2\/media?parent=9051"}],"wp:term":[{"taxonomy":"product_brand","embeddable":true,"href":"https:\/\/zojopackaging.com\/es\/wp-json\/wp\/v2\/product_brand?post=9051"},{"taxonomy":"product_cat","embeddable":true,"href":"https:\/\/zojopackaging.com\/es\/wp-json\/wp\/v2\/product_cat?post=9051"},{"taxonomy":"product_tag","embeddable":true,"href":"https:\/\/zojopackaging.com\/es\/wp-json\/wp\/v2\/product_tag?post=9051"}],"curies":[{"name":"wp","href":"https:\/\/api.w.org\/{rel}","templated":true}]}}