{"id":9064,"date":"2025-04-01T09:57:02","date_gmt":"2025-04-01T01:57:02","guid":{"rendered":"https:\/\/zojopackaging.com\/?post_type=product&#038;p=9064"},"modified":"2025-04-01T10:13:42","modified_gmt":"2025-04-01T02:13:42","slug":"custom-luxury-perfume-packaging-gift-box-wholesale-supplier","status":"publish","type":"product","link":"https:\/\/zojopackaging.com\/es\/product\/custom-luxury-perfume-packaging-gift-box-wholesale-supplier\/","title":{"rendered":"Perfume de lujo de encargo que empaqueta la caja de regalo Proveedor al por mayor"},"content":{"rendered":"<h2 id=\"customized-luxury-perfume-packaging-gift-box-wholesale-supplier-product-description\">Perfume de lujo personalizado embalaje caja de regalo al por mayor proveedor Descripci\u00f3n del producto<\/h2>\n<p>Como f\u00e1brica de origen de envases personalizados de alta gama en China, nos centramos en proporcionar a las marcas de perfumes\u00a0<strong>embalaje de lujo flip-top cajas de regalo<\/strong>\u00a0que son a la vez est\u00e9ticas y pr\u00e1cticas, y satisfacen las diversas necesidades de lujo, funcionalidad y eficacia de producci\u00f3n de la marca. A continuaci\u00f3n se exponen los aspectos m\u00e1s destacados del producto:<\/p>\n<h2 id=\"1-one-handed-opening-and-closing-flip-design-efficient-and-convenient-\">1.\u00a0<strong>Dise\u00f1o abatible de apertura y cierre con una sola mano, eficaz y c\u00f3modo<\/strong><\/h2>\n<p>Adoptando una innovadora estructura de caja abatible, mediante bisagras de precisi\u00f3n y un dise\u00f1o de ranura ergon\u00f3mica, los usuarios s\u00f3lo tienen que empujar con una mano para abrir y cerrar r\u00e1pidamente. Cuando se cierra la tapa de la caja, se produce una respuesta t\u00e1ctil (como un sonido n\u00edtido) para garantizar un funcionamiento intuitivo y fiable. El interior cuenta con un forro de EVA personalizado para fijar el cuerpo del frasco de perfume. Tras abrir la tapa, se puede sacar directamente, lo que evita pasos tediosos y se adapta a escenarios de consumo r\u00e1pido.<\/p>\n<h2 id=\"2-pure-black-background-color-enhanced-visual-clarity-\">2.\u00a0<strong>Color de fondo negro puro, mayor claridad visual<\/strong><\/h2>\n<p>El cuerpo principal de la caja de regalo adopta un sustrato negro de gran pureza (como cart\u00f3n gris de papel de cobre doble de 157 g o cart\u00f3n especial), y el contraste se realza mediante un tratamiento mate\/brillante. El fondo negro puede maximizar los detalles del texto estampado en caliente, el logotipo de la marca o el patr\u00f3n en relieve, y es especialmente adecuado para mostrar dise\u00f1os art\u00edsticos complejos o informaci\u00f3n de marca de alta precisi\u00f3n. Por ejemplo, la combinaci\u00f3n de negro y dorado puede aumentar el impacto visual en 40%, lo que resulta m\u00e1s f\u00e1cil de atraer la atenci\u00f3n de los consumidores en la exposici\u00f3n en estanter\u00edas.<\/p>\n<h2 id=\"3-hot-stamping-technology-luxurious-texture-upgrade-\">3. Oro h<strong>ot tecnolog\u00eda de estampaci\u00f3n en l\u00e1mina, mejora de la textura de lujo<\/strong><\/h2>\n<p>Gracias a la tecnolog\u00eda de estampaci\u00f3n en caliente de l\u00e1minas de oro en relieve 3D, la l\u00e1mina met\u00e1lica se transfiere con precisi\u00f3n a la superficie de la caja mediante alta temperatura y alta presi\u00f3n para formar una textura tridimensional (como el LOGO de la marca, relieve de flores). El contraste entre el brillo met\u00e1lico y el fondo negro crea un <strong>\"noche oscura dorada\"<\/strong>\u00a0efecto, que es delicado y resistente al desgaste y a los ara\u00f1azos. Admite estampaci\u00f3n en caliente multicolor (oro\/plata\/oro rosa) y dise\u00f1o hueco parcial para satisfacer las necesidades de tonalidad de marca diferenciada.<\/p>\n<h2 id=\"4-spot-uv-ink-technology-to-improve-production-efficiency-\">4.\u00a0<strong>Tecnolog\u00eda de tintas UV planas para mejorar la eficacia de la producci\u00f3n<\/strong><\/h2>\n<p>Gracias a la tecnolog\u00eda de esmaltado UV local, la tinta se cura r\u00e1pidamente mediante rayos ultravioleta, y el tiempo de secado se acorta en 70% en comparaci\u00f3n con los procesos tradicionales. Esta tecnolog\u00eda admite la conexi\u00f3n sin fisuras entre la impresi\u00f3n continua y el posprocesado (como la estampaci\u00f3n en caliente y el gofrado), con una capacidad de producci\u00f3n diaria de hasta 10.000 piezas, lo que reduce significativamente el ciclo de entrega. Al mismo tiempo, el lacado UV puede realzar selectivamente el brillo del patr\u00f3n (como alternar entre mate y brillante), enriqueciendo la estratificaci\u00f3n del envase.<\/p>\n<h2 id=\"5-full-dimensional-customization-service-precise-adaptation-to-needs-\">5.\u00a0<strong>Servicio de personalizaci\u00f3n completa, adaptaci\u00f3n precisa a las necesidades<\/strong><\/h2>\n<ul>\n<li><strong>Tama\u00f1o flexible<\/strong>: Personalice el di\u00e1metro interior de la caja de regalo seg\u00fan la altura y el di\u00e1metro del frasco de perfume, con un control de error de \u00b11 mm.<\/li>\n<li><strong>Materiales opcionales<\/strong>: Proporciona hasta 12 materiales respetuosos con el medio ambiente, como papel 157 de cobre doble, cart\u00f3n gris, cuero especial, etc., y admite la impresi\u00f3n con papel reciclado y tinta de soja.<\/li>\n<li><strong>Optimizaci\u00f3n de funciones<\/strong>: El forro de EVA se moldea de acuerdo con la forma de la botella, el rendimiento de amortiguaci\u00f3n se mejora en 50%, y la tasa de utilizaci\u00f3n del espacio es de 95%.<\/li>\n<li><strong>Tecnolog\u00eda de superficie<\/strong>: M\u00e1s de 20 efectos, como estampaci\u00f3n en caliente, gofrado, l\u00e1ser, etc., son opcionales, y admiten el dise\u00f1o de patrones exclusivos de la marca.<\/li>\n<\/ul>\n<h2 id=\"6-advantages-of-the-source-factory-both-quality-and-cost-\">6.\u00a0<strong>Ventajas de la f\u00e1brica de origen, tanto en calidad como en coste<\/strong><\/h2>\n<p>Como fabricante local de envases de gama alta en China, integramos los recursos de la cadena de suministro, adoptamos l\u00edneas de producci\u00f3n automatizadas (producci\u00f3n diaria de 1.000.000 de piezas), reducimos la diferencia de precios de los intermediarios y ofrecemos a los clientes ofertas al por mayor.\u00a0<strong>15%-20% inferior al precio de mercado<\/strong>. Al mismo tiempo, hemos superado el sistema de certificaci\u00f3n de calidad ISO para garantizar el control de calidad de todo el proceso, desde las pruebas (entrega en 3 d\u00edas) hasta la producci\u00f3n en serie (7-15 d\u00edas).<\/p>","protected":false},"excerpt":{"rendered":"<p><strong>\"Modelo \"Suministro directo desde la f\u00e1brica de origen + personalizaci\u00f3n full-link<\/strong>: Como fabricante de personalizaci\u00f3n de envases de alta gama en China, hemos conseguido\u00a0<strong>\"prestaciones de alto coste + respuesta r\u00e1pida\"<\/strong>\u00a0doble avance mediante bases de producci\u00f3n propias y servicios integrados (dise\u00f1o \u2192 pruebas \u2192 producci\u00f3n \u2192 log\u00edstica). Los clientes pueden disfrutar de una conexi\u00f3n sin fisuras desde la creatividad hasta los productos acabados, al tiempo que conf\u00edan en la producci\u00f3n a gran escala para reducir costes, garantizando que cada caja de regalo para perfumes tenga tanto una textura de lujo como una eficiencia industrial.<\/p>","protected":false},"featured_media":9065,"template":"","meta":[],"product_brand":[],"product_cat":[30,417,424,31],"product_tag":[498,342,1058],"class_list":{"0":"post-9064","1":"product","2":"type-product","3":"status-publish","4":"has-post-thumbnail","6":"product_cat-by-industry","7":"product_cat-custom-perfume-boxes-by-industry","8":"product_cat-magnetic-closure-boxes","9":"product_cat-paper-box-style","10":"product_tag-custom-perfume-packaging","11":"product_tag-perfume-gift-box","12":"product_tag-perfume-packaging","14":"first","15":"instock","16":"shipping-taxable","17":"product-type-simple"},"_links":{"self":[{"href":"https:\/\/zojopackaging.com\/es\/wp-json\/wp\/v2\/product\/9064","targetHints":{"allow":["GET"]}}],"collection":[{"href":"https:\/\/zojopackaging.com\/es\/wp-json\/wp\/v2\/product"}],"about":[{"href":"https:\/\/zojopackaging.com\/es\/wp-json\/wp\/v2\/types\/product"}],"version-history":[{"count":1,"href":"https:\/\/zojopackaging.com\/es\/wp-json\/wp\/v2\/product\/9064\/revisions"}],"predecessor-version":[{"id":9071,"href":"https:\/\/zojopackaging.com\/es\/wp-json\/wp\/v2\/product\/9064\/revisions\/9071"}],"wp:featuredmedia":[{"embeddable":true,"href":"https:\/\/zojopackaging.com\/es\/wp-json\/wp\/v2\/media\/9065"}],"wp:attachment":[{"href":"https:\/\/zojopackaging.com\/es\/wp-json\/wp\/v2\/media?parent=9064"}],"wp:term":[{"taxonomy":"product_brand","embeddable":true,"href":"https:\/\/zojopackaging.com\/es\/wp-json\/wp\/v2\/product_brand?post=9064"},{"taxonomy":"product_cat","embeddable":true,"href":"https:\/\/zojopackaging.com\/es\/wp-json\/wp\/v2\/product_cat?post=9064"},{"taxonomy":"product_tag","embeddable":true,"href":"https:\/\/zojopackaging.com\/es\/wp-json\/wp\/v2\/product_tag?post=9064"}],"curies":[{"name":"wp","href":"https:\/\/api.w.org\/{rel}","templated":true}]}}