{"id":9072,"date":"2025-04-01T10:14:11","date_gmt":"2025-04-01T02:14:11","guid":{"rendered":"https:\/\/zojopackaging.com\/?post_type=product&#038;p=9072"},"modified":"2025-04-01T10:24:16","modified_gmt":"2025-04-01T02:24:16","slug":"luxury-custom-cosmetic-skin-care-packaging-boxes-wholesale","status":"publish","type":"product","link":"https:\/\/zojopackaging.com\/es\/product\/luxury-custom-cosmetic-skin-care-packaging-boxes-wholesale\/","title":{"rendered":"Cajas de lujo para cosm\u00e9ticos al por mayor"},"content":{"rendered":"<h2 id=\"-product-features-and-core-advantages-\"><strong>Caracter\u00edsticas del producto y principales ventajas<\/strong><\/h2>\n<ol>\n<li><strong>Dise\u00f1o plano plegable, transporte eficiente y reducci\u00f3n de costes<\/strong>\u00a0La innovadora estructura plegable puede aplanarse hasta 1\/5 del volumen original cuando se env\u00eda, lo que reduce enormemente el espacio ocupado en el transporte y los costes log\u00edsticos. Por ejemplo, de forma similar a la l\u00f3gica de optimizaci\u00f3n de los contenedores plegables, esta caja de embalaje es apta para la carga de pal\u00e9s est\u00e1ndar una vez plegada, lo que reduce el coste de retorno de cajas vac\u00edas y ahorra m\u00e1s de 20% de costes de transporte.<\/li>\n<li><strong>Dise\u00f1o de cierre magn\u00e9tico, c\u00f3modo y divertido<\/strong>\u00a0La tapa lleva incorporado un componente magn\u00e9tico de alta precisi\u00f3n, que se abre y se cierra con suavidad y firmeza, proporcionando a los usuarios una experiencia de \"sensaci\u00f3n de ritual\". Por ejemplo, despu\u00e9s de que cierta marca **cosm\u00e9tica adoptara la misma caja magn\u00e9tica de regalo, los clientes informaron de que la comodidad de apertura aument\u00f3 en 50%, y la tasa de recompra aument\u00f3 significativamente.<\/li>\n<li><strong>Cuerpo de caja totalmente negro + proceso de estampaci\u00f3n en caliente, que interpreta una est\u00e9tica lujosa<\/strong>\u00a0El cuerpo de la caja utiliza cart\u00f3n especial negro mate o cuero de PU, combinado con un proceso de estampaci\u00f3n en caliente de oro aut\u00e9ntico de 24 quilates, que presenta un impacto visual discreto y lujoso. El logotipo estampado en caliente refracta el brillo en diferentes \u00e1ngulos de luz, refuerza el reconocimiento de la marca y se adapta al posicionamiento de los cosm\u00e9ticos de gama alta.<\/li>\n<li><strong>Servicio altamente personalizado, adaptaci\u00f3n precisa a las necesidades del producto<\/strong><\/li>\n<li><strong>Adaptaci\u00f3n del tama\u00f1o<\/strong>: Admite una personalizaci\u00f3n de precisi\u00f3n de 0,5 cm, se adapta perfectamente a productos con formas especiales, como esmaltes de u\u00f1as a presi\u00f3n y polvos liofilizados, y reduce el desperdicio de espacio de envasado interno.<\/li>\n<li><strong>Material y proceso<\/strong>: Cart\u00f3n blanco opcional, cart\u00f3n dorado y plateado, cuero especial y otros materiales, combinados con impresi\u00f3n UV, gofrado, l\u00e1ser y otros procesos para satisfacer las necesidades de imagen de marca diferenciada.<\/li>\n<li><strong>Color y estructura<\/strong>: Ofrece personalizaci\u00f3n de colores especiales Pantone, admite m\u00faltiples tipos de cajas, como tapa superior e inferior, tipo caj\u00f3n, tapa abatible magn\u00e9tica, etc., teniendo en cuenta la funcionalidad y el dise\u00f1o.<\/li>\n<li><strong>Suministro directo desde la f\u00e1brica de origen, doble garant\u00eda de calidad y rentabilidad<\/strong>\u00a0Como fabricante de personalizaci\u00f3n de envases de gama alta en China, cuenta con 2.000 metros cuadrados de edificios de f\u00e1brica estandarizados y un equipo profesional de 50 personas, que integran los recursos de la cadena de suministro para lograr una entrega extremadamente r\u00e1pida de 15-20 d\u00edas desde el dise\u00f1o hasta la producci\u00f3n en masa. Gracias a la producci\u00f3n a gran escala y a una gesti\u00f3n refinada, el precio es 15%-30% inferior al del mercado con la misma calidad.<\/li>\n<\/ol>","protected":false},"excerpt":{"rendered":"<p><strong>Doble ventaja de \"dise\u00f1o plegable + suministro directo desde la f\u00e1brica de origen\"<\/strong>: Mediante el transporte plano, el coste log\u00edstico se reduce en 30%, y la adquisici\u00f3n directa de materias primas por parte de la f\u00e1brica y la producci\u00f3n a gran escala se combinan para lograr un precio unitario de la caja de embalaje terminal inferior a la media del sector. Al mismo tiempo, se garantiza la inspecci\u00f3n de calidad est\u00e1ndar ISO y la capacidad de entrega al contado en 48-72 horas, proporcionando a los clientes una soluci\u00f3n integral de\u00a0<strong>\"prestaciones de alto coste sin comprometer la calidad\"<\/strong>.<\/p>","protected":false},"featured_media":9076,"template":"","meta":[],"product_brand":[],"product_cat":[30,414,424,31],"product_tag":[1059,1061,1060],"class_list":{"0":"post-9072","1":"product","2":"type-product","3":"status-publish","4":"has-post-thumbnail","6":"product_cat-by-industry","7":"product_cat-custom-apparel-boxes","8":"product_cat-magnetic-closure-boxes","9":"product_cat-paper-box-style","10":"product_tag-cosmetic-packaging","11":"product_tag-custom-cosmetic-boxes-wholesale","12":"product_tag-skin-care-packaging-boxes","14":"first","15":"instock","16":"shipping-taxable","17":"product-type-simple"},"_links":{"self":[{"href":"https:\/\/zojopackaging.com\/es\/wp-json\/wp\/v2\/product\/9072","targetHints":{"allow":["GET"]}}],"collection":[{"href":"https:\/\/zojopackaging.com\/es\/wp-json\/wp\/v2\/product"}],"about":[{"href":"https:\/\/zojopackaging.com\/es\/wp-json\/wp\/v2\/types\/product"}],"version-history":[{"count":1,"href":"https:\/\/zojopackaging.com\/es\/wp-json\/wp\/v2\/product\/9072\/revisions"}],"predecessor-version":[{"id":9079,"href":"https:\/\/zojopackaging.com\/es\/wp-json\/wp\/v2\/product\/9072\/revisions\/9079"}],"wp:featuredmedia":[{"embeddable":true,"href":"https:\/\/zojopackaging.com\/es\/wp-json\/wp\/v2\/media\/9076"}],"wp:attachment":[{"href":"https:\/\/zojopackaging.com\/es\/wp-json\/wp\/v2\/media?parent=9072"}],"wp:term":[{"taxonomy":"product_brand","embeddable":true,"href":"https:\/\/zojopackaging.com\/es\/wp-json\/wp\/v2\/product_brand?post=9072"},{"taxonomy":"product_cat","embeddable":true,"href":"https:\/\/zojopackaging.com\/es\/wp-json\/wp\/v2\/product_cat?post=9072"},{"taxonomy":"product_tag","embeddable":true,"href":"https:\/\/zojopackaging.com\/es\/wp-json\/wp\/v2\/product_tag?post=9072"}],"curies":[{"name":"wp","href":"https:\/\/api.w.org\/{rel}","templated":true}]}}