{"id":9080,"date":"2025-04-01T10:24:32","date_gmt":"2025-04-01T02:24:32","guid":{"rendered":"https:\/\/zojopackaging.com\/?post_type=product&#038;p=9080"},"modified":"2025-04-01T10:36:15","modified_gmt":"2025-04-01T02:36:15","slug":"luxury-custom-logo-printed-apparel-clothing-packaging-box","status":"publish","type":"product","link":"https:\/\/zojopackaging.com\/es\/product\/luxury-custom-logo-printed-apparel-clothing-packaging-box\/","title":{"rendered":"Lujo Logotipo Impreso Ropa Ropa Embalaje Caja"},"content":{"rendered":"<h2 id=\"1-foldable-flat-design-to-optimize-transportation-efficiency-\">1. Plegable<strong>\u00a0dise\u00f1o plano para optimizar la eficacia del transporte<\/strong><\/h2>\n<p>Adoptando una innovadora estructura plegable, el grosor de la caja vac\u00eda una vez plegada es s\u00f3lo 25% del tama\u00f1o original, lo que ahorra mucho espacio de almacenamiento y transporte. Con material de cart\u00f3n de 1200 g de alta resistencia, garantiza la resistencia a la presi\u00f3n y a los golpes durante el transporte y reduce el \u00edndice de rotura. El modo de env\u00edo plano puede reducir los costes log\u00edsticos en m\u00e1s de 40%, y es adecuado para diversos escenarios de transporte, como el transporte mar\u00edtimo y a\u00e9reo.<\/p>\n<h2 id=\"2-magnetic-flip-top-fun-opening-and-closing-\">2.\u00a0<strong>Cajas con cierre magn\u00e9tico<\/strong><\/h2>\n<p>La tapa tiene incorporado un fuerte dispositivo magn\u00e9tico (fuerza magn\u00e9tica de m\u00e1s de 5N), que puede abrirse y cerrarse f\u00e1cilmente con una sola mano, acompa\u00f1ado de un n\u00edtido efecto sonoro de adsorci\u00f3n, que realza la sensaci\u00f3n de ritual de desembalaje. La estructura magn\u00e9tica adopta un dise\u00f1o oculto, y la superficie est\u00e1 recubierta con papel estucado C2S de 157 g, que tiene un tacto delicado y no afecta al efecto de impresi\u00f3n. En comparaci\u00f3n con los envases a presi\u00f3n tradicionales, el dise\u00f1o magn\u00e9tico puede reducir las p\u00e9rdidas por apertura y cierre repetidos en 30%.<\/p>\n<h2 id=\"3-full-dimensional-color-management-system-\">3.\u00a0<strong>Sistema completo de gesti\u00f3n del color<\/strong><\/h2>\n<p>Proporcionamos colores planos Pantone, cuatricrom\u00eda y procesos de degradado met\u00e1lico, y apoyamos la personalizaci\u00f3n de los colores principales seg\u00fan el tono de la marca:<\/p>\n<ul>\n<li><strong>Mercado de gama alta<\/strong>dorado\/blanco brillante\/negro obsidiana, con estampaci\u00f3n en caliente\/grabado UV<\/li>\n<li><strong>Tendencia joven<\/strong>: naranja fluorescente\/azul electro\u00f3ptico, mediante tecnolog\u00eda de impresi\u00f3n 3D estereosc\u00f3pica<\/li>\n<li><strong>Concepto de protecci\u00f3n del medio ambiente<\/strong>color original de la madera, impreso con tinta de soja y marcado con el logotipo de certificaci\u00f3n medioambiental FSC<\/li>\n<\/ul>\n<h2 id=\"4-aesthetic-details-strengthen-brand-recognition-\">4.\u00a0<strong>Los detalles est\u00e9ticos refuerzan el reconocimiento de la marca<\/strong><\/h2>\n<ul>\n<li><strong>Accesorios para cintas<\/strong>Seda opcional, hilo de nieve o materiales de poli\u00e9ster reciclado, admite el grabado por l\u00e1ser del LOGOTIPO de la marca<\/li>\n<li><strong>Dise\u00f1o del forro<\/strong>: Capa amortiguadora de EVA de 3 mm + tela flocada, protege la ropa sin arrugas, tarjeta de historia de la marca incrustada.<\/li>\n<li><strong>Tratamiento de superficies<\/strong>Revestimiento de textura mate\/brillante\/t\u00e1ctil, antihuellas y resistente a los ara\u00f1azos.<\/li>\n<\/ul>\n<h2 id=\"5-full-link-deep-customization-service-\">5.\u00a0<strong>Servicio de personalizaci\u00f3n profunda de enlaces completos<\/strong><\/h2>\n<ul>\n<li><strong>Tipo de caja<\/strong>: Hay 12 tipos de cajas disponibles, incluyendo tapa superior e inferior, caja en forma de libro, caja de caj\u00f3n, etc., adecuadas para diferentes formas de ropa como trajes, cheongsam, ropa deportiva, etc.<\/li>\n<li><strong>Talla<\/strong>: Admite la personalizaci\u00f3n a tama\u00f1o completo de 50\u00d730\u00d75 cm a 120\u00d780\u00d725 cm, con un error de \u22640,5 mm.<\/li>\n<li><strong>Proceso de impresi\u00f3n<\/strong>: 20 combinaciones de efectos como estampaci\u00f3n en fr\u00edo, UV parcial, serigraf\u00eda, l\u00e1ser hologr\u00e1fico, etc.<\/li>\n<\/ul>\n<h2 id=\"vii-advantages-of-direct-supply-from-chinese-source-factories-\">6. <strong>Ventajas del suministro directo desde f\u00e1bricas de origen chino<\/strong><\/h2>\n<ul>\n<li><strong>Pruebas gratuitas<\/strong>: Entrega de muestras f\u00edsicas en un plazo de 3-5 d\u00edas laborables<\/li>\n<li><strong>0 yuanes de dise\u00f1o<\/strong>: Un equipo profesional proporciona soluciones de integraci\u00f3n VI, la IA genera renderizados 3D<\/li>\n<li><strong>Presupuesto de escalera<\/strong>: La cantidad m\u00ednima de pedido es de 500 piezas, y el precio unitario es 15%-20% inferior al precio medio del mercado.<\/li>\n<\/ul>","protected":false},"excerpt":{"rendered":"<p>Gracias a la integraci\u00f3n del dise\u00f1o de interacci\u00f3n magn\u00e9tica, los materiales respetuosos con el medio ambiente y los servicios personalizados de enlace completo, se mejora la tasa de conversi\u00f3n de las cajas de embalaje, lo que convierte el proceso de desembalaje del cliente en un punto de contacto clave para la transmisi\u00f3n del valor de la marca. Tomando como ejemplo una marca de ropa femenina ligera de lujo, tras utilizar cajas magn\u00e9ticas chapadas en oro rosa + cintas de seda, la tasa de recompra aument\u00f3 en 19%, y el n\u00famero de v\u00eddeos de desembalaje en las redes sociales super\u00f3 los 5 millones de veces.<\/p>","protected":false},"featured_media":9081,"template":"","meta":[],"product_brand":[],"product_cat":[30,414,424,31],"product_tag":[1063,1062,1064],"class_list":{"0":"post-9080","1":"product","2":"type-product","3":"status-publish","4":"has-post-thumbnail","6":"product_cat-by-industry","7":"product_cat-custom-apparel-boxes","8":"product_cat-magnetic-closure-boxes","9":"product_cat-paper-box-style","10":"product_tag-clothing-packaging-box","11":"product_tag-custom-apparel-box","12":"product_tag-luxury-clothing-box","14":"first","15":"instock","16":"shipping-taxable","17":"product-type-simple"},"_links":{"self":[{"href":"https:\/\/zojopackaging.com\/es\/wp-json\/wp\/v2\/product\/9080","targetHints":{"allow":["GET"]}}],"collection":[{"href":"https:\/\/zojopackaging.com\/es\/wp-json\/wp\/v2\/product"}],"about":[{"href":"https:\/\/zojopackaging.com\/es\/wp-json\/wp\/v2\/types\/product"}],"version-history":[{"count":1,"href":"https:\/\/zojopackaging.com\/es\/wp-json\/wp\/v2\/product\/9080\/revisions"}],"predecessor-version":[{"id":9086,"href":"https:\/\/zojopackaging.com\/es\/wp-json\/wp\/v2\/product\/9080\/revisions\/9086"}],"wp:featuredmedia":[{"embeddable":true,"href":"https:\/\/zojopackaging.com\/es\/wp-json\/wp\/v2\/media\/9081"}],"wp:attachment":[{"href":"https:\/\/zojopackaging.com\/es\/wp-json\/wp\/v2\/media?parent=9080"}],"wp:term":[{"taxonomy":"product_brand","embeddable":true,"href":"https:\/\/zojopackaging.com\/es\/wp-json\/wp\/v2\/product_brand?post=9080"},{"taxonomy":"product_cat","embeddable":true,"href":"https:\/\/zojopackaging.com\/es\/wp-json\/wp\/v2\/product_cat?post=9080"},{"taxonomy":"product_tag","embeddable":true,"href":"https:\/\/zojopackaging.com\/es\/wp-json\/wp\/v2\/product_tag?post=9080"}],"curies":[{"name":"wp","href":"https:\/\/api.w.org\/{rel}","templated":true}]}}