{"id":9087,"date":"2025-04-01T10:36:46","date_gmt":"2025-04-01T02:36:46","guid":{"rendered":"https:\/\/zojopackaging.com\/?post_type=product&#038;p=9087"},"modified":"2025-04-01T10:49:10","modified_gmt":"2025-04-01T02:49:10","slug":"custom-logo-cardboard-sex-bra-lingerie-bikini-packaging-box","status":"publish","type":"product","link":"https:\/\/zojopackaging.com\/es\/product\/custom-logo-cardboard-sex-bra-lingerie-bikini-packaging-box\/","title":{"rendered":"Logotipo personalizado de cart\u00f3n Sexo Sujetador Lencer\u00eda Bikini Caja de embalaje"},"content":{"rendered":"<h2 id=\"1-core-design-highlights\">1. Aspectos principales del dise\u00f1o<\/h2>\n<ol>\n<li><strong>Apertura y cierre c\u00f3modos<\/strong><\/li>\n<li>Con el dise\u00f1o de caja extra\u00edble, los usuarios s\u00f3lo tienen que empujar el cuerpo de la caja para deslizarla y abrirla, lo que resulta suave y ahorra mano de obra, adem\u00e1s de reducir el n\u00famero de pasos de desmontaje. La estructura interna del riel de deslizamiento se ha ajustado con precisi\u00f3n para garantizar una apertura y cierre suaves y sin atascos. Al mismo tiempo, el cuerpo de la caja se cierra herm\u00e9ticamente despu\u00e9s del cierre para proteger el producto de la compresi\u00f3n o la contaminaci\u00f3n.<\/li>\n<li><strong>Ventana transparente para una visualizaci\u00f3n intuitiva<\/strong><\/li>\n<li>La superficie de la caja est\u00e1 incrustada con una ventana transparente acr\u00edlica de alta resistencia, que puede mostrar los detalles de estilo, color y material de la ropa interior a 360\u00b0 sin \u00e1ngulos muertos. Se puede sentir intuitivamente la calidad del producto sin desembalarlo, lo que reduce las preocupaciones de compra de los clientes. El borde de la ventana adopta tecnolog\u00eda de corte por l\u00e1ser para evitar rebabas y realzar la exquisitez general.<\/li>\n<li><strong>Los accesorios para cintas mejoran el reconocimiento de la marca<\/strong><\/li>\n<li><strong>Est\u00e9tica curativa rosa<\/strong><\/li>\n<li>El uso general de tonos rosas de baja saturaci\u00f3n (como el rosa flor de cerezo o el rosa coral), con tecnolog\u00eda de degradado o decoraci\u00f3n parcial en caliente\/plata, crea una atm\u00f3sfera visual rom\u00e1ntica y suave, que se ajusta a las preferencias emocionales de las consumidoras. El forro utiliza terciopelo o papel reciclado ecol\u00f3gico del mismo color, que tiene un tacto delicado y es respetuoso con el medio ambiente e inocuo.<\/li>\n<\/ol>\n<h2 id=\"2-in-depth-customization-service\">2. Servicio de personalizaci\u00f3n en profundidad<\/h2>\n<ol>\n<li><strong>Personalizaci\u00f3n flexible en todas las dimensiones<\/strong><\/li>\n<li><strong>Tipo y tama\u00f1o de caja<\/strong>: Admite m\u00faltiples estructuras, como tipo caj\u00f3n, caja en forma de libro y cubierta superior e inferior. Personalice la partici\u00f3n del forro seg\u00fan el tipo de ropa interior (como sujetador de copa blanda, bikini con soporte de acero), ajuste con precisi\u00f3n el tama\u00f1o del producto y mejore la utilizaci\u00f3n del espacio.<\/li>\n<li><strong>Material y artesan\u00eda<\/strong>: Cartulina blanca ecol\u00f3gica opcional, papel art\u00edstico o papel especial (como pel\u00edcula t\u00e1ctil, papel nacarado), la superficie puede ser UV parcialmente brillante, gofrada, estampada y otros procesos para realzar la textura.<\/li>\n<li><strong>Impresi\u00f3n y elementos de marca<\/strong>: Admite impresi\u00f3n digital, serigraf\u00eda o tecnolog\u00eda de estampaci\u00f3n en caliente, presenta de forma flexible logotipos de marca, patrones y textos publicitarios, y garantiza una gran unificaci\u00f3n de los estilos de envasado y producto.<\/li>\n<\/ol>\n<h2 id=\"3-one-stop-professional-guarantee\">3. Garant\u00eda profesional integral<\/h2>\n<ol>\n<li><strong>16 a\u00f1os de asistencia en f\u00e1brica<\/strong><\/li>\n<li>Bas\u00e1ndonos en 16 a\u00f1os de experiencia en el sector, ofrecemos servicios de proceso completo, desde la optimizaci\u00f3n del borrador del dise\u00f1o y la confirmaci\u00f3n de las pruebas hasta la producci\u00f3n en serie, garantizando una prueba r\u00e1pida en 7 d\u00edas y una entrega eficaz en 30 d\u00edas. La f\u00e1brica est\u00e1 equipada con un sistema de seguimiento inteligente para supervisar el progreso de la producci\u00f3n en tiempo real y garantizar que el \u00edndice de puntualidad de los pedidos supere el 99%.<\/li>\n<\/ol>","protected":false},"excerpt":{"rendered":"<p><strong>Servicio integral altamente personalizado<\/strong>: Como f\u00e1brica de origen desde hace 16 a\u00f1os, integramos profundamente la innovaci\u00f3n en el dise\u00f1o y la experiencia en la producci\u00f3n, y podemos satisfacer con precisi\u00f3n las necesidades del cliente desde la estructura de la caja, el dise\u00f1o visual hasta los detalles funcionales. Por ejemplo, para las caracter\u00edsticas de sujeci\u00f3n de los sujetadores con aros, se pueden dise\u00f1ar ranuras de forro independientes para evitar la deformaci\u00f3n; para los atributos privados de la ropa interior sexy, se pueden proporcionar ventanas opacas con patrones huecos para equilibrar la exposici\u00f3n y la privacidad. Al controlar toda la cadena, nos aseguramos de que el envasado no s\u00f3lo aumente el valor a\u00f1adido del producto, sino que tambi\u00e9n optimice la experiencia del usuario, ayudando a las marcas a destacar en la competencia del mercado.<\/p>","protected":false},"featured_media":9088,"template":"","meta":[],"product_brand":[],"product_cat":[30,414,31,426],"product_tag":[1067,1066,1065],"class_list":{"0":"post-9087","1":"product","2":"type-product","3":"status-publish","4":"has-post-thumbnail","6":"product_cat-by-industry","7":"product_cat-custom-apparel-boxes","8":"product_cat-paper-box-style","9":"product_cat-paper-drawer-boxes","10":"product_tag-custom-bikini-packaging","11":"product_tag-lingerie-packaging-box","12":"product_tag-sex-bra-packaging","14":"first","15":"instock","16":"shipping-taxable","17":"product-type-simple"},"_links":{"self":[{"href":"https:\/\/zojopackaging.com\/es\/wp-json\/wp\/v2\/product\/9087","targetHints":{"allow":["GET"]}}],"collection":[{"href":"https:\/\/zojopackaging.com\/es\/wp-json\/wp\/v2\/product"}],"about":[{"href":"https:\/\/zojopackaging.com\/es\/wp-json\/wp\/v2\/types\/product"}],"version-history":[{"count":1,"href":"https:\/\/zojopackaging.com\/es\/wp-json\/wp\/v2\/product\/9087\/revisions"}],"predecessor-version":[{"id":9094,"href":"https:\/\/zojopackaging.com\/es\/wp-json\/wp\/v2\/product\/9087\/revisions\/9094"}],"wp:featuredmedia":[{"embeddable":true,"href":"https:\/\/zojopackaging.com\/es\/wp-json\/wp\/v2\/media\/9088"}],"wp:attachment":[{"href":"https:\/\/zojopackaging.com\/es\/wp-json\/wp\/v2\/media?parent=9087"}],"wp:term":[{"taxonomy":"product_brand","embeddable":true,"href":"https:\/\/zojopackaging.com\/es\/wp-json\/wp\/v2\/product_brand?post=9087"},{"taxonomy":"product_cat","embeddable":true,"href":"https:\/\/zojopackaging.com\/es\/wp-json\/wp\/v2\/product_cat?post=9087"},{"taxonomy":"product_tag","embeddable":true,"href":"https:\/\/zojopackaging.com\/es\/wp-json\/wp\/v2\/product_tag?post=9087"}],"curies":[{"name":"wp","href":"https:\/\/api.w.org\/{rel}","templated":true}]}}