{"id":9095,"date":"2025-04-01T10:49:17","date_gmt":"2025-04-01T02:49:17","guid":{"rendered":"https:\/\/zojopackaging.com\/?post_type=product&#038;p=9095"},"modified":"2025-04-01T11:07:31","modified_gmt":"2025-04-01T03:07:31","slug":"luxury-visiting-wedding-invitation-greeting-packaging-box","status":"publish","type":"product","link":"https:\/\/zojopackaging.com\/es\/product\/luxury-visiting-wedding-invitation-greeting-packaging-box\/","title":{"rendered":"Lujo Invitaci\u00f3n de boda de visita Caja de embalaje de felicitaci\u00f3n"},"content":{"rendered":"<h2 id=\"-core-design-highlights-\"><strong>Aspectos principales del dise\u00f1o<\/strong><\/h2>\n<ol>\n<li><strong>Innovador dise\u00f1o de cierre magn\u00e9tico<\/strong> Se adopta la estructura de cierre magn\u00e9tico. La tapa y el cuerpo de la caja se cierran mediante imanes de alta precisi\u00f3n. Es ligera y suave al abrirla, lo que le confiere un sentido ceremonioso y divertido a la vez. La tira el\u00e1stica y la estructura de amortiguaci\u00f3n de muelles se complementan en el interior para garantizar que no se deforme f\u00e1cilmente despu\u00e9s de m\u00faltiples aperturas y cierres, y al mismo tiempo proteger la carta de invitaci\u00f3n en la caja para que no se apriete.<\/li>\n<li><strong>Est\u00e9tica minimalista y textura de alta gama<\/strong>\u00a0El cuerpo exterior de la caja es principalmente de color blanco puro, con tratamiento superficial mate o brillante, presentando un estilo visual sencillo y atmosf\u00e9rico. La superficie admite estampaci\u00f3n en caliente\/plateado en caliente, gofrado, impresi\u00f3n UV y otros procesos. Se pueden personalizar los nombres de los reci\u00e9n casados, el logotipo de la boda o motivos rom\u00e1nticos para mostrar un sentido personalizado del lujo.<\/li>\n<\/ol>\n<h2 id=\"-highly-customized-service-\"><strong>Servicio altamente personalizado<\/strong><\/h2>\n<ul>\n<li><strong>Adaptaci\u00f3n flexible del tama\u00f1o<\/strong>: Personalice el forro de la caja de embalaje seg\u00fan el tama\u00f1o de la carta de invitaci\u00f3n (como 5*7 pulgadas, especificaciones A5\/A6 o formas especiales) para optimizar la utilizaci\u00f3n del espacio y reducir la redundancia.<\/li>\n<li><strong>Diversa selecci\u00f3n de materiales<\/strong>: Proporcionamos papel, terciopelo, ante, acr\u00edlico y otros materiales respetuosos con el medio ambiente para satisfacer diferentes necesidades t\u00e1ctiles y de protecci\u00f3n medioambiental. Por ejemplo, el material de terciopelo puede realzar el lujo de las cajas de regalo, mientras que el acr\u00edlico es adecuado para crear una moderna textura transparente.<\/li>\n<li><strong>Color y efecto de impresi\u00f3n<\/strong>: Adem\u00e1s del blanco cl\u00e1sico, admite la personalizaci\u00f3n de colores tem\u00e1ticos como el rojo, el azul y el verde, y puede combinar la transferencia t\u00e9rmica, la serigraf\u00eda y otras tecnolog\u00edas para presentar efectos complejos como el degradado y el relieve.<\/li>\n<\/ul>\n<h2 id=\"-professional-production-and-logistics-guarantee-\"><strong>Producci\u00f3n profesional y garant\u00eda log\u00edstica<\/strong><\/h2>\n<ul>\n<li><strong>16 a\u00f1os de experiencia en la f\u00e1brica de fuentes<\/strong>: Profundamente cultivar el campo de envasado, proporcionando un servicio de ventanilla \u00fanica desde el dise\u00f1o, pruebas para la producci\u00f3n en masa. Apoyar la personalizaci\u00f3n profunda, como la impresi\u00f3n de LOGO y la optimizaci\u00f3n estructural, con una cantidad m\u00ednima de pedido tan bajo como 100 piezas para satisfacer las necesidades personalizadas.<\/li>\n<li><strong>Transporte de comercio exterior sin preocupaciones<\/strong>: A trav\u00e9s del servicio de garant\u00eda de cr\u00e9dito de Alibaba International Station, garantizar la seguridad del pago y la puntualidad de la log\u00edstica. Adoptar el embalaje profesional, tales como cajas de cart\u00f3n reforzado de doble capa y espuma a prueba de golpes, adaptarse a las normas internacionales de transporte, y cubrir la entrega global.<\/li>\n<\/ul>\n<h2 id=\"-application-scenarios-and-added-value-\"><strong>Escenarios de aplicaci\u00f3n y valor a\u00f1adido<\/strong><\/h2>\n<ul>\n<li><strong>Uso multifuncional<\/strong>: No s\u00f3lo se puede utilizar como caja de regalo para invitaciones de boda, sino que tambi\u00e9n se puede convertir en caja de regalo para recuerdos o caja de almacenamiento de recuerdos para aumentar su practicidad.<\/li>\n<li><strong>Concepto de protecci\u00f3n del medio ambiente<\/strong>: Se utiliza papel ecol\u00f3gico con certificaci\u00f3n FSC y materiales biodegradables para satisfacer la tendencia de las bodas ecol\u00f3gicas.<\/li>\n<\/ul>\n<p><strong>Proceso de personalizaci\u00f3n<\/strong>:<\/p>\n<ol>\n<li>Indique el tama\u00f1o de la invitaci\u00f3n, el proyecto de dise\u00f1o o la descripci\u00f3n de la demanda;<\/li>\n<li>Env\u00ede renderizados 3D y presupuestos en un plazo de 3 d\u00edas laborables;<\/li>\n<li>El producto acabado se entregar\u00e1 en un plazo de 7-15 d\u00edas tras la confirmaci\u00f3n, y primero se revisar\u00e1n las muestras.<\/li>\n<\/ol>\n<hr \/>\n<p><strong>\u00a1El\u00edjanos para a\u00f1adir recuerdos eternos a su boda con artesan\u00eda!\u00a0<\/strong>(Para m\u00e1s casos y presupuestos en tiempo real, p\u00f3ngase en contacto con el servicio de atenci\u00f3n al cliente para obtener soluciones exclusivas)<\/p>","protected":false},"excerpt":{"rendered":"<p>El cuerpo de la caja de papel est\u00e1 fabricado con material de alto gramaje, y la superficie est\u00e1 recubierta con una pel\u00edcula de tacto mate, presentando un aspecto minimalista de color blanco puro, con un dise\u00f1o personalizable de LOGO estampado en caliente en oro\/plata o con un patr\u00f3n oscuro en relieve, que mantiene la sencillez y la grandeza a la vez que resalta una textura ligera de lujo.<\/p>","protected":false},"featured_media":9102,"template":"","meta":[],"product_brand":[],"product_cat":[30,413,424,31],"product_tag":[1070,1068,1069],"class_list":{"0":"post-9095","1":"product","2":"type-product","3":"status-publish","4":"has-post-thumbnail","6":"product_cat-by-industry","7":"product_cat-consumer-electronics-boxes","8":"product_cat-magnetic-closure-boxes","9":"product_cat-paper-box-style","10":"product_tag-greeting-packaging-box","11":"product_tag-visiting-invitation-packaging-box","12":"product_tag-wedding-invitation-packaging","14":"first","15":"instock","16":"shipping-taxable","17":"product-type-simple"},"_links":{"self":[{"href":"https:\/\/zojopackaging.com\/es\/wp-json\/wp\/v2\/product\/9095","targetHints":{"allow":["GET"]}}],"collection":[{"href":"https:\/\/zojopackaging.com\/es\/wp-json\/wp\/v2\/product"}],"about":[{"href":"https:\/\/zojopackaging.com\/es\/wp-json\/wp\/v2\/types\/product"}],"version-history":[{"count":1,"href":"https:\/\/zojopackaging.com\/es\/wp-json\/wp\/v2\/product\/9095\/revisions"}],"predecessor-version":[{"id":9108,"href":"https:\/\/zojopackaging.com\/es\/wp-json\/wp\/v2\/product\/9095\/revisions\/9108"}],"wp:featuredmedia":[{"embeddable":true,"href":"https:\/\/zojopackaging.com\/es\/wp-json\/wp\/v2\/media\/9102"}],"wp:attachment":[{"href":"https:\/\/zojopackaging.com\/es\/wp-json\/wp\/v2\/media?parent=9095"}],"wp:term":[{"taxonomy":"product_brand","embeddable":true,"href":"https:\/\/zojopackaging.com\/es\/wp-json\/wp\/v2\/product_brand?post=9095"},{"taxonomy":"product_cat","embeddable":true,"href":"https:\/\/zojopackaging.com\/es\/wp-json\/wp\/v2\/product_cat?post=9095"},{"taxonomy":"product_tag","embeddable":true,"href":"https:\/\/zojopackaging.com\/es\/wp-json\/wp\/v2\/product_tag?post=9095"}],"curies":[{"name":"wp","href":"https:\/\/api.w.org\/{rel}","templated":true}]}}