{"id":9109,"date":"2025-04-01T11:08:33","date_gmt":"2025-04-01T03:08:33","guid":{"rendered":"https:\/\/zojopackaging.com\/?post_type=product&#038;p=9109"},"modified":"2025-04-01T11:26:19","modified_gmt":"2025-04-01T03:26:19","slug":"customized-luxury-liquor-wine-magnetic-closure-packaging-box","status":"publish","type":"product","link":"https:\/\/zojopackaging.com\/es\/product\/customized-luxury-liquor-wine-magnetic-closure-packaging-box\/","title":{"rendered":"Caja de embalaje con cierre magn\u00e9tico para vinos y licores de lujo personalizados"},"content":{"rendered":"<h2 id=\"-2-macaron-cyan-box-body-low-key-and-elegant-visual-aesthetics-\"><strong>1. Cuerpo de caja de color cian macaron: est\u00e9tica visual discreta y elegante<\/strong><\/h2>\n<p>El cuerpo de la caja utiliza un color cian macaron suave y fresco, que equilibra la singularidad y el confort visual mediante tonos de baja saturaci\u00f3n, que no s\u00f3lo pueden destacar en la pantalla, sino que tambi\u00e9n evitan la fatiga visual causada por los colores de alto brillo. Esta combinaci\u00f3n de colores satisface las preferencias de los j\u00f3venes consumidores modernos por la \"sensaci\u00f3n de alta gama\", y tambi\u00e9n es adecuada para banquetes de empresa, regalos navide\u00f1os y otros escenarios.<\/p>\n<h2 id=\"-4-precise-size-customization-optimize-space-utilization-\"><strong>2. Personalizaci\u00f3n precisa del tama\u00f1o: optimizaci\u00f3n del aprovechamiento del espacio<\/strong><\/h2>\n<p>Admite la personalizaci\u00f3n del tama\u00f1o del di\u00e1metro interior de la caja de envasado en funci\u00f3n de par\u00e1metros como la altura y el di\u00e1metro de la botella, lo que garantiza que la botella encaje perfectamente con el revestimiento, reduce el riesgo de colisi\u00f3n causado por huecos durante el transporte y comprime el volumen del envase para reducir los costes log\u00edsticos. Por ejemplo, se pueden ofrecer soluciones de adaptaci\u00f3n exclusivas para botellas cil\u00edndricas, cuadradas o de formas especiales.<\/p>\n<h2 id=\"-5-highly-customized-in-all-dimensions-meet-personalized-needs-\"><strong>3. Altamente personalizados en todas las dimensiones: responden a necesidades personalizadas<\/strong><\/h2>\n<ul>\n<li><strong>Tipo de caja<\/strong>: ofrecen tapa abatible tipo libro, tapa superior e inferior, tipo caj\u00f3n y otros tipos de caja, y apoyan el desarrollo de estructuras innovadoras;<\/li>\n<li><strong>Material<\/strong>Cart\u00f3n certificado FSC opcional, papel especial importado, cuero ecol\u00f3gico, etc., teniendo en cuenta tanto los requisitos de textura como los de protecci\u00f3n del medio ambiente;<\/li>\n<li><strong>Tecnolog\u00eda de superficie<\/strong>Soportan estampaci\u00f3n en caliente, gofrado UV, relieve, l\u00e1ser parcial y otros efectos de impresi\u00f3n, y tambi\u00e9n pueden personalizar el LOGO de la marca o patrones culturales;<\/li>\n<li><strong>Color<\/strong>: Adem\u00e1s del cian macaron est\u00e1ndar, admite la personalizaci\u00f3n de la carta de colores Pantone para cumplir los requisitos de coherencia VI de la marca.<\/li>\n<\/ul>\n<h2 id=\"-6-environmentally-friendly-and-sustainable-design-green-brand-empowerment-\"><strong>4. Dise\u00f1o respetuoso con el medio ambiente y sostenible: potenciaci\u00f3n de la marca verde<\/strong><\/h2>\n<p>El cuerpo principal de la caja de embalaje est\u00e1 hecho de cart\u00f3n de gesti\u00f3n forestal sostenible con certificaci\u00f3n FSC, combinado con un componente de succi\u00f3n magn\u00e9tica desmontable y una estructura de hebilla sin cola, para lograr la reciclabilidad 100%. La cinta del forro est\u00e1 hecha de algod\u00f3n natural y material de lino para reducir el uso de pl\u00e1stico, lo que est\u00e1 en consonancia con la propuesta de valor de las marcas de gama alta para la protecci\u00f3n del medio ambiente y la responsabilidad social.<\/p>\n<h2 id=\"-7-efficient-production-and-global-delivery-quick-response-to-market-demand-\"><strong>5. Producci\u00f3n eficiente y entrega global: Respuesta r\u00e1pida a la demanda del mercado.<\/strong><\/h2>\n<ul>\n<li><strong>Ciclo de pruebas<\/strong>: Proporcione un servicio de pruebas r\u00e1pidas en 3 d\u00edas, soporte de muestra f\u00edsica y confirmaci\u00f3n de renderizado en 3D;<\/li>\n<li><strong>Ciclo de producci\u00f3n en serie<\/strong>: Producci\u00f3n en serie completa de m\u00e1s de 5.000 piezas en 15 d\u00edas, soporte de pedidos urgentes;<\/li>\n<li><strong>Red log\u00edstica<\/strong>: Apoy\u00e1ndose en un sistema combinado inteligente de almacenamiento de pedidos y en socios log\u00edsticos transfronterizos, cubre los principales mercados de todo el mundo, proporcionando soluciones de entrega mar\u00edtima, a\u00e9rea y localizada.<\/li>\n<\/ul>","protected":false},"excerpt":{"rendered":"<p>Aplicable a la personalizaci\u00f3n de marcas de licores de gama alta, envases de vino de colecci\u00f3n de edici\u00f3n limitada, personalizaci\u00f3n de regalos corporativos y cajas de regalo para fiestas, etc., para ayudar a las marcas a transmitir connotaciones culturales y conceptos de protecci\u00f3n medioambiental a trav\u00e9s del envase, y mejorar la experiencia del consumidor y la competitividad del mercado.<\/p>","protected":false},"featured_media":9110,"template":"","meta":[],"product_brand":[],"product_cat":[30,419,424,31],"product_tag":[1072,1073,1071],"class_list":{"0":"post-9109","1":"product","2":"type-product","3":"status-publish","4":"has-post-thumbnail","6":"product_cat-by-industry","7":"product_cat-custom-wines-spirits-boxes","8":"product_cat-magnetic-closure-boxes","9":"product_cat-paper-box-style","10":"product_tag-customized-wine-packaging","11":"product_tag-liquor-wine-magnetic-closure-box","12":"product_tag-luxury-liquor-wine-packaging","14":"first","15":"instock","16":"shipping-taxable","17":"product-type-simple"},"_links":{"self":[{"href":"https:\/\/zojopackaging.com\/es\/wp-json\/wp\/v2\/product\/9109","targetHints":{"allow":["GET"]}}],"collection":[{"href":"https:\/\/zojopackaging.com\/es\/wp-json\/wp\/v2\/product"}],"about":[{"href":"https:\/\/zojopackaging.com\/es\/wp-json\/wp\/v2\/types\/product"}],"version-history":[{"count":1,"href":"https:\/\/zojopackaging.com\/es\/wp-json\/wp\/v2\/product\/9109\/revisions"}],"predecessor-version":[{"id":9116,"href":"https:\/\/zojopackaging.com\/es\/wp-json\/wp\/v2\/product\/9109\/revisions\/9116"}],"wp:featuredmedia":[{"embeddable":true,"href":"https:\/\/zojopackaging.com\/es\/wp-json\/wp\/v2\/media\/9110"}],"wp:attachment":[{"href":"https:\/\/zojopackaging.com\/es\/wp-json\/wp\/v2\/media?parent=9109"}],"wp:term":[{"taxonomy":"product_brand","embeddable":true,"href":"https:\/\/zojopackaging.com\/es\/wp-json\/wp\/v2\/product_brand?post=9109"},{"taxonomy":"product_cat","embeddable":true,"href":"https:\/\/zojopackaging.com\/es\/wp-json\/wp\/v2\/product_cat?post=9109"},{"taxonomy":"product_tag","embeddable":true,"href":"https:\/\/zojopackaging.com\/es\/wp-json\/wp\/v2\/product_tag?post=9109"}],"curies":[{"name":"wp","href":"https:\/\/api.w.org\/{rel}","templated":true}]}}