{"id":9117,"date":"2025-04-01T11:26:47","date_gmt":"2025-04-01T03:26:47","guid":{"rendered":"https:\/\/zojopackaging.com\/?post_type=product&#038;p=9117"},"modified":"2025-04-01T11:51:50","modified_gmt":"2025-04-01T03:51:50","slug":"custom-made-business-playing-cards-games-boxes-wholesale","status":"publish","type":"product","link":"https:\/\/zojopackaging.com\/es\/product\/custom-made-business-playing-cards-games-boxes-wholesale\/","title":{"rendered":"Juegos de cartas de negocios hechos a medida Cajas de juegos al por mayor"},"content":{"rendered":"<h2 id=\"-high-end-customized-business-poker-game-box-product-description-\"><strong>Alta gama de negocios personalizados Poker Game Box Descripci\u00f3n del producto<\/strong><\/h2>\n<h2 id=\"-i-core-product-features-\"><strong>1. Caracter\u00edsticas principales del producto<\/strong><\/h2>\n<ol>\n<li><strong>Dise\u00f1o de protecci\u00f3n profesional<\/strong><\/li>\n<li>Base de material compuesto de calidad militar, revestimiento negro mate resistente a ara\u00f1azos en la superficie, sin ara\u00f1azos tras 5.000 pruebas de fricci\u00f3n. El cuerpo de la caja est\u00e1 equipada con una estructura de ranura de la tarjeta de precisi\u00f3n, y el control de tolerancia de \u00b1 0,1 mm se logra a trav\u00e9s de la tecnolog\u00eda de mapeo l\u00e1ser 3D, que se ajusta perfectamente a 52 tarjetas est\u00e1ndar (compatible con 63.<em>88 mm de tama\u00f1o internacional y 57<\/em>Tama\u00f1o chino de 87 mm).<\/li>\n<li>Los bordes reforzados en las cuatro esquinas y el sistema de cierre magn\u00e9tico a presi\u00f3n proporcionan una resistencia al polvo y al agua IP54, y la prueba de ca\u00edda durante el transporte supera la norma de 1,5 metros de altura.<\/li>\n<li><strong>Servicio de personalizaci\u00f3n de marcas<\/strong><\/li>\n<li>Admite tres combinaciones de procesos: grabado por l\u00e1ser, gofrado UV y estampaci\u00f3n en caliente (l\u00e1mina de oro de 18K\/24K opcional), y puede presentar el LOGOTIPO de la empresa con una precisi\u00f3n m\u00ednima de 0,3 mm. El panel lateral admite el dise\u00f1o de perspectiva hueca y se puede incrustar con la tarjeta de color VI de la empresa (el n\u00famero de color Pantone se restaura con precisi\u00f3n).<\/li>\n<li>Proporcione 12 tipos b\u00e1sicos de cajas (abatibles\/de caj\u00f3n\/p\u00e1gina de libro, etc.) y materiales especiales para apoyar el dise\u00f1o de empalmes mixtos.<\/li>\n<\/ol>\n<h2 id=\"-second-value-added-customized-module-\"><strong>2. M\u00f3dulo personalizado de valor a\u00f1adido<\/strong><\/h2>\n<ol>\n<li><strong>Sistema de optimizaci\u00f3n del espacio<\/strong><\/li>\n<li>Desarrollar una estructura de revestimiento variable y utilizar compartimentos modulares para lograr la conversi\u00f3n flexible de una sola caja para alojar de 1 a 4 barajas de naipes (rango de ajuste del grosor de 3 a 12 cm). Apoyar el desarrollo de cajas exteriores plegables, y aumentar la utilizaci\u00f3n del espacio por 40%.<\/li>\n<li><strong>Componentes del marketing emocional<\/strong><\/li>\n<li>Ranura para tarjeta de felicitaci\u00f3n desmontable incorporada, admite bendiciones de estampaci\u00f3n en caliente, c\u00f3digo QR de historia corporativa (escanee el c\u00f3digo para saltar a la p\u00e1gina H5 de la marca). Tecnolog\u00eda de implantaci\u00f3n de chip de fragancia original, que proporciona 6 fragancias personalizadas, como s\u00e1ndalo\/cedro.<\/li>\n<li>Desarrollar envases de edici\u00f3n limitada para las fiestas, como la caja de papel cortado con estampaci\u00f3n en caliente del Festival de Primavera, la caja de filigrana esmaltada de mediados de oto\u00f1o y otras 8 series tem\u00e1ticas.<\/li>\n<\/ol>\n<h2 id=\"-iii-production-guarantee-system-\"><strong>3. Sistema de garant\u00eda de la producci\u00f3n<\/strong><\/h2>\n<ol>\n<li><strong>Ventajas de la f\u00e1brica de origen<\/strong><\/li>\n<li>Las tres principales bases de producci\u00f3n de Shenzhen\/Ningbo\/Yangzhou han superado las certificaciones ISO9001 y FSC, y est\u00e1n equipadas con m\u00e1quinas de impresi\u00f3n alemanas Heidelberg y l\u00edneas de producci\u00f3n de troquelado totalmente autom\u00e1ticas, con una capacidad de producci\u00f3n diaria de 100.000 piezas.<\/li>\n<li>Pruebas de dise\u00f1o gratuitas (entrega en 3 d\u00edas laborables), admite el primer pedido de 500 piezas y acorta el plazo de entrega de art\u00edculos grandes a 15 d\u00edas. Los pedidos a granel disfrutan de precios escalonados (el precio unitario de m\u00e1s de 5.000 piezas se reduce en 22%).<\/li>\n<\/ol>","protected":false},"excerpt":{"rendered":"<p>Amplificaci\u00f3n de la marca: transforme las cubiertas en activos de marketing con la impresi\u00f3n en toda la superficie.<br \/>\n\u2705 Durabilidad Pro - Sobrevive al uso a nivel de casino con esquinas reforzadas.<br \/>\n\u2705 Elegancia instant\u00e1nea: la marca transmite una experiencia de juego de primera calidad.<br \/>\n\u2705 Uso vers\u00e1til - Ideal para torneos, regalos o expositores de venta al por menor.<\/p>","protected":false},"featured_media":9121,"template":"","meta":[],"product_brand":[],"product_cat":[30,413,424,31],"product_tag":[1076,1074,1075],"class_list":{"0":"post-9117","1":"product","2":"type-product","3":"status-publish","4":"has-post-thumbnail","6":"product_cat-by-industry","7":"product_cat-consumer-electronics-boxes","8":"product_cat-magnetic-closure-boxes","9":"product_cat-paper-box-style","10":"product_tag-cards-games-boxes-wholesale","11":"product_tag-custom-made-business-boxes","12":"product_tag-playing-cards-boxes","14":"first","15":"instock","16":"shipping-taxable","17":"product-type-simple"},"_links":{"self":[{"href":"https:\/\/zojopackaging.com\/es\/wp-json\/wp\/v2\/product\/9117","targetHints":{"allow":["GET"]}}],"collection":[{"href":"https:\/\/zojopackaging.com\/es\/wp-json\/wp\/v2\/product"}],"about":[{"href":"https:\/\/zojopackaging.com\/es\/wp-json\/wp\/v2\/types\/product"}],"version-history":[{"count":1,"href":"https:\/\/zojopackaging.com\/es\/wp-json\/wp\/v2\/product\/9117\/revisions"}],"predecessor-version":[{"id":9125,"href":"https:\/\/zojopackaging.com\/es\/wp-json\/wp\/v2\/product\/9117\/revisions\/9125"}],"wp:featuredmedia":[{"embeddable":true,"href":"https:\/\/zojopackaging.com\/es\/wp-json\/wp\/v2\/media\/9121"}],"wp:attachment":[{"href":"https:\/\/zojopackaging.com\/es\/wp-json\/wp\/v2\/media?parent=9117"}],"wp:term":[{"taxonomy":"product_brand","embeddable":true,"href":"https:\/\/zojopackaging.com\/es\/wp-json\/wp\/v2\/product_brand?post=9117"},{"taxonomy":"product_cat","embeddable":true,"href":"https:\/\/zojopackaging.com\/es\/wp-json\/wp\/v2\/product_cat?post=9117"},{"taxonomy":"product_tag","embeddable":true,"href":"https:\/\/zojopackaging.com\/es\/wp-json\/wp\/v2\/product_tag?post=9117"}],"curies":[{"name":"wp","href":"https:\/\/api.w.org\/{rel}","templated":true}]}}