{"id":9126,"date":"2025-04-01T11:53:18","date_gmt":"2025-04-01T03:53:18","guid":{"rendered":"https:\/\/zojopackaging.com\/?post_type=product&#038;p=9126"},"modified":"2025-04-01T12:09:53","modified_gmt":"2025-04-01T04:09:53","slug":"empty-custom-printed-liquid-soap-packaging-boxes-wholesale","status":"publish","type":"product","link":"https:\/\/zojopackaging.com\/es\/product\/empty-custom-printed-liquid-soap-packaging-boxes-wholesale\/","title":{"rendered":"Cajas vac\u00edas para jab\u00f3n l\u00edquido con impresi\u00f3n personalizada al por mayor"},"content":{"rendered":"<h2 id=\"1-intelligent-packaging-system-with-magnetic-structure\">1. Sistema de envasado inteligente con estructura magn\u00e9tica<\/h2>\n<p>Adopta un im\u00e1n permanente de NdFeB de grado N48, y la superficie est\u00e1 niquelada para lograr una incrustaci\u00f3n invisible de 0,3 mm. Mediante la tecnolog\u00eda de disposici\u00f3n de anillos de polos NS, se forma un sistema de circuito magn\u00e9tico cerrado, y la fuerza de adsorci\u00f3n de punto \u00fanico es estable a 4,5N\u00b10,2N. Equipado con una estructura de posicionamiento c\u00f3nica de 60\u00b0, garantiza que la precisi\u00f3n de posicionamiento repetido de \u00b10,1 mm se mantenga tras 5000 veces de apertura y cierre. El im\u00e1n est\u00e1 a s\u00f3lo 0,8 mm de la superficie de adsorci\u00f3n, y la superficie adopta la tecnolog\u00eda de laminaci\u00f3n PET de calidad alimentaria para evitar ara\u00f1azos.<\/p>\n<h2 id=\"2-brand-visual-enhancement-plan\">2. Plan de mejora visual de la marca<\/h2>\n<p>Implantar el sistema bicolor de la carta de colores Pantone:<\/p>\n<ul>\n<li>Caja exterior: blanco puro<\/li>\n<li>Forro: naranja, el proceso de flocado aumenta los puntos de memoria t\u00e1ctil Gracias a la tecnolog\u00eda de impresi\u00f3n por separaci\u00f3n de colores, se consigue una sobreimpresi\u00f3n precisa de 3 mm de la zona de color de contraste, y el acristalamiento local UV se adapta para mejorar el efecto de refracci\u00f3n de la luz y las sombras. Seg\u00fan las pruebas de laboratorio, bajo la luz de estanter\u00eda est\u00e1ndar de 2000lux, la distancia de reconocimiento aumenta en 42% en comparaci\u00f3n con el envase ordinario.<\/li>\n<\/ul>\n<h2 id=\"3-full-dimensional-customization-system\">3. Sistema de personalizaci\u00f3n en todas las dimensiones<\/h2>\n<ol>\n<li><strong>Biblioteca tipo caja<\/strong>: Contiene 12 tipos b\u00e1sicos de cajas, como las de tipo caj\u00f3n\/tapa inferior\/caja de tipo libro, admite la personalizaci\u00f3n de corte con formas especiales<\/li>\n<li><strong>Adaptaci\u00f3n del tama\u00f1o<\/strong>: Establecer la f\u00f3rmula de la proporci\u00f3n \u00e1urea para el envasado de l\u00edquidos y proporcionar servicios de modelado en 3D.<\/li>\n<li><strong>Matriz de materiales<\/strong>:<\/li>\n<li>Serie respetuosa con el medio ambiente: Certificaci\u00f3n FSC<\/li>\n<li>Serie de gama alta: Cart\u00f3n gris de 1,2 mm + franela holandesa<\/li>\n<li>Proceso especial: Nanoestampaci\u00f3n 3D\/estampaci\u00f3n en fr\u00edo por l\u00e1ser<\/li>\n<li>Tratamiento de la superficie: impresi\u00f3n de alta fidelidad en seis colores + estampado en caliente\/UV local, reproducci\u00f3n n\u00edtida de l\u00edneas finas de 0,2 mm como m\u00ednimo.<\/li>\n<\/ol>\n<h2 id=\"4-space-optimization-project\">4. Proyecto de optimizaci\u00f3n del espacio<\/h2>\n<p>Utilice el sistema de composici\u00f3n tipogr\u00e1fica inteligente de AutoCAD para conseguirlo:<\/p>\n<ul>\n<li>Aumento de la capacidad de carga de transporte en 30%<\/li>\n<li>Volumen de almacenamiento reducido en 25%<\/li>\n<li>Grosor de la pantalla de la estanter\u00eda controlado dentro de 35 mm<\/li>\n<\/ul>\n<h2 id=\"5-printing-quality-control-system\">5. Sistema de control de calidad de impresi\u00f3n<\/h2>\n<p>Aplicaci\u00f3n de las normas de gesti\u00f3n del color de GMG, configuraci\u00f3n:<\/p>\n<ol>\n<li>Unidad de impresi\u00f3n alemana Heidelberg XL106-8+1<\/li>\n<li>Detector de diferencia de color en l\u00ednea (\u0394E\u22641,5)<\/li>\n<li>Triple proceso de pruebas: pruebas digitales \u2192 pruebas por contrato \u2192 seguimiento de la producci\u00f3n en serie.<\/li>\n<li>Prueba de resistencia a la luz de 72 horas<\/li>\n<\/ol>\n<h2 id=\"vi-source-factory-service-commitment\">6. Compromiso de servicio de la f\u00e1brica de origen<\/h2>\n<p>Como empresa central en el cintur\u00f3n de la industria del embalaje de Wenzhou, proporcionamos:<\/p>\n<ul>\n<li><strong>Puesta en marcha a coste cero<\/strong>: pruebas gratuitas (3 d\u00edas laborables para las pruebas) + servicio de dise\u00f1o (equipo de dise\u00f1o de 10 personas)<\/li>\n<li><strong>Garant\u00eda de calidad<\/strong>: Taller certificado ISO, 14 procesos de inspecci\u00f3n completa, tasa de defectos \u22640,3%<\/li>\n<li><strong>Entrega extrema<\/strong>Ciclo de muestras de 7 d\u00edas, entrega de la producci\u00f3n en serie en 15 d\u00edas, apoyo a la custodia del inventario VMI<\/li>\n<\/ul>","protected":false},"excerpt":{"rendered":"<p><strong>Respetuoso con el medio ambiente<\/strong><br \/>\nLos materiales reciclables cumplen las normas SGS de seguridad en contacto con alimentos.<\/p>\n<p><strong>Potencial de marca<\/strong><br \/>\nLa impresi\u00f3n de logotipos de alta precisi\u00f3n aumenta el valor del producto para los distribuidores.<\/p>","protected":false},"featured_media":9127,"template":"","meta":[],"product_brand":[],"product_cat":[30,423,424,31],"product_tag":[1077,1079,1078],"class_list":{"0":"post-9126","1":"product","2":"type-product","3":"status-publish","4":"has-post-thumbnail","6":"product_cat-by-industry","7":"product_cat-custom-presentation-boxes-by-industry","8":"product_cat-magnetic-closure-boxes","9":"product_cat-paper-box-style","10":"product_tag-custom-soap-packaging","11":"product_tag-liquid-soap-packaging-boxes","12":"product_tag-soap-packaging-wholesale","14":"first","15":"instock","16":"shipping-taxable","17":"product-type-simple"},"_links":{"self":[{"href":"https:\/\/zojopackaging.com\/es\/wp-json\/wp\/v2\/product\/9126","targetHints":{"allow":["GET"]}}],"collection":[{"href":"https:\/\/zojopackaging.com\/es\/wp-json\/wp\/v2\/product"}],"about":[{"href":"https:\/\/zojopackaging.com\/es\/wp-json\/wp\/v2\/types\/product"}],"version-history":[{"count":1,"href":"https:\/\/zojopackaging.com\/es\/wp-json\/wp\/v2\/product\/9126\/revisions"}],"predecessor-version":[{"id":9133,"href":"https:\/\/zojopackaging.com\/es\/wp-json\/wp\/v2\/product\/9126\/revisions\/9133"}],"wp:featuredmedia":[{"embeddable":true,"href":"https:\/\/zojopackaging.com\/es\/wp-json\/wp\/v2\/media\/9127"}],"wp:attachment":[{"href":"https:\/\/zojopackaging.com\/es\/wp-json\/wp\/v2\/media?parent=9126"}],"wp:term":[{"taxonomy":"product_brand","embeddable":true,"href":"https:\/\/zojopackaging.com\/es\/wp-json\/wp\/v2\/product_brand?post=9126"},{"taxonomy":"product_cat","embeddable":true,"href":"https:\/\/zojopackaging.com\/es\/wp-json\/wp\/v2\/product_cat?post=9126"},{"taxonomy":"product_tag","embeddable":true,"href":"https:\/\/zojopackaging.com\/es\/wp-json\/wp\/v2\/product_tag?post=9126"}],"curies":[{"name":"wp","href":"https:\/\/api.w.org\/{rel}","templated":true}]}}