{"id":9134,"date":"2025-04-01T12:11:38","date_gmt":"2025-04-01T04:11:38","guid":{"rendered":"https:\/\/zojopackaging.com\/?post_type=product&#038;p=9134"},"modified":"2025-04-01T14:04:39","modified_gmt":"2025-04-01T06:04:39","slug":"custom-exquisite-sculpture-figure-statue-ceramic-gift-box","status":"publish","type":"product","link":"https:\/\/zojopackaging.com\/es\/product\/custom-exquisite-sculpture-figure-statue-ceramic-gift-box\/","title":{"rendered":"Escultura Exquisita Personalizada Figura Estatua Cer\u00e1mica Caja de Regalo"},"content":{"rendered":"<h2 id=\"-core-advantages-\"><strong>Principales ventajas<\/strong><\/h2>\n<h2 id=\"1-magnetic-closure-design-no-damage-to-surface-aesthetics-\">1.\u00a0<strong>Dise\u00f1o de cierre magn\u00e9tico, no da\u00f1a la est\u00e9tica de la superficie<\/strong><\/h2>\n<ul>\n<li>Se adopta una estructura magn\u00e9tica patentada (bloque magn\u00e9tico + piezas magn\u00e9ticas ocultas), no es necesario el encolado ni el doblado tradicionales, la apertura y el cierre son suaves y el cierre firme, evitando ara\u00f1ar la superficie de la caja. El proceso de amortiguaci\u00f3n antirrebote incorporado se adapta a la fragilidad de las esculturas de cer\u00e1mica para garantizar que no se aflojen durante el transporte.<\/li>\n<li>El \u00e1rea magn\u00e9tica est\u00e1 incrustada con precisi\u00f3n en el cuerpo de la caja, y no hay salientes en el exterior, lo que mantiene la belleza visual general simple y suave de la caja de embalaje.<\/li>\n<\/ul>\n<h2 id=\"2-foldable-transportation-packaging-efficient-space-saving-\">2.\u00a0<strong>Embalaje de transporte plegable, ahorro eficaz de espacio<\/strong><\/h2>\n<ul>\n<li>El volumen se reduce en m\u00e1s de 60% tras el plegado, lo que se ajusta al tama\u00f1o est\u00e1ndar de los pal\u00e9s log\u00edsticos y reduce los costes de almacenamiento y transporte.<\/li>\n<li>El cuerpo de la caja es de cart\u00f3n ondulado de alta resistencia + material compuesto de fibra de bamb\u00fa, con una resistencia a la compresi\u00f3n de 10 kg\/cm\u00b2, y ha superado la prueba de ca\u00edda y la verificaci\u00f3n de tolerancia a la humedad.<\/li>\n<\/ul>\n<h2 id=\"3-precise-lining-customization-zero-displacement-protection-\">3.\u00a0<strong>Personalizaci\u00f3n precisa del revestimiento, protecci\u00f3n de desplazamiento cero<\/strong><\/h2>\n<ul>\n<li>El forro utiliza algod\u00f3n acolchado EVA o papel de nido de abeja degradable, que se corta seg\u00fan el escaneado 3D del contorno de la estatua para lograr una fijaci\u00f3n \"envolvente\".<\/li>\n<li>Admite el dise\u00f1o por capas, adecuado para esculturas complejas, y mejora el comportamiento s\u00edsmico en 50%.<\/li>\n<\/ul>\n<h2 id=\"4-highly-customized-service-\">4.\u00a0<strong>Servicio altamente personalizado<\/strong><\/h2>\n<ul>\n<li><strong>Talla<\/strong>: Admite embalajes de escultura de 10 cm a 150 cm, y se pueden personalizar cajas con formas especiales (como forma de libro, tapas superior e inferior).<\/li>\n<li><strong>Dise\u00f1o visual<\/strong>: El color principal es el dorado mate, con tecnolog\u00eda de estampado en caliente\/gofrado, y se pueden seleccionar motivos tradicionales como nubes auspiciosas y Huiwen, o l\u00edneas geom\u00e9tricas minimalistas.<\/li>\n<li><strong>Material<\/strong>: Ofrezca opciones respetuosas con el medio ambiente, como papel de pulpa de bamb\u00fa (degradable), cart\u00f3n de fibra de ca\u00f1a de az\u00facar (ligero) y papel de cart\u00f3n gris reciclado (de alta resistencia).<\/li>\n<li><strong>Proceso de impresi\u00f3n<\/strong>: UV local, grabado l\u00e1ser, tinta antifalsificaci\u00f3n con cambio de temperatura, etc., admiten logotipos de marca y esl\u00f3ganes culturales Presentaci\u00f3n personalizada.<\/li>\n<\/ul>\n<h2 id=\"5-fusion-of-oriental-aesthetics-and-minimalism-\">5.\u00a0<strong>Fusi\u00f3n de est\u00e9tica oriental y minimalismo<\/strong><\/h2>\n<ul>\n<li>El tono principal dorado simboliza prosperidad y nobleza, y la textura mate evita la exageraci\u00f3n. Combina con celos\u00edas de ventanas huecas o dise\u00f1os en blanco para resaltar la tensi\u00f3n art\u00edstica de las esculturas de cer\u00e1mica.<\/li>\n<li>La l\u00ednea de la caja es sencilla y ordenada, adecuada para la exposici\u00f3n en el hogar moderno y las escenas de negocios, teniendo en cuenta el patrimonio cultural y el sentido de la moda.<\/li>\n<\/ul>\n<h2 id=\"6-sustainable-environmental-protection-concept-\">6.\u00a0<strong>Concepto de protecci\u00f3n medioambiental sostenible<\/strong><\/h2>\n<ul>\n<li>El material ha superado la certificaci\u00f3n forestal FSC, el forro es extra\u00edble y reciclable, y la impresi\u00f3n es con tinta al agua.<\/li>\n<li>Tras el ciclo de vida del envase, puede degradarse 100% o convertirse en una caja de almacenamiento para su reutilizaci\u00f3n, lo que reduce la huella de carbono en 30%.<\/li>\n<\/ul>\n<h3 id=\"-craftsmanship-and-guarantee-\"><strong>Artesan\u00eda y garant\u00eda<\/strong><\/h3>\n<ul>\n<li><strong>16 a\u00f1os de precipitaci\u00f3n profesional<\/strong>: La f\u00e1brica dispone de troqueladoras totalmente autom\u00e1ticas, equipos de grabado por l\u00e1ser y sistema de control de calidad ISO, con una capacidad de producci\u00f3n diaria de m\u00e1s de 2 millones de piezas.<\/li>\n<li><strong>Servicio de ventanilla \u00fanica<\/strong>: Desde el modelado en 3D, las pruebas y ensayos hasta la producci\u00f3n en serie, entrega en un plazo de 7 a 15 d\u00edas, seguimiento log\u00edstico global y reclamaciones por da\u00f1os.<\/li>\n<\/ul>\n<h2 id=\"-application-scenarios-\"><strong>Escenarios de aplicaci\u00f3n<\/strong><\/h2>\n<ul>\n<li><strong>Colecci\u00f3n de arte<\/strong>: Protecci\u00f3n de nivel muse\u00edstico, adecuada para objetos fr\u00e1giles como estatuas de Buda y esculturas humanas.<\/li>\n<li><strong>Regalo de empresa<\/strong>: Personalice los logotipos y saludos corporativos para aumentar el valor cultural de la marca.<\/li>\n<li><strong>Comercio electr\u00f3nico transfronterizo<\/strong>: Superar las normas medioambientales de la UE y adaptarse a las necesidades del transporte internacional.<\/li>\n<\/ul>","protected":false},"excerpt":{"rendered":"<p>Esta caja de regalo est\u00e1 dise\u00f1ada para obras de arte escult\u00f3ricas de cer\u00e1mica de gama alta, integrando la est\u00e9tica oriental y la artesan\u00eda moderna. Se basa en una estructura plegable magn\u00e9tica, materiales respetuosos con el medio ambiente y servicios altamente personalizados, y ofrece una gama completa de soluciones de protecci\u00f3n para las fr\u00e1giles estatuas de cer\u00e1mica, desde su transporte hasta su exposici\u00f3n. Creada por una f\u00e1brica de cajas de embalaje con 16 a\u00f1os de experiencia, satisface las necesidades de las colecciones de arte, los regalos de empresa, la comunicaci\u00f3n cultural y otros \u00e1mbitos.<\/p>","protected":false},"featured_media":9136,"template":"","meta":[],"product_brand":[],"product_cat":[30,427,423,31],"product_tag":[1082,1080,1081],"class_list":{"0":"post-9134","1":"product","2":"type-product","3":"status-publish","4":"has-post-thumbnail","6":"product_cat-by-industry","7":"product_cat-collapsible-gift-boxes","8":"product_cat-custom-presentation-boxes-by-industry","9":"product_cat-paper-box-style","10":"product_tag-ceramic-gift-box","11":"product_tag-custom-sculpture-gift-box","12":"product_tag-figure-statue-gift-box","14":"first","15":"instock","16":"shipping-taxable","17":"product-type-simple"},"_links":{"self":[{"href":"https:\/\/zojopackaging.com\/es\/wp-json\/wp\/v2\/product\/9134","targetHints":{"allow":["GET"]}}],"collection":[{"href":"https:\/\/zojopackaging.com\/es\/wp-json\/wp\/v2\/product"}],"about":[{"href":"https:\/\/zojopackaging.com\/es\/wp-json\/wp\/v2\/types\/product"}],"version-history":[{"count":1,"href":"https:\/\/zojopackaging.com\/es\/wp-json\/wp\/v2\/product\/9134\/revisions"}],"predecessor-version":[{"id":9140,"href":"https:\/\/zojopackaging.com\/es\/wp-json\/wp\/v2\/product\/9134\/revisions\/9140"}],"wp:featuredmedia":[{"embeddable":true,"href":"https:\/\/zojopackaging.com\/es\/wp-json\/wp\/v2\/media\/9136"}],"wp:attachment":[{"href":"https:\/\/zojopackaging.com\/es\/wp-json\/wp\/v2\/media?parent=9134"}],"wp:term":[{"taxonomy":"product_brand","embeddable":true,"href":"https:\/\/zojopackaging.com\/es\/wp-json\/wp\/v2\/product_brand?post=9134"},{"taxonomy":"product_cat","embeddable":true,"href":"https:\/\/zojopackaging.com\/es\/wp-json\/wp\/v2\/product_cat?post=9134"},{"taxonomy":"product_tag","embeddable":true,"href":"https:\/\/zojopackaging.com\/es\/wp-json\/wp\/v2\/product_tag?post=9134"}],"curies":[{"name":"wp","href":"https:\/\/api.w.org\/{rel}","templated":true}]}}