{"id":9141,"date":"2025-04-01T14:05:03","date_gmt":"2025-04-01T06:05:03","guid":{"rendered":"https:\/\/zojopackaging.com\/?post_type=product&#038;p=9141"},"modified":"2025-04-01T14:27:26","modified_gmt":"2025-04-01T06:27:26","slug":"custom-magnetic-essential-oil-cosmetic-packaging-gift-box","status":"publish","type":"product","link":"https:\/\/zojopackaging.com\/es\/product\/custom-magnetic-essential-oil-cosmetic-packaging-gift-box\/","title":{"rendered":"Caja de regalo magn\u00e9tica personalizada para aceites esenciales y cosm\u00e9ticos"},"content":{"rendered":"<h2 id=\"-1-magnetic-embedded-design-upgraded-safety-protection-\"><strong>1. Dise\u00f1o magn\u00e9tico integrado, protecci\u00f3n de seguridad mejorada<\/strong><\/h2>\n<p>Adopta una estructura de tapa abatible magn\u00e9tica patentada, el im\u00e1n est\u00e1 incrustado a trav\u00e9s de la carcasa de hierro y la chapa de hierro galvanizado para evitar que el im\u00e1n quede expuesto y se desgaste, al tiempo que mejora la fuerza de adsorci\u00f3n unilateral. Dise\u00f1ado para frascos fr\u00e1giles de aceites esenciales, se abre y cierra con suavidad y firmeza, reduciendo la p\u00e9rdida de imanes causada por la apertura frecuente y prolongando la vida \u00fatil del envase. El forro est\u00e1 hecho de material flocado EVA de alta densidad, combinado con tecnolog\u00eda de amortiguaci\u00f3n magn\u00e9tica para dispersar el impacto del transporte y proteger la botella de vidrio de aceite esencial de da\u00f1os por vibraci\u00f3n en todas las direcciones.<\/p>\n<h2 id=\"-2-double-sided-visual-enhancement-accurate-communication-of-brand-and-ingredients-\"><strong>2. Realce visual a doble cara, comunicaci\u00f3n precisa de la marca y los ingredientes.<\/strong><\/h2>\n<ul>\n<li><strong>Dise\u00f1o frontal<\/strong>: Utilice la tecnolog\u00eda de impresi\u00f3n offset de alta precisi\u00f3n para presentar el logotipo de la marca y los elementos visuales principales, y combine el proceso de estampaci\u00f3n en caliente\/UV para resaltar la lujosa textura.<\/li>\n<li><strong>Dise\u00f1o de la espalda<\/strong>: Muestre la lista de ingredientes del producto, las instrucciones de uso y el logotipo de certificaci\u00f3n medioambiental en un estilo minimalista, y utilice la impresi\u00f3n en colores planos para garantizar que el texto sea claro y sin manchas. El dise\u00f1o diferenciado a doble cara tiene en cuenta tanto la adquisici\u00f3n de informaci\u00f3n por parte del consumidor como el recuerdo de la imagen de marca, y aumenta el atractivo de la exposici\u00f3n en el lineal.<\/li>\n<\/ul>\n<h2 id=\"-3-red-and-black-contrast-aesthetics-classic-and-tense-\"><strong>3. Est\u00e9tica de contraste rojo y negro, cl\u00e1sica y tensa<\/strong><\/h2>\n<ul>\n<li><strong>Combinaci\u00f3n de colores<\/strong>: El color principal es el rojo chino negro mate, con el negro mate como color de adorno, formando un fuerte contraste visual.<\/li>\n<li><strong>Rendimiento del material<\/strong>: La parte negra utiliza papel estucado C2S de 157 g con pel\u00edcula mate, y la zona roja utiliza serigraf\u00eda y barniz local para realzar la sensaci\u00f3n de estratificaci\u00f3n y las diferencias t\u00e1ctiles, lo que est\u00e1 en consonancia con la b\u00fasqueda de exquisitez de la industria cosm\u00e9tica.<\/li>\n<\/ul>\n<h2 id=\"-4-precise-printing-process-rigorous-quality-endorsement-\"><strong>4. Proceso de impresi\u00f3n preciso, riguroso control de calidad<\/strong><\/h2>\n<p>Adoptando la m\u00e1quina de impresi\u00f3n alemana Heidelberg de 6 colores, el control de la diferencia de color \u0394E\u22641,5 (muy inferior al est\u00e1ndar del sector \u0394E\u22643), admite colores planos Pantone y modos de mezcla de cuatricrom\u00eda. Todos los eslabones de impresi\u00f3n se calibran e inspeccionan por completo 3 veces para garantizar que los bordes del patr\u00f3n sean n\u00edtidos y la saturaci\u00f3n del color sea uniforme, lo que transmite el estricto control de los detalles por parte de la marca y refuerza la confianza del consumidor.<\/p>\n<h2 id=\"-5-highly-flexible-customization-to-meet-diverse-needs-\"><strong>5. Personalizaci\u00f3n muy flexible para satisfacer diversas necesidades<\/strong><\/h2>\n<ul>\n<li><strong>Selecci\u00f3n del tipo de caja<\/strong>: Se proporcionan 12 tipos b\u00e1sicos de caja, incluyendo caja abatible, caja de libros, caja de cajones, etc., y se admite la personalizaci\u00f3n de la estructura de forma especial (como puerto de succi\u00f3n magn\u00e9tica en forma de arco o ventana hueca).<\/li>\n<li><strong>Combinaci\u00f3n de materiales<\/strong>: La caja exterior es un cart\u00f3n r\u00edgido gris de 1200 g (resistencia a la compresi\u00f3n \u2265800 N), el forro es de algod\u00f3n perlado EPE degradable, y la superficie est\u00e1 cubierta con un revestimiento ecol\u00f3gico a base de agua, que cumple las normas REACH de la UE.<\/li>\n<li><strong>Ampliaci\u00f3n del proceso<\/strong>: M\u00e1s de 20 procesos de tratamiento de superficies, como estampaci\u00f3n en caliente, gofrado y grabado por l\u00e1ser, son opcionales, y se admiten materiales como papel mate\/brillante\/texturizado para adaptarse a los distintos tonos del producto.<\/li>\n<\/ul>\n<h2 id=\"-6-precision-lining-cutting-zero-displacement-protection-\"><strong>6. Corte de revestimiento de precisi\u00f3n, protecci\u00f3n de desplazamiento cero<\/strong><\/h2>\n<p>Basado en el modelado 3D y la tecnolog\u00eda de corte por l\u00e1ser, el forro se moldea 1:1 seg\u00fan la forma de la botella de aceite esencial, con una tolerancia controlada de \u00b10,1 mm para lograr una \"fijaci\u00f3n incrustada\". Para los juegos combinados de varias botellas, se pueden dise\u00f1ar ranuras independientes para tarjetas en capas, y la disposici\u00f3n se puede ajustar libremente con particiones magn\u00e9ticas para garantizar que no haya sacudidas durante el transporte.<\/p>\n<h2 id=\"-7-environmentally-friendly-and-sustainable-packaging-practicing-green-responsibility-\"><strong>7. Envases respetuosos con el medio ambiente y sostenibles, que practican la responsabilidad ecol\u00f3gica<\/strong><\/h2>\n<ul>\n<li><strong>Material principal<\/strong>: 157 g de papel estucado C2S (certificado FSC) + 1200 g de cart\u00f3n gris reciclado (tasa de reciclaje \u226585%), el conjunto del embalaje es totalmente degradable.<\/li>\n<li><strong>Tinta<\/strong>: Se utiliza tinta respetuosa con el medio ambiente a base de soja, sin metales pesados ni emisiones de COV, y ha superado las pruebas y la certificaci\u00f3n SGS.<\/li>\n<li><strong>Dise\u00f1o de reducci\u00f3n de pl\u00e1stico<\/strong>: La succi\u00f3n magn\u00e9tica a base de papel sustituye a las tradicionales hebillas de pl\u00e1stico, reduciendo la huella de carbono en 40%.<\/li>\n<\/ul>\n<h2 id=\"-8-direct-supply-from-the-source-factory-efficient-service-guarantee-\"><strong>8. Suministro directo desde la f\u00e1brica de origen, garant\u00eda de servicio eficiente<\/strong><\/h2>\n<ul>\n<li><strong>Ventajas del servicio<\/strong>: Conexi\u00f3n directa con la f\u00e1brica de la fuente en China, dise\u00f1o libre de la ayuda, producci\u00f3n de la muestra de 3 d\u00edas,<\/li>\n<li><strong>Apoyo total al proceso<\/strong>: Desde la comunicaci\u00f3n de la demanda, la selecci\u00f3n de materiales hasta la producci\u00f3n en serie, equipados con gestores de proyectos exclusivos y equipos de inspecci\u00f3n de calidad, proporcionando 15 d\u00edas de devoluci\u00f3n y cambio y una garant\u00eda genuina.<\/li>\n<\/ul>","protected":false},"excerpt":{"rendered":"<p>\ud83d\udfe0 Amplificador de marca - Convierte el envase en una narraci\u00f3n t\u00e1ctil con lujo a juego.<br \/>\n\ud83e\uddf2 Elegancia funcional - El cierre magn\u00e9tico seguro evita derrames durante el almacenamiento de transporte.<br \/>\n\ud83c\udf3f Dise\u00f1o centrado en el aroma: el forro de terciopelo protege los delicados aceites a la vez que complementa los viajes de aromaterapia.<br \/>\n\ud83d\udce6 B2B Ready - Preconfigurado para pedidos al por mayor (MOQ 500 unidades) con entrega r\u00e1pida en 14 d\u00edas.<br \/>\n\u267b\ufe0f Green Prestige - Los materiales con certificaci\u00f3n FSC cumplen las normas de venta al por mayor en todo el mundo.<\/p>","protected":false},"featured_media":9142,"template":"","meta":[],"product_brand":[],"product_cat":[30,390,424,31],"product_tag":[1083,775,616],"class_list":{"0":"post-9141","1":"product","2":"type-product","3":"status-publish","4":"has-post-thumbnail","6":"product_cat-by-industry","7":"product_cat-custom-cosmetics-boxes","8":"product_cat-magnetic-closure-boxes","9":"product_cat-paper-box-style","10":"product_tag-cosmetic-packaging-gift-box","11":"product_tag-custom-cosmetic-packaging","12":"product_tag-essential-oil-packaging","14":"first","15":"instock","16":"shipping-taxable","17":"product-type-simple"},"_links":{"self":[{"href":"https:\/\/zojopackaging.com\/es\/wp-json\/wp\/v2\/product\/9141","targetHints":{"allow":["GET"]}}],"collection":[{"href":"https:\/\/zojopackaging.com\/es\/wp-json\/wp\/v2\/product"}],"about":[{"href":"https:\/\/zojopackaging.com\/es\/wp-json\/wp\/v2\/types\/product"}],"version-history":[{"count":1,"href":"https:\/\/zojopackaging.com\/es\/wp-json\/wp\/v2\/product\/9141\/revisions"}],"predecessor-version":[{"id":9155,"href":"https:\/\/zojopackaging.com\/es\/wp-json\/wp\/v2\/product\/9141\/revisions\/9155"}],"wp:featuredmedia":[{"embeddable":true,"href":"https:\/\/zojopackaging.com\/es\/wp-json\/wp\/v2\/media\/9142"}],"wp:attachment":[{"href":"https:\/\/zojopackaging.com\/es\/wp-json\/wp\/v2\/media?parent=9141"}],"wp:term":[{"taxonomy":"product_brand","embeddable":true,"href":"https:\/\/zojopackaging.com\/es\/wp-json\/wp\/v2\/product_brand?post=9141"},{"taxonomy":"product_cat","embeddable":true,"href":"https:\/\/zojopackaging.com\/es\/wp-json\/wp\/v2\/product_cat?post=9141"},{"taxonomy":"product_tag","embeddable":true,"href":"https:\/\/zojopackaging.com\/es\/wp-json\/wp\/v2\/product_tag?post=9141"}],"curies":[{"name":"wp","href":"https:\/\/api.w.org\/{rel}","templated":true}]}}