{"id":9156,"date":"2025-04-01T14:28:09","date_gmt":"2025-04-01T06:28:09","guid":{"rendered":"https:\/\/zojopackaging.com\/?post_type=product&#038;p=9156"},"modified":"2025-04-01T14:51:48","modified_gmt":"2025-04-01T06:51:48","slug":"custom-logo-empty-cuticle-oil-pen-packaging-boxes-wholesale","status":"publish","type":"product","link":"https:\/\/zojopackaging.com\/es\/product\/custom-logo-empty-cuticle-oil-pen-packaging-boxes-wholesale\/","title":{"rendered":"Logotipo personalizado Vac\u00edo Cut\u00edcula Aceite Pen Cajas de embalaje al por mayor"},"content":{"rendered":"<h2 id=\"-designed-for-high-end-skincare-brands-a-packaging-solution-that-combines-environmental-protection-and-luxury-\"><strong>Dise\u00f1ado para marcas de cuidado de la piel de gama alta, una soluci\u00f3n de envasado que combina protecci\u00f3n medioambiental y lujo<\/strong><\/h2>\n<p>Como f\u00e1brica con 16 a\u00f1os de experiencia en la producci\u00f3n de cajas de envases para bol\u00edgrafos de aceite de cut\u00edcula, nos comprometemos a ofrecer a las marcas mundiales de productos para el cuidado de la piel servicios personalizados integrales, desde el dise\u00f1o hasta los productos acabados, y a utilizar envases de alta calidad para ayudar a mejorar el valor de la marca. A continuaci\u00f3n se enumeran las principales ventajas del producto:<\/p>\n<h2 id=\"-1-high-density-environmentally-friendly-materials-to-protect-product-safety-\"><strong>1. Materiales ecol\u00f3gicos de alta densidad para proteger la seguridad del producto.<\/strong><\/h2>\n<p>La caja de embalaje est\u00e1 fabricada con cart\u00f3n de alta densidad respetuoso con el medio ambiente y materiales degradables, que son fuertes, resistentes a la presi\u00f3n y a los golpes, lo que garantiza que los productos l\u00edquidos o fr\u00e1giles, como esencias, t\u00f3neres, aceites esenciales, etc., est\u00e9n protegidos de estrujamientos, fugas o deterioro durante el transporte y el almacenamiento, al tiempo que transmite el concepto de protecci\u00f3n medioambiental de la marca.<\/p>\n<h2 id=\"-2-double-sided-creative-design-to-enhance-brand-communication-\"><strong>2. Dise\u00f1o creativo de doble cara para mejorar la comunicaci\u00f3n de la marca<\/strong><\/h2>\n<p>-\u00a0<strong>Expositor de ingredientes<\/strong>: El dise\u00f1o cient\u00edfico presenta las f\u00f3rmulas de los productos, su eficacia y las instrucciones de uso para aumentar la profesionalidad y la confianza de los consumidores. -\u00a0<strong>Imagen de marca<\/strong>: Mediante el dise\u00f1o art\u00edstico del LOGO, los esl\u00f3ganes o la historia de la marca, se crean puntos de recuerdo visual de alta gama para profundizar en la impresi\u00f3n del cliente. El dise\u00f1o de doble cara maximiza el uso del espacio del envase, teniendo en cuenta tanto la practicidad como el valor de marketing.<\/p>\n<h2 id=\"-3-magnetic-opening-and-closing-structure-to-create-a-light-luxury-experience-\"><strong>3. Estructura de apertura y cierre magn\u00e9ticos para crear una experiencia de lujo ligero<\/strong><\/h2>\n<p>- La caja est\u00e1 equipada con un fuerte dise\u00f1o de hebilla magn\u00e9tica, que se abre y se cierra suave y silenciosamente, y es reutilizable sin desgaste, lo que satisface las necesidades de los productos de cuidado de la piel de gama alta y el embalaje de regalo para una sensaci\u00f3n de ritual. - La superficie est\u00e1 recubierta de una delicada pel\u00edcula t\u00e1ctil, con esquinas de corte preciso, que resalta el exquisito estilo de la marca.<\/p>\n<h2 id=\"-4-natural-warm-brown-tone-conveying-organic-concept-\"><strong>4. Tono marr\u00f3n c\u00e1lido natural, que transmite un concepto org\u00e1nico<\/strong><\/h2>\n<p>El color principal del envase utiliza tonos tierra como el marr\u00f3n c\u00e1lido y el caqui, combinados con la tecnolog\u00eda de textura mate o textura parcial, para transmitir intuitivamente la imagen de marca natural, pura y sostenible, y atraer con precisi\u00f3n a los grupos de consumidores respetuosos con el medio ambiente.<\/p>\n<h2 id=\"-5-spot-uv-technology-efficient-production-and-visual-upgrade-\"><strong>5. Tecnolog\u00eda Spot UV, producci\u00f3n eficiente y mejora visual<\/strong><\/h2>\n<p>La tecnolog\u00eda de impresi\u00f3n UV local se utiliza para lograr el efecto tridimensional de alto brillo\/mate de LOGOTIPO, patr\u00f3n o texto, con una velocidad de curado r\u00e1pida y una fuerte adherencia, lo que acorta significativamente el ciclo de entrega. El proceso es compatible con la impresi\u00f3n continua de patrones complejos, lo que ayuda a conseguir con eficacia pedidos de gran volumen.<\/p>\n<h2 id=\"-6-all-round-customization-precise-adaptation-to-product-needs-\"><strong>6. Personalizaci\u00f3n completa, adaptaci\u00f3n precisa a las necesidades del producto<\/strong><\/h2>\n<p>-\u00a0<strong>Tipo y tama\u00f1o de caja<\/strong>: Admite m\u00faltiples estructuras, como cajas abatibles, cajas de cajones, cajas con forma de libro, etc., y se puede personalizar de forma flexible seg\u00fan el tama\u00f1o del producto para minimizar el desperdicio de espacio. -\u00a0<strong>Proceso de revestimiento interior<\/strong>: Moldear con precisi\u00f3n de acuerdo a la forma de la pluma de aceite de cut\u00edcula o botella de aceite esencial, el uso de esponja EVA o forro de flocado para fijar el producto, lograr la protecci\u00f3n \"movimiento cero\", y eliminar los da\u00f1os causados por los golpes de transporte. -\u00a0<strong>Impresi\u00f3n y material<\/strong>: Efectos de superficie personalizables, como estampaci\u00f3n en caliente, gofrado, l\u00e1ser, etc., ofrecen opciones de papel mate, papel art\u00edstico, papel corrugado y otros materiales.<\/p>\n<h2 id=\"-7-16-years-of-one-stop-service-quality-and-efficiency-double-guarantee-\"><strong>7. 16 a\u00f1os de servicio integral, doble garant\u00eda de calidad y eficacia<\/strong><\/h2>\n<p>Desde la propuesta de dise\u00f1o, las pruebas de materiales, la confirmaci\u00f3n de las pruebas hasta la producci\u00f3n en serie, todo el proceso es seguido profesionalmente por un equipo senior para garantizar que la caja de embalaje logra el mejor equilibrio entre funci\u00f3n, belleza y coste, ayudando a la marca a conquistar r\u00e1pidamente el mercado.<\/p>\n<p><strong>Proceso de cooperaci\u00f3n<\/strong>: comunicaci\u00f3n de la demanda \u2192 propuesta de dise\u00f1o \u2192 confirmaci\u00f3n de las pruebas 3D \u2192 entrega de la producci\u00f3n en serie.\u00a0<strong>Cantidad m\u00ednima de pedido flexible<\/strong>Apoyo a los pedidos de prueba de lotes peque\u00f1os y medianos y a la venta al por mayor a gran escala para satisfacer las necesidades de las marcas en diferentes fases de desarrollo.<\/p>\n<p>Mediante un envasado profesional para potenciar el valor de la marca, esperamos trabajar con usted para crear una experiencia inolvidable en el cuidado de la piel.<\/p>","protected":false},"excerpt":{"rendered":"<ul>\n<li>\ud83d\udee1\ufe0f Dise\u00f1o protector\uff1aProtege los aceites de los rayos UV, las fugas y los da\u00f1os f\u00edsicos durante el transporte.<\/li>\n<li>\ud83d\udcc8 Amplificaci\u00f3n de la marca\uff1a La colocaci\u00f3n prominente del logotipo y los acabados personalizados elevan la autoridad de la marca.<\/li>\n<li>\u26a1 Soluciones escalables\uff1a Precios a granel y plazos de entrega r\u00e1pidos para mayoristas; marca flexible para nuevas empresas.<\/li>\n<li>\u267b\ufe0f Eco-Conscious\uff1aLos materiales reciclables satisfacen las demandas de envasado sostenible.<\/li>\n<\/ul>","protected":false},"featured_media":9157,"template":"","meta":[],"product_brand":[],"product_cat":[30,390,424,31],"product_tag":[1084,1086,1085],"class_list":{"0":"post-9156","1":"product","2":"type-product","3":"status-publish","4":"has-post-thumbnail","6":"product_cat-by-industry","7":"product_cat-custom-cosmetics-boxes","8":"product_cat-magnetic-closure-boxes","9":"product_cat-paper-box-style","10":"product_tag-custom-cuticle-oil-packaging","11":"product_tag-cuticle-oil-packaging-wholesale","12":"product_tag-cuticle-oil-pen-packaging-boxes","14":"first","15":"instock","16":"shipping-taxable","17":"product-type-simple"},"_links":{"self":[{"href":"https:\/\/zojopackaging.com\/es\/wp-json\/wp\/v2\/product\/9156","targetHints":{"allow":["GET"]}}],"collection":[{"href":"https:\/\/zojopackaging.com\/es\/wp-json\/wp\/v2\/product"}],"about":[{"href":"https:\/\/zojopackaging.com\/es\/wp-json\/wp\/v2\/types\/product"}],"version-history":[{"count":1,"href":"https:\/\/zojopackaging.com\/es\/wp-json\/wp\/v2\/product\/9156\/revisions"}],"predecessor-version":[{"id":9163,"href":"https:\/\/zojopackaging.com\/es\/wp-json\/wp\/v2\/product\/9156\/revisions\/9163"}],"wp:featuredmedia":[{"embeddable":true,"href":"https:\/\/zojopackaging.com\/es\/wp-json\/wp\/v2\/media\/9157"}],"wp:attachment":[{"href":"https:\/\/zojopackaging.com\/es\/wp-json\/wp\/v2\/media?parent=9156"}],"wp:term":[{"taxonomy":"product_brand","embeddable":true,"href":"https:\/\/zojopackaging.com\/es\/wp-json\/wp\/v2\/product_brand?post=9156"},{"taxonomy":"product_cat","embeddable":true,"href":"https:\/\/zojopackaging.com\/es\/wp-json\/wp\/v2\/product_cat?post=9156"},{"taxonomy":"product_tag","embeddable":true,"href":"https:\/\/zojopackaging.com\/es\/wp-json\/wp\/v2\/product_tag?post=9156"}],"curies":[{"name":"wp","href":"https:\/\/api.w.org\/{rel}","templated":true}]}}