{"id":9164,"date":"2025-04-01T14:52:06","date_gmt":"2025-04-01T06:52:06","guid":{"rendered":"https:\/\/zojopackaging.com\/?post_type=product&#038;p=9164"},"modified":"2025-04-01T16:12:18","modified_gmt":"2025-04-01T08:12:18","slug":"custom-printed-jewelry-rigid-gift-box-wholesale-with-window","status":"publish","type":"product","link":"https:\/\/zojopackaging.com\/es\/product\/custom-printed-jewelry-rigid-gift-box-wholesale-with-window\/","title":{"rendered":"Caja de Regalo R\u00edgida para Joyer\u00eda Impresa al por mayor con ventana"},"content":{"rendered":"<h2 id=\"-exclusive-custom-jewelry-hard-pull-out-gift-box-create-a-high-end-display-and-protection-experience-for-your-jewelry-\"><strong>Exclusiva caja de regalo de papel de caj\u00f3n r\u00edgido personalizada para joyer\u00eda\u00a0<\/strong><\/h2>\n<h2 id=\"1-convenient-pull-out-design-clear-at-a-glance-\">1.\u00a0<strong>C\u00f3modo dise\u00f1o de la caja del caj\u00f3n, claro de un vistazo<\/strong><\/h2>\n<p>Con una suave estructura extra\u00edble, todas las joyas del joyero pueden mostrarse f\u00e1cilmente con un ligero tir\u00f3n, lo que resulta c\u00f3modo para guardarlas y evita tener que abrirlas y cerrarlas con frecuencia. El cuerpo de la caja es estable y duradero, combinado con las necesidades de almacenamiento de joyas, para proteger las joyas preciosas de golpes y oxidaci\u00f3n.<\/p>\n<h2 id=\"2-transparent-window-quick-product-positioning-\">2.\u00a0<strong>Ventana transparente, posicionamiento r\u00e1pido del producto<\/strong><\/h2>\n<p>La superficie de la caja lleva incrustada una ventana acr\u00edlica de PVC muy transparente y respetuosa con el medio ambiente, que permite ver claramente las joyas interiores sin necesidad de abrir la caja, lo que ahorra tiempo a los clientes a la hora de elegir, al tiempo que mejora el atractivo de la exposici\u00f3n.<\/p>\n<h2 id=\"3-exquisite-ribbon-details-showing-luxurious-texture-\">3.\u00a0<strong>Exquisitos detalles de lazo, que muestran una lujosa textura<\/strong><\/h2>\n<p>El cuerpo de la caja va a juego con una cinta de raso mate\/brillante (el color puede personalizarse), que puede utilizarse como elemento auxiliar o decorativo extra\u00edble, dando a la caja de regalo un toque elegante y un nivel visual, y realzando la sensaci\u00f3n de ceremonia al abrir la caja.<\/p>\n<h2 id=\"4-classic-black-box-body-highlighting-the-brand-style-\">4.\u00a0<strong>Cuerpo cl\u00e1sico de caja negra, que resalta el estilo de la marca<\/strong><\/h2>\n<p>El cuerpo de la caja es de cart\u00f3n duro negro de alta calidad\/materiales especiales, con tratamiento opcional de la superficie en mate, brillante o texturizado (como estampaci\u00f3n en caliente, gofrado, proceso UV), que resalta el posicionamiento de gama alta de las joyas de una manera discreta.<\/p>\n<h2 id=\"5-three-dimensional-pillow-lining-professional-jewelry-display-\">5.\u00a0<strong>Forro de almohada tridimensional, expositor profesional de joyas<\/strong><\/h2>\n<p>Esponja de alta densidad incorporada + forro de franela de PVC\/PU, dise\u00f1o de ranura o convexo personalizado seg\u00fan el contorno de la joya, soporte estable y presentaci\u00f3n tridimensional de los productos, evita las sacudidas y el desgaste, y realza la belleza de la exposici\u00f3n.<\/p>\n<h2 id=\"-exclusive-customization-service-deep-matching-brand-needs-\"><strong>Servicio exclusivo de personalizaci\u00f3n que se adapta a las necesidades de la marca<\/strong><\/h2>\n<ul>\n<li><strong>Opciones de personalizaci\u00f3n flexibles<\/strong>El tipo de caja (extra\u00edble\/tipo libro\/tapa inferior y tapa inferior), el tama\u00f1o, el material (cart\u00f3n ecol\u00f3gico\/madera\/borde met\u00e1lico), el color (Pantone color number accurate restoration), el proceso de impresi\u00f3n (LOGO hot stamping\/silk screen\/embossing) pueden dise\u00f1arse a medida.<\/li>\n<li><strong>Dise\u00f1o de forro personalizado<\/strong>: Seg\u00fan la categor\u00eda de joya (collares, anillos, pendientes, etc.) y el tono de la marca, ofrecemos soluciones como rejillas, ranuras con formas especiales, forros de color de la marca, LOGO bordado, etc. para mejorar el reconocimiento del producto.<\/li>\n<li><strong>Adaptaci\u00f3n del posicionamiento en el mercado<\/strong>: Desde el minimalismo de lujo ligero hasta el lujo retro, combinamos su base de clientes y la historia de su marca para crear una soluci\u00f3n de envasado de enlace completo, desde la caja exterior hasta el forro, para mejorar la experiencia unboxing y la prima de la marca.<\/li>\n<\/ul>\n<h3 id=\"-16-years-of-production-experience-quality-assurance-worry-free-service-\"><strong>16 a\u00f1os de experiencia en producci\u00f3n: garant\u00eda de calidad, servicio sin preocupaciones<\/strong><\/h3>\n<p>Como una f\u00e1brica de gran alcance con 16 a\u00f1os de cultivo profundo en la industria del embalaje de la joyer\u00eda, proporcionamos: \u2705\u00a0<strong>Servicio de ventanilla \u00fanica<\/strong>: Dise\u00f1o, pruebas, producci\u00f3n, inspecci\u00f3n de calidad, log\u00edstica control total, 15 d\u00edas de entrega r\u00e1pida. \u2705\u00a0<strong>Materiales estrictamente seleccionados<\/strong>: Materiales respetuosos con el medio ambiente certificados por SGS, en l\u00ednea con los est\u00e1ndares internacionales de transporte, duraderos y a prueba de humedad. \u2705\u00a0<strong>Ventajas de la personalizaci\u00f3n masiva<\/strong>: Desde pedidos de prueba de peque\u00f1os lotes hasta producci\u00f3n de grandes lotes, con rentabilidad y calidad.<\/p>","protected":false},"excerpt":{"rendered":"<p>Servicio integral: Dise\u00f1o, pruebas, producci\u00f3n, inspecci\u00f3n de calidad, log\u00edstica control total, 15 d\u00edas de entrega r\u00e1pida. Materiales estrictamente seleccionados: Materiales respetuosos con el medio ambiente certificados por SGS, en l\u00ednea con las normas internacionales de transporte, duraderos y a prueba de humedad.<br \/>\n\u2705 Ventajas de la personalizaci\u00f3n en masa: Apoye los pedidos de prueba de lotes peque\u00f1os a la producci\u00f3n de lotes grandes, con rentabilidad y calidad.<\/p>","protected":false},"featured_media":9166,"template":"","meta":[],"product_brand":[],"product_cat":[30,415,31,426],"product_tag":[1093,1094,1092],"class_list":{"0":"post-9164","1":"product","2":"type-product","3":"status-publish","4":"has-post-thumbnail","6":"product_cat-by-industry","7":"product_cat-custom-jewelry-boxes-by-industry","8":"product_cat-paper-box-style","9":"product_cat-paper-drawer-boxes","10":"product_tag-custom-jewelry-gift-box","11":"product_tag-jewelry-gift-box-wholesale","12":"product_tag-jewelry-rigid-box","14":"first","15":"instock","16":"shipping-taxable","17":"product-type-simple"},"_links":{"self":[{"href":"https:\/\/zojopackaging.com\/es\/wp-json\/wp\/v2\/product\/9164","targetHints":{"allow":["GET"]}}],"collection":[{"href":"https:\/\/zojopackaging.com\/es\/wp-json\/wp\/v2\/product"}],"about":[{"href":"https:\/\/zojopackaging.com\/es\/wp-json\/wp\/v2\/types\/product"}],"version-history":[{"count":1,"href":"https:\/\/zojopackaging.com\/es\/wp-json\/wp\/v2\/product\/9164\/revisions"}],"predecessor-version":[{"id":9173,"href":"https:\/\/zojopackaging.com\/es\/wp-json\/wp\/v2\/product\/9164\/revisions\/9173"}],"wp:featuredmedia":[{"embeddable":true,"href":"https:\/\/zojopackaging.com\/es\/wp-json\/wp\/v2\/media\/9166"}],"wp:attachment":[{"href":"https:\/\/zojopackaging.com\/es\/wp-json\/wp\/v2\/media?parent=9164"}],"wp:term":[{"taxonomy":"product_brand","embeddable":true,"href":"https:\/\/zojopackaging.com\/es\/wp-json\/wp\/v2\/product_brand?post=9164"},{"taxonomy":"product_cat","embeddable":true,"href":"https:\/\/zojopackaging.com\/es\/wp-json\/wp\/v2\/product_cat?post=9164"},{"taxonomy":"product_tag","embeddable":true,"href":"https:\/\/zojopackaging.com\/es\/wp-json\/wp\/v2\/product_tag?post=9164"}],"curies":[{"name":"wp","href":"https:\/\/api.w.org\/{rel}","templated":true}]}}