{"id":9174,"date":"2025-04-01T15:31:41","date_gmt":"2025-04-01T07:31:41","guid":{"rendered":"https:\/\/zojopackaging.com\/?post_type=product&#038;p=9174"},"modified":"2025-04-01T16:13:25","modified_gmt":"2025-04-01T08:13:25","slug":"custom-sun-sunscreen-protection-cream-packaging-box-wholesale","status":"publish","type":"product","link":"https:\/\/zojopackaging.com\/es\/product\/custom-sun-sunscreen-protection-cream-packaging-box-wholesale\/","title":{"rendered":"Crema protectora solar personalizada Caja de embalaje al por mayor"},"content":{"rendered":"<h2 id=\"-professional-customized-sunscreen-magnetic-packaging-box-protecting-quality-and-highlighting-brand-value-\"><strong>Caja de embalaje magn\u00e9tica profesional personalizada para crema solar: proteger la calidad y resaltar el valor de la marca<\/strong><\/h2>\n<p>Como f\u00e1brica de envases de cosm\u00e9ticos de protecci\u00f3n solar en China, nos centramos en proporcionar a los clientes de todo el mundo\u00a0<strong>alta rentabilidad y personalizaci\u00f3n<\/strong>\u00a0soluciones de cajas de embalaje para crema solar. \u00a1Las siguientes son las principales ventajas y descripciones de los productos de nuestra caja de embalaje de protecci\u00f3n solar al por mayor, que le ayudar\u00e1 a mejorar su imagen de marca, garantizar la seguridad del transporte del producto, y aprovechar las oportunidades de mercado!<\/p>\n<h2 id=\"-product-highlights-humanized-design-all-round-protection-\"><strong>Caracter\u00edsticas del producto: dise\u00f1o humanizado + protecci\u00f3n integral<\/strong><\/h2>\n<h3 id=\"1-magnetic-opening-and-closing-design-easy-operation-with-one-hand-\">1.\u00a0<strong>Dise\u00f1o magn\u00e9tico de apertura y cierre, f\u00e1cil manejo con una sola mano<\/strong><\/h3>\n<ul>\n<li>Innovadora estructura magn\u00e9tica de la tapa de la caja, que puede abrirse y cerrarse r\u00e1pidamente con una sola mano, mejorando la comodidad de los consumidores;<\/li>\n<li>Se alinea y adsorbe autom\u00e1ticamente cuando se cierra, con un fuerte sellado para evitar que el protector solar se derrame o contamine debido a la apertura accidental de la tapa;<\/li>\n<li>Control magn\u00e9tico preciso, duradero, la apertura y cierre repetidos no afectar\u00e1n al efecto de cierre<\/li>\n<li><strong>La impresi\u00f3n a doble cara refuerza la marca y la difusi\u00f3n de la informaci\u00f3n<\/strong><\/li>\n<li><strong>Lado A: Impacto visual de la marca<\/strong>\u00a0Utilizar tecnolog\u00eda de impresi\u00f3n de alta definici\u00f3n para presentar el logotipo de la marca, la visi\u00f3n principal y los principales puntos de venta, y reforzar el recuerdo de la marca en los clientes;<\/li>\n<li><strong>Cara B: Pantalla profesional param\u00e9trica<\/strong>\u00a0Marque claramente la informaci\u00f3n clave, como el valor SPF del protector solar, el grado PA, los ingredientes y los m\u00e9todos de uso, para aumentar la profesionalidad del producto y la confianza del consumidor.<\/li>\n<li><strong>Impresi\u00f3n de superficie azul respetuosa con el medio ambiente, que transmite conceptos sostenibles<\/strong>\u00a0-Utiliza tintas respetuosas con el medio ambiente y materiales reciclables, la superficie presenta un efecto azul mate\/brillante de alta calidad, que encaja con el tema de la protecci\u00f3n del medio ambiente marino; -Soporta n\u00fameros de color Pantone personalizados para garantizar la unidad visual de la marca y resaltar la imagen de responsabilidad social corporativa.<\/li>\n<li><strong>Forro antis\u00edsmico de EVA, protecci\u00f3n 360\u00b0 para el transporte<\/strong>\u00a0-Forro de material EVA de alta densidad, abertura de molde precisa para adaptarse a la forma del producto, dispersar eficazmente la fuerza de impacto externo; -Excelente absorci\u00f3n de impactos y rendimiento de amortiguaci\u00f3n, resistiendo los golpes de transporte y los riesgos de ca\u00edda, asegurando que el frasco de protector solar llegue intacto a la terminal.<\/li>\n<\/ul>\n<h2 id=\"-core-advantages-precise-customization-cost-reduction-and-efficiency-improvement-\"><strong>Principales ventajas: personalizaci\u00f3n precisa, reducci\u00f3n de costes y mejora de la eficacia<\/strong><\/h2>\n<ol>\n<li><strong>Servicio integral de personalizaci\u00f3n de gran flexibilidad<\/strong><\/li>\n<li><strong>Adaptaci\u00f3n tipo caja<\/strong>: Existen varios tipos de cajas, como las de tapa superior e inferior, las de caj\u00f3n y las de libro;<\/li>\n<li><strong>Adaptaci\u00f3n precisa del tama\u00f1o<\/strong>: Personalice el forro y el cuerpo de la caja seg\u00fan el tama\u00f1o del frasco de protecci\u00f3n solar (tubo\/lata\/pulverizador) para conseguir una fijaci\u00f3n sin desplazamiento;<\/li>\n<li><strong>Mejora del material<\/strong>: Cart\u00f3n blanco, papel corrugado, papel art\u00edstico especial, etc. est\u00e1n disponibles para satisfacer diferentes requisitos de coste y textura;<\/li>\n<li><strong>Apoyo a la artesan\u00eda<\/strong>: Estampaci\u00f3n en caliente, barniz local UV, gofrado, relieve y otros procesos de superficie para crear una experiencia de envasado diferenciada.<\/li>\n<li><strong>Suministro directo desde la f\u00e1brica de origen, respuesta r\u00e1pida en 3 d\u00edas<\/strong><\/li>\n<li><strong>Servicio de dise\u00f1o gratuito<\/strong>: Un equipo profesional se encarga de la estructura del envase y del dise\u00f1o gr\u00e1fico, y optimiza el plan hasta que usted quede satisfecho;<\/li>\n<li><strong>Confirmaci\u00f3n de muestra gratuita<\/strong>: Pruebas completas en un plazo de 3 d\u00edas laborables, y producci\u00f3n en serie tras la verificaci\u00f3n f\u00edsica de la calidad;<\/li>\n<li><strong>Mejor presupuesto<\/strong>: Las ventas directas de f\u00e1brica eliminan la diferencia de precio de los intermediarios, y disfrute de descuentos escalonados para pedidos al por mayor que le ayudar\u00e1n a reducir los costes de embalaje.<\/li>\n<\/ol>\n<h2 id=\"-service-commitment-quality-based-worry-free-cooperation-\"><strong>Compromiso de servicio: Cooperaci\u00f3n basada en la calidad y sin preocupaciones<\/strong><\/h2>\n<ul>\n<li><strong>Control total de la calidad del proceso<\/strong>: Desde la selecci\u00f3n de materiales hasta la producci\u00f3n, superamos la certificaci\u00f3n del sistema de gesti\u00f3n de calidad ISO9001;<\/li>\n<li><strong>Garant\u00eda de transporte sin preocupaciones<\/strong>: Estricta inspecci\u00f3n de calidad antes de salir de la f\u00e1brica, log\u00edstica de apoyo, entrega directa global;<\/li>\n<li><strong>Respuesta r\u00e1pida postventa<\/strong>: Un equipo profesional de atenci\u00f3n al cliente est\u00e1 en l\u00ednea 7\u00d724 horas al d\u00eda para resolver sus preocupaciones.<\/li>\n<\/ul>\n<p><strong>Act\u00fae ahora y aproveche la oportunidad del mercado.\u00a0<\/strong>P\u00f3ngase en contacto con nosotros para obtener planos de dise\u00f1o y muestras gratuitas, pruebas r\u00e1pidas en 3 d\u00edas, \u00a1deje que su protector solar conquiste a los consumidores con un envase m\u00e1s seguro y llamativo!\u00a0<strong>Fabricado en China, calidad mundial: \u00a1protegemos su envase de protecci\u00f3n solar en todo momento!<\/strong><\/p>","protected":false},"excerpt":{"rendered":"<p>100% Materiales reciclables: Cumple las normas mundiales de sostenibilidad para marcas con conciencia ecol\u00f3gica.<br \/>\nMarca personalizada: Admite colores Pantone, relieve e integraci\u00f3n de c\u00f3digos QR.<\/p>","protected":false},"featured_media":9175,"template":"","meta":[],"product_brand":[],"product_cat":[30,390,424,31],"product_tag":[1096,1095,1097],"class_list":{"0":"post-9174","1":"product","2":"type-product","3":"status-publish","4":"has-post-thumbnail","6":"product_cat-by-industry","7":"product_cat-custom-cosmetics-boxes","8":"product_cat-magnetic-closure-boxes","9":"product_cat-paper-box-style","10":"product_tag-custom-sun-cream-packaging","11":"product_tag-custom-sunscreen-packaging","12":"product_tag-sun-protection-box","14":"first","15":"instock","16":"shipping-taxable","17":"product-type-simple"},"_links":{"self":[{"href":"https:\/\/zojopackaging.com\/es\/wp-json\/wp\/v2\/product\/9174","targetHints":{"allow":["GET"]}}],"collection":[{"href":"https:\/\/zojopackaging.com\/es\/wp-json\/wp\/v2\/product"}],"about":[{"href":"https:\/\/zojopackaging.com\/es\/wp-json\/wp\/v2\/types\/product"}],"version-history":[{"count":1,"href":"https:\/\/zojopackaging.com\/es\/wp-json\/wp\/v2\/product\/9174\/revisions"}],"predecessor-version":[{"id":9181,"href":"https:\/\/zojopackaging.com\/es\/wp-json\/wp\/v2\/product\/9174\/revisions\/9181"}],"wp:featuredmedia":[{"embeddable":true,"href":"https:\/\/zojopackaging.com\/es\/wp-json\/wp\/v2\/media\/9175"}],"wp:attachment":[{"href":"https:\/\/zojopackaging.com\/es\/wp-json\/wp\/v2\/media?parent=9174"}],"wp:term":[{"taxonomy":"product_brand","embeddable":true,"href":"https:\/\/zojopackaging.com\/es\/wp-json\/wp\/v2\/product_brand?post=9174"},{"taxonomy":"product_cat","embeddable":true,"href":"https:\/\/zojopackaging.com\/es\/wp-json\/wp\/v2\/product_cat?post=9174"},{"taxonomy":"product_tag","embeddable":true,"href":"https:\/\/zojopackaging.com\/es\/wp-json\/wp\/v2\/product_tag?post=9174"}],"curies":[{"name":"wp","href":"https:\/\/api.w.org\/{rel}","templated":true}]}}