{"id":9182,"date":"2025-04-01T15:52:07","date_gmt":"2025-04-01T07:52:07","guid":{"rendered":"https:\/\/zojopackaging.com\/?post_type=product&#038;p=9182"},"modified":"2025-04-01T16:10:43","modified_gmt":"2025-04-01T08:10:43","slug":"quality-custom-children-newborn-baby-clothing-packaging-box","status":"publish","type":"product","link":"https:\/\/zojopackaging.com\/es\/product\/quality-custom-children-newborn-baby-clothing-packaging-box\/","title":{"rendered":"Calidad personalizado ni\u00f1os reci\u00e9n nacidos ropa de beb\u00e9 caja de embalaje"},"content":{"rendered":"<h2 id=\"-1-magnetic-opening-and-closing-system-convenience-and-quality-\"><strong>1. Sistema magn\u00e9tico de apertura y cierre: comodidad y calidad<\/strong><\/h2>\n<p>- Se utiliza un dispositivo magn\u00e9tico de alta precisi\u00f3n, y la tapa se alinea y adsorbe autom\u00e1ticamente. Puede abrirse y cerrarse f\u00e1cilmente con una sola mano, evitando la engorrosa operaci\u00f3n de los envases tradicionales. Es especialmente adecuado para que los padres de reci\u00e9n nacidos cojan r\u00e1pidamente la ropa. - La fuerza de succi\u00f3n magn\u00e9tica puede ajustarse para garantizar una experiencia suave tras m\u00faltiples usos, lo que pone de relieve la b\u00fasqueda de los detalles por parte de la marca.<\/p>\n<h2 id=\"-2-healing-macaron-color-system-conveying-a-gentle-first-impression-\"><strong>2. Sistema de color macaron curativo: transmite una primera impresi\u00f3n amable<\/strong><\/h2>\n<p>- Colores macaron seleccionados de baja saturaci\u00f3n (azul rosado, amarillo ganso, verde menta, etc.), a trav\u00e9s de la psicolog\u00eda del color para reducir la opresi\u00f3n visual, crear una atm\u00f3sfera de marca pura y c\u00e1lida. - Admite la personalizaci\u00f3n del n\u00famero de color Pantone, se ajusta con precisi\u00f3n al sistema VI de la marca y mejora la unidad visual.<\/p>\n<h2 id=\"-3-aesthetic-upgrade-exquisite-balance-of-ribbon-and-window-\"><strong>3. Mejora est\u00e9tica: exquisito equilibrio entre la cinta y la ventana<\/strong><\/h2>\n<p>- El cuerpo de la caja se combina con una cinta de textura mate, que puede personalizarse con colores y texturas exclusivos de la marca. El logotipo se estampa en caliente en la hebilla para realzar la sensaci\u00f3n de ceremonia de desembalaje y el reconocimiento de la marca. - Dise\u00f1o de ventana transparente de PET de calidad alimentaria, visualizaci\u00f3n de 360\u00b0 de los detalles de la ropa, a la vez que a\u00edsla el polvo y el contacto con las manos, garantizando la seguridad e higiene de la ropa del reci\u00e9n nacido.<\/p>\n<h2 id=\"-4-deep-customized-service-comprehensive-empowerment-from-function-to-emotion-\"><strong>4. Servicio personalizado en profundidad: potenciaci\u00f3n integral desde la funci\u00f3n hasta la emoci\u00f3n<\/strong><\/h2>\n<ul>\n<li><strong>Tipo de caja y estructura<\/strong>: Proporcionar m\u00e1s de 10 tipos de cajas, tales como tapa superior e inferior, caja en forma de libro, caja de cajones, etc., apoyar el corte de forma especial y el dise\u00f1o de la caja interior de m\u00faltiples capas para satisfacer las necesidades de los conjuntos de cajas de regalo.<\/li>\n<li><strong>Forro interior artesanal<\/strong>: Utiliza esponja EVA o soporte interior de franela, abre el molde con precisi\u00f3n seg\u00fan el tama\u00f1o de la ropa, fija la ropa y evita que se mueva, y la superficie del forro se puede bordar con el logotipo de la marca.<\/li>\n<li><strong>Impresi\u00f3n y artesan\u00eda<\/strong>: Admite el gofrado UV, la estampaci\u00f3n en caliente, el gofrado y otros tratamientos superficiales, la superficie de la caja se puede imprimir con ilustraciones de la historia de la marca o bendiciones personalizadas por el cliente para crear una caja de regalo conmemorativa \u00fanica.<\/li>\n<\/ul>\n<h2 id=\"-5-emotional-value-added-design-let-the-packaging-become-a-carrier-of-thoughts-\"><strong>5. Dise\u00f1o con valor a\u00f1adido emocional: que el envase se convierta en portador de pensamientos<\/strong><\/h2>\n<p>- Viene con una ranura para tarjetas de felicitaci\u00f3n extra\u00edble, tarjetas de felicitaci\u00f3n en relieve de papel art\u00edstico a juego, admite applets de marca con enlace de c\u00f3digo QR o bendiciones de voz personalizadas, y mejora la interacci\u00f3n con el usuario y la comunicaci\u00f3n social. - La capa interior de la caja de regalo puede dise\u00f1arse con citas de bendici\u00f3n ocultas o consejos sobre el cuidado del reci\u00e9n nacido para transmitir la calidez y profesionalidad de la marca.<\/p>\n<h2 id=\"-supply-chain-advantages-\"><strong>Ventajas de la cadena de suministro<\/strong><\/h2>\n<p>\u2705\u00a0<strong>Shenzhen Smart Manufacturing - Norma mundial<\/strong>: Auto-construido 20,000\u33a1 f\u00e1brica inteligente, pas\u00f3 ISO9001 y FSC certificaci\u00f3n ambiental, los materiales pueden ser de cart\u00f3n blanco, papel corrugado, PLA degradable, teniendo en cuenta tanto la textura y la protecci\u00f3n del medio ambiente. \u2705\u00a0<strong>Alto rendimiento de costes-R\u00e1pida respuesta<\/strong>: Confiando en el cl\u00faster de la cadena de suministro de Greater Bay Area, el precio es 15% m\u00e1s bajo que la industria, apoyando la prueba de 48 horas, la entrega urgente de 7 d\u00edas y el servicio de atenci\u00f3n al cliente exclusivo las 24 horas para resolver problemas de personalizaci\u00f3n. \u2705\u00a0<strong>Servicio sin preocupaciones<\/strong>: Proporcionar una soluci\u00f3n integral de dise\u00f1o-prueba-producci\u00f3n en masa-log\u00edstica, almacenamiento y distribuci\u00f3n gratuitos, para ayudarle a operar con un inventario cero.<\/p>\n<h2 id=\"-application-scenarios-\"><strong>Escenarios de aplicaci\u00f3n<\/strong><\/h2>\n<p>\u2728 Caja de regalo de marca de ropa de reci\u00e9n nacido de gama alta \u2728 Regalo de luna llena, banquete de cien d\u00edas y otros regalos de celebraci\u00f3n \u2728 Modelos personalizados conjuntos de marca de madre y beb\u00e9.<\/p>","protected":false},"excerpt":{"rendered":"<p>Creamos cajas de regalo personalizadas de alta gama para marcas de ropa para reci\u00e9n nacidos, integrando funciones pr\u00e1cticas y valores est\u00e9ticos con un dise\u00f1o ingenioso para mejorar la imagen de marca y la experiencia del usuario en todos los aspectos. Desde materiales respetuosos con el medio ambiente hasta detalles emotivos, cada dise\u00f1o transmite un cuidado delicado por la vida del reci\u00e9n nacido, creando una \"ceremonia de desembalaje\" inolvidable para sus clientes.<\/p>","protected":false},"featured_media":9184,"template":"","meta":[],"product_brand":[],"product_cat":[30,414,424,31],"product_tag":[1091,477,1090],"class_list":{"0":"post-9182","1":"product","2":"type-product","3":"status-publish","4":"has-post-thumbnail","6":"product_cat-by-industry","7":"product_cat-custom-apparel-boxes","8":"product_cat-magnetic-closure-boxes","9":"product_cat-paper-box-style","10":"product_tag-baby-clothing-packaging-box","11":"product_tag-custom-clothing-packaging","12":"product_tag-newborn-clothing-packaging-box","14":"first","15":"instock","16":"shipping-taxable","17":"product-type-simple"},"_links":{"self":[{"href":"https:\/\/zojopackaging.com\/es\/wp-json\/wp\/v2\/product\/9182","targetHints":{"allow":["GET"]}}],"collection":[{"href":"https:\/\/zojopackaging.com\/es\/wp-json\/wp\/v2\/product"}],"about":[{"href":"https:\/\/zojopackaging.com\/es\/wp-json\/wp\/v2\/types\/product"}],"version-history":[{"count":1,"href":"https:\/\/zojopackaging.com\/es\/wp-json\/wp\/v2\/product\/9182\/revisions"}],"predecessor-version":[{"id":9189,"href":"https:\/\/zojopackaging.com\/es\/wp-json\/wp\/v2\/product\/9182\/revisions\/9189"}],"wp:featuredmedia":[{"embeddable":true,"href":"https:\/\/zojopackaging.com\/es\/wp-json\/wp\/v2\/media\/9184"}],"wp:attachment":[{"href":"https:\/\/zojopackaging.com\/es\/wp-json\/wp\/v2\/media?parent=9182"}],"wp:term":[{"taxonomy":"product_brand","embeddable":true,"href":"https:\/\/zojopackaging.com\/es\/wp-json\/wp\/v2\/product_brand?post=9182"},{"taxonomy":"product_cat","embeddable":true,"href":"https:\/\/zojopackaging.com\/es\/wp-json\/wp\/v2\/product_cat?post=9182"},{"taxonomy":"product_tag","embeddable":true,"href":"https:\/\/zojopackaging.com\/es\/wp-json\/wp\/v2\/product_tag?post=9182"}],"curies":[{"name":"wp","href":"https:\/\/api.w.org\/{rel}","templated":true}]}}