{"id":9190,"date":"2025-04-01T16:13:49","date_gmt":"2025-04-01T08:13:49","guid":{"rendered":"https:\/\/zojopackaging.com\/?post_type=product&#038;p=9190"},"modified":"2025-04-01T16:44:15","modified_gmt":"2025-04-01T08:44:15","slug":"wholesale-order-makeup-brush-cosmetic-set-packaging-boxes","status":"publish","type":"product","link":"https:\/\/zojopackaging.com\/es\/product\/wholesale-order-makeup-brush-cosmetic-set-packaging-boxes\/","title":{"rendered":"Pedido al por mayor Brocha de maquillaje Set de cosm\u00e9ticos Cajas de embalaje"},"content":{"rendered":"<h2 id=\"-product-highlights-ingenious-design-quality-first-\"><strong>Caracter\u00edsticas del producto: dise\u00f1o ingenioso, calidad ante todo<\/strong><\/h2>\n<h3 id=\"1-magnetic-box-design-high-end-opening-and-closing-experience-\">1.\u00a0<strong>Dise\u00f1o de caja con cierre magn\u00e9tico, experiencia de apertura y cierre de alta gama<\/strong><\/h3>\n<p>La estructura con im\u00e1n incrustado y el dise\u00f1o de cierre magn\u00e9tico oculto evitan el desgaste del im\u00e1n, y el cierre es estable y suave, mostrando una elegante sensaci\u00f3n de ritual entre la apertura y el cierre. La textura mate combinada con l\u00edneas suaves confiere a la caja de embalaje un temperamento discreto y lujoso de gama alta.<\/p>\n<h3 id=\"2-deep-black-box-body-interpreting-the-brand-style-\">2.\u00a0<strong>Cuerpo de caja negra profunda, que interpreta el estilo de la marca<\/strong><\/h3>\n<p>El cuerpo de la caja utiliza los cl\u00e1sicos tonos negros puros, con un revestimiento de tacto delicado, visualmente tranquilo y misterioso, y de alta gama y tacto delicado. El negro, como color simb\u00f3lico de los envases de lujo, puede reforzar el posicionamiento de gama alta de la marca, transmitir arte y calidad, y crear una experiencia de \"sorpresa al abrir la caja\" para los consumidores.<\/p>\n<h3 id=\"3-environmentally-friendly-materials-both-sturdy-and-sustainable-\">3.\u00a0<strong>Materiales respetuosos con el medio ambiente, resistentes y sostenibles<\/strong><\/h3>\n<p>El material principal es\u00a0<strong>Papel estucado C2S de 157 g + cart\u00f3n duro de 1200 g<\/strong>que tiene propiedades tanto de alta rigidez como de protecci\u00f3n del medio ambiente. El papel cuenta con la certificaci\u00f3n FSC y es reciclable y degradable, en l\u00ednea con las normas medioambientales internacionales, lo que ayuda a las marcas a cumplir con sus responsabilidades sociales al tiempo que garantiza que el envase sea fuerte en capacidad de carga, resistente a la presi\u00f3n y no se deforme.<\/p>\n<h3 id=\"4-eva-lining-protection-comprehensive-product-protection-\">4.\u00a0<strong>Protecci\u00f3n del forro de EVA, protecci\u00f3n integral del producto<\/strong><\/h3>\n<p>El forro de EVA personalizado, suave y muy el\u00e1stico, se ajusta perfectamente a la forma de las brochas de maquillaje y los cosm\u00e9ticos, amortigua eficazmente las vibraciones y la extrusi\u00f3n durante el transporte, y evita el desplazamiento, la deformaci\u00f3n o el desgaste del producto. El forro puede dise\u00f1arse de forma flexible como una estructura en capas, adecuada para una combinaci\u00f3n de pinceles de m\u00faltiples especificaciones, y mejora la sensaci\u00f3n de orden en la exposici\u00f3n del producto.<\/p>\n<h2 id=\"-core-advantage-deep-customization-empowering-brand-value-\"><strong>Ventaja principal: personalizaci\u00f3n profunda, potenciaci\u00f3n del valor de marca<\/strong><\/h2>\n<h3 id=\"5-all-round-customization-service-to-meet-personalized-needs-\">5.\u00a0<strong>Servicio integral de adaptaci\u00f3n para satisfacer necesidades personalizadas<\/strong><\/h3>\n<ul>\n<li><strong>Tipo de caja<\/strong>Soporte de personalizaci\u00f3n de varios tipos de cajas, como cajas abatibles, cajas de libros, cajas de cajones, etc;<\/li>\n<li><strong>Talla<\/strong>: dise\u00f1ados con precisi\u00f3n en funci\u00f3n de la cantidad de productos y las especificaciones para optimizar la utilizaci\u00f3n del espacio;<\/li>\n<li><strong>Artesan\u00eda<\/strong>Tratamientos de superficie: estampaci\u00f3n en caliente, gofrado, UV, serigraf\u00eda, etc., con efectos mate\/brillo opcionales;<\/li>\n<li><strong>Color y material<\/strong>Adem\u00e1s del negro est\u00e1ndar, admite la personalizaci\u00f3n de colores planos Pantone, que pueden mejorarse con papeles especiales como textura de cuero y textura met\u00e1lica.<\/li>\n<\/ul>\n<h3 id=\"6-precise-adaptation-of-lining-to-strengthen-brand-memory-\">6.\u00a0<strong>Adaptaci\u00f3n precisa del revestimiento para reforzar el recuerdo de marca<\/strong><\/h3>\n<p>En funci\u00f3n de la longitud, el di\u00e1metro y la disposici\u00f3n del juego de brochas de maquillaje, se adapta la disposici\u00f3n de las ranuras de revestimiento y se puede incrustar el logotipo o el eslogan de la marca en relieve. Gracias a un lenguaje visual unificado y a un dise\u00f1o detallado, los consumidores reconocen mejor la profesionalidad de la marca y mejoran la fidelidad de recompra.<\/p>","protected":false},"excerpt":{"rendered":"<ul>\n<li><strong>Pruebas gratuitas<\/strong>: Proporcione la entrega de la muestra en el plazo de 3-5 d\u00edas laborables, experimente intuitivamente la calidad;<\/li>\n<li><strong>Dise\u00f1o libre<\/strong>: Un equipo profesional se encarga de la personalizaci\u00f3n gr\u00e1fica y del diagrama de la estructura en 3D;<\/li>\n<li><strong>Alto rendimiento econ\u00f3mico<\/strong>: Producci\u00f3n a gran escala + cadena de suministro de origen, el precio es 15% m\u00e1s bajo que la industria;<\/li>\n<li><strong>Respuesta en 24 horas<\/strong>: Atenci\u00f3n al cliente personalizada a lo largo de todo el proceso, seguimiento desde el dise\u00f1o hasta la entrega, apoyo a los pedidos urgentes.<\/li>\n<\/ul>","protected":false},"featured_media":9191,"template":"","meta":[],"product_brand":[],"product_cat":[30,390,424,31],"product_tag":[1099,1098,1100],"class_list":{"0":"post-9190","1":"product","2":"type-product","3":"status-publish","4":"has-post-thumbnail","6":"product_cat-by-industry","7":"product_cat-custom-cosmetics-boxes","8":"product_cat-magnetic-closure-boxes","9":"product_cat-paper-box-style","10":"product_tag-cosmetic-brush-set-packaging","11":"product_tag-makeup-brush-packaging","12":"product_tag-wholesale-makeup-brush-boxes","14":"first","15":"instock","16":"shipping-taxable","17":"product-type-simple"},"_links":{"self":[{"href":"https:\/\/zojopackaging.com\/es\/wp-json\/wp\/v2\/product\/9190","targetHints":{"allow":["GET"]}}],"collection":[{"href":"https:\/\/zojopackaging.com\/es\/wp-json\/wp\/v2\/product"}],"about":[{"href":"https:\/\/zojopackaging.com\/es\/wp-json\/wp\/v2\/types\/product"}],"version-history":[{"count":2,"href":"https:\/\/zojopackaging.com\/es\/wp-json\/wp\/v2\/product\/9190\/revisions"}],"predecessor-version":[{"id":9197,"href":"https:\/\/zojopackaging.com\/es\/wp-json\/wp\/v2\/product\/9190\/revisions\/9197"}],"wp:featuredmedia":[{"embeddable":true,"href":"https:\/\/zojopackaging.com\/es\/wp-json\/wp\/v2\/media\/9191"}],"wp:attachment":[{"href":"https:\/\/zojopackaging.com\/es\/wp-json\/wp\/v2\/media?parent=9190"}],"wp:term":[{"taxonomy":"product_brand","embeddable":true,"href":"https:\/\/zojopackaging.com\/es\/wp-json\/wp\/v2\/product_brand?post=9190"},{"taxonomy":"product_cat","embeddable":true,"href":"https:\/\/zojopackaging.com\/es\/wp-json\/wp\/v2\/product_cat?post=9190"},{"taxonomy":"product_tag","embeddable":true,"href":"https:\/\/zojopackaging.com\/es\/wp-json\/wp\/v2\/product_tag?post=9190"}],"curies":[{"name":"wp","href":"https:\/\/api.w.org\/{rel}","templated":true}]}}