{"id":9198,"date":"2025-04-01T16:44:23","date_gmt":"2025-04-01T08:44:23","guid":{"rendered":"https:\/\/zojopackaging.com\/?post_type=product&#038;p=9198"},"modified":"2025-04-01T17:04:27","modified_gmt":"2025-04-01T09:04:27","slug":"custom-stereo-earphone-bluetooth-earbuds-gift-box-packaging","status":"publish","type":"product","link":"https:\/\/zojopackaging.com\/es\/product\/custom-stereo-earphone-bluetooth-earbuds-gift-box-packaging\/","title":{"rendered":"Auricular est\u00e9reo personalizado Auriculares Bluetooth Caja de regalo Embalaje"},"content":{"rendered":"<h2 id=\"-i-design-concept-luxury-experience-all-in-the-moment-of-unboxing-\"><strong>1. Concepto de dise\u00f1o: Experiencia de lujo, todo en el momento del unboxing<\/strong><\/h2>\n<p>Este producto est\u00e1 dise\u00f1ado para auriculares Bluetooth est\u00e9reo de gama alta, con el \"unboxing es un sentido del ritual\" como n\u00facleo. Las cubiertas superior e inferior se separan mediante el\u00a0<strong>estructura en forma de caja de las tapas superior e inferior<\/strong>y puede abrirse con elegancia empuj\u00e1ndola con una sola mano. Las l\u00edneas de la caja son sencillas y pulcras, y el sentido de amortiguaci\u00f3n de apertura y cierre se ha ajustado con precisi\u00f3n para garantizar que cada unboxing est\u00e9 lleno de expectativas, creando una experiencia envolvente desde la visi\u00f3n hasta el tacto para los clientes.<\/p>\n<h2 id=\"-ii-materials-and-craftsmanship-the-ultimate-balance-between-environmental-protection-and-quality-\"><strong>2. Materiales y artesan\u00eda: El equilibrio definitivo entre protecci\u00f3n del medio ambiente y calidad<\/strong><\/h2>\n<ol>\n<li><strong>Sustrato respetuoso con el medio ambiente<\/strong><\/li>\n<li><strong>Caja exterior<\/strong>: Se utiliza cart\u00f3n de alta resistencia de 1200 g, que es resistente a la presi\u00f3n y al choque para garantizar la seguridad del transporte.<\/li>\n<li><strong>Embarcaciones de superficie<\/strong>: Cubierta de papel estucado de alto brillo C2S de 157 g, tacto delicado, con\u00a0<strong>estampaci\u00f3n en caliente rojo oro artesan\u00eda<\/strong>\u00a0(versi\u00f3n parcial\/completa opcional), a trav\u00e9s del fuerte contraste entre el brillo met\u00e1lico y el cuerpo de la caja totalmente negro, para crear un foco visual y transmitir el posicionamiento de gama alta de la marca.<\/li>\n<li><strong>Cuerpo de caja totalmente negro<\/strong>: Base negra mate con revestimiento microperlado, tecnolog\u00eda discreta y moderna, combinada con la tecnolog\u00eda de estampaci\u00f3n en caliente, interpreta a la perfecci\u00f3n la filosof\u00eda de dise\u00f1o de \"lujo sin publicidad\".<\/li>\n<li><strong>Forro ecol\u00f3gico<\/strong><\/li>\n<li>Forro troquelado de cart\u00f3n degradable, adaptado con precisi\u00f3n al tama\u00f1o de los auriculares, que proporciona un soporte estable;<\/li>\n<li>Ayuda\u00a0<strong>ahuecado personalizado de marca<\/strong>\u00a0(como logotipo, eslogan en relieve), realzan el sentido exclusivo del producto;<\/li>\n<li>La superficie del forro est\u00e1 cubierta con un revestimiento ecol\u00f3gico a base de agua, resistente al desgaste y f\u00e1cil de limpiar.<\/li>\n<\/ol>\n<h2 id=\"-three-highly-customized-services-empowering-brands-\"><strong>3. Servicios altamente personalizados: potenciar las marcas<\/strong><\/h2>\n<ol>\n<li><strong>Tipo y tama\u00f1o de caja<\/strong><\/li>\n<li>Admite diversas estructuras, como cubiertas superiores e inferiores, cajas con forma de libro, cajas de cajones, etc., que pueden combinarse con los auriculares, cascos y otros productos TWS;<\/li>\n<li>Ajuste de tama\u00f1o flexible, precisi\u00f3n de error \u22640,5 mm, ajuste perfecto al producto.<\/li>\n<li><strong>Personalizaci\u00f3n visual y t\u00e1ctil<\/strong><\/li>\n<li><strong>Color<\/strong>: Adem\u00e1s del negro cl\u00e1sico, ofrecemos soluciones personalizadas como colores especiales Pantone, UV degradado y revestimiento nacarado;<\/li>\n<li><strong>Efecto superficie<\/strong>: Combinaci\u00f3n libre de estampaci\u00f3n en caliente\/plateado\/l\u00e1ser, gofrado, serigraf\u00eda, barnizado local y otros procesos;<\/li>\n<li><strong>Funci\u00f3n de revestimiento interior<\/strong>: Se puede mejorar con esponja EVA, bandeja interior flocada y compatible con accesorios como compartimento de carga inal\u00e1mbrica.<\/li>\n<li><strong>Implantaci\u00f3n profunda de la marca<\/strong><\/li>\n<li>El interior de la tapa de la caja se puede imprimir con historias de la marca o gu\u00edas de usuario, y en la parte inferior de la caja exterior se a\u00f1ade un c\u00f3digo de trazabilidad antifalsificaci\u00f3n;<\/li>\n<li>Admite el dise\u00f1o de \"una caja para m\u00faltiples usos\", como la provisi\u00f3n de ranuras para tapones de repuesto y capas de almacenamiento de accesorios, para mejorar la adherencia del usuario.<\/li>\n<\/ol>\n<h2 id=\"-fourth-supply-chain-advantages-one-stop-service-in-shenzhen-factory-\"><strong>4. Ventajas de la cadena de suministro: servicio integral en la f\u00e1brica de Shenzhen.<\/strong><\/h2>\n<ul>\n<li><strong>Pruebas gratuitas<\/strong>: Proporcione la entrega de la muestra en el plazo de 3-5 d\u00edas laborables, qu\u00e9 usted ve es lo que usted consigue;<\/li>\n<li><strong>Precio ventajoso<\/strong>: La producci\u00f3n a gran escala reduce los costes, y el pedido m\u00ednimo por caja es de 500 unidades;<\/li>\n<li><strong>Garant\u00eda de calidad<\/strong>: Certificaci\u00f3n ISO 9001 aprobada, informe de prueba de protecci\u00f3n medioambiental de SGS;<\/li>\n<li><strong>Respuesta r\u00e1pida<\/strong>: 24 horas de servicio exclusivo de atenci\u00f3n al cliente, dise\u00f1o, producci\u00f3n y seguimiento completo del proceso log\u00edstico.<\/li>\n<\/ul>","protected":false},"excerpt":{"rendered":"<p>\u2705\u00a0<strong>Ritual de apertura de la caja con una sola mano<\/strong> \u2192 Mejorar la experiencia del usuario<br \/>\n\u2705\u00a0<strong>Materiales respetuosos con el medio ambiente + forro preciso<\/strong>\u00a0\u2192 Respaldo de la responsabilidad social de la marca<br \/>\n\u2705\u00a0<strong>Personalizaci\u00f3n profunda + respuesta r\u00e1pida<\/strong>\u00a0\u2192 Reducir los costes de desarrollo de la marca<\/p>","protected":false},"featured_media":9199,"template":"","meta":[],"product_brand":[],"product_cat":[30,413,425,31],"product_tag":[1102,1103,1101],"class_list":{"0":"post-9198","1":"product","2":"type-product","3":"status-publish","4":"has-post-thumbnail","6":"product_cat-by-industry","7":"product_cat-consumer-electronics-boxes","8":"product_cat-lid-and-base-gift-box","9":"product_cat-paper-box-style","10":"product_tag-cable-earphone-box-paper-packaging","11":"product_tag-custom-earbuds-lid-and-base-box","12":"product_tag-stereo-earphones-packaging-boxes","14":"first","15":"instock","16":"shipping-taxable","17":"product-type-simple"},"_links":{"self":[{"href":"https:\/\/zojopackaging.com\/es\/wp-json\/wp\/v2\/product\/9198","targetHints":{"allow":["GET"]}}],"collection":[{"href":"https:\/\/zojopackaging.com\/es\/wp-json\/wp\/v2\/product"}],"about":[{"href":"https:\/\/zojopackaging.com\/es\/wp-json\/wp\/v2\/types\/product"}],"version-history":[{"count":1,"href":"https:\/\/zojopackaging.com\/es\/wp-json\/wp\/v2\/product\/9198\/revisions"}],"predecessor-version":[{"id":9213,"href":"https:\/\/zojopackaging.com\/es\/wp-json\/wp\/v2\/product\/9198\/revisions\/9213"}],"wp:featuredmedia":[{"embeddable":true,"href":"https:\/\/zojopackaging.com\/es\/wp-json\/wp\/v2\/media\/9199"}],"wp:attachment":[{"href":"https:\/\/zojopackaging.com\/es\/wp-json\/wp\/v2\/media?parent=9198"}],"wp:term":[{"taxonomy":"product_brand","embeddable":true,"href":"https:\/\/zojopackaging.com\/es\/wp-json\/wp\/v2\/product_brand?post=9198"},{"taxonomy":"product_cat","embeddable":true,"href":"https:\/\/zojopackaging.com\/es\/wp-json\/wp\/v2\/product_cat?post=9198"},{"taxonomy":"product_tag","embeddable":true,"href":"https:\/\/zojopackaging.com\/es\/wp-json\/wp\/v2\/product_tag?post=9198"}],"curies":[{"name":"wp","href":"https:\/\/api.w.org\/{rel}","templated":true}]}}