{"id":9214,"date":"2025-04-01T17:04:56","date_gmt":"2025-04-01T09:04:56","guid":{"rendered":"https:\/\/zojopackaging.com\/?post_type=product&#038;p=9214"},"modified":"2025-04-01T17:31:32","modified_gmt":"2025-04-01T09:31:32","slug":"custom-whisky-champagne-packaging-boxes-wholesale","status":"publish","type":"product","link":"https:\/\/zojopackaging.com\/es\/product\/custom-whisky-champagne-packaging-boxes-wholesale\/","title":{"rendered":"Cajas personalizadas para el envasado de whisky y champ\u00e1n al por mayor"},"content":{"rendered":"<h2 id=\"-i-core-advantages-of-the-product-\"><strong>1. Principales ventajas del producto<\/strong><\/h2>\n<h3 id=\"1-magnetic-opening-and-closing-design-\">1.\u00a0<strong>Apertura y cierre magn\u00e9ticos<\/strong><\/h3>\n<p>La tecnolog\u00eda de adsorci\u00f3n magn\u00e9tica incorporada se utiliza para lograr una apertura y cierre suaves, silenciosos y duraderos de la caja de embalaje. No es f\u00e1cil de desgastar despu\u00e9s de un uso repetido, dando a los productos de vino de gama alta un sentido de ritual noble y conveniencia pr\u00e1ctica, y es adecuado para las necesidades de envasado de vinos finos como el whisky y el champ\u00e1n.<\/p>\n<h3 id=\"2-double-sided-printing-process-\">2.\u00a0<strong>Proceso de impresi\u00f3n a doble cara<\/strong><\/h3>\n<p>Admite impresi\u00f3n de alta definici\u00f3n en ambas caras del cuerpo de la caja, reforzando el logotipo de la marca y los elementos visuales principales en la parte delantera, y mostrando informaci\u00f3n ampliada como historias de productos, detalles de procesos o c\u00f3digos QR en la parte trasera, mejorando la eficacia del transporte de informaci\u00f3n de envasado y creando una experiencia de comunicaci\u00f3n de marca envolvente.<\/p>\n<h3 id=\"3-brand-exclusive-blue-tone-\">3.\u00a0<strong>Tono azul exclusivo de la marca<\/strong><\/h3>\n<p>El color principal del cuerpo de la caja adopta un sistema azul intenso, que simboliza el sentido de confianza y tecnolog\u00eda de la marca, y transmite una imagen estable, profesional y de gama alta. Admite la calibraci\u00f3n de colores planos Pantone para garantizar colores precisos y uniformes y mejorar el reconocimiento visual de la marca.<\/p>\n<h3 id=\"4-precise-eva-lining-customization-\">4.\u00a0<strong>Personalizaci\u00f3n precisa del forro de EVA<\/strong><\/h3>\n<p>Seg\u00fan los datos del tama\u00f1o de la botella de vino facilitados por el cliente, el forro se corta con precisi\u00f3n con material EVA de alta densidad, que se ajusta a la botella con firmeza, es a prueba de golpes y resistente a la presi\u00f3n, y garantiza la seguridad del transporte; al mismo tiempo, se optimiza la distribuci\u00f3n del espacio, se reducen los huecos redundantes y se mejoran la compacidad y la protecci\u00f3n medioambiental del envase.<\/p>\n<h2 id=\"-second-highly-customized-service-\"><strong>2. Servicio altamente personalizado<\/strong><\/h2>\n<ul>\n<li><strong>Adaptaci\u00f3n flexible de la caja<\/strong>: Adem\u00e1s de la caja de succi\u00f3n magn\u00e9tica est\u00e1ndar, admite una gran variedad de personalizaciones de cajas, como cajas de libros abatibles y cajas de cajones, para satisfacer las necesidades de posicionamiento de diferentes productos.<\/li>\n<li><strong>Adaptaci\u00f3n precisa del tama\u00f1o<\/strong>: Se pueden ofrecer servicios de modelado de tama\u00f1o 1:1 para botellas con formas especiales y vinos de edici\u00f3n limitada, con el fin de lograr un ajuste perfecto entre el envase y los productos.<\/li>\n<li><strong>Diversa selecci\u00f3n de materiales<\/strong>: Ofrezca opciones de materiales de gama alta, como papel especial, papel art\u00edstico, papel con textura de cuero, cart\u00f3n compuesto de metal, etc., teniendo en cuenta la textura y la funcionalidad.<\/li>\n<li><strong>Mejora del proceso de superficie<\/strong>: Estampaci\u00f3n en caliente\/plateado, gofrado UV, relieve, serigraf\u00eda y otros procesos opcionales para mejorar el tacto y el nivel visual y resaltar el tono de gama alta de la marca.<\/li>\n<\/ul>\n<h2 id=\"-iii-professional-support-\"><strong>3. Apoyo profesional<\/strong><\/h2>\n<ul>\n<li><strong>16 a\u00f1os de experiencia en envasado<\/strong>: 16 a\u00f1os de experiencia en envasado e impresi\u00f3n, al servicio de m\u00e1s de 500 marcas mundiales de vino, familiarizados con las normas del sector y las tendencias de innovaci\u00f3n, proporcionando soluciones integrales desde el dise\u00f1o y las pruebas hasta la producci\u00f3n en serie.<\/li>\n<li><strong>Pedido de lotes peque\u00f1os + entrega r\u00e1pida<\/strong>: Soporte 50 piezas de pedido m\u00ednimo, 15-20 d\u00edas de ciclo de entrega, respuesta flexible a las necesidades urgentes del cliente.<\/li>\n<li><strong>Garant\u00eda total de control de calidad del proceso<\/strong>: Certificaci\u00f3n del sistema de gesti\u00f3n de calidad ISO 9001, control estricto de los eslabones clave, como las materias primas, la diferencia de color de impresi\u00f3n, la resistencia del producto acabado, etc., para garantizar la consistencia de la producci\u00f3n en serie.<\/li>\n<\/ul>\n<h2 id=\"-iv-application-scenarios-\"><strong>4. Escenarios de aplicaci\u00f3n<\/strong><\/h2>\n<p>Aplicable a situaciones de gama alta, como cajas de regalo para whisky\/champ\u00e1n, ediciones limitadas para vacaciones, ediciones de marca compartida, vinos de colecci\u00f3n, etc., para ayudar a las marcas a aumentar el valor a\u00f1adido y reforzar los puntos de recuerdo de la experiencia unboxing de los consumidores.<\/p>","protected":false},"excerpt":{"rendered":"<ol>\n<li>Env\u00ede los requisitos (tama\u00f1o del producto, direcci\u00f3n de personalizaci\u00f3n, cantidad);<\/li>\n<li>Dise\u00f1o y pruebas gratuitos (de 3 a 5 d\u00edas laborables);<\/li>\n<li>Producci\u00f3n en serie tras la confirmaci\u00f3n del plan;<\/li>\n<li>Entrega log\u00edstica tras la inspecci\u00f3n de calidad.<\/li>\n<\/ol>","protected":false},"featured_media":9218,"template":"","meta":[],"product_brand":[],"product_cat":[30,419,424,31],"product_tag":[1108,1107,1109],"class_list":{"0":"post-9214","1":"product","2":"type-product","3":"status-publish","4":"has-post-thumbnail","6":"product_cat-by-industry","7":"product_cat-custom-wines-spirits-boxes","8":"product_cat-magnetic-closure-boxes","9":"product_cat-paper-box-style","10":"product_tag-champagne-packaging-boxes","11":"product_tag-custom-whisky-packaging","12":"product_tag-whisky-champagne-boxes-wholesale","14":"first","15":"instock","16":"shipping-taxable","17":"product-type-simple"},"_links":{"self":[{"href":"https:\/\/zojopackaging.com\/es\/wp-json\/wp\/v2\/product\/9214","targetHints":{"allow":["GET"]}}],"collection":[{"href":"https:\/\/zojopackaging.com\/es\/wp-json\/wp\/v2\/product"}],"about":[{"href":"https:\/\/zojopackaging.com\/es\/wp-json\/wp\/v2\/types\/product"}],"version-history":[{"count":2,"href":"https:\/\/zojopackaging.com\/es\/wp-json\/wp\/v2\/product\/9214\/revisions"}],"predecessor-version":[{"id":9229,"href":"https:\/\/zojopackaging.com\/es\/wp-json\/wp\/v2\/product\/9214\/revisions\/9229"}],"wp:featuredmedia":[{"embeddable":true,"href":"https:\/\/zojopackaging.com\/es\/wp-json\/wp\/v2\/media\/9218"}],"wp:attachment":[{"href":"https:\/\/zojopackaging.com\/es\/wp-json\/wp\/v2\/media?parent=9214"}],"wp:term":[{"taxonomy":"product_brand","embeddable":true,"href":"https:\/\/zojopackaging.com\/es\/wp-json\/wp\/v2\/product_brand?post=9214"},{"taxonomy":"product_cat","embeddable":true,"href":"https:\/\/zojopackaging.com\/es\/wp-json\/wp\/v2\/product_cat?post=9214"},{"taxonomy":"product_tag","embeddable":true,"href":"https:\/\/zojopackaging.com\/es\/wp-json\/wp\/v2\/product_tag?post=9214"}],"curies":[{"name":"wp","href":"https:\/\/api.w.org\/{rel}","templated":true}]}}