{"id":9221,"date":"2025-04-01T17:28:52","date_gmt":"2025-04-01T09:28:52","guid":{"rendered":"https:\/\/zojopackaging.com\/?post_type=product&#038;p=9221"},"modified":"2025-04-01T17:47:19","modified_gmt":"2025-04-01T09:47:19","slug":"soft-touch-custom-printing-folding-cartons-perfume-box-supplier","status":"publish","type":"product","link":"https:\/\/zojopackaging.com\/es\/product\/soft-touch-custom-printing-folding-cartons-perfume-box-supplier\/","title":{"rendered":"Tacto Suave Impresi\u00f3n Personalizada Cajas de Cart\u00f3n Plegables Proveedor de Cajas de Perfume"},"content":{"rendered":"<h3 id=\"1-clear-green-tone-and-luxurious-craftsmanship-\">1.\u00a0<strong>Tono verde claro y artesan\u00eda de lujo<\/strong><\/h3>\n<p>El cuerpo de la caja adopta el verde claro como color principal, y la impresi\u00f3n en cuatricrom\u00eda realiza una reproducci\u00f3n precisa del color CMYK. El brillo de la superficie se mejora con la tecnolog\u00eda de laminaci\u00f3n de pel\u00edcula PET, y el logotipo de la marca se embellece con la tecnolog\u00eda local de plata caliente. La textura met\u00e1lica presenta un delicado efecto tridimensional bajo la luz. Los datos experimentales demuestran que este tipo de tecnolog\u00eda aumenta el \u00edndice de sobreprecio del producto en 28%.<\/p>\n<h3 id=\"2-dual-card-structure-is-sturdy-\">2.\u00a0<strong>La estructura de doble tarjeta es robusta<\/strong><\/h3>\n<p>Adopta un dise\u00f1o \u00fanico de doble tarjeta, la tapa de la caja est\u00e1 estrechamente unida a la tarjeta por ambos lados, la estructura es estable y el producto puede fijarse en todas las direcciones.<\/p>\n<h3 id=\"3-400g-white-card-material-graded-customization-\">3.\u00a0<strong>Cartulina blanca de 400 g de material graduado personalizaci\u00f3n<\/strong><\/h3>\n<p>Se selecciona papel de cart\u00f3n blanco importado de 400 g\/m\u00b2, la resistencia a la presi\u00f3n del anillo alcanza 1000 N\/m, y cuenta con la certificaci\u00f3n FSC y cumple las normas medioambientales de la UE. Proporciona soluciones de ajuste de peso seg\u00fan el peso del producto: - Fragancia de 100-200g: 400g versi\u00f3n b\u00e1sica - 200-300g fragancia fuerte: 450g versi\u00f3n mejorada - 300g+ fragancia personalizada: 500g versi\u00f3n especial<\/p>\n<h3 id=\"4-different-structural-lining-adaptation-system-\">4.\u00a0<strong>Diferente sistema de adaptaci\u00f3n del revestimiento estructural<\/strong><\/h3>\n<p>El forro puede elegir el material adecuado seg\u00fan la forma espec\u00edfica del producto, para que la caja quede bien ajustada. Evita da\u00f1os por sacudidas durante el transporte.<\/p>\n<h3 id=\"5-high-end-brand-empowerment-design-\">5.\u00a0<strong>Dise\u00f1o de marca de gama alta<\/strong><\/h3>\n<p>El tipo de caja de cart\u00f3n de doble inserci\u00f3n se adapta a las necesidades de embalaje de lujo: -\u00a0<strong>Mejora visual<\/strong>: El dise\u00f1o de caja suspendida aumenta la superficie de exposici\u00f3n del producto en 40% -\u00a0<strong>Actualizaci\u00f3n t\u00e1ctil<\/strong>: La tapa de la caja est\u00e1 cubierta con una pel\u00edcula de alto brillo de 0,3 mm, y el coeficiente de amortiguaci\u00f3n de apertura y cierre se controla a 0,5-0,8 N-m -.\u00a0<strong>Narrativa cultural<\/strong>: Admite el grabado por l\u00e1ser de relatos de la historia de la marca y reproduce elementos est\u00e9ticos orientales como \"El cuento de Genji\".<\/p>\n<h3 id=\"6-full-link-service-guarantee-\">6.\u00a0<strong>Garant\u00eda de servicio de enlace completo<\/strong><\/h3>\n<p>La f\u00e1brica de origen, con 16 a\u00f1os de experiencia en envasado, puede ofrecer servicios profesionales integrales. Desde el renderizado hasta el moldeado del producto final y el env\u00edo, hay personas dedicadas responsables. .<\/p>\n<h3 id=\"7-global-transportation-solution-\">7.\u00a0<strong>Soluci\u00f3n global de transporte<\/strong><\/h3>\n<p>Apoy\u00e1ndose en 15 a\u00f1os de experiencia en exportaci\u00f3n para construir tres grandes sistemas log\u00edsticos: -\u00a0<strong>L\u00ednea dedicada al transporte a\u00e9reo<\/strong>: Utilizando bolsa de columna de aire de amortiguaci\u00f3n EPE + tecnolog\u00eda de cuerpo de vac\u00edo (resistencia a la compresi\u00f3n aumentada por 60%) -\u00a0<strong>Carga mar\u00edtima armario completo<\/strong>: Caja exterior de cart\u00f3n ondulado impermeable personalizada + chip de control de temperatura y humedad -\u00a0<strong>Publicidad directa transfronteriza<\/strong>: Dise\u00f1o de embalaje independiente conforme a la certificaci\u00f3n CE\/FDA El \u00edndice de da\u00f1os durante el transporte se controla por debajo de 0,03%.<\/p>","protected":false},"excerpt":{"rendered":"<p>ZOJO Print ofrece a las marcas de perfumes una soluci\u00f3n completa, desde el concepto hasta el terminal, a trav\u00e9s de la mejora tridimensional de la innovaci\u00f3n de materiales (tarjeta blanca de 400 g + forro inteligente), la ingenier\u00eda estructural (sistema de compresi\u00f3n de doble tarjeta) y el servicio de marca (personalizaci\u00f3n de enlace completo). Su capacidad de producci\u00f3n diaria de m\u00e1s de 60.000 unidades y su sistema de certificaci\u00f3n ISO 9001 pueden satisfacer las necesidades de personalizaci\u00f3n de marcas de nueva creaci\u00f3n a marcas internacionales, ayudando a los clientes a establecer una competitividad diferenciada en el mercado de terminales.<\/p>","protected":false},"featured_media":9222,"template":"","meta":[],"product_brand":[],"product_cat":[30,417,430,31],"product_tag":[1111,913,1110],"class_list":{"0":"post-9221","1":"product","2":"type-product","3":"status-publish","4":"has-post-thumbnail","6":"product_cat-by-industry","7":"product_cat-custom-perfume-boxes-by-industry","8":"product_cat-folding-cartons","9":"product_cat-paper-box-style","10":"product_tag-custom-printing-folding-cartons","11":"product_tag-perfume-box-supplier","12":"product_tag-soft-touch-box","14":"first","15":"instock","16":"shipping-taxable","17":"product-type-grouped"},"_links":{"self":[{"href":"https:\/\/zojopackaging.com\/es\/wp-json\/wp\/v2\/product\/9221","targetHints":{"allow":["GET"]}}],"collection":[{"href":"https:\/\/zojopackaging.com\/es\/wp-json\/wp\/v2\/product"}],"about":[{"href":"https:\/\/zojopackaging.com\/es\/wp-json\/wp\/v2\/types\/product"}],"version-history":[{"count":1,"href":"https:\/\/zojopackaging.com\/es\/wp-json\/wp\/v2\/product\/9221\/revisions"}],"predecessor-version":[{"id":9237,"href":"https:\/\/zojopackaging.com\/es\/wp-json\/wp\/v2\/product\/9221\/revisions\/9237"}],"wp:featuredmedia":[{"embeddable":true,"href":"https:\/\/zojopackaging.com\/es\/wp-json\/wp\/v2\/media\/9222"}],"wp:attachment":[{"href":"https:\/\/zojopackaging.com\/es\/wp-json\/wp\/v2\/media?parent=9221"}],"wp:term":[{"taxonomy":"product_brand","embeddable":true,"href":"https:\/\/zojopackaging.com\/es\/wp-json\/wp\/v2\/product_brand?post=9221"},{"taxonomy":"product_cat","embeddable":true,"href":"https:\/\/zojopackaging.com\/es\/wp-json\/wp\/v2\/product_cat?post=9221"},{"taxonomy":"product_tag","embeddable":true,"href":"https:\/\/zojopackaging.com\/es\/wp-json\/wp\/v2\/product_tag?post=9221"}],"curies":[{"name":"wp","href":"https:\/\/api.w.org\/{rel}","templated":true}]}}